{"id":147165,"date":"2023-05-06T14:51:00","date_gmt":"2023-05-06T11:51:00","guid":{"rendered":"https:\/\/medclinics.com\/liposuccion-laser-smart-lipo-lal\/"},"modified":"2025-01-02T16:30:46","modified_gmt":"2025-01-02T13:30:46","slug":"liposuccion-laser-smart-lipo-lal","status":"publish","type":"page","link":"https:\/\/medclinics.com\/es\/liposuccion-laser-smart-lipo-lal\/","title":{"rendered":"Liposucci\u00f3n l\u00e1ser (Smart Lipo) (LAL)"},"content":{"rendered":"\n<h2 class=\"wp-block-heading\">Si lo que busca son posibles efectos tensores de la piel, menos molestias y versatilidad en el tratamiento de diversas zonas corporales, la liposucci\u00f3n l\u00e1ser es la mejor opci\u00f3n.<\/h2>\n\n<p>La <a href=\"https:\/\/en.wikipedia.org\/wiki\/Liposuction\" target=\"_blank\" rel=\"noreferrer noopener\">liposucci\u00f3n<\/a> l\u00e1ser se conoce com\u00fanmente como Smart Lipo o liposucci\u00f3n asistida por l\u00e1ser (LAL). Utiliza energ\u00eda l\u00e1ser para ayudar a eliminar el exceso de grasa de zonas concretas del cuerpo.<\/p>\n\n<p>El proceso consiste en hacer una peque\u00f1a incisi\u00f3n. En la zona de tratamiento, se inserta una c\u00e1nula fina que lleva una fibra l\u00e1ser. Se produce energ\u00eda l\u00e1ser. Como resultado, las c\u00e9lulas grasas se calientan y se lic\u00faan.<\/p>\n\n<p>Esto facilita su eliminaci\u00f3n. A continuaci\u00f3n, se utiliza una c\u00e1nula para extraer la grasa licuada. La energ\u00eda l\u00e1ser tambi\u00e9n ayuda a estimular la producci\u00f3n de col\u00e1geno, lo que se traduce en un estiramiento y contorno de la piel.<\/p>\n\n<p>Los riesgos potenciales incluyen infecci\u00f3n, quemaduras, hinchaz\u00f3n y hematomas, irregularidades o resultados desiguales, cicatrices, cambios en la sensibilidad de la piel, formaci\u00f3n de seromas o hematomas, quemaduras cut\u00e1neas y reacciones adversas a la anestesia.<\/p>\n\n<h3 class=\"wp-block-heading\">Todo lo que necesita saber sobre la <a href=\"https:\/\/medclinics.com\/es\/cirugia-plastica-y-estetica\/\" target=\"_blank\" rel=\"noreferrer noopener\">cirug\u00eda pl\u00e1stica y<\/a> est\u00e9tica, incluido el plan de tratamiento, o <a href=\"#requestform\">p\u00f3ngase en contacto con nosotros<\/a>.<\/h3>\n\n<figure class=\"wp-block-image size-full\"><img fetchpriority=\"high\" decoding=\"async\" width=\"960\" height=\"540\" class=\"wp-image-97668\" src=\"https:\/\/medclinics.com\/wp-content\/uploads\/2023\/07\/laser-liposuction-smart-lipo-near-me.jpg\" alt=\"Liposucci&#xF3;n L&#xE1;ser \/ Smart Lipo Cerca de M&#xED;\" srcset=\"https:\/\/medclinics.com\/wp-content\/uploads\/2023\/07\/laser-liposuction-smart-lipo-near-me.jpg 960w, https:\/\/medclinics.com\/wp-content\/uploads\/2023\/07\/laser-liposuction-smart-lipo-near-me-500x281.jpg 500w, https:\/\/medclinics.com\/wp-content\/uploads\/2023\/07\/laser-liposuction-smart-lipo-near-me-768x432.jpg 768w, https:\/\/medclinics.com\/wp-content\/uploads\/2023\/07\/laser-liposuction-smart-lipo-near-me-24x14.jpg 24w, https:\/\/medclinics.com\/wp-content\/uploads\/2023\/07\/laser-liposuction-smart-lipo-near-me-36x20.jpg 36w, https:\/\/medclinics.com\/wp-content\/uploads\/2023\/07\/laser-liposuction-smart-lipo-near-me-48x27.jpg 48w\" sizes=\"(max-width: 960px) 100vw, 960px\" \/><\/figure>\n\n<h2 class=\"wp-block-heading\">PREGUNTAS FRECUENTES<\/h2>\n<div id=\"rank-math-faq\" class=\"rank-math-block\">\n<div class=\"rank-math-list \">\n<div id=\"faq-question-1688653554492\" class=\"rank-math-list-item\">\n<h3 class=\"rank-math-question \">\u00bfFunciona la liposucci\u00f3n l\u00e1ser?<\/h3>\n<div class=\"rank-math-answer \">\n\n<p>S\u00ed, puede ser eficaz. Elimina el exceso de grasa utilizando energ\u00eda l\u00e1ser para romper y licuar las c\u00e9lulas adiposas. Puede mejorar el contorno corporal, as\u00ed como tensar potencialmente la piel.<\/p>\n\n<\/div>\n<\/div>\n<div id=\"faq-question-1688653427802\" class=\"rank-math-list-item\">\n<h3 class=\"rank-math-question \">\u00bfEs dolorosa la liposucci\u00f3n l\u00e1ser?<\/h3>\n<div class=\"rank-math-answer \">\n\n<p>La liposucci\u00f3n l\u00e1ser (o liposucci\u00f3n asistida por l\u00e1ser) causa menos molestias en comparaci\u00f3n con la liposucci\u00f3n tradicional. Esto se debe a que utiliza energ\u00eda l\u00e1ser dirigida que puede ayudar a descomponer las c\u00e9lulas grasas con m\u00e1s suavidad.<\/p>\n\n<\/div>\n<\/div>\n<div id=\"faq-question-1688653553385\" class=\"rank-math-list-item\">\n<h3 class=\"rank-math-question \">\u00bfMerece la pena la liposucci\u00f3n l\u00e1ser?<\/h3>\n<div class=\"rank-math-answer \">\n\n<p>S\u00ed, puede merecer la pena si desea una eliminaci\u00f3n m\u00e1s precisa de la grasa, un posible estiramiento de la piel y menos molestias.<\/p>\n\n<\/div>\n<\/div>\n<div id=\"faq-question-1688653555396\" class=\"rank-math-list-item\">\n<h3 class=\"rank-math-question \">\u00bfEs peligrosa la liposucci\u00f3n l\u00e1ser?<\/h3>\n<div class=\"rank-math-answer \">\n\n<p>En general, es seguro. Pero existen algunos riesgos potenciales. Esto incluye infecci\u00f3n, quemaduras, hinchaz\u00f3n, irregularidades del contorno, cicatrices, cambios en la sensibilidad de la piel.<\/p>\n\n<\/div>\n<\/div>\n<\/div>\n<\/div>\n<p>\u00a0<\/p>\n\n<h3 class=\"wp-block-heading\">P\u00f3ngase en contacto con nosotros si tiene alguna pregunta.<\/h3>\n","protected":false},"excerpt":{"rendered":"<p>Si lo que busca son posibles efectos tensores de la piel, menos molestias y versatilidad en el tratamiento de diversas [&hellip;]<\/p>\n","protected":false},"author":4,"featured_media":96335,"parent":0,"menu_order":0,"comment_status":"closed","ping_status":"closed","template":"","meta":{"site-sidebar-layout":"default","site-content-layout":"","ast-site-content-layout":"default","site-content-style":"default","site-sidebar-style":"default","ast-global-header-display":"","ast-banner-title-visibility":"","ast-main-header-display":"","ast-hfb-above-header-display":"","ast-hfb-below-header-display":"","ast-hfb-mobile-header-display":"","site-post-title":"","ast-breadcrumbs-content":"","ast-featured-img":"","footer-sml-layout":"","ast-disable-related-posts":"","theme-transparent-header-meta":"","adv-header-id-meta":"","stick-header-meta":"","header-above-stick-meta":"","header-main-stick-meta":"","header-below-stick-meta":"","astra-migrate-meta-layouts":"default","ast-page-background-enabled":"default","ast-page-background-meta":{"desktop":{"background-color":"var(--ast-global-color-4)","background-image":"","background-repeat":"repeat","background-position":"center center","background-size":"auto","background-attachment":"scroll","background-type":"","background-media":"","overlay-type":"","overlay-color":"","overlay-opacity":"","overlay-gradient":""},"tablet":{"background-color":"","background-image":"","background-repeat":"repeat","background-position":"center center","background-size":"auto","background-attachment":"scroll","background-type":"","background-media":"","overlay-type":"","overlay-color":"","overlay-opacity":"","overlay-gradient":""},"mobile":{"background-color":"","background-image":"","background-repeat":"repeat","background-position":"center center","background-size":"auto","background-attachment":"scroll","background-type":"","background-media":"","overlay-type":"","overlay-color":"","overlay-opacity":"","overlay-gradient":""}},"ast-content-background-meta":{"desktop":{"background-color":"var(--ast-global-color-5)","background-image":"","background-repeat":"repeat","background-position":"center center","background-size":"auto","background-attachment":"scroll","background-type":"","background-media":"","overlay-type":"","overlay-color":"","overlay-opacity":"","overlay-gradient":""},"tablet":{"background-color":"var(--ast-global-color-5)","background-image":"","background-repeat":"repeat","background-position":"center center","background-size":"auto","background-attachment":"scroll","background-type":"","background-media":"","overlay-type":"","overlay-color":"","overlay-opacity":"","overlay-gradient":""},"mobile":{"background-color":"var(--ast-global-color-5)","background-image":"","background-repeat":"repeat","background-position":"center center","background-size":"auto","background-attachment":"scroll","background-type":"","background-media":"","overlay-type":"","overlay-color":"","overlay-opacity":"","overlay-gradient":""}},"footnotes":""},"class_list":["post-147165","page","type-page","status-publish","has-post-thumbnail","hentry"],"_links":{"self":[{"href":"https:\/\/medclinics.com\/es\/wp-json\/wp\/v2\/pages\/147165","targetHints":{"allow":["GET"]}}],"collection":[{"href":"https:\/\/medclinics.com\/es\/wp-json\/wp\/v2\/pages"}],"about":[{"href":"https:\/\/medclinics.com\/es\/wp-json\/wp\/v2\/types\/page"}],"author":[{"embeddable":true,"href":"https:\/\/medclinics.com\/es\/wp-json\/wp\/v2\/users\/4"}],"replies":[{"embeddable":true,"href":"https:\/\/medclinics.com\/es\/wp-json\/wp\/v2\/comments?post=147165"}],"version-history":[{"count":0,"href":"https:\/\/medclinics.com\/es\/wp-json\/wp\/v2\/pages\/147165\/revisions"}],"wp:featuredmedia":[{"embeddable":true,"href":"https:\/\/medclinics.com\/es\/wp-json\/wp\/v2\/media\/96335"}],"wp:attachment":[{"href":"https:\/\/medclinics.com\/es\/wp-json\/wp\/v2\/media?parent=147165"}],"curies":[{"name":"wp","href":"https:\/\/api.w.org\/{rel}","templated":true}]}}