{"id":147157,"date":"2023-04-30T08:17:00","date_gmt":"2023-04-30T05:17:00","guid":{"rendered":"https:\/\/medclinics.com\/neurologia\/"},"modified":"2025-01-02T17:10:42","modified_gmt":"2025-01-02T14:10:42","slug":"neurologia","status":"publish","type":"page","link":"https:\/\/medclinics.com\/es\/neurologia\/","title":{"rendered":"Neurolog\u00eda"},"content":{"rendered":"\n<p>La neurolog\u00eda es una rama de la medicina que se ocupa de los trastornos del sistema nervioso.<\/p>\n\n<div class=\"wp-block-rank-math-toc-block\" id=\"rank-math-toc\"><h2>Tabla de contenidos<\/h2><nav><ul><li><a href=\"#so-what-is\">\u00bfQu\u00e9 es<\/a><\/li><li><a href=\"#treatment-plan\">Plan de tratamiento<\/a><\/li><li><a href=\"#aftercare-healing-process\">Cuidados postoperatorios y proceso de curaci\u00f3n<\/a><\/li><li><a href=\"#top-neurosurgery-costs-by-country\">Principales costes de la neurocirug\u00eda por pa\u00eds<\/a><\/li><li><a href=\"#faq\">PREGUNTAS FRECUENTES<\/a><\/li><li><a href=\"#history\">Historia<\/a><\/li><li><a href=\"#most-common-neurological-diseases\">Enfermedades neurol\u00f3gicas m\u00e1s comunes<\/a><\/li><\/ul><\/nav><\/div>\n\n<h2 class=\"wp-block-heading\" id=\"so-what-is\">\u00bfQu\u00e9 es<\/h2>\n\n<ul class=\"wp-block-list\">\n<li>La <a href=\"https:\/\/en.wikipedia.org\/wiki\/Neurology\" target=\"_blank\" rel=\"noreferrer noopener\">neurolog\u00eda<\/a> incluye la comprensi\u00f3n de la estructura y funci\u00f3n del sistema nervioso.<\/li>\n\n\n\n<li>Los neur\u00f3logos eval\u00faan afecciones como ictus, epilepsia, esclerosis m\u00faltiple, enfermedad de Parkinson, enfermedad de Alzheimer, tumores cerebrales, neuropat\u00edas y otros trastornos diversos.<\/li>\n<\/ul>\n\n<figure class=\"wp-block-image size-full\"><img fetchpriority=\"high\" decoding=\"async\" width=\"960\" height=\"540\" src=\"https:\/\/medclinics.com\/wp-content\/uploads\/2023\/07\/neurology-in-turkey.jpg\" alt=\"Neurolog&#xED;a en Turqu&#xED;a\" class=\"wp-image-96579\" srcset=\"https:\/\/medclinics.com\/wp-content\/uploads\/2023\/07\/neurology-in-turkey.jpg 960w, https:\/\/medclinics.com\/wp-content\/uploads\/2023\/07\/neurology-in-turkey-500x281.jpg 500w, https:\/\/medclinics.com\/wp-content\/uploads\/2023\/07\/neurology-in-turkey-768x432.jpg 768w, https:\/\/medclinics.com\/wp-content\/uploads\/2023\/07\/neurology-in-turkey-24x14.jpg 24w, https:\/\/medclinics.com\/wp-content\/uploads\/2023\/07\/neurology-in-turkey-36x20.jpg 36w, https:\/\/medclinics.com\/wp-content\/uploads\/2023\/07\/neurology-in-turkey-48x27.jpg 48w\" sizes=\"(max-width: 960px) 100vw, 960px\" \/><\/figure>\n\n<h2 class=\"wp-block-heading\" id=\"treatment-plan\">Plan de tratamiento<\/h2>\n<div id=\"rank-math-faq\" class=\"rank-math-block\">\n<div class=\"rank-math-list \">\n<div id=\"faq-question-1687243757886\" class=\"rank-math-list-item\">\n<h3 class=\"rank-math-question \">1. D\u00eda<\/h3>\n<div class=\"rank-math-answer \">\n\n<p>Se reunir\u00e1 con el neur\u00f3logo.<br \/>Se realiza un examen f\u00edsico completo para determinar la funci\u00f3n neurol\u00f3gica<br \/>Dependiendo de los resultados de la evaluaci\u00f3n inicial, el neur\u00f3logo puede solicitar pruebas diagn\u00f3sticas especiales como an\u00e1lisis de sangre, estudios de imagen (como resonancia magn\u00e9tica o tomograf\u00eda computarizada), electroencefalograf\u00eda (EEG), electromiograf\u00eda (EMG).<\/p>\n\n<\/div>\n<\/div>\n<div id=\"faq-question-1687243965281\" class=\"rank-math-list-item\">\n<h3 class=\"rank-math-question \">2. D\u00eda<\/h3>\n<div class=\"rank-math-answer \">\n\n<p>Tras revisar la historia cl\u00ednica y los resultados de las pruebas, el neur\u00f3logo establecer\u00e1 un diagn\u00f3stico y lo comentar\u00e1 con usted.<br \/>En funci\u00f3n del diagn\u00f3stico, el neur\u00f3logo le indicar\u00e1 las opciones de tratamiento disponibles, como medicaci\u00f3n, cambios en el estilo de vida, fisioterapia, terapia ocupacional o logopedia. <br \/>En algunos casos, el neur\u00f3logo puede derivar al paciente a otros especialistas.<br \/>El neur\u00f3logo programar\u00e1 citas peri\u00f3dicas de seguimiento.<br \/>Si es necesario, un neurocirujano que realizar\u00e1 el procedimiento contin\u00faa el proceso.<\/p>\n\n<\/div>\n<\/div>\n<\/div>\n<\/div>\n<h3 class=\"wp-block-heading\" id=\"mammoplasty-for\">Neurolog\u00eda para:<\/h3>\n\n<ul class=\"wp-block-list\">\n<li>Aquellos con s\u00edntomas neurol\u00f3gicos<\/li>\n\n\n\n<li>Las personas con ictus o enfermedades cerebrovasculares<\/li>\n\n\n\n<li>Los que padecen epilepsia<\/li>\n\n\n\n<li>Personas con trastornos del movimiento como la enfermedad de Parkinson, el temblor esencial, la diston\u00eda y la enfermedad de Huntington.<\/li>\n\n\n\n<li>Enfermos de esclerosis m\u00faltiple (EM)<\/li>\n\n\n\n<li>Personas con trastornos neuromusculares como neuropat\u00edas perif\u00e9ricas, miastenia grave, esclerosis lateral amiotr\u00f3fica (ELA) y distrofias musculares.<\/li>\n\n\n\n<li>Las personas con dolores de cabeza y migra\u00f1as<\/li>\n\n\n\n<li>Personas con enfermedades neurodegenerativas<\/li>\n\n\n\n<li>Personas con tumores cerebrales o enfermedades neurooncol\u00f3gicas<\/li>\n\n\n\n<li>Personas con trastornos del sue\u00f1o<\/li>\n\n\n\n<li>Personas con lesiones nerviosas perif\u00e9ricas o s\u00edndromes de compresi\u00f3n<\/li>\n\n\n\n<li>Personas con trastornos neurol\u00f3gicos autoinmunes como el s\u00edndrome de Guillain-Barr\u00e9, la neuromielitis \u00f3ptica, etc.<\/li>\n<\/ul>\n\n<h3 class=\"wp-block-heading\" id=\"mammoplasty-duration\">Neurocirug\u00eda Duraci\u00f3n:<\/h3>\n\n<ul class=\"wp-block-list\">\n<li>Una craneotom\u00eda es una intervenci\u00f3n quir\u00fargica. Consiste en abrir el cr\u00e1neo para acceder al cerebro. La duraci\u00f3n de una craneotom\u00eda puede variar de unas horas a varias horas en funci\u00f3n de la finalidad de la intervenci\u00f3n, como la extirpaci\u00f3n de un tumor, el recorte de un aneurisma o el tratamiento de la epilepsia.<\/li>\n\n\n\n<li>La cirug\u00eda de fusi\u00f3n espinal tiene por objeto fusionar dos o m\u00e1s v\u00e9rtebras de la columna para proporcionar estabilidad y aliviar el dolor. La duraci\u00f3n puede variar de unas horas a varias horas.<\/li>\n\n\n\n<li>La estimulaci\u00f3n cerebral profunda (ECP) es un tratamiento quir\u00fargico para trastornos del movimiento como la enfermedad de Parkinson o el temblor esencial. Su duraci\u00f3n puede variar, pero suele oscilar entre tres y seis horas.<\/li>\n\n\n\n<li>La craniectom\u00eda descompresiva consiste en extirpar parte del cr\u00e1neo para aliviar la presi\u00f3n sobre el cerebro en casos de traumatismo craneoencef\u00e1lico grave o ictus. Su duraci\u00f3n puede variar de una a varias horas.<\/li>\n<\/ul>\n\n<h3 class=\"wp-block-heading\" id=\"mammoplasty-recovery-timeline\">Cronolog\u00eda de la recuperaci\u00f3n de neurocirug\u00eda:<\/h3>\n\n<ul class=\"wp-block-list\">\n<li>El periodo de recuperaci\u00f3n inicial tras una craneotom\u00eda suele implicar la hospitalizaci\u00f3n durante unos d\u00edas o una semana. La recuperaci\u00f3n completa puede llevar de varias semanas a meses, aunque las primeras semanas pueden durar varios d\u00edas.<\/li>\n\n\n\n<li>Tras la cirug\u00eda de fusi\u00f3n espinal, los pacientes pueden permanecer en el hospital unos d\u00edas o m\u00e1s. El proceso de recuperaci\u00f3n puede durar desde unas semanas hasta meses.<\/li>\n\n\n\n<li>El tiempo de recuperaci\u00f3n tras una intervenci\u00f3n de ECP puede variar, pero la mayor\u00eda de los pacientes deben permanecer hospitalizados uno o dos d\u00edas. A lo largo de las semanas y meses siguientes, pueden realizarse ajustes en la configuraci\u00f3n de la estimulaci\u00f3n para optimizar el control de los s\u00edntomas.<\/li>\n\n\n\n<li>La recuperaci\u00f3n inicial tras una craniectom\u00eda descompresiva suele implicar una estancia en la unidad de cuidados intensivos (UCI) para una estrecha vigilancia. La duraci\u00f3n de la estancia hospitalaria puede variar considerablemente. La duraci\u00f3n de la recuperaci\u00f3n puede variar de unas semanas a meses, con citas de seguimiento y control continuos.<\/li>\n<\/ul>\n\n<h3 class=\"wp-block-heading\" id=\"possible-risks-for-mammoplasty\">Posibles riesgos de la neurocirug\u00eda:<\/h3>\n\n<ul class=\"wp-block-list\">\n<li>Infecci\u00f3n<\/li>\n\n\n\n<li>Sangrado<\/li>\n\n\n\n<li>Co\u00e1gulos sangu\u00edneos<\/li>\n<\/ul>\n\n<h2 class=\"wp-block-heading\" id=\"aftercare-healing-process\">Cuidados postoperatorios y proceso de curaci\u00f3n<\/h2>\n<div id=\"rank-math-faq\" class=\"rank-math-block\">\n<div class=\"rank-math-list \">\n<div id=\"faq-question-1687246219267\" class=\"rank-math-list-item\">\n<h3 class=\"rank-math-question \">Cuidado posterior<\/h3>\n<div class=\"rank-math-answer \">\n\n<p>Los cuidados tras una neurocirug\u00eda son muy importantes para garantizar una recuperaci\u00f3n satisfactoria y minimizar las complicaciones. Las instrucciones de cuidados postoperatorios variar\u00e1n en funci\u00f3n del tipo de cirug\u00eda realizada, pero hay algunas consideraciones generales que deben tenerse en cuenta.  <br \/>Tras la intervenci\u00f3n, los pacientes suelen pasar alg\u00fan tiempo en el hospital para su control y recuperaci\u00f3n. Se prescribir\u00e1n medicamentos para controlar el dolor, prevenir infecciones y tratar determinadas afecciones o s\u00edntomas relacionados con la intervenci\u00f3n quir\u00fargica. El cuidado adecuado de la incisi\u00f3n quir\u00fargica es esencial, lo que incluye mantenerla limpia y seguir las instrucciones del vendaje. Pueden recomendarse restricciones de la actividad y es importante respetarlas para favorecer la cicatrizaci\u00f3n.  <br \/>Se programar\u00e1n citas de seguimiento para supervisar los progresos y realizar los ajustes necesarios en el plan de tratamiento. Puede recomendarse rehabilitaci\u00f3n o fisioterapia para recuperar la fuerza y la funcionalidad. Las pr\u00e1cticas de autocuidado, como mantener una dieta sana, controlar el dolor, descansar lo suficiente y realizar los cambios necesarios en el estilo de vida, pueden contribuir a la recuperaci\u00f3n. Es importante reconocer los signos de complicaciones, como el aumento del dolor, la hinchaz\u00f3n o la fiebre, y hay que informar inmediatamente al profesional sanitario.<br \/>Tambi\u00e9n seguiremos el proceso como <a href=\"https:\/\/medclinics.com\/es\/\" target=\"u0022_blanku0022\" rel=\"u0022noreferrer\">MedClinics<\/a>. Le proporcionaremos una consulta durante un a\u00f1o. Si tiene alguna pregunta, puede ponerse en contacto con los miembros de nuestro equipo 24 horas al d\u00eda, 7 d\u00edas a la semana.<\/p>\n\n<\/div>\n<\/div>\n<div id=\"faq-question-1687246224487\" class=\"rank-math-list-item\">\n<h3 class=\"rank-math-question \">Proceso de curaci\u00f3n<\/h3>\n<div class=\"rank-math-answer \">\n\n<p>El tiempo de recuperaci\u00f3n tras una neurocirug\u00eda puede variar considerablemente. El postoperatorio inmediato incluye la hospitalizaci\u00f3n de unos d\u00edas a una semana. La cicatrizaci\u00f3n superficial de la zona de la incisi\u00f3n suele tardar entre una y dos semanas, pero la cicatrizaci\u00f3n completa de la incisi\u00f3n y los tejidos subyacentes puede tardar entre varias semanas y varios meses. El tratamiento del dolor es un aspecto importante de la recuperaci\u00f3n y, aunque el dolor postoperatorio agudo mejora significativamente en las primeras semanas, el alivio completo del dolor puede tardar de varias semanas a varios meses.  <br \/>La recuperaci\u00f3n f\u00edsica suele oscilar entre varias semanas y varios meses, dependiendo de la intervenci\u00f3n quir\u00fargica concreta y de la necesidad de fisioterapia o rehabilitaci\u00f3n. La recuperaci\u00f3n neurol\u00f3gica es muy individualizada y puede prolongarse durante un largo periodo de tiempo, de semanas a meses, para que el sistema nervioso se adapte y se recupere.<\/p>\n\n<\/div>\n<\/div>\n<\/div>\n<\/div>\n<figure class=\"wp-block-image size-full\"><img decoding=\"async\" width=\"960\" height=\"540\" src=\"https:\/\/medclinics.com\/wp-content\/uploads\/2023\/07\/neurology-in-turkey-2.jpg\" alt=\"Neurolog&#xED;a en Turqu&#xED;a 2\" class=\"wp-image-96586\" srcset=\"https:\/\/medclinics.com\/wp-content\/uploads\/2023\/07\/neurology-in-turkey-2.jpg 960w, https:\/\/medclinics.com\/wp-content\/uploads\/2023\/07\/neurology-in-turkey-2-500x281.jpg 500w, https:\/\/medclinics.com\/wp-content\/uploads\/2023\/07\/neurology-in-turkey-2-768x432.jpg 768w, https:\/\/medclinics.com\/wp-content\/uploads\/2023\/07\/neurology-in-turkey-2-24x14.jpg 24w, https:\/\/medclinics.com\/wp-content\/uploads\/2023\/07\/neurology-in-turkey-2-36x20.jpg 36w, https:\/\/medclinics.com\/wp-content\/uploads\/2023\/07\/neurology-in-turkey-2-48x27.jpg 48w\" sizes=\"(max-width: 960px) 100vw, 960px\" \/><\/figure>\n\n<h2 class=\"wp-block-heading\" id=\"top-neurosurgery-costs-by-country\">Principales costes de la neurocirug\u00eda por pa\u00eds<\/h2>\n\n<p>El coste de la neurocirug\u00eda depende de la experiencia del cirujano, la t\u00e9cnica utilizada, la cl\u00ednica u hospital que elija y su estado de salud individual.<br\/>Los precios que figuran a continuaci\u00f3n pretenden darle una idea aproximada y no son un presupuesto definitivo. Su asesor de MedClincs estar\u00e1 encantado de darle m\u00e1s detalles.<\/p>\n\n<figure class=\"wp-block-table\"><table><thead><tr><th>Pa\u00eds  <\/th><th>Precio  <\/th><th>Clasificaci\u00f3n<\/th><\/tr><\/thead><tbody><tr><td>T\u00fcrkiye (Turqu\u00eda)<\/td><td>~ \u20ac8,500-\u20ac21,000<\/td><td>\u2605\u2605\u2605\u2605\u2605<\/td><\/tr><tr><td>Lituania<\/td><td>~ \u20ac6,800-\u20ac15,300<\/td><td>\u2605\u2605<\/td><\/tr><tr><td>Polonia<\/td><td>~ \u20ac6,800-\u20ac17,000<\/td><td>\u2605\u2605<\/td><\/tr><tr><td>EE.UU.<\/td><td>~ \u20ac25,500-\u20ac85,000<\/td><td>\u2605\u2605\u2605<\/td><\/tr><tr><td>Alemania<\/td><td>~ \u20ac17,000-\u20ac34,000<\/td><td>\u2605\u2605<\/td><\/tr><\/tbody><\/table><\/figure>\n\n<h2 class=\"wp-block-heading\" id=\"faq\">PREGUNTAS FRECUENTES<\/h2>\n<div id=\"rank-math-faq\" class=\"rank-math-block\">\n<div class=\"rank-math-list \">\n<div id=\"faq-question-1687247366787\" class=\"rank-math-list-item\">\n<h3 class=\"rank-math-question \">\u00bfQu\u00e9 significa neurolog\u00eda?<\/h3>\n<div class=\"rank-math-answer \">\n\n<p>La neurolog\u00eda es el estudio y la especialidad m\u00e9dica centrada en el diagn\u00f3stico y el tratamiento de los trastornos relacionados con el sistema nervioso. Est\u00e1 relacionada con el cerebro, la m\u00e9dula espinal y los nervios perif\u00e9ricos.<\/p>\n\n<\/div>\n<\/div>\n<div id=\"faq-question-1687247368529\" class=\"rank-math-list-item\">\n<h3 class=\"rank-math-question \">\u00bfC\u00f3mo se realiza la exploraci\u00f3n neurol\u00f3gica?<\/h3>\n<div class=\"rank-math-answer \">\n\n<p>Un examen neurol\u00f3gico consiste en una serie de pruebas y valoraciones para evaluar el funcionamiento del sistema nervioso. Incluye la evaluaci\u00f3n del historial m\u00e9dico del paciente, la realizaci\u00f3n de una exploraci\u00f3n f\u00edsica para comprobar los reflejos, la fuerza muscular, la coordinaci\u00f3n y la sensibilidad. Tambi\u00e9n se eval\u00faan la funci\u00f3n cognitiva y los nervios craneales. En funci\u00f3n de los resultados, pueden solicitarse otras pruebas, como pruebas de imagen o an\u00e1lisis de sangre. El examen ayuda a identificar anomal\u00edas, orienta otras investigaciones e informa las decisiones de tratamiento.<\/p>\n\n<\/div>\n<\/div>\n<div id=\"faq-question-1687247370036\" class=\"rank-math-list-item\">\n<h3 class=\"rank-math-question \">\u00bfQu\u00e9 hace la neurolog\u00eda?<\/h3>\n<div class=\"rank-math-answer \">\n\n<p>La neurolog\u00eda consiste en diagnosticar, tratar y gestionar los trastornos del sistema nervioso. Los neur\u00f3logos realizan exploraciones, solicitan pruebas y elaboran planes de tratamiento para afecciones como ictus, epilepsia, demencia, enfermedad de Parkinson y otras. Colaboran estrechamente con otros profesionales sanitarios y llevan a cabo investigaciones para avanzar en la comprensi\u00f3n y las opciones de tratamiento.<\/p>\n\n<\/div>\n<\/div>\n<div id=\"faq-question-1687247371282\" class=\"rank-math-list-item\">\n<h3 class=\"rank-math-question \">\u00bfC\u00f3mo se realiza la neurocirug\u00eda?<\/h3>\n<div class=\"rank-math-answer \">\n\n<p>La neurocirug\u00eda es realizada por neurocirujanos expertos que utilizan t\u00e9cnicas y equipos avanzados. Suele consistir en practicar una incisi\u00f3n, acceder a la zona del cerebro o la columna vertebral que se desea tratar, realizar la intervenci\u00f3n quir\u00fargica necesaria y cerrar la incisi\u00f3n. La intervenci\u00f3n se realiza bajo anestesia general y el paciente recibe cuidados postoperatorios para garantizar una recuperaci\u00f3n adecuada. Los procedimientos y t\u00e9cnicas espec\u00edficos var\u00edan en funci\u00f3n de la afecci\u00f3n tratada.<\/p>\n\n<\/div>\n<\/div>\n<div id=\"faq-question-1687247373503\" class=\"rank-math-list-item\">\n<h3 class=\"rank-math-question \">\u00bfPor qu\u00e9 merece la pena la neurocirug\u00eda?<\/h3>\n<div class=\"rank-math-answer \">\n\n<p>La neurocirug\u00eda merece la pena porque puede tratar eficazmente afecciones neurol\u00f3gicas graves, mejorar la calidad de vida, preservar o restaurar la funci\u00f3n neurol\u00f3gica, utilizar capacidades diagn\u00f3sticas y terap\u00e9uticas avanzadas, aplicar un enfoque multidisciplinar y aprovechar los avances tecnol\u00f3gicos y t\u00e9cnicos. La decisi\u00f3n de someterse a una neurocirug\u00eda debe tomarse en consulta con un neurocirujano, sopesando los posibles beneficios y riesgos en funci\u00f3n de las circunstancias individuales.<\/p>\n\n<\/div>\n<\/div>\n<div id=\"faq-question-1687247374559\" class=\"rank-math-list-item\">\n<h3 class=\"rank-math-question \">\u00bfCu\u00e1les son los motivos m\u00e1s frecuentes de neurocirug\u00eda?<\/h3>\n<div class=\"rank-math-answer \">\n\n<p>Los motivos m\u00e1s frecuentes de neurocirug\u00eda son los tumores cerebrales, los trastornos de la columna vertebral, los accidentes cerebrovasculares, la hidrocefalia, la epilepsia, las lesiones cerebrales traum\u00e1ticas, los aneurismas y malformaciones vasculares y los trastornos del movimiento.<\/p>\n\n<\/div>\n<\/div>\n<div id=\"faq-question-1687247376916\" class=\"rank-math-list-item\">\n<h3 class=\"rank-math-question \">\u00bfQu\u00e9 hace un neurocirujano?<\/h3>\n<div class=\"rank-math-answer \">\n\n<p>Los neurocirujanos diagnostican y tratan afecciones del sistema nervioso mediante complejas intervenciones quir\u00fargicas. Elaboran planes de tratamiento, colaboran con un equipo multidisciplinar, realizan intervenciones quir\u00fargicas y prestan cuidados postoperatorios. Su objetivo es aliviar los s\u00edntomas, restablecer las funciones y mejorar el bienestar general de los pacientes con afecciones neurol\u00f3gicas.<\/p>\n\n<\/div>\n<\/div>\n<div id=\"faq-question-1687247377749\" class=\"rank-math-list-item\">\n<h3 class=\"rank-math-question \">\u00bfQu\u00e9 pa\u00eds es mejor para la neurocirug\u00eda?<\/h3>\n<div class=\"rank-math-answer \">\n\n<p>Estados Unidos, Alemania, Canad\u00e1, Reino Unido, Suiza, Jap\u00f3n y Turqu\u00eda se encuentran entre los mejores pa\u00edses para la neurocirug\u00eda debido a sus avanzadas instalaciones m\u00e9dicas, neurocirujanos altamente cualificados y excelentes niveles de atenci\u00f3n.<\/p>\n\n<\/div>\n<\/div>\n<div id=\"faq-question-1687247379489\" class=\"rank-math-list-item\">\n<h3 class=\"rank-math-question \">\u00bfEs peligrosa la neurocirug\u00eda?<\/h3>\n<div class=\"rank-math-answer \">\n\n<p>La neurocirug\u00eda conlleva algunos riesgos, pero en general se considera segura gracias a los avances en las t\u00e9cnicas quir\u00fargicas y los cuidados. Los neurocirujanos est\u00e1n altamente capacitados para minimizar los riesgos y garantizar la seguridad del paciente.<\/p>\n\n<\/div>\n<\/div>\n<div id=\"faq-question-1687247380737\" class=\"rank-math-list-item\">\n<h3 class=\"rank-math-question \">\u00bfCu\u00e1l es la tasa de \u00e9xito de la neurocirug\u00eda?<\/h3>\n<div class=\"rank-math-answer \">\n\n<p>La tasa de \u00e9xito de la neurocirug\u00eda var\u00eda mucho en funci\u00f3n del procedimiento y de las circunstancias espec\u00edficas. Sin embargo, las tasas generales de \u00e9xito de las intervenciones neuroquir\u00fargicas pueden oscilar entre el 70% y el 90% o m\u00e1s.<\/p>\n\n<\/div>\n<\/div>\n<\/div>\n<\/div>\n<h2 class=\"wp-block-heading\" id=\"history\">Historia<\/h2>\n\n<h3 class=\"wp-block-heading\" id=\"breast-surgeries-have-been-documented-for-centuries-although-mostly-on-men\">La neurolog\u00eda tiene una rica historia que se remonta a las civilizaciones antiguas.  <\/h3>\n\n<p>Durante los periodos del Renacimiento y la Ilustraci\u00f3n se produjeron avances significativos, y el siglo XIX fue testigo de importantes avances de la mano de nombres como Jean-Martin Charcot. El siglo XX trajo consigo avances significativos con el desarrollo de las t\u00e9cnicas de neuroimagen y las intervenciones quir\u00fargicas. En los \u00faltimos a\u00f1os se han producido avances en gen\u00e9tica y biolog\u00eda molecular. Hoy en d\u00eda, la neurolog\u00eda abarca una gran variedad de subespecialidades y sigue evolucionando a trav\u00e9s de la investigaci\u00f3n continua y las colaboraciones interdisciplinarias.<\/p>\n\n<h2 class=\"wp-block-heading\" id=\"most-common-neurological-diseases\">Enfermedades neurol\u00f3gicas m\u00e1s comunes<\/h2>\n","protected":false},"excerpt":{"rendered":"<p>La neurolog\u00eda es una rama de la medicina que se ocupa de los trastornos del sistema nervioso. \u00bfQu\u00e9 es Plan [&hellip;]<\/p>\n","protected":false},"author":4,"featured_media":98725,"parent":0,"menu_order":0,"comment_status":"closed","ping_status":"closed","template":"","meta":{"site-sidebar-layout":"default","site-content-layout":"","ast-site-content-layout":"default","site-content-style":"default","site-sidebar-style":"default","ast-global-header-display":"","ast-banner-title-visibility":"","ast-main-header-display":"","ast-hfb-above-header-display":"","ast-hfb-below-header-display":"","ast-hfb-mobile-header-display":"","site-post-title":"","ast-breadcrumbs-content":"","ast-featured-img":"","footer-sml-layout":"","ast-disable-related-posts":"","theme-transparent-header-meta":"","adv-header-id-meta":"","stick-header-meta":"","header-above-stick-meta":"","header-main-stick-meta":"","header-below-stick-meta":"","astra-migrate-meta-layouts":"default","ast-page-background-enabled":"default","ast-page-background-meta":{"desktop":{"background-color":"var(--ast-global-color-4)","background-image":"","background-repeat":"repeat","background-position":"center center","background-size":"auto","background-attachment":"scroll","background-type":"","background-media":"","overlay-type":"","overlay-color":"","overlay-opacity":"","overlay-gradient":""},"tablet":{"background-color":"","background-image":"","background-repeat":"repeat","background-position":"center center","background-size":"auto","background-attachment":"scroll","background-type":"","background-media":"","overlay-type":"","overlay-color":"","overlay-opacity":"","overlay-gradient":""},"mobile":{"background-color":"","background-image":"","background-repeat":"repeat","background-position":"center center","background-size":"auto","background-attachment":"scroll","background-type":"","background-media":"","overlay-type":"","overlay-color":"","overlay-opacity":"","overlay-gradient":""}},"ast-content-background-meta":{"desktop":{"background-color":"var(--ast-global-color-5)","background-image":"","background-repeat":"repeat","background-position":"center center","background-size":"auto","background-attachment":"scroll","background-type":"","background-media":"","overlay-type":"","overlay-color":"","overlay-opacity":"","overlay-gradient":""},"tablet":{"background-color":"var(--ast-global-color-5)","background-image":"","background-repeat":"repeat","background-position":"center center","background-size":"auto","background-attachment":"scroll","background-type":"","background-media":"","overlay-type":"","overlay-color":"","overlay-opacity":"","overlay-gradient":""},"mobile":{"background-color":"var(--ast-global-color-5)","background-image":"","background-repeat":"repeat","background-position":"center center","background-size":"auto","background-attachment":"scroll","background-type":"","background-media":"","overlay-type":"","overlay-color":"","overlay-opacity":"","overlay-gradient":""}},"footnotes":""},"class_list":["post-147157","page","type-page","status-publish","has-post-thumbnail","hentry"],"_links":{"self":[{"href":"https:\/\/medclinics.com\/es\/wp-json\/wp\/v2\/pages\/147157","targetHints":{"allow":["GET"]}}],"collection":[{"href":"https:\/\/medclinics.com\/es\/wp-json\/wp\/v2\/pages"}],"about":[{"href":"https:\/\/medclinics.com\/es\/wp-json\/wp\/v2\/types\/page"}],"author":[{"embeddable":true,"href":"https:\/\/medclinics.com\/es\/wp-json\/wp\/v2\/users\/4"}],"replies":[{"embeddable":true,"href":"https:\/\/medclinics.com\/es\/wp-json\/wp\/v2\/comments?post=147157"}],"version-history":[{"count":0,"href":"https:\/\/medclinics.com\/es\/wp-json\/wp\/v2\/pages\/147157\/revisions"}],"wp:featuredmedia":[{"embeddable":true,"href":"https:\/\/medclinics.com\/es\/wp-json\/wp\/v2\/media\/98725"}],"wp:attachment":[{"href":"https:\/\/medclinics.com\/es\/wp-json\/wp\/v2\/media?parent=147157"}],"curies":[{"name":"wp","href":"https:\/\/api.w.org\/{rel}","templated":true}]}}