{"id":147131,"date":"2023-05-05T08:28:00","date_gmt":"2023-05-05T05:28:00","guid":{"rendered":"https:\/\/medclinics.com\/abdominoplastia-endoscopica\/"},"modified":"2024-04-01T14:48:58","modified_gmt":"2024-04-01T11:48:58","slug":"abdominoplastia-endoscopica","status":"publish","type":"page","link":"https:\/\/medclinics.com\/es\/abdominoplastia-endoscopica\/","title":{"rendered":"Abdominoplastia endosc\u00f3pica"},"content":{"rendered":"\n<h2 class=\"wp-block-heading\">La abdominoplastia endosc\u00f3pica puede ser una opci\u00f3n ideal para usted si presenta una laxitud abdominal de leve a moderada.<\/h2>\n\n<p>La abdominoplastia endosc\u00f3pica tambi\u00e9n se conoce como endoabdominoplastia. Se utiliza para tensar y moldear los m\u00fasculos abdominales y eliminar el exceso de grasa y piel. Utiliza peque\u00f1as incisiones y la ayuda de un endoscopio con una c\u00e1mara acoplada.<\/p>\n\n<p>Durante la intervenci\u00f3n, el cirujano realiza peque\u00f1as incisiones. A continuaci\u00f3n, introduce el endoscopio a trav\u00e9s de estas incisiones para visualizar y acceder a los m\u00fasculos y tejidos abdominales.<\/p>\n\n<p>El endoscopio proporciona una visi\u00f3n clara de las estructuras subyacentes. Esto permite al cirujano realizar un tensado muscular y eliminar el exceso de grasa y tejido seg\u00fan sea necesario.<\/p>\n\n<p>La abdominoplastia endosc\u00f3pica suele utilizarse para la laxitud abdominal de leve a moderada y los dep\u00f3sitos de grasa localizados. En comparaci\u00f3n con la <a href=\"https:\/\/en.wikipedia.org\/wiki\/Abdominoplasty\" target=\"_blank\" rel=\"noreferrer noopener\">abdominoplastia<\/a> tradicional, presenta ventajas como incisiones m\u00e1s peque\u00f1as, menos cicatrices y un tiempo de recuperaci\u00f3n m\u00e1s corto.<\/p>\n\n<h3 class=\"wp-block-heading\">Todo lo que necesita saber sobre la <a href=\"https:\/\/medclinics.com\/es\/cirugia-plastica-y-estetica\/\" target=\"_blank\" rel=\"noreferrer noopener\">cirug\u00eda pl\u00e1stica y<\/a> est\u00e9tica, incluido el precio, los cuidados postoperatorios y mucho m\u00e1s, o p\u00f3ngase <a href=\"#requestform\">en contacto con nosotros<\/a>.<\/h3>\n\n<figure class=\"wp-block-image size-full\"><img fetchpriority=\"high\" decoding=\"async\" width=\"960\" height=\"540\" src=\"https:\/\/medclinics.com\/wp-content\/uploads\/2023\/07\/endoscopic-abdominoplasty-near-me.jpg\" alt=\"Abdominoplastia endosc&#xF3;pica cerca de m&#xED; Estambul Turqu&#xED;a\" class=\"wp-image-97735\" srcset=\"https:\/\/medclinics.com\/wp-content\/uploads\/2023\/07\/endoscopic-abdominoplasty-near-me.jpg 960w, https:\/\/medclinics.com\/wp-content\/uploads\/2023\/07\/endoscopic-abdominoplasty-near-me-500x281.jpg 500w, https:\/\/medclinics.com\/wp-content\/uploads\/2023\/07\/endoscopic-abdominoplasty-near-me-768x432.jpg 768w, https:\/\/medclinics.com\/wp-content\/uploads\/2023\/07\/endoscopic-abdominoplasty-near-me-24x14.jpg 24w, https:\/\/medclinics.com\/wp-content\/uploads\/2023\/07\/endoscopic-abdominoplasty-near-me-36x20.jpg 36w, https:\/\/medclinics.com\/wp-content\/uploads\/2023\/07\/endoscopic-abdominoplasty-near-me-48x27.jpg 48w\" sizes=\"(max-width: 960px) 100vw, 960px\" \/><\/figure>\n\n<h2 class=\"wp-block-heading\">PREGUNTAS FRECUENTES<\/h2>\n<div id=\"rank-math-faq\" class=\"rank-math-block\">\n<div class=\"rank-math-list \">\n<div id=\"faq-question-1684841914568\" class=\"rank-math-list-item\">\n<h3 class=\"rank-math-question \">\u00bfQu\u00e9 es la abdominoplastia endosc\u00f3pica?<\/h3>\n<div class=\"rank-math-answer \">\n\n<p>La abdominoplastia endosc\u00f3pica es una cirug\u00eda est\u00e9tica. Consiste en utilizar peque\u00f1as incisiones y un endoscopio para mejorar el aspecto del abdomen. Esto tensa los m\u00fasculos y reduce el exceso de grasa y piel.<\/p>\n\n<\/div>\n<\/div>\n<div id=\"faq-question-1684841997742\" class=\"rank-math-list-item\">\n<h3 class=\"rank-math-question \">\u00bfCu\u00e1nto cuesta la abdominoplastia endosc\u00f3pica?<\/h3>\n<div class=\"rank-math-answer \">\n\n<p>En general, el coste puede oscilar entre unos 8.000 y 15.000 d\u00f3lares. Para m\u00e1s informaci\u00f3n sobre determinados precios, puede ponerse en contacto con nosotros.<\/p>\n\n<\/div>\n<\/div>\n<\/div>\n<\/div>\n<p>\u00a0<\/p>\n\n<h3 class=\"wp-block-heading\">P\u00f3ngase en contacto con nosotros si tiene alguna pregunta.<\/h3>\n","protected":false},"excerpt":{"rendered":"<p>La abdominoplastia endosc\u00f3pica puede ser una opci\u00f3n ideal para usted si presenta una laxitud abdominal de leve a moderada. La [&hellip;]<\/p>\n","protected":false},"author":4,"featured_media":96175,"parent":0,"menu_order":0,"comment_status":"closed","ping_status":"closed","template":"","meta":{"site-sidebar-layout":"default","site-content-layout":"","ast-site-content-layout":"default","site-content-style":"default","site-sidebar-style":"default","ast-global-header-display":"","ast-banner-title-visibility":"","ast-main-header-display":"","ast-hfb-above-header-display":"","ast-hfb-below-header-display":"","ast-hfb-mobile-header-display":"","site-post-title":"","ast-breadcrumbs-content":"","ast-featured-img":"","footer-sml-layout":"","ast-disable-related-posts":"","theme-transparent-header-meta":"","adv-header-id-meta":"","stick-header-meta":"","header-above-stick-meta":"","header-main-stick-meta":"","header-below-stick-meta":"","astra-migrate-meta-layouts":"default","ast-page-background-enabled":"default","ast-page-background-meta":{"desktop":{"background-color":"var(--ast-global-color-4)","background-image":"","background-repeat":"repeat","background-position":"center center","background-size":"auto","background-attachment":"scroll","background-type":"","background-media":"","overlay-type":"","overlay-color":"","overlay-opacity":"","overlay-gradient":""},"tablet":{"background-color":"","background-image":"","background-repeat":"repeat","background-position":"center center","background-size":"auto","background-attachment":"scroll","background-type":"","background-media":"","overlay-type":"","overlay-color":"","overlay-opacity":"","overlay-gradient":""},"mobile":{"background-color":"","background-image":"","background-repeat":"repeat","background-position":"center center","background-size":"auto","background-attachment":"scroll","background-type":"","background-media":"","overlay-type":"","overlay-color":"","overlay-opacity":"","overlay-gradient":""}},"ast-content-background-meta":{"desktop":{"background-color":"var(--ast-global-color-5)","background-image":"","background-repeat":"repeat","background-position":"center center","background-size":"auto","background-attachment":"scroll","background-type":"","background-media":"","overlay-type":"","overlay-color":"","overlay-opacity":"","overlay-gradient":""},"tablet":{"background-color":"var(--ast-global-color-5)","background-image":"","background-repeat":"repeat","background-position":"center center","background-size":"auto","background-attachment":"scroll","background-type":"","background-media":"","overlay-type":"","overlay-color":"","overlay-opacity":"","overlay-gradient":""},"mobile":{"background-color":"var(--ast-global-color-5)","background-image":"","background-repeat":"repeat","background-position":"center center","background-size":"auto","background-attachment":"scroll","background-type":"","background-media":"","overlay-type":"","overlay-color":"","overlay-opacity":"","overlay-gradient":""}},"footnotes":""},"class_list":["post-147131","page","type-page","status-publish","has-post-thumbnail","hentry"],"_links":{"self":[{"href":"https:\/\/medclinics.com\/es\/wp-json\/wp\/v2\/pages\/147131","targetHints":{"allow":["GET"]}}],"collection":[{"href":"https:\/\/medclinics.com\/es\/wp-json\/wp\/v2\/pages"}],"about":[{"href":"https:\/\/medclinics.com\/es\/wp-json\/wp\/v2\/types\/page"}],"author":[{"embeddable":true,"href":"https:\/\/medclinics.com\/es\/wp-json\/wp\/v2\/users\/4"}],"replies":[{"embeddable":true,"href":"https:\/\/medclinics.com\/es\/wp-json\/wp\/v2\/comments?post=147131"}],"version-history":[{"count":0,"href":"https:\/\/medclinics.com\/es\/wp-json\/wp\/v2\/pages\/147131\/revisions"}],"wp:featuredmedia":[{"embeddable":true,"href":"https:\/\/medclinics.com\/es\/wp-json\/wp\/v2\/media\/96175"}],"wp:attachment":[{"href":"https:\/\/medclinics.com\/es\/wp-json\/wp\/v2\/media?parent=147131"}],"curies":[{"name":"wp","href":"https:\/\/api.w.org\/{rel}","templated":true}]}}