{"id":147117,"date":"2023-05-05T13:29:00","date_gmt":"2023-05-05T10:29:00","guid":{"rendered":"https:\/\/medclinics.com\/abdominoplastia-ampliada\/"},"modified":"2024-04-01T14:49:26","modified_gmt":"2024-04-01T11:49:26","slug":"abdominoplastia-ampliada","status":"publish","type":"page","link":"https:\/\/medclinics.com\/es\/abdominoplastia-ampliada\/","title":{"rendered":"Abdominoplastia ampliada"},"content":{"rendered":"\n<h2 class=\"wp-block-heading\">Si busca un tratamiento que no s\u00f3lo se centre en la zona abdominal, sino tambi\u00e9n en el exceso de piel de los costados, la parte superior de los muslos y la parte inferior de la espalda, la cirug\u00eda est\u00e9tica de abdomen ampliada puede ser una opci\u00f3n excelente para usted.<\/h2>\n\n<p>La abdominoplastia extendida tambi\u00e9n se conoce como abdominoplastia circunferencial o lipectom\u00eda en cintur\u00f3n. Se trata de un procedimiento quir\u00fargico avanzado que combina elementos de una abdominoplastia tradicional con t\u00e9cnicas adicionales de contorno corporal.<\/p>\n\n<p>Durante una <a href=\"https:\/\/en.wikipedia.org\/wiki\/Abdominoplasty\" target=\"_blank\" rel=\"noopener\">abdominoplastia<\/a> extendida, el cirujano realiza una incisi\u00f3n en forma de arco que rodea toda la cintura. Esto permite eliminar el exceso de piel y grasa de m\u00e1s de una zona.<\/p>\n\n<p>El procedimiento consiste en tensar los m\u00fasculos abdominales para conseguir un aspecto m\u00e1s plano y firme. Tambi\u00e9n puede realizarse una liposucci\u00f3n de las zonas circundantes para contornear a\u00fan m\u00e1s el contorno corporal.<\/p>\n\n<p>La cirug\u00eda est\u00e9tica de abdomen ampliada es adecuada para personas que han experimentado una p\u00e9rdida de peso significativa, tienen piel fl\u00e1cida y dep\u00f3sitos de grasa en el abdomen, las nalgas y la espalda, o se han sometido a cirug\u00eda bari\u00e1trica.<\/p>\n\n<p>Se trata de un procedimiento m\u00e1s completo que la abdominoplastia tradicional. Est\u00e1 dise\u00f1ado para tratar una zona m\u00e1s amplia del cuerpo.<\/p>\n\n<h3 class=\"wp-block-heading\">Todo lo que necesita saber sobre la <a href=\"https:\/\/medclinics.com\/es\/cirugia-plastica-y-estetica\/\" target=\"_blank\" rel=\"noreferrer noopener\">cirug\u00eda pl\u00e1stica y<\/a> est\u00e9tica, incluido el precio y m\u00e1s, \u00a1o <a href=\"#requestform\">p\u00f3ngase en contacto con nosotros<\/a>!<\/h3>\n\n<figure class=\"wp-block-image size-full\"><img fetchpriority=\"high\" decoding=\"async\" width=\"960\" height=\"540\" src=\"https:\/\/medclinics.com\/wp-content\/uploads\/2023\/07\/extended-tummy-tuck-near-me.jpg\" alt=\"Extended Tummy Tuck Near Me Estambul Turqu&#xED;a\" class=\"wp-image-97718\" srcset=\"https:\/\/medclinics.com\/wp-content\/uploads\/2023\/07\/extended-tummy-tuck-near-me.jpg 960w, https:\/\/medclinics.com\/wp-content\/uploads\/2023\/07\/extended-tummy-tuck-near-me-500x281.jpg 500w, https:\/\/medclinics.com\/wp-content\/uploads\/2023\/07\/extended-tummy-tuck-near-me-768x432.jpg 768w, https:\/\/medclinics.com\/wp-content\/uploads\/2023\/07\/extended-tummy-tuck-near-me-24x14.jpg 24w, https:\/\/medclinics.com\/wp-content\/uploads\/2023\/07\/extended-tummy-tuck-near-me-36x20.jpg 36w, https:\/\/medclinics.com\/wp-content\/uploads\/2023\/07\/extended-tummy-tuck-near-me-48x27.jpg 48w\" sizes=\"(max-width: 960px) 100vw, 960px\" \/><\/figure>\n\n<h2 class=\"wp-block-heading\">PREGUNTAS FRECUENTES<\/h2>\n<div id=\"rank-math-faq\" class=\"rank-math-block\">\n<div class=\"rank-math-list \">\n<div id=\"faq-question-1688475944446\" class=\"rank-math-list-item\">\n<h3 class=\"rank-math-question \">\u00bfQu\u00e9 es la abdominoplastia ampliada?<\/h3>\n<div class=\"rank-math-answer \">\n\n<p>Con una abdominoplastia extendida, se utiliza una incisi\u00f3n de abdominoplastia; sin embargo, la incisi\u00f3n se extender\u00e1 m\u00e1s all\u00e1 de las nalgas y hacia la parte inferior de la espalda. A continuaci\u00f3n, el cirujano utilizar\u00e1 la liposucci\u00f3n para eliminar la grasa subcut\u00e1nea del abdomen, la parte inferior de la espalda y los costados.<\/p>\n\n<\/div>\n<\/div>\n<div id=\"faq-question-1688475946916\" class=\"rank-math-list-item\">\n<h3 class=\"rank-math-question \">\u00bfEs segura la abdominoplastia ampliada?<\/h3>\n<div class=\"rank-math-answer \">\n\n<p>S\u00ed, es un procedimiento seguro. Es importante que la realice un cirujano pl\u00e1stico cualificado y con experiencia. Sin embargo, como siempre, pueden producirse riesgos potenciales y complicaciones.<\/p>\n\n<\/div>\n<\/div>\n<div id=\"faq-question-1688475947982\" class=\"rank-math-list-item\">\n<h3 class=\"rank-math-question \">\u00bfLa abdominoplastia ampliada recupera la grasa?<\/h3>\n<div class=\"rank-math-answer \">\n\n<p>S\u00ed, puede eliminar la grasa de la espalda hasta cierto punto. Sin embargo, el grado de reducci\u00f3n de grasa variar\u00e1 en funci\u00f3n del estado de la persona y de la extensi\u00f3n del procedimiento.<\/p>\n\n<\/div>\n<\/div>\n<div id=\"faq-question-1688475949198\" class=\"rank-math-list-item\">\n<h3 class=\"rank-math-question \">\u00bfQu\u00e9 IMC se necesita para una abdominoplastia ampliada?<\/h3>\n<div class=\"rank-math-answer \">\n\n<p>En general, se recomienda un IMC inferior a 30 para minimizar los riesgos quir\u00fargicos y optimizar los resultados.<\/p>\n\n<\/div>\n<\/div>\n<div id=\"faq-question-1688475950148\" class=\"rank-math-list-item\">\n<h3 class=\"rank-math-question \">\u00bfA qu\u00e9 edad no debe hacerse una abdominoplastia?<\/h3>\n<div class=\"rank-math-answer \">\n\n<p>En general, la mayor\u00eda de los cirujanos pl\u00e1sticos recomiendan que las personas que deseen someterse a una abdominoplastia tengan al menos 18 a\u00f1os. Sin embargo, es bueno que las pacientes hayan completado sus planes de maternidad, ya que los futuros embarazos pueden afectar a los resultados a largo plazo. Adem\u00e1s, las personas deben estar sanas. No hay l\u00edmite de edad espec\u00edfico para la intervenci\u00f3n.<\/p>\n\n<\/div>\n<\/div>\n<\/div>\n<\/div>\n<p>\u00a0<\/p>\n\n<h3 class=\"wp-block-heading\">P\u00f3ngase en contacto con nosotros si tiene alguna pregunta.<\/h3>\n","protected":false},"excerpt":{"rendered":"<p>Si busca un tratamiento que no s\u00f3lo se centre en la zona abdominal, sino tambi\u00e9n en el exceso de piel [&hellip;]<\/p>\n","protected":false},"author":4,"featured_media":96073,"parent":0,"menu_order":0,"comment_status":"closed","ping_status":"closed","template":"","meta":{"site-sidebar-layout":"default","site-content-layout":"","ast-site-content-layout":"default","site-content-style":"default","site-sidebar-style":"default","ast-global-header-display":"","ast-banner-title-visibility":"","ast-main-header-display":"","ast-hfb-above-header-display":"","ast-hfb-below-header-display":"","ast-hfb-mobile-header-display":"","site-post-title":"","ast-breadcrumbs-content":"","ast-featured-img":"","footer-sml-layout":"","ast-disable-related-posts":"","theme-transparent-header-meta":"","adv-header-id-meta":"","stick-header-meta":"","header-above-stick-meta":"","header-main-stick-meta":"","header-below-stick-meta":"","astra-migrate-meta-layouts":"default","ast-page-background-enabled":"default","ast-page-background-meta":{"desktop":{"background-color":"var(--ast-global-color-4)","background-image":"","background-repeat":"repeat","background-position":"center center","background-size":"auto","background-attachment":"scroll","background-type":"","background-media":"","overlay-type":"","overlay-color":"","overlay-opacity":"","overlay-gradient":""},"tablet":{"background-color":"","background-image":"","background-repeat":"repeat","background-position":"center center","background-size":"auto","background-attachment":"scroll","background-type":"","background-media":"","overlay-type":"","overlay-color":"","overlay-opacity":"","overlay-gradient":""},"mobile":{"background-color":"","background-image":"","background-repeat":"repeat","background-position":"center center","background-size":"auto","background-attachment":"scroll","background-type":"","background-media":"","overlay-type":"","overlay-color":"","overlay-opacity":"","overlay-gradient":""}},"ast-content-background-meta":{"desktop":{"background-color":"var(--ast-global-color-5)","background-image":"","background-repeat":"repeat","background-position":"center center","background-size":"auto","background-attachment":"scroll","background-type":"","background-media":"","overlay-type":"","overlay-color":"","overlay-opacity":"","overlay-gradient":""},"tablet":{"background-color":"var(--ast-global-color-5)","background-image":"","background-repeat":"repeat","background-position":"center center","background-size":"auto","background-attachment":"scroll","background-type":"","background-media":"","overlay-type":"","overlay-color":"","overlay-opacity":"","overlay-gradient":""},"mobile":{"background-color":"var(--ast-global-color-5)","background-image":"","background-repeat":"repeat","background-position":"center center","background-size":"auto","background-attachment":"scroll","background-type":"","background-media":"","overlay-type":"","overlay-color":"","overlay-opacity":"","overlay-gradient":""}},"footnotes":""},"class_list":["post-147117","page","type-page","status-publish","has-post-thumbnail","hentry"],"_links":{"self":[{"href":"https:\/\/medclinics.com\/es\/wp-json\/wp\/v2\/pages\/147117","targetHints":{"allow":["GET"]}}],"collection":[{"href":"https:\/\/medclinics.com\/es\/wp-json\/wp\/v2\/pages"}],"about":[{"href":"https:\/\/medclinics.com\/es\/wp-json\/wp\/v2\/types\/page"}],"author":[{"embeddable":true,"href":"https:\/\/medclinics.com\/es\/wp-json\/wp\/v2\/users\/4"}],"replies":[{"embeddable":true,"href":"https:\/\/medclinics.com\/es\/wp-json\/wp\/v2\/comments?post=147117"}],"version-history":[{"count":0,"href":"https:\/\/medclinics.com\/es\/wp-json\/wp\/v2\/pages\/147117\/revisions"}],"wp:featuredmedia":[{"embeddable":true,"href":"https:\/\/medclinics.com\/es\/wp-json\/wp\/v2\/media\/96073"}],"wp:attachment":[{"href":"https:\/\/medclinics.com\/es\/wp-json\/wp\/v2\/media?parent=147117"}],"curies":[{"name":"wp","href":"https:\/\/api.w.org\/{rel}","templated":true}]}}