{"id":147105,"date":"2023-05-04T15:21:00","date_gmt":"2023-05-04T15:21:00","guid":{"rendered":"https:\/\/medclinics.com\/abdominoplastia-brasilena\/"},"modified":"2024-04-01T14:27:38","modified_gmt":"2024-04-01T11:27:38","slug":"abdominoplastia-brasilena","status":"publish","type":"page","link":"https:\/\/medclinics.com\/es\/abdominoplastia-brasilena\/","title":{"rendered":"Abdominoplastia brasile\u00f1a"},"content":{"rendered":"\n<h2 class=\"wp-block-heading\">Si busca un procedimiento de contorno corporal m\u00e1s completo para conseguir un abdomen m\u00e1s plano y firme, la abdominoplastia brasile\u00f1a es la oportunidad perfecta.<\/h2>\n\n<p>La cirug\u00eda de abdomen brasile\u00f1a utiliza una combinaci\u00f3n de cirug\u00edas de abdomen como la abdominoplastia y la liposucci\u00f3n. La abdominoplastia consiste en una cirug\u00eda pl\u00e1stica para eliminar el exceso de piel. La liposucci\u00f3n integral se aplica para eliminar la grasa de la pared abdominal.<\/p>\n\n<p>Se realiza un estiramiento de la capa m\u00e1s profunda de tejido m\u00e1s grueso para tensar los residuos. Los m\u00fasculos de la pared abdominal se aproximan para reducir cualquier abultamiento.<\/p>\n\n<p>La abdominoplastia brasile\u00f1a, <a href=\"https:\/\/en.wikipedia.org\/wiki\/Abdominoplasty\" target=\"_blank\" rel=\"noopener\">tambi\u00e9n<\/a> conocida como \u00ababdominoplastia con liposucci\u00f3n\u00bb, se recomienda generalmente a las personas con exceso de grasa abdominal y piel fl\u00e1cida que no pueden tratarse adecuadamente s\u00f3lo con liposucci\u00f3n.<\/p>\n\n<p>La abdominoplastia brasile\u00f1a conlleva algunos riesgos y posibles complicaciones. Entre ellas se incluyen la hemorragia, la infecci\u00f3n, la cicatrizaci\u00f3n y el seroma o hematoma. Puedes consultar a un experto de confianza para reducir los riesgos. Como MedClinics, estaremos encantados de ayudarle.<\/p>\n\n<h3 class=\"wp-block-heading\">Todo lo que necesita saber sobre la <a href=\"https:\/\/medclinics.com\/es\/cirugia-plastica-y-estetica\/\" target=\"_blank\" rel=\"noreferrer noopener\">cirug\u00eda pl\u00e1stica y<\/a> est\u00e9tica, incluido el precio y m\u00e1s, \u00a1o <a href=\"#requestform\">p\u00f3ngase en contacto con nosotros<\/a>!<\/h3>\n\n<figure class=\"wp-block-image size-full\"><img fetchpriority=\"high\" decoding=\"async\" width=\"960\" height=\"540\" src=\"https:\/\/medclinics.com\/wp-content\/uploads\/2023\/07\/brazilian-tummy-tuck-near-me.jpg\" alt=\"Abdominoplastia brasile&#xF1;a cerca de m&#xED;\" class=\"wp-image-97751\" srcset=\"https:\/\/medclinics.com\/wp-content\/uploads\/2023\/07\/brazilian-tummy-tuck-near-me.jpg 960w, https:\/\/medclinics.com\/wp-content\/uploads\/2023\/07\/brazilian-tummy-tuck-near-me-500x281.jpg 500w, https:\/\/medclinics.com\/wp-content\/uploads\/2023\/07\/brazilian-tummy-tuck-near-me-768x432.jpg 768w, https:\/\/medclinics.com\/wp-content\/uploads\/2023\/07\/brazilian-tummy-tuck-near-me-24x14.jpg 24w, https:\/\/medclinics.com\/wp-content\/uploads\/2023\/07\/brazilian-tummy-tuck-near-me-36x20.jpg 36w, https:\/\/medclinics.com\/wp-content\/uploads\/2023\/07\/brazilian-tummy-tuck-near-me-48x27.jpg 48w\" sizes=\"(max-width: 960px) 100vw, 960px\" \/><\/figure>\n\n<h2 class=\"wp-block-heading\">PREGUNTAS FRECUENTES<\/h2>\n<div id=\"rank-math-faq\" class=\"rank-math-block\">\n<div class=\"rank-math-list \">\n<div id=\"faq-question-1688482691010\" class=\"rank-math-list-item\">\n<h3 class=\"rank-math-question \">\u00bfQu\u00e9 es una abdominoplastia brasile\u00f1a?<\/h3>\n<div class=\"rank-math-answer \">\n\n<p>La abdominoplastia brasile\u00f1a tambi\u00e9n se conoce como abdominoplastia con liposucci\u00f3n. Es un procedimiento quir\u00fargico que combina las t\u00e9cnicas tradicionales de abdominoplastia con la liposucci\u00f3n. Su objetivo es eliminar el exceso de grasa abdominal, tensar los m\u00fasculos abdominales y mejorar el contorno de la cintura.<\/p>\n\n<\/div>\n<\/div>\n<div id=\"faq-question-1688482837601\" class=\"rank-math-list-item\">\n<h3 class=\"rank-math-question \">\u00bfQu\u00e9 diferencia hay entre una abdominoplastia brasile\u00f1a y una abdominoplastia?<\/h3>\n<div class=\"rank-math-answer \">\n\n<p>La cirug\u00eda est\u00e9tica de abdomen brasile\u00f1a se refiere al uso de la liposucci\u00f3n adem\u00e1s de la cirug\u00eda est\u00e9tica de abdomen. Incluye procedimientos de liposucci\u00f3n y abdominoplastia para el exceso de grasa abdominal.<\/p>\n\n<\/div>\n<\/div>\n<div id=\"faq-question-1688482870977\" class=\"rank-math-list-item\">\n<h3 class=\"rank-math-question \">\u00bfCu\u00e1l es la mejor edad para una abdominoplastia?<\/h3>\n<div class=\"rank-math-answer \">\n\n<p>No existe una edad best para someterse a una abdominoplastia. Normalmente, los candidatos a estas intervenciones suelen tener entre 30 y 60 a\u00f1os. En la determinaci\u00f3n del tratamiento intervienen otros factores adem\u00e1s de la edad.<\/p>\n\n<\/div>\n<\/div>\n<div id=\"faq-question-1688482872159\" class=\"rank-math-list-item\">\n<h3 class=\"rank-math-question \">\u00bfPuede volver a engordar el vientre despu\u00e9s de una abdominoplastia?<\/h3>\n<div class=\"rank-math-answer \">\n\n<p>La abdominoplastia proporciona un aspecto m\u00e1s moldeado al eliminar el exceso de piel y grasa. Sin embargo, no evita el aumento de peso en el futuro ni la formaci\u00f3n de nuevos dep\u00f3sitos de grasa. Una dieta sana, el ejercicio regular y el mantenimiento de un peso estable son importantes para obtener resultados a largo plazo.<\/p>\n\n<\/div>\n<\/div>\n<\/div>\n<\/div>\n<p>\u00a0<\/p>\n\n<h3 class=\"wp-block-heading\">P\u00f3ngase en contacto con nosotros si tiene alguna pregunta.<\/h3>\n","protected":false},"excerpt":{"rendered":"<p>Si busca un procedimiento de contorno corporal m\u00e1s completo para conseguir un abdomen m\u00e1s plano y firme, la abdominoplastia brasile\u00f1a [&hellip;]<\/p>\n","protected":false},"author":4,"featured_media":96121,"parent":0,"menu_order":0,"comment_status":"closed","ping_status":"closed","template":"","meta":{"site-sidebar-layout":"default","site-content-layout":"","ast-site-content-layout":"default","site-content-style":"default","site-sidebar-style":"default","ast-global-header-display":"","ast-banner-title-visibility":"","ast-main-header-display":"","ast-hfb-above-header-display":"","ast-hfb-below-header-display":"","ast-hfb-mobile-header-display":"","site-post-title":"","ast-breadcrumbs-content":"","ast-featured-img":"","footer-sml-layout":"","ast-disable-related-posts":"","theme-transparent-header-meta":"","adv-header-id-meta":"","stick-header-meta":"","header-above-stick-meta":"","header-main-stick-meta":"","header-below-stick-meta":"","astra-migrate-meta-layouts":"default","ast-page-background-enabled":"default","ast-page-background-meta":{"desktop":{"background-color":"var(--ast-global-color-4)","background-image":"","background-repeat":"repeat","background-position":"center center","background-size":"auto","background-attachment":"scroll","background-type":"","background-media":"","overlay-type":"","overlay-color":"","overlay-opacity":"","overlay-gradient":""},"tablet":{"background-color":"","background-image":"","background-repeat":"repeat","background-position":"center center","background-size":"auto","background-attachment":"scroll","background-type":"","background-media":"","overlay-type":"","overlay-color":"","overlay-opacity":"","overlay-gradient":""},"mobile":{"background-color":"","background-image":"","background-repeat":"repeat","background-position":"center center","background-size":"auto","background-attachment":"scroll","background-type":"","background-media":"","overlay-type":"","overlay-color":"","overlay-opacity":"","overlay-gradient":""}},"ast-content-background-meta":{"desktop":{"background-color":"var(--ast-global-color-5)","background-image":"","background-repeat":"repeat","background-position":"center center","background-size":"auto","background-attachment":"scroll","background-type":"","background-media":"","overlay-type":"","overlay-color":"","overlay-opacity":"","overlay-gradient":""},"tablet":{"background-color":"var(--ast-global-color-5)","background-image":"","background-repeat":"repeat","background-position":"center center","background-size":"auto","background-attachment":"scroll","background-type":"","background-media":"","overlay-type":"","overlay-color":"","overlay-opacity":"","overlay-gradient":""},"mobile":{"background-color":"var(--ast-global-color-5)","background-image":"","background-repeat":"repeat","background-position":"center center","background-size":"auto","background-attachment":"scroll","background-type":"","background-media":"","overlay-type":"","overlay-color":"","overlay-opacity":"","overlay-gradient":""}},"footnotes":""},"class_list":["post-147105","page","type-page","status-publish","has-post-thumbnail","hentry"],"_links":{"self":[{"href":"https:\/\/medclinics.com\/es\/wp-json\/wp\/v2\/pages\/147105","targetHints":{"allow":["GET"]}}],"collection":[{"href":"https:\/\/medclinics.com\/es\/wp-json\/wp\/v2\/pages"}],"about":[{"href":"https:\/\/medclinics.com\/es\/wp-json\/wp\/v2\/types\/page"}],"author":[{"embeddable":true,"href":"https:\/\/medclinics.com\/es\/wp-json\/wp\/v2\/users\/4"}],"replies":[{"embeddable":true,"href":"https:\/\/medclinics.com\/es\/wp-json\/wp\/v2\/comments?post=147105"}],"version-history":[{"count":0,"href":"https:\/\/medclinics.com\/es\/wp-json\/wp\/v2\/pages\/147105\/revisions"}],"wp:featuredmedia":[{"embeddable":true,"href":"https:\/\/medclinics.com\/es\/wp-json\/wp\/v2\/media\/96121"}],"wp:attachment":[{"href":"https:\/\/medclinics.com\/es\/wp-json\/wp\/v2\/media?parent=147105"}],"curies":[{"name":"wp","href":"https:\/\/api.w.org\/{rel}","templated":true}]}}