{"id":147099,"date":"2023-05-05T12:45:00","date_gmt":"2023-05-05T12:45:00","guid":{"rendered":"https:\/\/medclinics.com\/abdominoplastia-completa\/"},"modified":"2024-04-01T14:59:10","modified_gmt":"2024-04-01T11:59:10","slug":"abdominoplastia-completa","status":"publish","type":"page","link":"https:\/\/medclinics.com\/es\/abdominoplastia-completa\/","title":{"rendered":"Abdominoplastia completa"},"content":{"rendered":"\n<h2 class=\"wp-block-heading\">Si tiene exceso de piel, debilidad muscular, dep\u00f3sitos de grasa rebelde o estr\u00edas en la zona abdominal, la abdominoplastia completa es adecuada para usted.<\/h2>\n\n<p>La abdominoplastia completa tambi\u00e9n se conoce como <a href=\"https:\/\/en.wikipedia.org\/wiki\/Abdominoplasty\" target=\"_blank\" rel=\"noreferrer noopener\">abdominoplastia<\/a> est\u00e1ndar. Su objetivo es mejorar el aspecto del abdomen eliminando el exceso de piel y grasa, tensando los m\u00fasculos abdominales y recolocando el ombligo.<\/p>\n\n<p>Suele realizarse en personas con piel abdominal fl\u00e1cida o descolgada, m\u00fasculos abdominales debilitados o exceso de acumulaci\u00f3n de grasa en la zona abdominal.<\/p>\n\n<p>La intervenci\u00f3n consiste en realizar una incisi\u00f3n a lo largo de la parte inferior del abdomen, eliminar el exceso de piel y grasa, tensar los m\u00fasculos abdominales y reposicionar el ombligo. Se aplica para conseguir un contorno abdominal m\u00e1s liso y firme.<\/p>\n\n<p>Se trata de un procedimiento m\u00e1s extenso que la miniabdominoplastia, ya que aborda toda la zona abdominal. Suelen preferirla las personas con una laxitud abdominal importante o las que requieren una correcci\u00f3n m\u00e1s amplia.<\/p>\n\n<h3 class=\"wp-block-heading\">Todo lo que necesita saber sobre la <a href=\"https:\/\/medclinics.com\/es\/cirugia-plastica-y-estetica\/\" target=\"_blank\" rel=\"noreferrer noopener\">cirug\u00eda pl\u00e1stica y<\/a> est\u00e9tica, incluido el precio y m\u00e1s, \u00a1o <a href=\"#requestform\">p\u00f3ngase en contacto con nosotros<\/a>!<\/h3>\n\n<figure class=\"wp-block-image size-full\"><img fetchpriority=\"high\" decoding=\"async\" width=\"960\" height=\"540\" src=\"https:\/\/medclinics.com\/wp-content\/uploads\/2023\/07\/full-abdominoplasty-near-me.jpg\" alt=\"Abdominoplastia completa cerca de m&#xED; Estambul Turqu&#xED;a\" class=\"wp-image-97727\" srcset=\"https:\/\/medclinics.com\/wp-content\/uploads\/2023\/07\/full-abdominoplasty-near-me.jpg 960w, https:\/\/medclinics.com\/wp-content\/uploads\/2023\/07\/full-abdominoplasty-near-me-500x281.jpg 500w, https:\/\/medclinics.com\/wp-content\/uploads\/2023\/07\/full-abdominoplasty-near-me-768x432.jpg 768w, https:\/\/medclinics.com\/wp-content\/uploads\/2023\/07\/full-abdominoplasty-near-me-24x14.jpg 24w, https:\/\/medclinics.com\/wp-content\/uploads\/2023\/07\/full-abdominoplasty-near-me-36x20.jpg 36w, https:\/\/medclinics.com\/wp-content\/uploads\/2023\/07\/full-abdominoplasty-near-me-48x27.jpg 48w\" sizes=\"(max-width: 960px) 100vw, 960px\" \/><\/figure>\n\n<h2 class=\"wp-block-heading\">PREGUNTAS FRECUENTES<\/h2>\n<div id=\"rank-math-faq\" class=\"rank-math-block\">\n<div class=\"rank-math-list \">\n<div id=\"faq-question-1688472638412\" class=\"rank-math-list-item\">\n<h3 class=\"rank-math-question \">\u00bfQu\u00e9 es la abdominoplastia completa?<\/h3>\n<div class=\"rank-math-answer \">\n\n<p>Una abdominoplastia completa es un procedimiento quir\u00fargico que elimina el exceso de piel y grasa del abdomen, tensa los m\u00fasculos abdominales y mejora el contorno general de la secci\u00f3n media.<\/p>\n\n<\/div>\n<\/div>\n<div id=\"faq-question-1688473106108\" class=\"rank-math-list-item\">\n<h3 class=\"rank-math-question \">\u00bfCu\u00e1nto dura una abdominoplastia completa?<\/h3>\n<div class=\"rank-math-answer \">\n\n<p>Los resultados pueden ser duraderos. Por supuesto, para lograr este resultado, debe mantenerse un estilo de vida saludable y evitar fluctuaciones de peso significativas.<\/p>\n\n<\/div>\n<\/div>\n<div id=\"faq-question-1688472782963\" class=\"rank-math-list-item\">\n<h3 class=\"rank-math-question \">\u00bfCu\u00e1nto tiempo se tarda en recuperarse de una abdominoplastia completa?<\/h3>\n<div class=\"rank-math-answer \">\n\n<p>Su tiempo de recuperaci\u00f3n suele durar de varias semanas a unos meses.<\/p>\n\n<\/div>\n<\/div>\n<div id=\"faq-question-1688472845557\" class=\"rank-math-list-item\">\n<h3 class=\"rank-math-question \">\u00bfCu\u00e1nto cuesta una abdominoplastia completa?<\/h3>\n<div class=\"rank-math-answer \">\n\n<p>El coste puede variar en funci\u00f3n de factores como la experiencia del cirujano, la ubicaci\u00f3n geogr\u00e1fica de la cl\u00ednica o la complejidad de la intervenci\u00f3n. Por t\u00e9rmino medio, el coste de una abdominoplastia completa puede oscilar entre 5.000 y 12.000 d\u00f3lares o m\u00e1s.<\/p>\n\n<\/div>\n<\/div>\n<div id=\"faq-question-1688474218453\" class=\"rank-math-list-item\">\n<h3 class=\"rank-math-question \">\u00bfCu\u00e1les son los cuidados posteriores?<\/h3>\n<div class=\"rank-math-answer \">\n\n<p>En los primeros d\u00edas tras la intervenci\u00f3n, los pacientes pueden experimentar molestias, hinchaz\u00f3n y hematomas. Los analg\u00e9sicos y el uso de una prenda de compresi\u00f3n pueden ayudar a controlar estos s\u00edntomas.<br \/>En las primeras semanas, los pacientes deben evitar las actividades extenuantes, levantar objetos pesados y el ejercicio intenso. La mayor\u00eda de las personas pueden reincorporarse al trabajo y a las actividades cotidianas normales en 1-2 semanas.<br \/>En las semanas y meses siguientes, la inflamaci\u00f3n disminuir\u00e1 gradualmente y las incisiones cicatrizar\u00e1n. Deber\u00e1 acudir a las citas de seguimiento con el cirujano para controlar la evoluci\u00f3n y garantizar una cicatrizaci\u00f3n adecuada.<\/p>\n\n<\/div>\n<\/div>\n<\/div>\n<\/div>\n<p>\u00a0<\/p>\n\n<h3 class=\"wp-block-heading\">P\u00f3ngase en contacto con nosotros si tiene alguna pregunta.<\/h3>\n","protected":false},"excerpt":{"rendered":"<p>Si tiene exceso de piel, debilidad muscular, dep\u00f3sitos de grasa rebelde o estr\u00edas en la zona abdominal, la abdominoplastia completa [&hellip;]<\/p>\n","protected":false},"author":4,"featured_media":96043,"parent":0,"menu_order":0,"comment_status":"closed","ping_status":"closed","template":"","meta":{"site-sidebar-layout":"default","site-content-layout":"","ast-site-content-layout":"default","site-content-style":"default","site-sidebar-style":"default","ast-global-header-display":"","ast-banner-title-visibility":"","ast-main-header-display":"","ast-hfb-above-header-display":"","ast-hfb-below-header-display":"","ast-hfb-mobile-header-display":"","site-post-title":"","ast-breadcrumbs-content":"","ast-featured-img":"","footer-sml-layout":"","ast-disable-related-posts":"","theme-transparent-header-meta":"","adv-header-id-meta":"","stick-header-meta":"","header-above-stick-meta":"","header-main-stick-meta":"","header-below-stick-meta":"","astra-migrate-meta-layouts":"default","ast-page-background-enabled":"default","ast-page-background-meta":{"desktop":{"background-color":"var(--ast-global-color-4)","background-image":"","background-repeat":"repeat","background-position":"center center","background-size":"auto","background-attachment":"scroll","background-type":"","background-media":"","overlay-type":"","overlay-color":"","overlay-opacity":"","overlay-gradient":""},"tablet":{"background-color":"","background-image":"","background-repeat":"repeat","background-position":"center center","background-size":"auto","background-attachment":"scroll","background-type":"","background-media":"","overlay-type":"","overlay-color":"","overlay-opacity":"","overlay-gradient":""},"mobile":{"background-color":"","background-image":"","background-repeat":"repeat","background-position":"center center","background-size":"auto","background-attachment":"scroll","background-type":"","background-media":"","overlay-type":"","overlay-color":"","overlay-opacity":"","overlay-gradient":""}},"ast-content-background-meta":{"desktop":{"background-color":"var(--ast-global-color-5)","background-image":"","background-repeat":"repeat","background-position":"center center","background-size":"auto","background-attachment":"scroll","background-type":"","background-media":"","overlay-type":"","overlay-color":"","overlay-opacity":"","overlay-gradient":""},"tablet":{"background-color":"var(--ast-global-color-5)","background-image":"","background-repeat":"repeat","background-position":"center center","background-size":"auto","background-attachment":"scroll","background-type":"","background-media":"","overlay-type":"","overlay-color":"","overlay-opacity":"","overlay-gradient":""},"mobile":{"background-color":"var(--ast-global-color-5)","background-image":"","background-repeat":"repeat","background-position":"center center","background-size":"auto","background-attachment":"scroll","background-type":"","background-media":"","overlay-type":"","overlay-color":"","overlay-opacity":"","overlay-gradient":""}},"footnotes":""},"class_list":["post-147099","page","type-page","status-publish","has-post-thumbnail","hentry"],"_links":{"self":[{"href":"https:\/\/medclinics.com\/es\/wp-json\/wp\/v2\/pages\/147099","targetHints":{"allow":["GET"]}}],"collection":[{"href":"https:\/\/medclinics.com\/es\/wp-json\/wp\/v2\/pages"}],"about":[{"href":"https:\/\/medclinics.com\/es\/wp-json\/wp\/v2\/types\/page"}],"author":[{"embeddable":true,"href":"https:\/\/medclinics.com\/es\/wp-json\/wp\/v2\/users\/4"}],"replies":[{"embeddable":true,"href":"https:\/\/medclinics.com\/es\/wp-json\/wp\/v2\/comments?post=147099"}],"version-history":[{"count":0,"href":"https:\/\/medclinics.com\/es\/wp-json\/wp\/v2\/pages\/147099\/revisions"}],"wp:featuredmedia":[{"embeddable":true,"href":"https:\/\/medclinics.com\/es\/wp-json\/wp\/v2\/media\/96043"}],"wp:attachment":[{"href":"https:\/\/medclinics.com\/es\/wp-json\/wp\/v2\/media?parent=147099"}],"curies":[{"name":"wp","href":"https:\/\/api.w.org\/{rel}","templated":true}]}}