{"id":147083,"date":"2023-05-04T14:45:00","date_gmt":"2023-05-04T11:45:00","guid":{"rendered":"https:\/\/medclinics.com\/abdominoplastia-fleur-de-lis\/"},"modified":"2024-04-01T14:58:26","modified_gmt":"2024-04-01T11:58:26","slug":"abdominoplastia-fleur-de-lis","status":"publish","type":"page","link":"https:\/\/medclinics.com\/es\/abdominoplastia-fleur-de-lis\/","title":{"rendered":"Abdominoplastia Fleur de Lis"},"content":{"rendered":"\n<h2 class=\"wp-block-heading\">Si tiene exceso de piel y grasa en la zona abdominal no s\u00f3lo en sentido horizontal sino tambi\u00e9n vertical, la abdominoplastia Fleur de Lis puede ser la mejor opci\u00f3n de tratamiento para usted.<\/h2>\n\n<p>La abdominoplastia en flor de lis consiste en la eliminaci\u00f3n del exceso de piel y grasa de la zona abdominal. Se crea una incisi\u00f3n vertical adem\u00e1s de la incisi\u00f3n horizontal tradicional utilizada en una abdominoplastia est\u00e1ndar.<\/p>\n\n<p>Durante la intervenci\u00f3n, el cirujano realiza una incisi\u00f3n horizontal a lo largo de la parte inferior del abdomen, similar a una <a href=\"https:\/\/en.wikipedia.org\/wiki\/Abdominoplasty\" target=\"_blank\" rel=\"noreferrer noopener\">abdominoplastia<\/a> tradicional. A continuaci\u00f3n, realiza una incisi\u00f3n vertical que se extiende hacia arriba, hacia la caja tor\u00e1cica. Esta forma de incisi\u00f3n se asemeja a una flor de lis, de ah\u00ed el nombre de la intervenci\u00f3n.<\/p>\n\n<p>La abdominoplastia en flor de lis permite una eliminaci\u00f3n m\u00e1s exhaustiva del exceso de piel y grasa. Puede proporcionar un contorno mejorado a las personas con laxitud significativa tanto en el plano vertical como en el horizontal.<\/p>\n\n<p>La idoneidad de la abdominoplastia en flor de lis depende de factores como la extensi\u00f3n del exceso de piel y grasa, la forma del cuerpo.<\/p>\n\n<h3 class=\"wp-block-heading\">Todo lo que necesita saber sobre la <a href=\"https:\/\/medclinics.com\/es\/cirugia-plastica-y-estetica\/\" target=\"_blank\" rel=\"noreferrer noopener\">cirug\u00eda pl\u00e1stica y<\/a> est\u00e9tica, incluido el precio y m\u00e1s, \u00a1o <a href=\"#requestform\">p\u00f3ngase en contacto con nosotros<\/a>!<\/h3>\n\n<figure class=\"wp-block-image size-full\"><img fetchpriority=\"high\" decoding=\"async\" width=\"960\" height=\"540\" src=\"https:\/\/medclinics.com\/wp-content\/uploads\/2023\/07\/fleur-de-lis-abdominoplasty-near-me.jpg\" alt=\"Fleur de Lis Abdominoplastia Cerca de M&#xED; Estambul Turqu&#xED;a\" class=\"wp-image-97759\" srcset=\"https:\/\/medclinics.com\/wp-content\/uploads\/2023\/07\/fleur-de-lis-abdominoplasty-near-me.jpg 960w, https:\/\/medclinics.com\/wp-content\/uploads\/2023\/07\/fleur-de-lis-abdominoplasty-near-me-500x281.jpg 500w, https:\/\/medclinics.com\/wp-content\/uploads\/2023\/07\/fleur-de-lis-abdominoplasty-near-me-768x432.jpg 768w, https:\/\/medclinics.com\/wp-content\/uploads\/2023\/07\/fleur-de-lis-abdominoplasty-near-me-24x14.jpg 24w, https:\/\/medclinics.com\/wp-content\/uploads\/2023\/07\/fleur-de-lis-abdominoplasty-near-me-36x20.jpg 36w, https:\/\/medclinics.com\/wp-content\/uploads\/2023\/07\/fleur-de-lis-abdominoplasty-near-me-48x27.jpg 48w\" sizes=\"(max-width: 960px) 100vw, 960px\" \/><\/figure>\n\n<h2 class=\"wp-block-heading\">PREGUNTAS FRECUENTES<\/h2>\n<div id=\"rank-math-faq\" class=\"rank-math-block\">\n<div class=\"rank-math-list \">\n<div id=\"faq-question-1688480191450\" class=\"rank-math-list-item\">\n<h3 class=\"rank-math-question \">\u00bfQu\u00e9 es la abdominoplastia Fleur de Lis?<\/h3>\n<div class=\"rank-math-answer \">\n\n<p>La abdominoplastia en flor de lis es una intervenci\u00f3n quir\u00fargica. Consiste en eliminar el exceso de piel y grasa del abdomen mediante incisiones horizontales y verticales.  <\/p>\n\n<\/div>\n<\/div>\n<div id=\"faq-question-1688480478342\" class=\"rank-math-list-item\">\n<h3 class=\"rank-math-question \">\u00bfQu\u00e9 diferencia hay entre la abdominoplastia y la flor de lis?<\/h3>\n<div class=\"rank-math-answer \">\n\n<p>La principal diferencia entre la abdominoplastia (cirug\u00eda est\u00e9tica de abdomen) y la abdominoplastia en flor de lis es el patr\u00f3n de incisi\u00f3n. La abdominoplastia implica una incisi\u00f3n horizontal, mientras que la abdominoplastia en flor de lis incluye incisiones tanto horizontales como verticales. As\u00ed que aborda la laxitud en m\u00faltiples direcciones del abdomen.<\/p>\n\n<\/div>\n<\/div>\n<div id=\"faq-question-1688480659142\" class=\"rank-math-list-item\">\n<h3 class=\"rank-math-question \">\u00bfCu\u00e1nto dura la recuperaci\u00f3n de la abdominoplastia Fleur de Lis?<\/h3>\n<div class=\"rank-math-answer \">\n\n<p>El tiempo de recuperaci\u00f3n de la abdominoplastia Fleur de Lis puede variar en funci\u00f3n de factores individuales, la extensi\u00f3n del procedimiento. En general, el periodo de recuperaci\u00f3n inicial suele durar aproximadamente de 2 a 4 semanas.<\/p>\n\n<\/div>\n<\/div>\n<div id=\"faq-question-1688480682990\" class=\"rank-math-list-item\">\n<h3 class=\"rank-math-question \">\u00bfCu\u00e1nto cuesta una abdominoplastia Fleur-De-Lis?<\/h3>\n<div class=\"rank-math-answer \">\n\n<p>El coste de la abdominoplastia en flor de lis en Turqu\u00eda puede oscilar aproximadamente entre 3.000 y 6.000 d\u00f3lares. El coste aproximado es de 8.000 a 15.000 d\u00f3lares o m\u00e1s en EE.UU,<br \/>De 5.000 a 10.000 euros o m\u00e1s en Alemania, de 3.000 a 7.000 euros o m\u00e1s en Polonia.<\/p>\n\n<\/div>\n<\/div>\n<\/div>\n<\/div>\n<p>\u00a0<\/p>\n\n<h3 class=\"wp-block-heading\">P\u00f3ngase en contacto con nosotros si tiene alguna pregunta.<\/h3>\n","protected":false},"excerpt":{"rendered":"<p>Si tiene exceso de piel y grasa en la zona abdominal no s\u00f3lo en sentido horizontal sino tambi\u00e9n vertical, la [&hellip;]<\/p>\n","protected":false},"author":4,"featured_media":96103,"parent":0,"menu_order":0,"comment_status":"closed","ping_status":"closed","template":"","meta":{"site-sidebar-layout":"default","site-content-layout":"","ast-site-content-layout":"default","site-content-style":"default","site-sidebar-style":"default","ast-global-header-display":"","ast-banner-title-visibility":"","ast-main-header-display":"","ast-hfb-above-header-display":"","ast-hfb-below-header-display":"","ast-hfb-mobile-header-display":"","site-post-title":"","ast-breadcrumbs-content":"","ast-featured-img":"","footer-sml-layout":"","ast-disable-related-posts":"","theme-transparent-header-meta":"","adv-header-id-meta":"","stick-header-meta":"","header-above-stick-meta":"","header-main-stick-meta":"","header-below-stick-meta":"","astra-migrate-meta-layouts":"default","ast-page-background-enabled":"default","ast-page-background-meta":{"desktop":{"background-color":"var(--ast-global-color-4)","background-image":"","background-repeat":"repeat","background-position":"center center","background-size":"auto","background-attachment":"scroll","background-type":"","background-media":"","overlay-type":"","overlay-color":"","overlay-opacity":"","overlay-gradient":""},"tablet":{"background-color":"","background-image":"","background-repeat":"repeat","background-position":"center center","background-size":"auto","background-attachment":"scroll","background-type":"","background-media":"","overlay-type":"","overlay-color":"","overlay-opacity":"","overlay-gradient":""},"mobile":{"background-color":"","background-image":"","background-repeat":"repeat","background-position":"center center","background-size":"auto","background-attachment":"scroll","background-type":"","background-media":"","overlay-type":"","overlay-color":"","overlay-opacity":"","overlay-gradient":""}},"ast-content-background-meta":{"desktop":{"background-color":"var(--ast-global-color-5)","background-image":"","background-repeat":"repeat","background-position":"center center","background-size":"auto","background-attachment":"scroll","background-type":"","background-media":"","overlay-type":"","overlay-color":"","overlay-opacity":"","overlay-gradient":""},"tablet":{"background-color":"var(--ast-global-color-5)","background-image":"","background-repeat":"repeat","background-position":"center center","background-size":"auto","background-attachment":"scroll","background-type":"","background-media":"","overlay-type":"","overlay-color":"","overlay-opacity":"","overlay-gradient":""},"mobile":{"background-color":"var(--ast-global-color-5)","background-image":"","background-repeat":"repeat","background-position":"center center","background-size":"auto","background-attachment":"scroll","background-type":"","background-media":"","overlay-type":"","overlay-color":"","overlay-opacity":"","overlay-gradient":""}},"footnotes":""},"class_list":["post-147083","page","type-page","status-publish","has-post-thumbnail","hentry"],"_links":{"self":[{"href":"https:\/\/medclinics.com\/es\/wp-json\/wp\/v2\/pages\/147083","targetHints":{"allow":["GET"]}}],"collection":[{"href":"https:\/\/medclinics.com\/es\/wp-json\/wp\/v2\/pages"}],"about":[{"href":"https:\/\/medclinics.com\/es\/wp-json\/wp\/v2\/types\/page"}],"author":[{"embeddable":true,"href":"https:\/\/medclinics.com\/es\/wp-json\/wp\/v2\/users\/4"}],"replies":[{"embeddable":true,"href":"https:\/\/medclinics.com\/es\/wp-json\/wp\/v2\/comments?post=147083"}],"version-history":[{"count":0,"href":"https:\/\/medclinics.com\/es\/wp-json\/wp\/v2\/pages\/147083\/revisions"}],"wp:featuredmedia":[{"embeddable":true,"href":"https:\/\/medclinics.com\/es\/wp-json\/wp\/v2\/media\/96103"}],"wp:attachment":[{"href":"https:\/\/medclinics.com\/es\/wp-json\/wp\/v2\/media?parent=147083"}],"curies":[{"name":"wp","href":"https:\/\/api.w.org\/{rel}","templated":true}]}}