{"id":147061,"date":"2023-05-05T14:06:00","date_gmt":"2023-05-05T11:06:00","guid":{"rendered":"https:\/\/medclinics.com\/miniabdominoplastia\/"},"modified":"2025-01-02T16:41:03","modified_gmt":"2025-01-02T13:41:03","slug":"miniabdominoplastia","status":"publish","type":"page","link":"https:\/\/medclinics.com\/es\/miniabdominoplastia\/","title":{"rendered":"Miniabdominoplastia"},"content":{"rendered":"\n<h2 class=\"wp-block-heading\">Si se siente inc\u00f3modo con un peque\u00f1o exceso de piel y laxitud muscular debajo del ombligo, la Mini Abdominoplastia es para usted.<\/h2>\n\n<p>Una minicirug\u00eda est\u00e9tica de abdomen es un procedimiento quir\u00fargico que se centra en mejorar el aspecto de la parte inferior del abdomen. Es una versi\u00f3n menos extensa de la <a href=\"https:\/\/en.wikipedia.org\/wiki\/Abdominoplasty\" target=\"_blank\" rel=\"noreferrer noopener\">abdominoplastia<\/a> convencional.<\/p>\n\n<p>Durante una miniabdominoplastia, se realiza una incisi\u00f3n m\u00e1s peque\u00f1a por encima de la zona inguinal, que es m\u00e1s corta que una abdominoplastia completa. El cirujano extirpa una cantidad limitada de piel sobrante y tensa los m\u00fasculos abdominales si es necesario. Tambi\u00e9n puede realizarse una liposucci\u00f3n para contornear la zona y mejorar el resultado general.<\/p>\n\n<p>En comparaci\u00f3n con la abdominoplastia completa, tiene una incisi\u00f3n m\u00e1s corta, una disecci\u00f3n de tejido limitada y un tiempo de recuperaci\u00f3n potencialmente m\u00e1s r\u00e1pido. Sin embargo, la miniabdominoplastia tiene un margen de correcci\u00f3n m\u00e1s limitado.<\/p>\n\n<p>Se recomienda para personas con buena elasticidad de la piel y un exceso relativamente peque\u00f1o de piel y laxitud muscular limitada a la parte inferior del abdomen.<\/p>\n\n<h3 class=\"wp-block-heading\">Todo lo que necesita saber sobre la <a href=\"https:\/\/medclinics.com\/es\/cirugia-plastica-y-estetica\/\" target=\"_blank\" rel=\"noreferrer noopener\">cirug\u00eda pl\u00e1stica y<\/a> est\u00e9tica, incluido el precio, el plan de tratamiento y mucho m\u00e1s, \u00a1o <a href=\"#requestform\">p\u00f3ngase en contacto con nosotros<\/a>!<\/h3>\n\n<figure class=\"wp-block-image size-full\"><img fetchpriority=\"high\" decoding=\"async\" width=\"960\" height=\"540\" src=\"https:\/\/medclinics.com\/wp-content\/uploads\/2023\/07\/mini-abdominoplasty-near-me.jpg\" alt=\"Mini Abdominoplastia Cerca de M&#xED; Estambul Turqu&#xED;a\" class=\"wp-image-97709\" srcset=\"https:\/\/medclinics.com\/wp-content\/uploads\/2023\/07\/mini-abdominoplasty-near-me.jpg 960w, https:\/\/medclinics.com\/wp-content\/uploads\/2023\/07\/mini-abdominoplasty-near-me-500x281.jpg 500w, https:\/\/medclinics.com\/wp-content\/uploads\/2023\/07\/mini-abdominoplasty-near-me-768x432.jpg 768w, https:\/\/medclinics.com\/wp-content\/uploads\/2023\/07\/mini-abdominoplasty-near-me-24x14.jpg 24w, https:\/\/medclinics.com\/wp-content\/uploads\/2023\/07\/mini-abdominoplasty-near-me-36x20.jpg 36w, https:\/\/medclinics.com\/wp-content\/uploads\/2023\/07\/mini-abdominoplasty-near-me-48x27.jpg 48w\" sizes=\"(max-width: 960px) 100vw, 960px\" \/><\/figure>\n\n<h2 class=\"wp-block-heading\">PREGUNTAS FRECUENTES<\/h2>\n<div id=\"rank-math-faq\" class=\"rank-math-block\">\n<div class=\"rank-math-list \">\n<div id=\"faq-question-1688478045830\" class=\"rank-math-list-item\">\n<h3 class=\"rank-math-question \">\u00bfQu\u00e9 es la minicirug\u00eda est\u00e9tica de abdomen?<\/h3>\n<div class=\"rank-math-answer \">\n\n<p>Se trata de una intervenci\u00f3n quir\u00fargica que trata la m\u00ednima piel sobrante y la laxitud muscular por debajo del ombligo con el fin de mejorar el aspecto de la parte inferior del abdomen. Implica una incisi\u00f3n m\u00e1s peque\u00f1a. Adem\u00e1s, es adecuado para personas con problemas limitados en la parte inferior del abdomen.<\/p>\n\n<\/div>\n<\/div>\n<div id=\"faq-question-1688478047677\" class=\"rank-math-list-item\">\n<h3 class=\"rank-math-question \">\u00bfEs dolorosa una minicirug\u00eda est\u00e9tica de abdomen?<\/h3>\n<div class=\"rank-math-answer \">\n\n<p>Despu\u00e9s de la intervenci\u00f3n quir\u00fargica, cabe esperar algunas molestias y dolor. Sin embargo, puede controlarse con analg\u00e9sicos adecuados y cuidados postoperatorios. Su cirujano controlar\u00e1 el dolor y le har\u00e1 sentir lo m\u00e1s c\u00f3modo posible durante el periodo de recuperaci\u00f3n.<\/p>\n\n<\/div>\n<\/div>\n<div id=\"faq-question-1688478436445\" class=\"rank-math-list-item\">\n<h3 class=\"rank-math-question \">\u00bfCu\u00e1nto dura una minicirug\u00eda est\u00e9tica de abdomen?<\/h3>\n<div class=\"rank-math-answer \">\n\n<p>Es una operaci\u00f3n sencilla, por lo que se tarda unas 2-3 horas. Salvo en el caso de oscilaciones sustanciales de peso, los resultados suelen ser permanentes.  <\/p>\n\n<\/div>\n<\/div>\n<div id=\"faq-question-1688478437892\" class=\"rank-math-list-item\">\n<h3 class=\"rank-math-question \">\u00bfCu\u00e1nto cuesta una miniabdominoplastia?<\/h3>\n<div class=\"rank-math-answer \">\n\n<p>Los costes pueden oscilar entre 3.000 y 8.000 d\u00f3lares aproximadamente, seg\u00fan las caracter\u00edsticas de la cl\u00ednica, la cualificaci\u00f3n del cirujano o el estado del paciente.<\/p>\n\n<\/div>\n<\/div>\n<\/div>\n<\/div>\n<p>\u00a0<\/p>\n\n<h3 class=\"wp-block-heading\">P\u00f3ngase en contacto con nosotros si tiene alguna pregunta.<\/h3>\n","protected":false},"excerpt":{"rendered":"<p>Si se siente inc\u00f3modo con un peque\u00f1o exceso de piel y laxitud muscular debajo del ombligo, la Mini Abdominoplastia es [&hellip;]<\/p>\n","protected":false},"author":4,"featured_media":96084,"parent":0,"menu_order":0,"comment_status":"closed","ping_status":"closed","template":"","meta":{"site-sidebar-layout":"default","site-content-layout":"","ast-site-content-layout":"default","site-content-style":"default","site-sidebar-style":"default","ast-global-header-display":"","ast-banner-title-visibility":"","ast-main-header-display":"","ast-hfb-above-header-display":"","ast-hfb-below-header-display":"","ast-hfb-mobile-header-display":"","site-post-title":"","ast-breadcrumbs-content":"","ast-featured-img":"","footer-sml-layout":"","ast-disable-related-posts":"","theme-transparent-header-meta":"","adv-header-id-meta":"","stick-header-meta":"","header-above-stick-meta":"","header-main-stick-meta":"","header-below-stick-meta":"","astra-migrate-meta-layouts":"default","ast-page-background-enabled":"default","ast-page-background-meta":{"desktop":{"background-color":"var(--ast-global-color-4)","background-image":"","background-repeat":"repeat","background-position":"center center","background-size":"auto","background-attachment":"scroll","background-type":"","background-media":"","overlay-type":"","overlay-color":"","overlay-opacity":"","overlay-gradient":""},"tablet":{"background-color":"","background-image":"","background-repeat":"repeat","background-position":"center center","background-size":"auto","background-attachment":"scroll","background-type":"","background-media":"","overlay-type":"","overlay-color":"","overlay-opacity":"","overlay-gradient":""},"mobile":{"background-color":"","background-image":"","background-repeat":"repeat","background-position":"center center","background-size":"auto","background-attachment":"scroll","background-type":"","background-media":"","overlay-type":"","overlay-color":"","overlay-opacity":"","overlay-gradient":""}},"ast-content-background-meta":{"desktop":{"background-color":"var(--ast-global-color-5)","background-image":"","background-repeat":"repeat","background-position":"center center","background-size":"auto","background-attachment":"scroll","background-type":"","background-media":"","overlay-type":"","overlay-color":"","overlay-opacity":"","overlay-gradient":""},"tablet":{"background-color":"var(--ast-global-color-5)","background-image":"","background-repeat":"repeat","background-position":"center center","background-size":"auto","background-attachment":"scroll","background-type":"","background-media":"","overlay-type":"","overlay-color":"","overlay-opacity":"","overlay-gradient":""},"mobile":{"background-color":"var(--ast-global-color-5)","background-image":"","background-repeat":"repeat","background-position":"center center","background-size":"auto","background-attachment":"scroll","background-type":"","background-media":"","overlay-type":"","overlay-color":"","overlay-opacity":"","overlay-gradient":""}},"footnotes":""},"class_list":["post-147061","page","type-page","status-publish","has-post-thumbnail","hentry"],"_links":{"self":[{"href":"https:\/\/medclinics.com\/es\/wp-json\/wp\/v2\/pages\/147061","targetHints":{"allow":["GET"]}}],"collection":[{"href":"https:\/\/medclinics.com\/es\/wp-json\/wp\/v2\/pages"}],"about":[{"href":"https:\/\/medclinics.com\/es\/wp-json\/wp\/v2\/types\/page"}],"author":[{"embeddable":true,"href":"https:\/\/medclinics.com\/es\/wp-json\/wp\/v2\/users\/4"}],"replies":[{"embeddable":true,"href":"https:\/\/medclinics.com\/es\/wp-json\/wp\/v2\/comments?post=147061"}],"version-history":[{"count":0,"href":"https:\/\/medclinics.com\/es\/wp-json\/wp\/v2\/pages\/147061\/revisions"}],"wp:featuredmedia":[{"embeddable":true,"href":"https:\/\/medclinics.com\/es\/wp-json\/wp\/v2\/media\/96084"}],"wp:attachment":[{"href":"https:\/\/medclinics.com\/es\/wp-json\/wp\/v2\/media?parent=147061"}],"curies":[{"name":"wp","href":"https:\/\/api.w.org\/{rel}","templated":true}]}}