{"id":147059,"date":"2023-05-05T07:53:00","date_gmt":"2023-05-05T04:53:00","guid":{"rendered":"https:\/\/medclinics.com\/abdominoplastia-inversa\/"},"modified":"2024-04-01T16:19:45","modified_gmt":"2024-04-01T13:19:45","slug":"abdominoplastia-inversa","status":"publish","type":"page","link":"https:\/\/medclinics.com\/es\/abdominoplastia-inversa\/","title":{"rendered":"Abdominoplastia inversa"},"content":{"rendered":"\n<h2 class=\"wp-block-heading\">Si est\u00e1 buscando formas de mejorar el aspecto de la parte superior del abdomen, la abdominoplastia inversa es la oportunidad perfecta para usted.<\/h2>\n\n<p>La abdominoplastia inversa tambi\u00e9n se conoce como lifting de la parte superior del cuerpo. Aborda la flacidez de la piel y el exceso de grasa en la parte superior del abdomen. La abdominoplastia inversa se centra en la parte superior del abdomen, incluida la zona por encima del ombligo. La abdominoplastia tradicional se centra en la parte inferior del abdomen. Esta es la diferencia entre ellos.<\/p>\n\n<p>Durante una abdominoplastia inversa, normalmente se realiza una incisi\u00f3n a lo largo del borde inferior del pecho. A continuaci\u00f3n, se elimina el exceso de piel y grasa de la parte superior del abdomen. Si es necesario, pueden tensarse los m\u00fasculos subyacentes. Por \u00faltimo, se tira de la piel restante hacia abajo.<\/p>\n\n<p>Esta cirug\u00eda es frecuente entre las personas que tienen piel fl\u00e1cida y descolgada en la parte superior del abdomen. La p\u00e9rdida de peso, el envejecimiento o el embarazo son motivos t\u00edpicos. Por lo general, la abdominoplastia inversa se realiza junto con la cirug\u00eda <a href=\"https:\/\/medclinics.com\/es\/elevacion-de-mamas\/\" target=\"_blank\" rel=\"noreferrer noopener\">de elevaci\u00f3n de mamas <\/a>.<\/p>\n\n<p>Los <a href=\"https:\/\/en.wikipedia.org\/wiki\/Abdominoplasty#Risks\" target=\"_blank\" rel=\"noreferrer noopener\">riesgos<\/a> incluyen infecci\u00f3n, cicatrizaci\u00f3n, mala cicatrizaci\u00f3n y posible formaci\u00f3n de co\u00e1gulos sangu\u00edneos. Recibir el tratamiento con un m\u00e9dico cualificado reduce estos riesgos.<\/p>\n\n<h3 class=\"wp-block-heading\">Todo lo que necesita saber sobre la <a href=\"https:\/\/medclinics.com\/es\/cirugia-plastica-y-estetica\/\" target=\"_blank\" rel=\"noreferrer noopener\">cirug\u00eda pl\u00e1stica y<\/a> est\u00e9tica, incluido el precio, el plan de tratamiento y mucho m\u00e1s, \u00a1o <a href=\"#requestform\">p\u00f3ngase en contacto con nosotros<\/a>!<\/h3>\n\n<figure class=\"wp-block-image size-full\"><img fetchpriority=\"high\" decoding=\"async\" width=\"960\" height=\"540\" src=\"https:\/\/medclinics.com\/wp-content\/uploads\/2023\/07\/reverse-tummy-tuck-near-me.jpg\" alt=\"Cirug&#xED;a est&#xE9;tica de abdomen inversa cerca de m&#xED; Estambul Turqu&#xED;a\" class=\"wp-image-97743\" srcset=\"https:\/\/medclinics.com\/wp-content\/uploads\/2023\/07\/reverse-tummy-tuck-near-me.jpg 960w, https:\/\/medclinics.com\/wp-content\/uploads\/2023\/07\/reverse-tummy-tuck-near-me-500x281.jpg 500w, https:\/\/medclinics.com\/wp-content\/uploads\/2023\/07\/reverse-tummy-tuck-near-me-768x432.jpg 768w, https:\/\/medclinics.com\/wp-content\/uploads\/2023\/07\/reverse-tummy-tuck-near-me-24x14.jpg 24w, https:\/\/medclinics.com\/wp-content\/uploads\/2023\/07\/reverse-tummy-tuck-near-me-36x20.jpg 36w, https:\/\/medclinics.com\/wp-content\/uploads\/2023\/07\/reverse-tummy-tuck-near-me-48x27.jpg 48w\" sizes=\"(max-width: 960px) 100vw, 960px\" \/><\/figure>\n\n<h2 class=\"wp-block-heading\">PREGUNTAS FRECUENTES<\/h2>\n<div id=\"rank-math-faq\" class=\"rank-math-block\">\n<div class=\"rank-math-list \">\n<div id=\"faq-question-1688540076558\" class=\"rank-math-list-item\">\n<h3 class=\"rank-math-question \">\u00bfQu\u00e9 es la abdominoplastia inversa?<\/h3>\n<div class=\"rank-math-answer \">\n\n<p>Es una cirug\u00eda est\u00e9tica que se centra en la parte superior del abdomen para eliminar el exceso de piel y grasa. As\u00ed conseguir\u00e1 un aspecto m\u00e1s tonificado y contorneado.<\/p>\n\n<\/div>\n<\/div>\n<div id=\"faq-question-1688540137778\" class=\"rank-math-list-item\">\n<h3 class=\"rank-math-question \">\u00bfC\u00f3mo funciona la abdominoplastia inversa?<\/h3>\n<div class=\"rank-math-answer \">\n\n<p>Se realiza una incisi\u00f3n a lo largo del borde inferior de la mama. Elimina el exceso de piel y grasa de la parte superior del abdomen. A continuaci\u00f3n, se tira de la piel restante hacia abajo y se sutura. El resultado es un abdomen superior m\u00e1s firme y elevado. El objetivo de esta intervenci\u00f3n es mejorar el aspecto de la parte superior del abdomen mediante el tratamiento de la flacidez o la p\u00e9rdida de piel en esa zona.<\/p>\n\n<\/div>\n<\/div>\n<div id=\"faq-question-1688540139719\" class=\"rank-math-list-item\">\n<h3 class=\"rank-math-question \">\u00bfCu\u00e1nto cuesta una abdominoplastia inversa?<\/h3>\n<div class=\"rank-math-answer \">\n\n<p>En general, los costes de la abdominoplastia inversa pueden oscilar entre 8.000 y 15.000 d\u00f3lares o m\u00e1s. Por supuesto, esto difiere seg\u00fan el pa\u00eds. Por ejemplo, los costes de esta cirug\u00eda en Turqu\u00eda oscilan entre 3.000 y 6.000 d\u00f3lares. Puede ponerse en contacto con nosotros si desea obtener m\u00e1s informaci\u00f3n sobre ellos.  <\/p>\n\n<\/div>\n<\/div>\n<div id=\"faq-question-1688540141811\" class=\"rank-math-list-item\">\n<h3 class=\"rank-math-question \">\u00bfCu\u00e1l es el tiempo de recuperaci\u00f3n de la abdominoplastia inversa?<\/h3>\n<div class=\"rank-math-answer \">\n\n<p>Por lo general, la recuperaci\u00f3n inicial tarda entre 2 y 4 semanas. La recuperaci\u00f3n total puede tardar varios meses seg\u00fan sus condiciones espec\u00edficas.  <\/p>\n\n<\/div>\n<\/div>\n<\/div>\n<\/div>\n<p>\u00a0<\/p>\n\n<h3 class=\"wp-block-heading\">P\u00f3ngase en contacto con nosotros si tiene alguna pregunta.<\/h3>\n","protected":false},"excerpt":{"rendered":"<p>Si est\u00e1 buscando formas de mejorar el aspecto de la parte superior del abdomen, la abdominoplastia inversa es la oportunidad [&hellip;]<\/p>\n","protected":false},"author":4,"featured_media":96155,"parent":0,"menu_order":0,"comment_status":"closed","ping_status":"closed","template":"","meta":{"site-sidebar-layout":"default","site-content-layout":"","ast-site-content-layout":"default","site-content-style":"default","site-sidebar-style":"default","ast-global-header-display":"","ast-banner-title-visibility":"","ast-main-header-display":"","ast-hfb-above-header-display":"","ast-hfb-below-header-display":"","ast-hfb-mobile-header-display":"","site-post-title":"","ast-breadcrumbs-content":"","ast-featured-img":"","footer-sml-layout":"","ast-disable-related-posts":"","theme-transparent-header-meta":"","adv-header-id-meta":"","stick-header-meta":"","header-above-stick-meta":"","header-main-stick-meta":"","header-below-stick-meta":"","astra-migrate-meta-layouts":"default","ast-page-background-enabled":"default","ast-page-background-meta":{"desktop":{"background-color":"var(--ast-global-color-4)","background-image":"","background-repeat":"repeat","background-position":"center center","background-size":"auto","background-attachment":"scroll","background-type":"","background-media":"","overlay-type":"","overlay-color":"","overlay-opacity":"","overlay-gradient":""},"tablet":{"background-color":"","background-image":"","background-repeat":"repeat","background-position":"center center","background-size":"auto","background-attachment":"scroll","background-type":"","background-media":"","overlay-type":"","overlay-color":"","overlay-opacity":"","overlay-gradient":""},"mobile":{"background-color":"","background-image":"","background-repeat":"repeat","background-position":"center center","background-size":"auto","background-attachment":"scroll","background-type":"","background-media":"","overlay-type":"","overlay-color":"","overlay-opacity":"","overlay-gradient":""}},"ast-content-background-meta":{"desktop":{"background-color":"var(--ast-global-color-5)","background-image":"","background-repeat":"repeat","background-position":"center center","background-size":"auto","background-attachment":"scroll","background-type":"","background-media":"","overlay-type":"","overlay-color":"","overlay-opacity":"","overlay-gradient":""},"tablet":{"background-color":"var(--ast-global-color-5)","background-image":"","background-repeat":"repeat","background-position":"center center","background-size":"auto","background-attachment":"scroll","background-type":"","background-media":"","overlay-type":"","overlay-color":"","overlay-opacity":"","overlay-gradient":""},"mobile":{"background-color":"var(--ast-global-color-5)","background-image":"","background-repeat":"repeat","background-position":"center center","background-size":"auto","background-attachment":"scroll","background-type":"","background-media":"","overlay-type":"","overlay-color":"","overlay-opacity":"","overlay-gradient":""}},"footnotes":""},"class_list":["post-147059","page","type-page","status-publish","has-post-thumbnail","hentry"],"_links":{"self":[{"href":"https:\/\/medclinics.com\/es\/wp-json\/wp\/v2\/pages\/147059","targetHints":{"allow":["GET"]}}],"collection":[{"href":"https:\/\/medclinics.com\/es\/wp-json\/wp\/v2\/pages"}],"about":[{"href":"https:\/\/medclinics.com\/es\/wp-json\/wp\/v2\/types\/page"}],"author":[{"embeddable":true,"href":"https:\/\/medclinics.com\/es\/wp-json\/wp\/v2\/users\/4"}],"replies":[{"embeddable":true,"href":"https:\/\/medclinics.com\/es\/wp-json\/wp\/v2\/comments?post=147059"}],"version-history":[{"count":0,"href":"https:\/\/medclinics.com\/es\/wp-json\/wp\/v2\/pages\/147059\/revisions"}],"wp:featuredmedia":[{"embeddable":true,"href":"https:\/\/medclinics.com\/es\/wp-json\/wp\/v2\/media\/96155"}],"wp:attachment":[{"href":"https:\/\/medclinics.com\/es\/wp-json\/wp\/v2\/media?parent=147059"}],"curies":[{"name":"wp","href":"https:\/\/api.w.org\/{rel}","templated":true}]}}