{"id":146825,"date":"2023-05-25T12:21:54","date_gmt":"2023-05-25T09:21:54","guid":{"rendered":"https:\/\/medclinics.com\/chequeo-completo-para-hombres-mayores-de-40-anos\/"},"modified":"2024-12-30T19:22:50","modified_gmt":"2024-12-30T16:22:50","slug":"chequeo-completo-para-hombres-mayores-de-40-anos","status":"publish","type":"page","link":"https:\/\/medclinics.com\/es\/chequeo-completo-para-hombres-mayores-de-40-anos\/","title":{"rendered":"Chequeo completo para hombres mayores de 40 a\u00f1os"},"content":{"rendered":"\n<h2 class=\"wp-block-heading\">Si busca el mejor chequeo m\u00e9dico, Check-up para hombres mayores de 40 a\u00f1os puede ser la soluci\u00f3n perfecta.<\/h2>\n\n<p>El chequeo m\u00e9dico peri\u00f3dico de los hombres mayores de 40 a\u00f1os es necesario para garantizar una salud y un bienestar \u00f3ptimos. Estos chequeos abarcan evaluaciones exhaustivas de diversos aspectos de su salud f\u00edsica y pueden ayudar a identificar y abordar posibles problemas de salud.<\/p>\n\n<p>Durante estos ex\u00e1menes, los profesionales sanitarios suelen realizar reconocimientos f\u00edsicos exhaustivos, medir las constantes vitales, evaluar el peso y la talla y valorar el estado de salud general.<\/p>\n\n<p>Adem\u00e1s, pueden recomendar revisiones como mediciones de la tensi\u00f3n arterial, controles del colesterol y an\u00e1lisis de sangre para evaluar los niveles de az\u00facar en sangre, la salud de la pr\u00f3stata y otros marcadores clave.<\/p>\n\n<p>Estas revisiones rutinarias brindan la oportunidad de comentar cualquier s\u00edntoma, abordar las preocupaciones relacionadas con el envejecimiento, hablar de los factores relacionados con el estilo de vida y evaluar los posibles factores de riesgo de afecciones como las cardiopat\u00edas, la diabetes o el c\u00e1ncer de pr\u00f3stata.<\/p>\n\n<p>Acudiendo a revisiones <a href=\"https:\/\/en.wikipedia.org\/wiki\/Check-Up\" target=\"_blank\" rel=\"noopener\">m\u00e9dicas<\/a> peri\u00f3dicas, los hombres de m\u00e1s de 40 a\u00f1os pueden tomar medidas proactivas para la detecci\u00f3n precoz, la prevenci\u00f3n y el mantenimiento de una salud \u00f3ptima durante toda su vida.<\/p>\n\n<figure class=\"wp-block-image size-full\"><img fetchpriority=\"high\" decoding=\"async\" width=\"960\" height=\"540\" class=\"wp-image-97489\" src=\"https:\/\/medclinics.com\/wp-content\/uploads\/2023\/07\/comprehensive-check-up-for-men-over-40-near-me.jpg\" alt=\"Chequeo completo para hombres de m&#xE1;s de 40 a&#xF1;os cerca de m&#xED;\" srcset=\"https:\/\/medclinics.com\/wp-content\/uploads\/2023\/07\/comprehensive-check-up-for-men-over-40-near-me.jpg 960w, https:\/\/medclinics.com\/wp-content\/uploads\/2023\/07\/comprehensive-check-up-for-men-over-40-near-me-500x281.jpg 500w, https:\/\/medclinics.com\/wp-content\/uploads\/2023\/07\/comprehensive-check-up-for-men-over-40-near-me-768x432.jpg 768w, https:\/\/medclinics.com\/wp-content\/uploads\/2023\/07\/comprehensive-check-up-for-men-over-40-near-me-24x14.jpg 24w, https:\/\/medclinics.com\/wp-content\/uploads\/2023\/07\/comprehensive-check-up-for-men-over-40-near-me-36x20.jpg 36w, https:\/\/medclinics.com\/wp-content\/uploads\/2023\/07\/comprehensive-check-up-for-men-over-40-near-me-48x27.jpg 48w\" sizes=\"(max-width: 960px) 100vw, 960px\" \/><\/figure>\n\n<p><strong>Chequeo para hombres de m\u00e1s de 40 paquetes:<\/strong><\/p>\n\n<div class=\"wp-block-columns is-layout-flex wp-container-core-columns-is-layout-28f84493 wp-block-columns-is-layout-flex\">\n<div class=\"wp-block-column is-layout-flow wp-block-column-is-layout-flow\">\n<p><strong>EX\u00c1MENES<\/strong><\/p>\n\n\n\n<ul class=\"wp-block-list\">\n<li>Examen de control<\/li>\n\n\n\n<li>Examen ORL<\/li>\n\n\n\n<li>Examen de urolog\u00eda<\/li>\n\n\n\n<li>Examen ocular<\/li>\n\n\n\n<li>Examen dermatol\u00f3gico<\/li>\n\n\n\n<li>Examen cardiol\u00f3gico<\/li>\n<\/ul>\n\n\n\n<p><strong>SERVICIOS DENTALES<\/strong><\/p>\n\n\n\n<ul class=\"wp-block-list\">\n<li>Revisi\u00f3n odontol\u00f3gica<\/li>\n\n\n\n<li>Pel\u00edcula panor\u00e1mica<\/li>\n\n\n\n<li>Eliminaci\u00f3n del sarro (mand\u00edbula \u00fanica)<\/li>\n<\/ul>\n\n\n\n<p><strong>EX\u00c1MENES CARDIOL\u00d3GICOS<\/strong><\/p>\n\n\n\n<ul class=\"wp-block-list\">\n<li>ECG con esfuerzo<\/li>\n\n\n\n<li>ECG<\/li>\n\n\n\n<li>Ecocardiograf\u00eda (modo Doppler+Color+M+B)<\/li>\n\n\n\n<li>Holter de tensi\u00f3n (24 horas)<\/li>\n<\/ul>\n\n\n\n<p><strong>EX\u00c1MENES RADIOL\u00d3GICOS<\/strong><\/p>\n\n\n\n<ul class=\"wp-block-list\">\n<li>TAC card\u00edaco &#8211; Calcificaci\u00f3n<\/li>\n\n\n\n<li>TAC tor\u00e1cico (con fines de cribado \/ dosis baja)<\/li>\n\n\n\n<li>Ultrasonograf\u00eda tiroidea<\/li>\n\n\n\n<li>Ecograf\u00eda abdominal completa<\/li>\n\n\n\n<li>Carotis Bilateral Doppler Color USG<\/li>\n\n\n\n<li>Densitometr\u00eda \u00f3sea (f\u00e9mur)Densitometr\u00eda \u00f3sea (f\u00e9mur)<\/li>\n\n\n\n<li>Densitometr\u00eda \u00f3sea (AP lumbar)<\/li>\n\n\n\n<li>Cerebro (cr\u00e1neo) RM (1,5 T)<\/li>\n\n\n\n<li>Angiograf\u00eda por IRM (intracraneal) (3,0 T)<\/li>\n<\/ul>\n\n\n\n<p><strong>EX\u00c1MENES DE NEUROLOG\u00cdA<\/strong><\/p>\n\n\n\n<ul class=\"wp-block-list\">\n<li>Polisomnograf\u00eda del sue\u00f1o<\/li>\n<\/ul>\n\n\n\n<p><strong>EX\u00c1MENES DE AUDIOLOG\u00cdA<\/strong><\/p>\n\n\n\n<ul class=\"wp-block-list\">\n<li>Audio y timpanometr\u00eda<\/li>\n\n\n\n<li>Audiometr\u00eda de tonos puros<\/li>\n<\/ul>\n\n\n\n<p><strong>PRUEBAS DE TRATAMIENTO RESPIRATORIO<\/strong><\/p>\n\n\n\n<ul class=\"wp-block-list\">\n<li>Prueba de funci\u00f3n respiratoria<\/li>\n<\/ul>\n\n\n\n<p><strong>INICIATIVAS<\/strong><\/p>\n\n\n\n<ul class=\"wp-block-list\">\n<li>Dermatoscopia<\/li>\n<\/ul>\n\n\n\n<p><strong>APLICACIONES ENDOSC\u00d3PICAS<\/strong><\/p>\n\n\n\n<ul class=\"wp-block-list\">\n<li>Esofagoscopia, gastroscopia, duodenoscopia + biopsia<\/li>\n\n\n\n<li>Colonoscopia + biopsia<\/li>\n\n\n\n<li>Polipectom\u00eda colonosc\u00f3pica (por cada p\u00f3lipo hasta 2 p\u00f3lipos)<\/li>\n<\/ul>\n\n\n\n<p><strong>EX\u00c1MENES DE ANESTESIA<\/strong><\/p>\n\n\n\n<ul class=\"wp-block-list\">\n<li>Sedaci\u00f3n y anestesia local  <\/li>\n<\/ul>\n\n\n\n<p><strong>EX\u00c1MENES PATOL\u00d3GICOS<\/strong><\/p>\n\n\n\n<ul class=\"wp-block-list\">\n<li>Citopatolog\u00eda, preparaci\u00f3n fina<\/li>\n\n\n\n<li>Est\u00f3mago, biopsia<\/li>\n<\/ul>\n<\/div>\n\n\n\n<div class=\"wp-block-column is-layout-flow wp-block-column-is-layout-flow\">\n<p><strong>EX\u00c1MENES DE LABORATORIO<\/strong><\/p>\n\n\n\n<ul class=\"wp-block-list\">\n<li>Alfa-fetoprote\u00edna (AFP)<\/li>\n\n\n\n<li>Fosfatasa alcalina (ALP)<\/li>\n\n\n\n<li>Alanina aminotransferasa (ALT)<\/li>\n\n\n\n<li>Aspartato Aminotransferasa (AST)<\/li>\n\n\n\n<li>Amilasa<\/li>\n\n\n\n<li>Zinc (Zn)<\/li>\n\n\n\n<li>Hierro<\/li>\n\n\n\n<li>Capacidad de fijaci\u00f3n del hierro<\/li>\n\n\n\n<li>Ferritina<\/li>\n\n\n\n<li>\u00c1cido f\u00f3lico<\/li>\n\n\n\n<li>Sangre oculta en heces<\/li>\n\n\n\n<li>Gamma Glutamil Transferasa (GGT)<\/li>\n\n\n\n<li>Glucosa en ayunas<\/li>\n\n\n\n<li>Hemoglobina A1c (HbA1c)<\/li>\n\n\n\n<li>Homociste\u00edna<\/li>\n\n\n\n<li>Calcio (Ca)<\/li>\n\n\n\n<li>Cloruro (Cl)<\/li>\n\n\n\n<li>Colesterol, HDL<\/li>\n\n\n\n<li>Colesterol, LDL (Directo)<\/li>\n\n\n\n<li>Colesterol total<\/li>\n\n\n\n<li>Colesterol, VLDL<\/li>\n\n\n\n<li>Creatinina, suero<\/li>\n\n\n\n<li>Lactato deshidrogenasa (LDH)<\/li>\n\n\n\n<li>Lipasa<\/li>\n\n\n\n<li>Lipoprote\u00edna (a) (Lp(a))<\/li>\n\n\n\n<li>Magnesio (Mg)<\/li>\n\n\n\n<li>Potasio (K)<\/li>\n\n\n\n<li>Prote\u00edna total<\/li>\n\n\n\n<li>Sodio (Na)<\/li>\n\n\n\n<li>An\u00e1lisis de orina<\/li>\n\n\n\n<li>Triglic\u00e9ridos<\/li>\n\n\n\n<li>Nitr\u00f3geno ureico en sangre (BUN)<\/li>\n\n\n\n<li>\u00c1cido \u00farico<\/li>\n\n\n\n<li>Vitamina B12<\/li>\n\n\n\n<li>Vitamina D, 25-hidroxi<\/li>\n\n\n\n<li>aPTT<\/li>\n\n\n\n<li>Recuento sangu\u00edneo total (panel ampliado)<\/li>\n\n\n\n<li>Prolactina (PRL)<\/li>\n\n\n\n<li>Hormona estimulante del tiroides (TSH)<\/li>\n\n\n\n<li>Tiroxina libre (FT4)<\/li>\n\n\n\n<li>Triyodotironina, libre (FT3)<\/li>\n\n\n\n<li>CA 15-3<\/li>\n\n\n\n<li>CA 19-9<\/li>\n\n\n\n<li>Ant\u00edgeno prost\u00e1tico espec\u00edfico (PSA), total<\/li>\n\n\n\n<li>Ant\u00edgeno prost\u00e1tico espec\u00edfico (PSA), Libre<\/li>\n\n\n\n<li>Cultura, Garganta<\/li>\n\n\n\n<li>Par\u00e1sitos, Heces<\/li>\n\n\n\n<li>Prueba del ant\u00edgeno del SRAS-CoV-2 (prueba r\u00e1pida)<\/li>\n\n\n\n<li>Anticuerpo IgG contra el SARS-CoV-2, cuantitativo<\/li>\n\n\n\n<li>Ant\u00edgeno de la hepatitis B s (HBsAg)<\/li>\n\n\n\n<li>Anticuerpo de la hepatitis B s (anti-HBs)<\/li>\n\n\n\n<li>Anticuerpo de la hepatitis C (anti-VHC)<\/li>\n\n\n\n<li>Anticuerpo VIH (1-2) + Ant\u00edgeno p24<\/li>\n<\/ul>\n<\/div>\n<\/div>\n\n<h3 class=\"wp-block-heading\">Todo lo que necesitas saber sobre el <a href=\"https:\/\/medclinics.com\/check-up\/\" target=\"_blank\" rel=\"noreferrer noopener\">chequeo m\u00e9dico<\/a>, incluido el precio y mucho m\u00e1s, <a href=\"#requestform\">\u00a1contacta con nosotros<\/a> ahora!<\/h3>\n\n<h3 class=\"wp-block-heading\">PREGUNTAS FRECUENTES<\/h3>\n<div id=\"rank-math-faq\" class=\"rank-math-block\">\n<div class=\"rank-math-list \">\n<div id=\"faq-question-1685016765754\" class=\"rank-math-list-item\">\n<h3 class=\"rank-math-question \">\u00bfQu\u00e9 pruebas deben hacerse despu\u00e9s de los 40?<\/h3>\n<div class=\"rank-math-answer \">\n\n<p>Despu\u00e9s de los 40 a\u00f1os, hay varias pruebas y revisiones importantes que suelen recomendarse para mantener y vigilar la salud. Entre ellas se incluyen las mediciones peri\u00f3dicas de la tensi\u00f3n arterial para controlar la hipertensi\u00f3n, los an\u00e1lisis de colesterol para evaluar el riesgo cardiovascular y las pruebas de glucosa en sangre para detectar la diabetes. Las pruebas de detecci\u00f3n del c\u00e1ncer colorrectal suelen recomendarse a partir de los 45 a\u00f1os, mientras que las pruebas del ant\u00edgeno prost\u00e1tico espec\u00edfico (PSA) suelen aconsejarse a los hombres a partir de los 50 a\u00f1os para detectar el c\u00e1ncer de pr\u00f3stata. Las pruebas de densidad \u00f3sea se recomiendan a las mujeres en torno a los 65 a\u00f1os para evaluar el riesgo de osteoporosis y fracturas. Adem\u00e1s, las revisiones oculares y visuales peri\u00f3dicas son importantes para detectar cambios en la visi\u00f3n relacionados con la edad. Es fundamental consultar con un profesional sanitario para determinar las pruebas espec\u00edficas y los intervalos de cribado en funci\u00f3n de factores individuales y del historial m\u00e9dico. Estas pruebas desempe\u00f1an un papel vital en el fomento de la detecci\u00f3n precoz, la prevenci\u00f3n y el mantenimiento general de la salud despu\u00e9s de los 40 a\u00f1os.<\/p>\n\n<\/div>\n<\/div>\n<div id=\"faq-question-1685016766777\" class=\"rank-math-list-item\">\n<h3 class=\"rank-math-question \">\u00bfCu\u00e1les son las pruebas de detecci\u00f3n del c\u00e1ncer masculino?<\/h3>\n<div class=\"rank-math-answer \">\n\n<p>Existen varias pruebas de detecci\u00f3n del c\u00e1ncer masculino. Para el c\u00e1ncer de pr\u00f3stata, la prueba de cribado recomendada habitualmente es la del ant\u00edgeno prost\u00e1tico espec\u00edfico (PSA), que mide los niveles de una prote\u00edna espec\u00edfica en la sangre. Sin embargo, el uso de la prueba del PSA es objeto de debate, y la decisi\u00f3n de someterse a un cribado debe tomarse en funci\u00f3n de los factores de riesgo individuales y en consulta con un profesional sanitario. La autoexploraci\u00f3n testicular no es una prueba de cribado formal, pero se recomienda a los hombres para detectar cualquier anomal\u00eda en los test\u00edculos. Los autoex\u00e1menes regulares ayudan a reconocer cambios como bultos o hinchaz\u00f3n. En el caso del c\u00e1ncer colorrectal, el principal m\u00e9todo de cribado es la colonoscopia, que consiste en un examen exhaustivo del colon y el recto. El momento y la frecuencia de las pruebas de cribado pueden variar en funci\u00f3n de factores y directrices individuales.<\/p>\n\n<\/div>\n<\/div>\n<div id=\"faq-question-1685016767717\" class=\"rank-math-list-item\">\n<h3 class=\"rank-math-question \">\u00bfCu\u00e1les son los problemas habituales despu\u00e9s de los 40?<\/h3>\n<div class=\"rank-math-answer \">\n\n<p>A partir de los 40 a\u00f1os, las personas suelen encontrarse con diversos problemas de salud y cambios asociados al envejecimiento. Los problemas cardiovasculares, como la hipertensi\u00f3n, los niveles elevados de colesterol y un mayor riesgo de cardiopat\u00edas, se vuelven m\u00e1s frecuentes. El control del peso se vuelve m\u00e1s dif\u00edcil a medida que el metabolismo se ralentiza. La salud \u00f3sea se convierte en una preocupaci\u00f3n, con un mayor riesgo de osteoporosis y fracturas. Pueden producirse cambios en la visi\u00f3n y la audici\u00f3n, como presbicia y mayor riesgo de padecer enfermedades como cataratas y glaucoma. Los cambios hormonales afectan tanto a hombres como a mujeres. Las mujeres experimentan s\u00edntomas de perimenopausia y menopausia, mientras que los hombres pueden sufrir un descenso gradual de los niveles de testosterona. Los problemas articulares y musculares, como la artritis y la rigidez, son m\u00e1s frecuentes. Los cambios hormonales y las transiciones vitales pueden provocar problemas de salud mental, como ansiedad y depresi\u00f3n. Aumenta el riesgo de padecer enfermedades metab\u00f3licas como la diabetes de tipo 2, por lo que es crucial un seguimiento regular. Adem\u00e1s, el riesgo de padecer determinados tipos de c\u00e1ncer, como el de pr\u00f3stata, mama, colorrectal y pulm\u00f3n, suele aumentar con la edad. Las revisiones peri\u00f3dicas, un estilo de vida saludable y una comunicaci\u00f3n eficaz con los profesionales sanitarios son esenciales para abordar y tratar estos problemas comunes en personas mayores de 40 a\u00f1os.<\/p>\n\n<\/div>\n<\/div>\n<\/div>\n<\/div>\n<p>\u00a0<\/p>\n\n<h3 class=\"wp-block-heading\">P\u00f3ngase en contacto con nosotros si tiene alguna pregunta.<\/h3>\n","protected":false},"excerpt":{"rendered":"<p>Si busca el mejor chequeo m\u00e9dico, Check-up para hombres mayores de 40 a\u00f1os puede ser la soluci\u00f3n perfecta. El chequeo [&hellip;]<\/p>\n","protected":false},"author":4,"featured_media":91905,"parent":0,"menu_order":0,"comment_status":"closed","ping_status":"closed","template":"","meta":{"site-sidebar-layout":"default","site-content-layout":"","ast-site-content-layout":"default","site-content-style":"default","site-sidebar-style":"default","ast-global-header-display":"","ast-banner-title-visibility":"","ast-main-header-display":"","ast-hfb-above-header-display":"","ast-hfb-below-header-display":"","ast-hfb-mobile-header-display":"","site-post-title":"","ast-breadcrumbs-content":"","ast-featured-img":"","footer-sml-layout":"","ast-disable-related-posts":"","theme-transparent-header-meta":"","adv-header-id-meta":"","stick-header-meta":"","header-above-stick-meta":"","header-main-stick-meta":"","header-below-stick-meta":"","astra-migrate-meta-layouts":"default","ast-page-background-enabled":"default","ast-page-background-meta":{"desktop":{"background-color":"var(--ast-global-color-4)","background-image":"","background-repeat":"repeat","background-position":"center center","background-size":"auto","background-attachment":"scroll","background-type":"","background-media":"","overlay-type":"","overlay-color":"","overlay-opacity":"","overlay-gradient":""},"tablet":{"background-color":"","background-image":"","background-repeat":"repeat","background-position":"center center","background-size":"auto","background-attachment":"scroll","background-type":"","background-media":"","overlay-type":"","overlay-color":"","overlay-opacity":"","overlay-gradient":""},"mobile":{"background-color":"","background-image":"","background-repeat":"repeat","background-position":"center center","background-size":"auto","background-attachment":"scroll","background-type":"","background-media":"","overlay-type":"","overlay-color":"","overlay-opacity":"","overlay-gradient":""}},"ast-content-background-meta":{"desktop":{"background-color":"var(--ast-global-color-5)","background-image":"","background-repeat":"repeat","background-position":"center center","background-size":"auto","background-attachment":"scroll","background-type":"","background-media":"","overlay-type":"","overlay-color":"","overlay-opacity":"","overlay-gradient":""},"tablet":{"background-color":"var(--ast-global-color-5)","background-image":"","background-repeat":"repeat","background-position":"center center","background-size":"auto","background-attachment":"scroll","background-type":"","background-media":"","overlay-type":"","overlay-color":"","overlay-opacity":"","overlay-gradient":""},"mobile":{"background-color":"var(--ast-global-color-5)","background-image":"","background-repeat":"repeat","background-position":"center center","background-size":"auto","background-attachment":"scroll","background-type":"","background-media":"","overlay-type":"","overlay-color":"","overlay-opacity":"","overlay-gradient":""}},"footnotes":""},"class_list":["post-146825","page","type-page","status-publish","has-post-thumbnail","hentry"],"_links":{"self":[{"href":"https:\/\/medclinics.com\/es\/wp-json\/wp\/v2\/pages\/146825","targetHints":{"allow":["GET"]}}],"collection":[{"href":"https:\/\/medclinics.com\/es\/wp-json\/wp\/v2\/pages"}],"about":[{"href":"https:\/\/medclinics.com\/es\/wp-json\/wp\/v2\/types\/page"}],"author":[{"embeddable":true,"href":"https:\/\/medclinics.com\/es\/wp-json\/wp\/v2\/users\/4"}],"replies":[{"embeddable":true,"href":"https:\/\/medclinics.com\/es\/wp-json\/wp\/v2\/comments?post=146825"}],"version-history":[{"count":0,"href":"https:\/\/medclinics.com\/es\/wp-json\/wp\/v2\/pages\/146825\/revisions"}],"wp:featuredmedia":[{"embeddable":true,"href":"https:\/\/medclinics.com\/es\/wp-json\/wp\/v2\/media\/91905"}],"wp:attachment":[{"href":"https:\/\/medclinics.com\/es\/wp-json\/wp\/v2\/media?parent=146825"}],"curies":[{"name":"wp","href":"https:\/\/api.w.org\/{rel}","templated":true}]}}