{"id":146815,"date":"2023-05-25T12:05:20","date_gmt":"2023-05-25T09:05:20","guid":{"rendered":"https:\/\/medclinics.com\/chequeo-completo-para-mujeres-mayores-de-40-anos\/"},"modified":"2024-12-30T19:22:58","modified_gmt":"2024-12-30T16:22:58","slug":"chequeo-completo-para-mujeres-mayores-de-40-anos","status":"publish","type":"page","link":"https:\/\/medclinics.com\/es\/chequeo-completo-para-mujeres-mayores-de-40-anos\/","title":{"rendered":"Chequeo completo para mujeres mayores de 40 a\u00f1os"},"content":{"rendered":"\n<h2 class=\"wp-block-heading\">Si busca una forma de realizar los mayores ex\u00e1menes de salud, los tratamientos de chequeo pueden ser la soluci\u00f3n perfecta.<\/h2>\n\n<p><br\/>El chequeo m\u00e9dico peri\u00f3dico de las mujeres mayores de 40 a\u00f1os es crucial para dar prioridad a su salud y bienestar. Estas revisiones suelen incluir evaluaciones exhaustivas de diversos aspectos de su salud f\u00edsica y reproductiva.  <\/p>\n\n<p>Durante estas exploraciones, los profesionales sanitarios pueden realizar ex\u00e1menes f\u00edsicos exhaustivos, que incluyen la medici\u00f3n de las constantes vitales, la evaluaci\u00f3n del peso y la estatura, y la valoraci\u00f3n de la salud mamaria y p\u00e9lvica.<\/p>\n\n<p>Adem\u00e1s, pueden recomendar pruebas como mamograf\u00edas para detectar anomal\u00edas mamarias y citolog\u00edas para detectar el c\u00e1ncer de cuello uterino. Tambi\u00e9n pueden recomendarse an\u00e1lisis de sangre para evaluar los niveles de colesterol, az\u00facar en sangre y hormonas.  <\/p>\n\n<p>Estas revisiones rutinarias brindan la oportunidad de comentar cualquier preocupaci\u00f3n, los s\u00edntomas de la menopausia, los cambios hormonales y los problemas de salud relacionados con la edad.  <\/p>\n\n<p>Mantener una <a href=\"https:\/\/en.wikipedia.org\/wiki\/Check-Up\" target=\"_blank\" rel=\"noopener\">actitud<\/a> proactiva y programar revisiones m\u00e9dicas peri\u00f3dicas para las mujeres mayores de 40 a\u00f1os son pasos importantes para la detecci\u00f3n precoz, la prevenci\u00f3n y el mantenimiento de la salud en general.<\/p>\n\n<figure class=\"wp-block-image size-full\"><img fetchpriority=\"high\" decoding=\"async\" width=\"960\" height=\"540\" src=\"https:\/\/medclinics.com\/wp-content\/uploads\/2023\/07\/comprehensive-check-up-for-women-over-40-near-me-1.jpg\" alt=\"Chequeo integral para mujeres mayores de 40 a&#xF1;os cerca de m&#xED; en Turqu&#xED;a\" class=\"wp-image-97545\" srcset=\"https:\/\/medclinics.com\/wp-content\/uploads\/2023\/07\/comprehensive-check-up-for-women-over-40-near-me-1.jpg 960w, https:\/\/medclinics.com\/wp-content\/uploads\/2023\/07\/comprehensive-check-up-for-women-over-40-near-me-1-500x281.jpg 500w, https:\/\/medclinics.com\/wp-content\/uploads\/2023\/07\/comprehensive-check-up-for-women-over-40-near-me-1-768x432.jpg 768w, https:\/\/medclinics.com\/wp-content\/uploads\/2023\/07\/comprehensive-check-up-for-women-over-40-near-me-1-24x14.jpg 24w, https:\/\/medclinics.com\/wp-content\/uploads\/2023\/07\/comprehensive-check-up-for-women-over-40-near-me-1-36x20.jpg 36w, https:\/\/medclinics.com\/wp-content\/uploads\/2023\/07\/comprehensive-check-up-for-women-over-40-near-me-1-48x27.jpg 48w\" sizes=\"(max-width: 960px) 100vw, 960px\" \/><\/figure>\n\n<p><strong>Chequeo para mujeres de m\u00e1s de 40 paquetes:<\/strong><\/p>\n\n<div class=\"wp-block-columns is-layout-flex wp-container-core-columns-is-layout-28f84493 wp-block-columns-is-layout-flex\">\n<div class=\"wp-block-column is-layout-flow wp-block-column-is-layout-flow\">\n<p><strong>EX\u00c1MENES<\/strong><\/p>\n\n\n\n<ul class=\"wp-block-list\">\n<li>Examen de control<\/li>\n\n\n\n<li>Examen ORL<\/li>\n\n\n\n<li>Examen ginecol\u00f3gico<\/li>\n\n\n\n<li>Examen ocular<\/li>\n\n\n\n<li>Examen dermatol\u00f3gico<\/li>\n\n\n\n<li>Examen cardiol\u00f3gico<\/li>\n<\/ul>\n\n\n\n<p><strong>SERVICIOS DENTALES<\/strong><\/p>\n\n\n\n<ul class=\"wp-block-list\">\n<li>Revisi\u00f3n odontol\u00f3gica<\/li>\n\n\n\n<li>Pel\u00edcula panor\u00e1mica<\/li>\n\n\n\n<li>Eliminaci\u00f3n del sarro (mand\u00edbula \u00fanica)<\/li>\n<\/ul>\n\n\n\n<p><strong>EX\u00c1MENES CARDIOL\u00d3GICOS<\/strong><\/p>\n\n\n\n<ul class=\"wp-block-list\">\n<li>ECG con esfuerzo<\/li>\n\n\n\n<li>ECG<\/li>\n\n\n\n<li>Ecocardiograf\u00eda (modo Doppler+Color+M+B)<\/li>\n\n\n\n<li>Holter de tensi\u00f3n (24 horas)<\/li>\n<\/ul>\n\n\n\n<p><strong>EX\u00c1MENES RADIOL\u00d3GICOS<\/strong><\/p>\n\n\n\n<ul class=\"wp-block-list\">\n<li>TAC card\u00edaco &#8211; Calcificaci\u00f3n<\/li>\n\n\n\n<li>TAC tor\u00e1cico (con fines de cribado \/ dosis baja)<\/li>\n\n\n\n<li>Ultrasonograf\u00eda tiroidea<\/li>\n\n\n\n<li>Ecograf\u00eda abdominal completa<\/li>\n\n\n\n<li>Ecograf\u00eda mamaria (dos caras)<\/li>\n\n\n\n<li>Carotis Bilateral Doppler Color USG<\/li>\n\n\n\n<li>Mamograf\u00eda (bilateral)<\/li>\n\n\n\n<li>Densitometr\u00eda \u00f3sea (f\u00e9mur)Densitometr\u00eda \u00f3sea (f\u00e9mur)<\/li>\n\n\n\n<li>Densitometr\u00eda \u00f3sea (AP lumbar)<\/li>\n\n\n\n<li>Cerebro (cr\u00e1neo) RM (1,5 T)<\/li>\n\n\n\n<li>Angiograf\u00eda por IRM (intracraneal) (3,0 T)<\/li>\n<\/ul>\n\n\n\n<p><strong>EX\u00c1MENES DE NEUROLOG\u00cdA<\/strong><\/p>\n\n\n\n<ul class=\"wp-block-list\">\n<li>Polisomnograf\u00eda del sue\u00f1o<\/li>\n\n\n\n<li>EX\u00c1MENES DE AUDIOLOG\u00cdA<\/li>\n\n\n\n<li>Audio y timpanometr\u00eda<\/li>\n\n\n\n<li>Audiometr\u00eda de tonos puros<\/li>\n<\/ul>\n\n\n\n<p><strong>PRUEBAS DE TRATAMIENTO RESPIRATORIO<\/strong><\/p>\n\n\n\n<ul class=\"wp-block-list\">\n<li>Prueba de funci\u00f3n respiratoria<\/li>\n<\/ul>\n\n\n\n<p><strong>INICIATIVAS<\/strong><\/p>\n\n\n\n<ul class=\"wp-block-list\">\n<li>Dermatoscopia<\/li>\n<\/ul>\n\n\n\n<p><strong>APLICACIONES ENDOSC\u00d3PICAS<\/strong><\/p>\n\n\n\n<ul class=\"wp-block-list\">\n<li>Esofagoscopia, gastroscopia, duodenoscopia + biopsia<\/li>\n\n\n\n<li>Colonoscopia + biopsia<\/li>\n\n\n\n<li>Polipectom\u00eda colonosc\u00f3pica (por cada p\u00f3lipo hasta 2 p\u00f3lipos)<\/li>\n<\/ul>\n\n\n\n<p><strong>EX\u00c1MENES DE ANESTESIA<\/strong><\/p>\n\n\n\n<ul class=\"wp-block-list\">\n<li>Sedaci\u00f3n y anestesia local  <\/li>\n<\/ul>\n\n\n\n<p><strong>EX\u00c1MENES PATOL\u00d3GICOS<\/strong><\/p>\n\n\n\n<ul class=\"wp-block-list\">\n<li>Citopatolog\u00eda, preparaci\u00f3n fina<\/li>\n\n\n\n<li>Est\u00f3mago, biopsia<\/li>\n\n\n\n<li>Columna, biopsia<\/li>\n<\/ul>\n<\/div>\n\n\n\n<div class=\"wp-block-column is-layout-flow wp-block-column-is-layout-flow\">\n<p><strong>EX\u00c1MENES DE LABORATORIO<\/strong><\/p>\n\n\n\n<ul class=\"wp-block-list\">\n<li>Alfa-fetoprote\u00edna (AFP)<\/li>\n\n\n\n<li>Fosfatasa alcalina (ALP)<\/li>\n\n\n\n<li>Alanina aminotransferasa (ALT)<\/li>\n\n\n\n<li>Aspartato Aminotransferasa (AST)<\/li>\n\n\n\n<li>Amilasa<\/li>\n\n\n\n<li>Zinc (Zn)<\/li>\n\n\n\n<li>Hierro<\/li>\n\n\n\n<li>Capacidad de fijaci\u00f3n del hierro<\/li>\n\n\n\n<li>Ferritina<\/li>\n\n\n\n<li>\u00c1cido f\u00f3lico<\/li>\n\n\n\n<li>Sangre oculta en heces<\/li>\n\n\n\n<li>Gamma Glutamil Transferasa (GGT)<\/li>\n\n\n\n<li>Glucosa en ayunas<\/li>\n\n\n\n<li>Hemoglobina A1c (HbA1c)<\/li>\n\n\n\n<li>Homociste\u00edna<\/li>\n\n\n\n<li>Calcio (Ca)<\/li>\n\n\n\n<li>Cloruro (Cl)<\/li>\n\n\n\n<li>Colesterol, HDL<\/li>\n\n\n\n<li>Colesterol, LDL (Directo)<\/li>\n\n\n\n<li>Colesterol total<\/li>\n\n\n\n<li>Colesterol, VLDL<\/li>\n\n\n\n<li>Creatinina, suero<\/li>\n\n\n\n<li>Lactato deshidrogenasa (LDH)<\/li>\n\n\n\n<li>Lipasa<\/li>\n\n\n\n<li>Lipoprote\u00edna (a) (Lp(a))<\/li>\n\n\n\n<li>Magnesio (Mg)<\/li>\n\n\n\n<li>Potasio (K)<\/li>\n\n\n\n<li>Prote\u00edna total<\/li>\n\n\n\n<li>Sodio (Na)<\/li>\n\n\n\n<li>An\u00e1lisis de orina<\/li>\n\n\n\n<li>Triglic\u00e9ridos<\/li>\n\n\n\n<li>Nitr\u00f3geno ureico en sangre (BUN)<\/li>\n\n\n\n<li>\u00c1cido \u00farico<\/li>\n\n\n\n<li>Vitamina B12<\/li>\n\n\n\n<li>Vitamina D, 25-hidroxi<\/li>\n\n\n\n<li>aPTT<\/li>\n\n\n\n<li>Recuento sangu\u00edneo total (panel ampliado)<\/li>\n\n\n\n<li>Prolactina (PRL)<\/li>\n\n\n\n<li>Hormona estimulante del tiroides (TSH)<\/li>\n\n\n\n<li>Tiroxina libre (FT4)<\/li>\n\n\n\n<li>Triyodotironina, libre (FT3)<\/li>\n\n\n\n<li>CA 125<\/li>\n\n\n\n<li>CA 15-3<\/li>\n\n\n\n<li>CA 19-9<\/li>\n\n\n\n<li>Cultura, Garganta<\/li>\n\n\n\n<li>Par\u00e1sitos, Heces<\/li>\n\n\n\n<li>Cultivo, Orina<\/li>\n\n\n\n<li>Prueba del ant\u00edgeno del SRAS-CoV-2 (prueba r\u00e1pida)<\/li>\n\n\n\n<li>Anticuerpo IgG contra el SARS-CoV-2, cuantitativo<\/li>\n\n\n\n<li>Ant\u00edgeno de la hepatitis B s (HBsAg)<\/li>\n\n\n\n<li>Anticuerpo de la hepatitis B s (anti-HBs)<\/li>\n\n\n\n<li>Anticuerpo de la hepatitis C (anti-VHC)<\/li>\n\n\n\n<li>Anticuerpo VIH (1-2) + Ant\u00edgeno p24<\/li>\n<\/ul>\n<\/div>\n<\/div>\n\n<h2 class=\"wp-block-heading\">Todo lo que necesita saber sobre <a href=\"https:\/\/medclinics.com\/check-up\/\" target=\"_blank\" rel=\"noreferrer noopener\">revisiones m\u00e9dicas<\/a> est\u00e1 aqu\u00ed, <a href=\"https:\/\/medclinics.com\/wp-admin\/post.php?post=90485&amp;action=edit#requestform\">\u00a1cont\u00e1ctenos<\/a>!<\/h2>\n\n<h2 class=\"wp-block-heading\">PREGUNTAS FRECUENTES  <\/h2>\n<div id=\"rank-math-faq\" class=\"rank-math-block\">\n<div class=\"rank-math-list \">\n<div id=\"faq-question-1685015425845\" class=\"rank-math-list-item\">\n<h3 class=\"rank-math-question \">\u00bfA qu\u00e9 edad deben someterse las mujeres a una revisi\u00f3n?<\/h3>\n<div class=\"rank-math-answer \">\n\n<p>Las mujeres deben empezar a someterse a revisiones y ex\u00e1menes peri\u00f3dicos a partir de la adolescencia para mantener su salud. Alrededor de los 21 a\u00f1os, se recomienda que las mujeres empiecen a hacerse citolog\u00edas para detectar el c\u00e1ncer de cuello uterino. Las autoexploraciones mamarias pueden iniciarse al final de la adolescencia o al principio de la veintena para fomentar la concienciaci\u00f3n sobre la salud de las mamas, mientras que las mamograf\u00edas rutinarias suelen comenzar entre los 40 y los 50 a\u00f1os, dependiendo de las directrices y de los factores de riesgo individuales. Las mediciones de la tensi\u00f3n arterial deben realizarse con regularidad desde la adolescencia para vigilar la hipertensi\u00f3n. Las revisiones del colesterol suelen comenzar en torno a los 20 a\u00f1os y se repiten cada cuatro o seis a\u00f1os. Las pruebas de densidad \u00f3sea suelen recomendarse en torno a los 65 a\u00f1os, y los an\u00e1lisis de glucosa en sangre para detectar diabetes o prediabetes suelen comenzar a los 45 a\u00f1os.<\/p>\n\n<\/div>\n<\/div>\n<div id=\"faq-question-1685015427304\" class=\"rank-math-list-item\">\n<h3 class=\"rank-math-question \">\u00bfCon qu\u00e9 frecuencia debe hacerse una citolog\u00eda vaginal una mujer mayor de 60 a\u00f1os?<\/h3>\n<div class=\"rank-math-answer \">\n\n<p>Para las mujeres mayores de 60 a\u00f1os, la frecuencia de las citolog\u00edas puede variar en funci\u00f3n de las circunstancias individuales. Por lo general, si una mujer tiene un historial de citolog\u00edas vaginales peri\u00f3dicas con resultados normales y sin anomal\u00edas significativas, puede dejar de someterse a las revisiones rutinarias a partir de los 65 a\u00f1os. Sin embargo, las mujeres con factores de riesgo espec\u00edficos o antecedentes de determinadas afecciones pueden necesitar un cribado continuado. Es importante que las mujeres consulten con su profesional sanitario para determinar la frecuencia adecuada de las citolog\u00edas en funci\u00f3n de su situaci\u00f3n particular.<\/p>\n\n<\/div>\n<\/div>\n<div id=\"faq-question-1685015428971\" class=\"rank-math-list-item\">\n<h3 class=\"rank-math-question \">\u00bfQu\u00e9 pruebas son importantes para las mujeres?<\/h3>\n<div class=\"rank-math-answer \">\n\n<p>Las pruebas m\u00e9dicas peri\u00f3dicas son cruciales para que las mujeres garanticen su bienestar general y detecten posibles problemas de salud en una fase temprana. Algunas pruebas importantes que se recomiendan a las mujeres son las citolog\u00edas vaginales, que detectan el c\u00e1ncer de cuello uterino examinando las c\u00e9lulas del cuello del \u00fatero en busca de anomal\u00edas. Las mamograf\u00edas son esenciales para detectar precozmente el c\u00e1ncer de mama y suelen recomendarse a partir de los 40 a\u00f1os o seg\u00fan directrices espec\u00edficas. Las mediciones peri\u00f3dicas de la tensi\u00f3n arterial ayudan a evaluar el riesgo de hipertensi\u00f3n y las complicaciones relacionadas, como las cardiopat\u00edas y los accidentes cerebrovasculares. Las revisiones de colesterol cada cuatro o seis a\u00f1os proporcionan informaci\u00f3n sobre la salud cardiovascular. Las pruebas de densidad \u00f3sea, que suelen realizarse en torno a los 65 a\u00f1os, ayudan a diagnosticar la osteoporosis y a evaluar los riesgos de fractura. Los an\u00e1lisis de glucosa en sangre detectan la diabetes o la prediabetes, normalmente a partir de los 45 a\u00f1os o antes con factores de riesgo espec\u00edficos.<\/p>\n\n<\/div>\n<\/div>\n<\/div>\n<\/div>\n<p><\/p>\n\n<h3 class=\"wp-block-heading\">P\u00f3ngase en contacto con nosotros si tiene alguna pregunta.<\/h3>\n","protected":false},"excerpt":{"rendered":"<p>Si busca una forma de realizar los mayores ex\u00e1menes de salud, los tratamientos de chequeo pueden ser la soluci\u00f3n perfecta. [&hellip;]<\/p>\n","protected":false},"author":4,"featured_media":91936,"parent":0,"menu_order":0,"comment_status":"closed","ping_status":"closed","template":"","meta":{"site-sidebar-layout":"default","site-content-layout":"","ast-site-content-layout":"default","site-content-style":"default","site-sidebar-style":"default","ast-global-header-display":"","ast-banner-title-visibility":"","ast-main-header-display":"","ast-hfb-above-header-display":"","ast-hfb-below-header-display":"","ast-hfb-mobile-header-display":"","site-post-title":"","ast-breadcrumbs-content":"","ast-featured-img":"","footer-sml-layout":"","ast-disable-related-posts":"","theme-transparent-header-meta":"","adv-header-id-meta":"","stick-header-meta":"","header-above-stick-meta":"","header-main-stick-meta":"","header-below-stick-meta":"","astra-migrate-meta-layouts":"default","ast-page-background-enabled":"default","ast-page-background-meta":{"desktop":{"background-color":"var(--ast-global-color-4)","background-image":"","background-repeat":"repeat","background-position":"center center","background-size":"auto","background-attachment":"scroll","background-type":"","background-media":"","overlay-type":"","overlay-color":"","overlay-opacity":"","overlay-gradient":""},"tablet":{"background-color":"","background-image":"","background-repeat":"repeat","background-position":"center center","background-size":"auto","background-attachment":"scroll","background-type":"","background-media":"","overlay-type":"","overlay-color":"","overlay-opacity":"","overlay-gradient":""},"mobile":{"background-color":"","background-image":"","background-repeat":"repeat","background-position":"center center","background-size":"auto","background-attachment":"scroll","background-type":"","background-media":"","overlay-type":"","overlay-color":"","overlay-opacity":"","overlay-gradient":""}},"ast-content-background-meta":{"desktop":{"background-color":"var(--ast-global-color-5)","background-image":"","background-repeat":"repeat","background-position":"center center","background-size":"auto","background-attachment":"scroll","background-type":"","background-media":"","overlay-type":"","overlay-color":"","overlay-opacity":"","overlay-gradient":""},"tablet":{"background-color":"var(--ast-global-color-5)","background-image":"","background-repeat":"repeat","background-position":"center center","background-size":"auto","background-attachment":"scroll","background-type":"","background-media":"","overlay-type":"","overlay-color":"","overlay-opacity":"","overlay-gradient":""},"mobile":{"background-color":"var(--ast-global-color-5)","background-image":"","background-repeat":"repeat","background-position":"center center","background-size":"auto","background-attachment":"scroll","background-type":"","background-media":"","overlay-type":"","overlay-color":"","overlay-opacity":"","overlay-gradient":""}},"footnotes":""},"class_list":["post-146815","page","type-page","status-publish","has-post-thumbnail","hentry"],"_links":{"self":[{"href":"https:\/\/medclinics.com\/es\/wp-json\/wp\/v2\/pages\/146815","targetHints":{"allow":["GET"]}}],"collection":[{"href":"https:\/\/medclinics.com\/es\/wp-json\/wp\/v2\/pages"}],"about":[{"href":"https:\/\/medclinics.com\/es\/wp-json\/wp\/v2\/types\/page"}],"author":[{"embeddable":true,"href":"https:\/\/medclinics.com\/es\/wp-json\/wp\/v2\/users\/4"}],"replies":[{"embeddable":true,"href":"https:\/\/medclinics.com\/es\/wp-json\/wp\/v2\/comments?post=146815"}],"version-history":[{"count":0,"href":"https:\/\/medclinics.com\/es\/wp-json\/wp\/v2\/pages\/146815\/revisions"}],"wp:featuredmedia":[{"embeddable":true,"href":"https:\/\/medclinics.com\/es\/wp-json\/wp\/v2\/media\/91936"}],"wp:attachment":[{"href":"https:\/\/medclinics.com\/es\/wp-json\/wp\/v2\/media?parent=146815"}],"curies":[{"name":"wp","href":"https:\/\/api.w.org\/{rel}","templated":true}]}}