{"id":146803,"date":"2023-05-25T11:41:36","date_gmt":"2023-05-25T08:41:36","guid":{"rendered":"https:\/\/medclinics.com\/chequeo-completo-para-mujeres-menores-de-40-anos\/"},"modified":"2024-12-30T19:22:58","modified_gmt":"2024-12-30T16:22:58","slug":"chequeo-completo-para-mujeres-menores-de-40-anos","status":"publish","type":"page","link":"https:\/\/medclinics.com\/es\/chequeo-completo-para-mujeres-menores-de-40-anos\/","title":{"rendered":"Chequeo completo para mujeres menores de 40 a\u00f1os"},"content":{"rendered":"\n<h2 class=\"wp-block-heading\">Los tratamientos de chequeo pueden ser la opci\u00f3n ideal si lo que busca es la mejor revisi\u00f3n m\u00e9dica.<\/h2>\n\n<p>Las revisiones m\u00e9dicas peri\u00f3dicas son importantes para mantener una buena salud y prevenir futuros problemas de salud. Para la revisi\u00f3n de las mujeres menores de 40 a\u00f1os, se recomienda acudir al m\u00e9dico de atenci\u00f3n primaria o al ginec\u00f3logo al menos una vez al a\u00f1o.<\/p>\n\n<p>Durante el chequeo, el profesional sanitario llevar\u00e1 a cabo una exploraci\u00f3n f\u00edsica, medir\u00e1 las constantes vitales y realizar\u00e1 un examen mamario. Adem\u00e1s, el profesional sanitario puede solicitar an\u00e1lisis de sangre, una citolog\u00eda vaginal u otras pruebas en funci\u00f3n del historial m\u00e9dico individual y de los factores de riesgo.<\/p>\n\n<p>Las mujeres tambi\u00e9n deben informar a su proveedor de atenci\u00f3n sanitaria sobre cualquier cambio en su salud o en sus antecedentes m\u00e9dicos familiares, ya que puede ayudar al diagn\u00f3stico precoz y al tratamiento oportuno de cualquier problema de salud.<\/p>\n\n<p>Tomando medidas proactivas para someterse a revisiones <a href=\"https:\/\/en.wikipedia.org\/wiki\/Check-Up\" target=\"_blank\" rel=\"noopener\">m\u00e9dicas<\/a> peri\u00f3dicas, las mujeres menores de 40 a\u00f1os pueden asegurarse de que se mantienen sanas y conservan su bienestar en los a\u00f1os venideros.<\/p>\n\n<figure class=\"wp-block-image size-full\"><img fetchpriority=\"high\" decoding=\"async\" width=\"960\" height=\"540\" src=\"https:\/\/medclinics.com\/wp-content\/uploads\/2023\/07\/comprehensive-check-up-for-women-under-40-near-me.jpg\" alt=\"Chequeo integral para mujeres menores de 40 a&#xF1;os cerca de m&#xED; en Turqu&#xED;a\" class=\"wp-image-97505\" srcset=\"https:\/\/medclinics.com\/wp-content\/uploads\/2023\/07\/comprehensive-check-up-for-women-under-40-near-me.jpg 960w, https:\/\/medclinics.com\/wp-content\/uploads\/2023\/07\/comprehensive-check-up-for-women-under-40-near-me-500x281.jpg 500w, https:\/\/medclinics.com\/wp-content\/uploads\/2023\/07\/comprehensive-check-up-for-women-under-40-near-me-768x432.jpg 768w, https:\/\/medclinics.com\/wp-content\/uploads\/2023\/07\/comprehensive-check-up-for-women-under-40-near-me-24x14.jpg 24w, https:\/\/medclinics.com\/wp-content\/uploads\/2023\/07\/comprehensive-check-up-for-women-under-40-near-me-36x20.jpg 36w, https:\/\/medclinics.com\/wp-content\/uploads\/2023\/07\/comprehensive-check-up-for-women-under-40-near-me-48x27.jpg 48w\" sizes=\"(max-width: 960px) 100vw, 960px\" \/><\/figure>\n\n<p><strong>Paquetes de chequeo para mujeres menores de 40 a\u00f1os:<\/strong><\/p>\n\n<div class=\"wp-block-columns is-layout-flex wp-container-core-columns-is-layout-28f84493 wp-block-columns-is-layout-flex\">\n<div class=\"wp-block-column is-layout-flow wp-block-column-is-layout-flow\">\n<p><strong>EX\u00c1MENES<\/strong><\/p>\n\n\n\n<ul class=\"wp-block-list\">\n<li>Examen de control<\/li>\n\n\n\n<li>Examen ORL<\/li>\n\n\n\n<li>Examen ginecol\u00f3gico<\/li>\n\n\n\n<li>Examen ocular<\/li>\n\n\n\n<li>Examen dermatol\u00f3gico<\/li>\n\n\n\n<li>Examen cardiol\u00f3gico<\/li>\n<\/ul>\n\n\n\n<p><strong>SERVICIOS DENTALES<\/strong><\/p>\n\n\n\n<ul class=\"wp-block-list\">\n<li>Revisi\u00f3n odontol\u00f3gica<\/li>\n\n\n\n<li>Pel\u00edcula panor\u00e1mica<\/li>\n\n\n\n<li>Eliminaci\u00f3n del sarro (mand\u00edbula \u00fanica)<\/li>\n<\/ul>\n\n\n\n<p><strong>EX\u00c1MENES CARDIOL\u00d3GICOS<\/strong><\/p>\n\n\n\n<ul class=\"wp-block-list\">\n<li>ECG<\/li>\n\n\n\n<li>Ecocardiograf\u00eda (modo Doppler+Color+M+B)<\/li>\n\n\n\n<li>Holter de tensi\u00f3n (24 horas)<\/li>\n<\/ul>\n\n\n\n<p><strong>EX\u00c1MENES RADIOL\u00d3GICOS<\/strong><\/p>\n\n\n\n<ul class=\"wp-block-list\">\n<li>TAC card\u00edaco &#8211; Calcificaci\u00f3n<\/li>\n\n\n\n<li>TAC tor\u00e1cico (con fines de cribado \/ dosis baja)<\/li>\n\n\n\n<li>Ultrasonograf\u00eda tiroidea<\/li>\n\n\n\n<li>Ecograf\u00eda abdominal completa<\/li>\n\n\n\n<li>Ecograf\u00eda mamaria (dos caras)<\/li>\n\n\n\n<li>Carotis Bilateral Doppler Color USG<\/li>\n\n\n\n<li>Densitometr\u00eda \u00f3sea (f\u00e9mur)Densitometr\u00eda \u00f3sea (f\u00e9mur)<\/li>\n\n\n\n<li>Densitometr\u00eda \u00f3sea (AP lumbar)<\/li>\n\n\n\n<li>Cerebro (cr\u00e1neo) RM (1,5 T)<\/li>\n\n\n\n<li>Angiograf\u00eda por IRM (intracraneal) (3,0 T)<\/li>\n<\/ul>\n\n\n\n<p><strong>EX\u00c1MENES DE NEUROLOG\u00cdA<\/strong><\/p>\n\n\n\n<ul class=\"wp-block-list\">\n<li>Polisomnograf\u00eda del sue\u00f1o<\/li>\n<\/ul>\n\n\n\n<p><strong>EX\u00c1MENES DE AUDIOLOG\u00cdA<\/strong><\/p>\n\n\n\n<ul class=\"wp-block-list\">\n<li>Audio y timpanometr\u00eda<\/li>\n\n\n\n<li>Audiometr\u00eda de tonos puros<\/li>\n<\/ul>\n\n\n\n<p><strong>PRUEBAS DE TRATAMIENTO RESPIRATORIO<\/strong><\/p>\n\n\n\n<ul class=\"wp-block-list\">\n<li>Prueba de funci\u00f3n respiratoria<\/li>\n<\/ul>\n\n\n\n<p><strong>INICIATIVAS<\/strong><\/p>\n\n\n\n<ul class=\"wp-block-list\">\n<li>Dermatoscopia<\/li>\n<\/ul>\n\n\n\n<p><strong>APLICACIONES ENDOSC\u00d3PICAS<\/strong><\/p>\n\n\n\n<ul class=\"wp-block-list\">\n<li>Esofagoscopia<\/li>\n\n\n\n<li>Gastroscopia<\/li>\n\n\n\n<li>Duodenoscopia<\/li>\n\n\n\n<li>Biopsia<\/li>\n<\/ul>\n\n\n\n<p><strong>EX\u00c1MENES DE ANESTESIA<\/strong><\/p>\n\n\n\n<ul class=\"wp-block-list\">\n<li>Sedaci\u00f3n y anestesia local  <\/li>\n<\/ul>\n\n\n\n<p><strong>EX\u00c1MENES PATOL\u00d3GICOS<\/strong><\/p>\n\n\n\n<ul class=\"wp-block-list\">\n<li>Citopatolog\u00eda, preparaci\u00f3n fina<\/li>\n\n\n\n<li>Est\u00f3mago, biopsia<\/li>\n<\/ul>\n<\/div>\n\n\n\n<div class=\"wp-block-column is-layout-flow wp-block-column-is-layout-flow\">\n<p><strong>EX\u00c1MENES DE LABORATORIO<\/strong><\/p>\n\n\n\n<ul class=\"wp-block-list\">\n<li>Alfa-fetoprote\u00edna (AFP)<\/li>\n\n\n\n<li>Fosfatasa alcalina (ALP)<\/li>\n\n\n\n<li>Alanina aminotransferasa (ALT)<\/li>\n\n\n\n<li>Aspartato Aminotransferasa (AST)<\/li>\n\n\n\n<li>Amilasa<\/li>\n\n\n\n<li>Zinc (Zn)<\/li>\n\n\n\n<li>Hierro<\/li>\n\n\n\n<li>Capacidad de fijaci\u00f3n del hierro<\/li>\n\n\n\n<li>Ferritina<\/li>\n\n\n\n<li>\u00c1cido f\u00f3lico<\/li>\n\n\n\n<li>Sangre oculta en heces<\/li>\n\n\n\n<li>Gamma Glutamil Transferasa (GGT)<\/li>\n\n\n\n<li>Glucosa en ayunas<\/li>\n\n\n\n<li>Hemoglobina A1c (HbA1c)<\/li>\n\n\n\n<li>Homociste\u00edna<\/li>\n\n\n\n<li>Calcio (Ca)<\/li>\n\n\n\n<li>Cloruro (Cl)<\/li>\n\n\n\n<li>Colesterol, HDL<\/li>\n\n\n\n<li>Colesterol, LDL (Directo)<\/li>\n\n\n\n<li>Colesterol total<\/li>\n\n\n\n<li>Colesterol, VLDL<\/li>\n\n\n\n<li>Creatinina, suero<\/li>\n\n\n\n<li>Lactato deshidrogenasa (LDH)<\/li>\n\n\n\n<li>Lipasa<\/li>\n\n\n\n<li>Lipoprote\u00edna (a) (Lp(a))<\/li>\n\n\n\n<li>Magnesio (Mg)<\/li>\n\n\n\n<li>Potasio (K)<\/li>\n\n\n\n<li>Prote\u00edna total<\/li>\n\n\n\n<li>Sodio (Na)<\/li>\n\n\n\n<li>An\u00e1lisis de orina<\/li>\n\n\n\n<li>Triglic\u00e9ridos<\/li>\n\n\n\n<li>Nitr\u00f3geno ureico en sangre (BUN)<\/li>\n\n\n\n<li>\u00c1cido \u00farico<\/li>\n\n\n\n<li>Vitamina B12<\/li>\n\n\n\n<li>Vitamina D, 25-hidroxi<\/li>\n\n\n\n<li>aPTT<\/li>\n\n\n\n<li>Recuento sangu\u00edneo total (panel ampliado)<\/li>\n\n\n\n<li>Prolactina (PRL)<\/li>\n\n\n\n<li>Hormona estimulante del tiroides (TSH)<\/li>\n\n\n\n<li>Tiroxina libre (FT4)<\/li>\n\n\n\n<li>Triyodotironina, libre (FT3)<\/li>\n\n\n\n<li>CA 125<\/li>\n\n\n\n<li>CA 15-3<\/li>\n\n\n\n<li>CA 19-9<\/li>\n\n\n\n<li>Cultura, Garganta<\/li>\n\n\n\n<li>Par\u00e1sitos, Heces<\/li>\n\n\n\n<li>Cultivo, Orina<\/li>\n\n\n\n<li>Prueba del ant\u00edgeno del SRAS-CoV-2 (prueba r\u00e1pida)<\/li>\n\n\n\n<li>Anticuerpo IgG contra el SARS-CoV-2, cuantitativo<\/li>\n\n\n\n<li>Ant\u00edgeno de la hepatitis B s (HBsAg)<\/li>\n\n\n\n<li>Anticuerpo de la hepatitis B s (anti-HBs)<\/li>\n\n\n\n<li>Anticuerpo de la hepatitis C (anti-VHC)<\/li>\n\n\n\n<li>Anticuerpo VIH (1-2) + Ant\u00edgeno p24<\/li>\n<\/ul>\n<\/div>\n<\/div>\n\n<h3 class=\"wp-block-heading\">Todo lo que necesita saber sobre los <a href=\"https:\/\/medclinics.com\/check-up\/\" target=\"_blank\" rel=\"noreferrer noopener\">reconocimientos m\u00e9dicos<\/a>, incluido el precio, o <a href=\"#requestform\">p\u00f3ngase en contacto con nosotros<\/a>.<\/h3>\n\n<h2 class=\"wp-block-heading\">PREGUNTAS FRECUENTES<\/h2>\n<div id=\"rank-math-faq\" class=\"rank-math-block\">\n<div class=\"rank-math-list \">\n<div id=\"faq-question-1685014616676\" class=\"rank-math-list-item\">\n<h3 class=\"rank-math-question \">\u00bfA qu\u00e9 edad deben someterse las mujeres a una revisi\u00f3n?<\/h3>\n<div class=\"rank-math-answer \">\n\n<p>Las mujeres deben empezar a someterse a revisiones peri\u00f3dicas a partir del final de la adolescencia o principios de los 20 a\u00f1os. Se recomiendan revisiones anuales a las mujeres menores de 40 a\u00f1os, y la frecuencia de las revisiones puede aumentar en funci\u00f3n de los antecedentes de salud individuales y de los factores de riesgo. Es importante que las mujeres se sometan a revisiones peri\u00f3dicas con su m\u00e9dico de atenci\u00f3n primaria o ginec\u00f3logo a lo largo de sus a\u00f1os reproductivos para vigilar cualquier cambio en su salud, detectar signos precoces de enfermedad o dolencia y recibir la atenci\u00f3n preventiva adecuada. La detecci\u00f3n y el tratamiento precoces pueden ayudar a las mujeres a mantener su bienestar y prevenir futuras complicaciones de salud.<\/p>\n\n<\/div>\n<\/div>\n<div id=\"faq-question-1685014618758\" class=\"rank-math-list-item\">\n<h3 class=\"rank-math-question \">\u00bfCon qu\u00e9 frecuencia debe una mujer someterse a una revisi\u00f3n?<\/h3>\n<div class=\"rank-math-answer \">\n\n<p>Las mujeres deben someterse a una revisi\u00f3n una vez al a\u00f1o.<\/p>\n\n<\/div>\n<\/div>\n<div id=\"faq-question-1685014620028\" class=\"rank-math-list-item\">\n<h3 class=\"rank-math-question \">\u00bfQu\u00e9 pruebas son importantes para las mujeres?<\/h3>\n<div class=\"rank-math-answer \">\n\n<p>Hay varias pruebas importantes que las mujeres deber\u00edan plantearse hacerse a lo largo de su vida para garantizar su salud y bienestar general. Algunas de las pruebas clave que las mujeres deben tener en cuenta son: citolog\u00eda vaginal, exploraci\u00f3n mamaria, mamograf\u00eda, tensi\u00f3n arterial, colesterol, densidad \u00f3sea y colonoscopia.<\/p>\n\n<\/div>\n<\/div>\n<\/div>\n<\/div>\n<p>\u00a0<\/p>\n\n<h3 class=\"wp-block-heading\">P\u00f3ngase en contacto con nosotros si tiene alguna pregunta.<\/h3>\n","protected":false},"excerpt":{"rendered":"<p>Los tratamientos de chequeo pueden ser la opci\u00f3n ideal si lo que busca es la mejor revisi\u00f3n m\u00e9dica. Las revisiones [&hellip;]<\/p>\n","protected":false},"author":4,"featured_media":91952,"parent":0,"menu_order":0,"comment_status":"closed","ping_status":"closed","template":"","meta":{"site-sidebar-layout":"default","site-content-layout":"","ast-site-content-layout":"default","site-content-style":"default","site-sidebar-style":"default","ast-global-header-display":"","ast-banner-title-visibility":"","ast-main-header-display":"","ast-hfb-above-header-display":"","ast-hfb-below-header-display":"","ast-hfb-mobile-header-display":"","site-post-title":"","ast-breadcrumbs-content":"","ast-featured-img":"","footer-sml-layout":"","ast-disable-related-posts":"","theme-transparent-header-meta":"","adv-header-id-meta":"","stick-header-meta":"","header-above-stick-meta":"","header-main-stick-meta":"","header-below-stick-meta":"","astra-migrate-meta-layouts":"default","ast-page-background-enabled":"default","ast-page-background-meta":{"desktop":{"background-color":"var(--ast-global-color-4)","background-image":"","background-repeat":"repeat","background-position":"center center","background-size":"auto","background-attachment":"scroll","background-type":"","background-media":"","overlay-type":"","overlay-color":"","overlay-opacity":"","overlay-gradient":""},"tablet":{"background-color":"","background-image":"","background-repeat":"repeat","background-position":"center center","background-size":"auto","background-attachment":"scroll","background-type":"","background-media":"","overlay-type":"","overlay-color":"","overlay-opacity":"","overlay-gradient":""},"mobile":{"background-color":"","background-image":"","background-repeat":"repeat","background-position":"center center","background-size":"auto","background-attachment":"scroll","background-type":"","background-media":"","overlay-type":"","overlay-color":"","overlay-opacity":"","overlay-gradient":""}},"ast-content-background-meta":{"desktop":{"background-color":"var(--ast-global-color-5)","background-image":"","background-repeat":"repeat","background-position":"center center","background-size":"auto","background-attachment":"scroll","background-type":"","background-media":"","overlay-type":"","overlay-color":"","overlay-opacity":"","overlay-gradient":""},"tablet":{"background-color":"var(--ast-global-color-5)","background-image":"","background-repeat":"repeat","background-position":"center center","background-size":"auto","background-attachment":"scroll","background-type":"","background-media":"","overlay-type":"","overlay-color":"","overlay-opacity":"","overlay-gradient":""},"mobile":{"background-color":"var(--ast-global-color-5)","background-image":"","background-repeat":"repeat","background-position":"center center","background-size":"auto","background-attachment":"scroll","background-type":"","background-media":"","overlay-type":"","overlay-color":"","overlay-opacity":"","overlay-gradient":""}},"footnotes":""},"class_list":["post-146803","page","type-page","status-publish","has-post-thumbnail","hentry"],"_links":{"self":[{"href":"https:\/\/medclinics.com\/es\/wp-json\/wp\/v2\/pages\/146803","targetHints":{"allow":["GET"]}}],"collection":[{"href":"https:\/\/medclinics.com\/es\/wp-json\/wp\/v2\/pages"}],"about":[{"href":"https:\/\/medclinics.com\/es\/wp-json\/wp\/v2\/types\/page"}],"author":[{"embeddable":true,"href":"https:\/\/medclinics.com\/es\/wp-json\/wp\/v2\/users\/4"}],"replies":[{"embeddable":true,"href":"https:\/\/medclinics.com\/es\/wp-json\/wp\/v2\/comments?post=146803"}],"version-history":[{"count":0,"href":"https:\/\/medclinics.com\/es\/wp-json\/wp\/v2\/pages\/146803\/revisions"}],"wp:featuredmedia":[{"embeddable":true,"href":"https:\/\/medclinics.com\/es\/wp-json\/wp\/v2\/media\/91952"}],"wp:attachment":[{"href":"https:\/\/medclinics.com\/es\/wp-json\/wp\/v2\/media?parent=146803"}],"curies":[{"name":"wp","href":"https:\/\/api.w.org\/{rel}","templated":true}]}}