{"id":146791,"date":"2023-05-25T11:22:30","date_gmt":"2023-05-25T08:22:30","guid":{"rendered":"https:\/\/medclinics.com\/chequeo-completo-para-hombres-menores-de-40-anos\/"},"modified":"2024-12-30T19:22:50","modified_gmt":"2024-12-30T16:22:50","slug":"chequeo-completo-para-hombres-menores-de-40-anos","status":"publish","type":"page","link":"https:\/\/medclinics.com\/es\/chequeo-completo-para-hombres-menores-de-40-anos\/","title":{"rendered":"Chequeo completo para hombres menores de 40 a\u00f1os"},"content":{"rendered":"\n<h2 class=\"wp-block-heading\">Si busca el mejor chequeo m\u00e9dico y un camino hacia la confianza, Check-up Treatments puede ser la soluci\u00f3n perfecta.<\/h2>\n\n<p>Un chequeo m\u00e9dico para hombres menores de 40 a\u00f1os es un paso proactivo para dar prioridad a su salud y bienestar. Consiste en una evaluaci\u00f3n exhaustiva de su estado general de salud, centr\u00e1ndose en los factores pertinentes para su grupo de edad.<\/p>\n\n<p>Durante este chequeo, su proveedor de atenci\u00f3n sanitaria revisar\u00e1 su historial m\u00e9dico, le realizar\u00e1 un examen f\u00edsico y puede solicitar pruebas o ex\u00e1menes espec\u00edficos basados en su perfil de salud individual.<\/p>\n\n<p>Estas pruebas pueden incluir la medici\u00f3n de la tensi\u00f3n arterial, controles de los niveles de colesterol y az\u00facar en sangre, evaluaci\u00f3n del peso y del \u00edndice de masa corporal (IMC), as\u00ed como conversaciones sobre h\u00e1bitos de vida como el ejercicio, la dieta y la salud mental.<\/p>\n\n<p>El objetivo de este <a href=\"https:\/\/en.wikipedia.org\/wiki\/Check-Up\" target=\"_blank\" rel=\"noreferrer noopener\">chequeo<\/a> es evaluar su estado de salud actual, identificar posibles factores de riesgo y orientarle sobre medidas preventivas y opciones de estilo de vida saludable.<\/p>\n\n<p>Siendo proactivo y programando revisiones m\u00e9dicas peri\u00f3dicas, puede tomar el control de su salud y garantizar la detecci\u00f3n precoz de cualquier posible problema de salud, promoviendo una vida larga y satisfactoria. Recuerda, \u00a1nunca es demasiado pronto para dar prioridad a tu bienestar!<\/p>\n\n<figure class=\"wp-block-image size-full\"><img fetchpriority=\"high\" decoding=\"async\" width=\"960\" height=\"540\" src=\"https:\/\/medclinics.com\/wp-content\/uploads\/2023\/07\/comprehensive-check-up-for-men-under-40-near-me.jpg\" alt=\"Chequeo completo para hombres menores de 40 a&#xF1;os cerca de m&#xED; Turqu&#xED;a\" class=\"wp-image-97514\" srcset=\"https:\/\/medclinics.com\/wp-content\/uploads\/2023\/07\/comprehensive-check-up-for-men-under-40-near-me.jpg 960w, https:\/\/medclinics.com\/wp-content\/uploads\/2023\/07\/comprehensive-check-up-for-men-under-40-near-me-500x281.jpg 500w, https:\/\/medclinics.com\/wp-content\/uploads\/2023\/07\/comprehensive-check-up-for-men-under-40-near-me-768x432.jpg 768w, https:\/\/medclinics.com\/wp-content\/uploads\/2023\/07\/comprehensive-check-up-for-men-under-40-near-me-24x14.jpg 24w, https:\/\/medclinics.com\/wp-content\/uploads\/2023\/07\/comprehensive-check-up-for-men-under-40-near-me-36x20.jpg 36w, https:\/\/medclinics.com\/wp-content\/uploads\/2023\/07\/comprehensive-check-up-for-men-under-40-near-me-48x27.jpg 48w\" sizes=\"(max-width: 960px) 100vw, 960px\" \/><\/figure>\n\n<h4 class=\"wp-block-heading\"><strong>Chequeo para hombres menores de 40 a\u00f1os:<\/strong><\/h4>\n\n<div class=\"wp-block-columns is-layout-flex wp-container-core-columns-is-layout-28f84493 wp-block-columns-is-layout-flex\">\n<div class=\"wp-block-column is-layout-flow wp-block-column-is-layout-flow\">\n<p><strong>EX\u00c1MENES<\/strong><\/p>\n\n\n\n<ul class=\"wp-block-list\">\n<li>Examen de control<\/li>\n\n\n\n<li>Examen ORL<\/li>\n\n\n\n<li>Examen de urolog\u00eda<\/li>\n\n\n\n<li>Examen ocular<\/li>\n\n\n\n<li>Examen dermatol\u00f3gico<\/li>\n\n\n\n<li>Examen cardiol\u00f3gico<\/li>\n<\/ul>\n\n\n\n<p><strong>SERVICIOS DENTALES<\/strong><\/p>\n\n\n\n<ul class=\"wp-block-list\">\n<li>Revisi\u00f3n odontol\u00f3gica<\/li>\n\n\n\n<li>Pel\u00edcula panor\u00e1mica<\/li>\n\n\n\n<li>Eliminaci\u00f3n del sarro (mand\u00edbula \u00fanica)<\/li>\n<\/ul>\n\n\n\n<p><strong>EX\u00c1MENES CARDIOL\u00d3GICOS<\/strong><\/p>\n\n\n\n<ul class=\"wp-block-list\">\n<li>ECG<\/li>\n\n\n\n<li>Ecocardiograf\u00eda (modo Doppler+Color+M+B)<\/li>\n\n\n\n<li>Holter de tensi\u00f3n (24 horas)<\/li>\n<\/ul>\n\n\n\n<p><strong>EX\u00c1MENES RADIOL\u00d3GICOS<\/strong><\/p>\n\n\n\n<ul class=\"wp-block-list\">\n<li>TAC card\u00edaco &#8211; Calcificaci\u00f3n<\/li>\n\n\n\n<li>TAC tor\u00e1cico (con fines de cribado \/ dosis baja)<\/li>\n\n\n\n<li>Ultrasonograf\u00eda tiroidea<\/li>\n\n\n\n<li>Ecograf\u00eda abdominal completa<\/li>\n\n\n\n<li>Carotis Bilateral Doppler Color USG<\/li>\n\n\n\n<li>Densitometr\u00eda \u00f3sea (f\u00e9mur)Densitometr\u00eda \u00f3sea (f\u00e9mur)<\/li>\n\n\n\n<li>Densitometr\u00eda \u00f3sea (AP lumbar)<\/li>\n\n\n\n<li>Cerebro (cr\u00e1neo) RM (1,5 T)<\/li>\n\n\n\n<li>Angiograf\u00eda por IRM (intracraneal) (3,0 T)<\/li>\n<\/ul>\n\n\n\n<p><strong>EX\u00c1MENES DE NEUROLOG\u00cdA<\/strong><\/p>\n\n\n\n<ul class=\"wp-block-list\">\n<li>Polisomnograf\u00eda del sue\u00f1o<\/li>\n<\/ul>\n\n\n\n<p><strong>EX\u00c1MENES DE AUDIOLOG\u00cdA<\/strong><\/p>\n\n\n\n<ul class=\"wp-block-list\">\n<li>Audio y timpanometr\u00eda<\/li>\n\n\n\n<li>Audiometr\u00eda de tonos puros<\/li>\n<\/ul>\n\n\n\n<p><strong>PRUEBAS DE TRATAMIENTO RESPIRATORIO<\/strong><\/p>\n\n\n\n<ul class=\"wp-block-list\">\n<li>Prueba de funci\u00f3n respiratoria<\/li>\n<\/ul>\n\n\n\n<p><strong>INICIATIVAS<\/strong><\/p>\n\n\n\n<ul class=\"wp-block-list\">\n<li>Dermatoscopia<\/li>\n<\/ul>\n\n\n\n<p><strong>APLICACIONES ENDOSC\u00d3PICAS<\/strong><\/p>\n\n\n\n<ul class=\"wp-block-list\">\n<li>Esofagoscopia<\/li>\n\n\n\n<li>Gastroscopia<\/li>\n\n\n\n<li>Duodenoscopia<\/li>\n\n\n\n<li>Biopsia<\/li>\n<\/ul>\n\n\n\n<p><strong>EX\u00c1MENES PATOL\u00d3GICOS<\/strong><\/p>\n\n\n\n<ul class=\"wp-block-list\">\n<li>Est\u00f3mago, biopsia<\/li>\n<\/ul>\n\n\n\n<p><strong>EX\u00c1MENES DE ANESTESIA<\/strong><\/p>\n\n\n\n<ul class=\"wp-block-list\">\n<li>Sedaci\u00f3n y anestesia local  <\/li>\n<\/ul>\n<\/div>\n\n\n\n<div class=\"wp-block-column is-layout-flow wp-block-column-is-layout-flow\">\n<p><strong>EX\u00c1MENES DE LABORATORIO<\/strong><\/p>\n\n\n\n<ul class=\"wp-block-list\">\n<li>Alfa-fetoprote\u00edna (AFP)<\/li>\n\n\n\n<li>Fosfatasa alcalina (ALP)<\/li>\n\n\n\n<li>Alanina aminotransferasa (ALT)<\/li>\n\n\n\n<li>Aspartato Aminotransferasa (AST)<\/li>\n\n\n\n<li>Amilasa<\/li>\n\n\n\n<li>Zinc (Zn)<\/li>\n\n\n\n<li>Hierro<\/li>\n\n\n\n<li>Capacidad de fijaci\u00f3n del hierro<\/li>\n\n\n\n<li>Ferritina<\/li>\n\n\n\n<li>\u00c1cido f\u00f3lico<\/li>\n\n\n\n<li>Sangre oculta en heces<\/li>\n\n\n\n<li>Gamma Glutamil Transferasa (GGT)<\/li>\n\n\n\n<li>Glucosa en ayunas<\/li>\n\n\n\n<li>Hemoglobina A1c (HbA1c)<\/li>\n\n\n\n<li>Homociste\u00edna<\/li>\n\n\n\n<li>Calcio (Ca)<\/li>\n\n\n\n<li>Cloruro (Cl)<\/li>\n\n\n\n<li>Colesterol, HDL<\/li>\n\n\n\n<li>Colesterol, LDL (Directo)<\/li>\n\n\n\n<li>Colesterol total<\/li>\n\n\n\n<li>Colesterol, VLDL<\/li>\n\n\n\n<li>Creatinina, suero<\/li>\n\n\n\n<li>Lactato deshidrogenasa (LDH)<\/li>\n\n\n\n<li>Lipasa<\/li>\n\n\n\n<li>Lipoprote\u00edna (a) (Lp(a))<\/li>\n\n\n\n<li>Magnesio (Mg)<\/li>\n\n\n\n<li>Potasio (K)<\/li>\n\n\n\n<li>Prote\u00edna total<\/li>\n\n\n\n<li>Sodio (Na)<\/li>\n\n\n\n<li>An\u00e1lisis de orina<\/li>\n\n\n\n<li>Triglic\u00e9ridos<\/li>\n\n\n\n<li>Nitr\u00f3geno ureico en sangre (BUN)<\/li>\n\n\n\n<li>\u00c1cido \u00farico<\/li>\n\n\n\n<li>Vitamina B12<\/li>\n\n\n\n<li>Vitamina D, 25-hidroxi<\/li>\n\n\n\n<li>aPTT<\/li>\n\n\n\n<li>Recuento sangu\u00edneo total (panel ampliado)<\/li>\n\n\n\n<li>Prolactina (PRL)<\/li>\n\n\n\n<li>Hormona estimulante del tiroides (TSH)<\/li>\n\n\n\n<li>Tiroxina libre (FT4)<\/li>\n\n\n\n<li>Triyodotironina, libre (FT3)<\/li>\n\n\n\n<li>CA 15-3<\/li>\n\n\n\n<li>CA 19-9<\/li>\n\n\n\n<li>Ant\u00edgeno prost\u00e1tico espec\u00edfico (PSA), total<\/li>\n\n\n\n<li>Ant\u00edgeno prost\u00e1tico espec\u00edfico (PSA), Libre<\/li>\n\n\n\n<li>Cultura, Garganta<\/li>\n\n\n\n<li>Par\u00e1sitos, Heces<\/li>\n\n\n\n<li>Prueba del ant\u00edgeno del SRAS-CoV-2 (prueba r\u00e1pida)<\/li>\n\n\n\n<li>Anticuerpo IgG contra el SARS-CoV-2, cuantitativo<\/li>\n\n\n\n<li>Ant\u00edgeno de la hepatitis B s (HBsAg)<\/li>\n\n\n\n<li>Anticuerpo de la hepatitis B s (anti-HBs)<\/li>\n\n\n\n<li>Anticuerpo de la hepatitis C (anti-VHC)<\/li>\n\n\n\n<li>Anticuerpo VIH (1-2) + Ant\u00edgeno p24  <\/li>\n<\/ul>\n<\/div>\n<\/div>\n\n<p>\u00a0<\/p>\n\n<h3 class=\"wp-block-heading\">Todo lo que necesita saber sobre los <a href=\"https:\/\/medclinics.com\/check-up\/\" target=\"_blank\" rel=\"noreferrer noopener\">reconocimientos m\u00e9dicos<\/a>, incluido el precio y mucho m\u00e1s, o <a href=\"#requestform\">p\u00f3ngase en contacto con nosotros<\/a>.<\/h3>\n\n<h2 class=\"wp-block-heading\">PREGUNTAS FRECUENTES<\/h2>\n<div id=\"rank-math-faq\" class=\"rank-math-block\">\n<div class=\"rank-math-list \">\n<div id=\"faq-question-1685012774513\" class=\"rank-math-list-item\">\n<h3 class=\"rank-math-question \">\u00bfCon qu\u00e9 frecuencia deben revisarse los hombres?<\/h3>\n<div class=\"rank-math-answer \">\n\n<p>Para los hombres menores de 40 a\u00f1os, en general se recomienda programar una revisi\u00f3n rutinaria con un profesional sanitario cada 2-3 a\u00f1os, suponiendo que no existan problemas de salud o factores de riesgo espec\u00edficos.<\/p>\n\n<\/div>\n<\/div>\n<div id=\"faq-question-1685012904008\" class=\"rank-math-list-item\">\n<h3 class=\"rank-math-question \">\u00bfNecesita un examen de pr\u00f3stata?<\/h3>\n<div class=\"rank-math-answer \">\n\n<p>El examen de la pr\u00f3stata es una parte importante de la atenci\u00f3n sanitaria preventiva para los hombres, especialmente a medida que envejecen. La necesidad de un examen de pr\u00f3stata suele venir determinada por varios factores, como la edad, los antecedentes m\u00e9dicos personales y familiares y los factores de riesgo individuales. Para la mayor\u00eda de los hombres, a partir de los 50 a\u00f1os, se suele recomendar consultar con el m\u00e9dico los posibles beneficios y riesgos del cribado de pr\u00f3stata, que incluye un tacto rectal (TDR) y un an\u00e1lisis de sangre del ant\u00edgeno prost\u00e1tico espec\u00edfico (PSA). Estas pruebas pueden ayudar a detectar signos precoces de c\u00e1ncer de pr\u00f3stata u otros problemas relacionados con la pr\u00f3stata. Sin embargo, en el caso de los hombres con mayor riesgo o que presentan determinados factores de riesgo, como antecedentes familiares de c\u00e1ncer de pr\u00f3stata, etnia afroamericana u otros problemas de salud, el debate sobre el cribado de pr\u00f3stata puede comenzar a una edad m\u00e1s temprana, normalmente en torno a los 40 o 45 a\u00f1os.<\/p>\n\n<\/div>\n<\/div>\n<div id=\"faq-question-1685013016627\" class=\"rank-math-list-item\">\n<h3 class=\"rank-math-question \">\u00bfExiste una prueba hormonal para hombres?<\/h3>\n<div class=\"rank-math-answer \">\n\n<p>S\u00ed, existen pruebas hormonales para hombres que eval\u00faan el equilibrio hormonal y la salud general. Estas pruebas suelen incluir la medici\u00f3n de los niveles de testosterona, ya que \u00e9sta es la principal hormona sexual masculina y desempe\u00f1a un papel crucial en diversas funciones corporales. Tambi\u00e9n pueden evaluarse otras hormonas, como los estr\u00f3genos, el cortisol y las hormonas tiroideas, en funci\u00f3n de s\u00edntomas o preocupaciones espec\u00edficos.<\/p>\n\n<\/div>\n<\/div>\n<\/div>\n<\/div>\n<p>\u00a0<\/p>\n\n<h3 class=\"wp-block-heading\">P\u00f3ngase en contacto con nosotros si tiene alguna pregunta.<\/h3>\n","protected":false},"excerpt":{"rendered":"<p>Si busca el mejor chequeo m\u00e9dico y un camino hacia la confianza, Check-up Treatments puede ser la soluci\u00f3n perfecta. Un [&hellip;]<\/p>\n","protected":false},"author":4,"featured_media":91920,"parent":0,"menu_order":0,"comment_status":"closed","ping_status":"closed","template":"","meta":{"site-sidebar-layout":"default","site-content-layout":"","ast-site-content-layout":"default","site-content-style":"default","site-sidebar-style":"default","ast-global-header-display":"","ast-banner-title-visibility":"","ast-main-header-display":"","ast-hfb-above-header-display":"","ast-hfb-below-header-display":"","ast-hfb-mobile-header-display":"","site-post-title":"","ast-breadcrumbs-content":"","ast-featured-img":"","footer-sml-layout":"","ast-disable-related-posts":"","theme-transparent-header-meta":"","adv-header-id-meta":"","stick-header-meta":"","header-above-stick-meta":"","header-main-stick-meta":"","header-below-stick-meta":"","astra-migrate-meta-layouts":"default","ast-page-background-enabled":"default","ast-page-background-meta":{"desktop":{"background-color":"var(--ast-global-color-4)","background-image":"","background-repeat":"repeat","background-position":"center center","background-size":"auto","background-attachment":"scroll","background-type":"","background-media":"","overlay-type":"","overlay-color":"","overlay-opacity":"","overlay-gradient":""},"tablet":{"background-color":"","background-image":"","background-repeat":"repeat","background-position":"center center","background-size":"auto","background-attachment":"scroll","background-type":"","background-media":"","overlay-type":"","overlay-color":"","overlay-opacity":"","overlay-gradient":""},"mobile":{"background-color":"","background-image":"","background-repeat":"repeat","background-position":"center center","background-size":"auto","background-attachment":"scroll","background-type":"","background-media":"","overlay-type":"","overlay-color":"","overlay-opacity":"","overlay-gradient":""}},"ast-content-background-meta":{"desktop":{"background-color":"var(--ast-global-color-5)","background-image":"","background-repeat":"repeat","background-position":"center center","background-size":"auto","background-attachment":"scroll","background-type":"","background-media":"","overlay-type":"","overlay-color":"","overlay-opacity":"","overlay-gradient":""},"tablet":{"background-color":"var(--ast-global-color-5)","background-image":"","background-repeat":"repeat","background-position":"center center","background-size":"auto","background-attachment":"scroll","background-type":"","background-media":"","overlay-type":"","overlay-color":"","overlay-opacity":"","overlay-gradient":""},"mobile":{"background-color":"var(--ast-global-color-5)","background-image":"","background-repeat":"repeat","background-position":"center center","background-size":"auto","background-attachment":"scroll","background-type":"","background-media":"","overlay-type":"","overlay-color":"","overlay-opacity":"","overlay-gradient":""}},"footnotes":""},"class_list":["post-146791","page","type-page","status-publish","has-post-thumbnail","hentry"],"_links":{"self":[{"href":"https:\/\/medclinics.com\/es\/wp-json\/wp\/v2\/pages\/146791","targetHints":{"allow":["GET"]}}],"collection":[{"href":"https:\/\/medclinics.com\/es\/wp-json\/wp\/v2\/pages"}],"about":[{"href":"https:\/\/medclinics.com\/es\/wp-json\/wp\/v2\/types\/page"}],"author":[{"embeddable":true,"href":"https:\/\/medclinics.com\/es\/wp-json\/wp\/v2\/users\/4"}],"replies":[{"embeddable":true,"href":"https:\/\/medclinics.com\/es\/wp-json\/wp\/v2\/comments?post=146791"}],"version-history":[{"count":0,"href":"https:\/\/medclinics.com\/es\/wp-json\/wp\/v2\/pages\/146791\/revisions"}],"wp:featuredmedia":[{"embeddable":true,"href":"https:\/\/medclinics.com\/es\/wp-json\/wp\/v2\/media\/91920"}],"wp:attachment":[{"href":"https:\/\/medclinics.com\/es\/wp-json\/wp\/v2\/media?parent=146791"}],"curies":[{"name":"wp","href":"https:\/\/api.w.org\/{rel}","templated":true}]}}