{"id":146767,"date":"2023-05-25T09:43:54","date_gmt":"2023-05-25T06:43:54","guid":{"rendered":"https:\/\/medclinics.com\/pestanas-postizas\/"},"modified":"2024-04-04T19:34:28","modified_gmt":"2024-04-04T16:34:28","slug":"pestanas-postizas","status":"publish","type":"page","link":"https:\/\/medclinics.com\/es\/pestanas-postizas\/","title":{"rendered":"Pesta\u00f1as postizas"},"content":{"rendered":"\n<h3 class=\"wp-block-heading\">Extensiones de pesta\u00f1as<\/h3>\n\n<p class=\"has-medium-font-size\">es un procedimiento cosm\u00e9tico para alargar y agrandar las pesta\u00f1as naturales pegando pelos sint\u00e9ticos con un pegamento especial.<\/p>\n\n<p class=\"has-medium-font-size\">En las extensiones se utilizan pesta\u00f1as de diferentes longitudes, grosores, tipos de rizo y colores. La longitud puede variar de 6 a 14 mil\u00edmetros. Nuestras pesta\u00f1as naturales tienen una longitud desigual a lo largo de la l\u00ednea de crecimiento. Para recrear este efecto, los fabricantes de pesta\u00f1as combinan unas 5 longitudes diferentes durante las extensiones.<br\/>El grosor var\u00eda de 0,05 mil\u00edmetros a 0,25 mil\u00edmetros. Los fabricantes de pesta\u00f1as m\u00e1s avanzados de todo el mundo se niegan a utilizar pesta\u00f1as m\u00e1s gruesas, ya que resultan menos naturales en los ojos y lastran las pesta\u00f1as naturales.<\/p>\n\n<h3 class=\"wp-block-heading\">Principales tipos de pesta\u00f1as postizas:<\/h3>\n\n<ul class=\"has-medium-font-size wp-block-list\">\n<li><strong>Efecto natural<\/strong><br\/>es el cl\u00e1sico por el que deber\u00eda decantarse si su objetivo es un look de ojos natural y unas pesta\u00f1as impactantes al mismo tiempo. En esta variaci\u00f3n, el fabricante de pesta\u00f1as tiene que recrear el crecimiento natural de las pesta\u00f1as combinando diferentes longitudes: cortas en el \u00e1ngulo interno del ojo y m\u00e1s largas a medida que se avanza hacia el \u00e1ngulo externo. Este efecto es realmente vers\u00e1til, queda muy bien y es apropiado a cualquier hora del d\u00eda y en cualquier lugar.<\/li>\n<\/ul>\n\n<ul class=\"has-medium-font-size wp-block-list\">\n<li><strong>Efecto zorro<\/strong><br\/>es un tipo de extensiones en las que la transici\u00f3n se realiza desde unas pesta\u00f1as cortas en el \u00e1ngulo interno hasta unas pesta\u00f1as m\u00e1s largas en el \u00e1ngulo externo, y la transici\u00f3n es m\u00e1s marcada que en el efecto natural. Este efecto alarga y ensancha visualmente los ojos.  <\/li>\n<\/ul>\n\n<ul class=\"has-medium-font-size wp-block-list\">\n<li><strong>\u00abDoll eff<\/strong><br\/>significa el uso de pesta\u00f1as de la misma longitud a lo largo de la l\u00ednea del p\u00e1rpado superior. Esta versi\u00f3n no parece muy natural, pero no deja de ser atractiva. Solo es importante entender para que forma de ojos, para que imagen y edad se hacen dichas extensiones. Los ojos de una chica con semejante constituci\u00f3n parecen ingenuos y coquetos.ect\u00bb<\/li>\n<\/ul>\n\n<ul class=\"has-medium-font-size wp-block-list\">\n<li><strong>\u00abEfecto \u00abRay<\/strong><br\/>es un tipo de extensiones de pesta\u00f1as en el que se combinan pesta\u00f1as largas con pesta\u00f1as cortas a lo largo de todo el p\u00e1rpado superior. Este efecto tambi\u00e9n se denomina efecto c\u00f3ctel. Parece muy interesante, inusual, a\u00f1ade expresividad a los ojos y da un poco de sabor a toda la imagen. No resulta chill\u00f3n ni vulgar, por lo que es bastante apropiado llevar estas extensiones en la vida cotidiana.<\/li>\n<\/ul>\n\n<ul class=\"has-medium-font-size wp-block-list\">\n<li><strong>Pesta\u00f1as de color<\/strong><br\/>Cualquiera de los efectos anteriores puede conseguirse con <a href=\"https:\/\/en.wikipedia.org\/wiki\/False_eyelashes\" target=\"_blank\" rel=\"noreferrer noopener\">pesta\u00f1as artificiales<\/a> de color. Con el tono adecuado, las extensiones de color pueden quedar incre\u00edbles. Hay muchas posibilidades para jugar con el color en las pesta\u00f1as: transici\u00f3n (degradado) de color desde el \u00e1ngulo interno al externo, combinaci\u00f3n (mezcla) de ciertos tonos, inclusi\u00f3n de pesta\u00f1as de color en determinadas zonas para acentuarlas, alternancia de varios colores a lo largo de la l\u00ednea del p\u00e1rpado, etc.<\/li>\n<\/ul>\n\n<h3 class=\"wp-block-heading\">Existen las siguientes variaciones de volumen para las extensiones de pesta\u00f1as:<\/h3>\n\n<ul class=\"has-medium-font-size wp-block-list\">\n<li><strong>Volumen cl\u00e1sico<\/strong><br\/>cuando se a\u00f1ade una pesta\u00f1a artificial a cada una de las pesta\u00f1as &#8211; una opci\u00f3n popular, especialmente popular entre aquellas cuyas pesta\u00f1as son bastante gruesas por naturaleza, pero necesitan a\u00f1adir longitud y crear una bonita curva.<\/li>\n<\/ul>\n\n<ul class=\"has-medium-font-size wp-block-list\">\n<li><strong>Doble volumen<\/strong><br\/>implica el pegado de dos pesta\u00f1as artificiales a una pesta\u00f1a natural. Esto hace que las pesta\u00f1as parezcan casi el doble de gruesas. A pesar del doble volumen, las pesta\u00f1as parecen naturales y el aspecto de los ojos es natural. Una mirada marcada y clara, ojos brillantes sin una gota de maquillaje y naturalidad: esto es lo que hace que sea tan popular preferir este tipo de extensiones.<\/li>\n<\/ul>\n\n<ul class=\"has-medium-font-size wp-block-list\">\n<li><strong>Volumen triple<\/strong><br\/>tambi\u00e9n es bastante popular, pero las pesta\u00f1as en este caso parecen un poco antinaturales, son demasiado gruesas. Sin embargo, hay casos en los que este es el efecto que los clientes quieren conseguir, y este es el resultado que necesitan. Si quieres crear una imagen dram\u00e1tica, impactante y memorable, puedes utilizar esta t\u00e9cnica. Si se utilizan pesta\u00f1as ligeras y finas, las pesta\u00f1as naturales no sufren ning\u00fan da\u00f1o, y las extensiones no parecen demasiado pesadas sobre los p\u00e1rpados y dan un aspecto llamativo.<\/li>\n<\/ul>\n\n<ul class=\"has-medium-font-size wp-block-list\">\n<li><strong>Incluso hay extensiones 6D<\/strong><br\/>&#8211; 6 pesta\u00f1as artificiales sobre una pesta\u00f1a natural. Gracias a las modernas pesta\u00f1as artificiales ultrafinas e ingr\u00e1vidas, este tipo de extensi\u00f3n es posible sin ning\u00fan peligro ni da\u00f1o para las pesta\u00f1as naturales. Por supuesto, no se recomienda llevar este tipo de extensiones durante mucho tiempo.  <\/li>\n<\/ul>\n\n<h3 class=\"wp-block-heading\">Las pesta\u00f1as postizas no son para:<\/h3>\n\n<ul class=\"wp-block-list\">\n<li class=\"has-medium-font-size\">Afecciones oculares como conjuntivitis, cebada, \u00e1caro de las pesta\u00f1as, etc.  <\/li>\n\n\n\n<li class=\"has-medium-font-size\">Dermatitis, psoriasis  <\/li>\n\n\n\n<li class=\"has-medium-font-size\">Asma  <\/li>\n\n\n\n<li class=\"has-medium-font-size\">Alergia a los materiales de aplicaci\u00f3n de las pesta\u00f1as  <\/li>\n<\/ul>\n\n<h3 class=\"wp-block-heading\">Cuidados posteriores:<\/h3>\n\n<ul class=\"wp-block-list\">\n<li class=\"has-medium-font-size\">Durante las primeras 24 horas despu\u00e9s de las extensiones de pesta\u00f1as, debe evitar el contacto con el agua. Visita sauna, casa de ba\u00f1os, piscina, playa, cualquier lugar con alta humedad debe ser pospuesta.<\/li>\n\n\n\n<li class=\"has-medium-font-size\">Evite frotarse los ojos, evite da\u00f1os mec\u00e1nicos. Reduzca al m\u00ednimo el contacto visual.<\/li>\n\n\n\n<li class=\"has-medium-font-size\">Duerme de cara a la almohada: aprende a dormir boca arriba.<\/li>\n\n\n\n<li class=\"has-medium-font-size\">Evita el uso de m\u00e1scara de pesta\u00f1as.  <\/li>\n\n\n\n<li class=\"has-medium-font-size\">Evita los delineadores aceitosos y los l\u00e1pices grasos.<\/li>\n\n\n\n<li class=\"has-medium-font-size\">No utilices rizadores.  <\/li>\n\n\n\n<li class=\"has-medium-font-size\">Evite las cremas grasas para el contorno de ojos.<\/li>\n<\/ul>\n\n<div class=\"wp-block-columns is-layout-flex wp-container-core-columns-is-layout-28f84493 wp-block-columns-is-layout-flex\">\n<div class=\"wp-block-column is-layout-flow wp-block-column-is-layout-flow\" style=\"flex-basis:33.33%\">\n<figure class=\"wp-block-image alignright size-full is-resized\"><img fetchpriority=\"high\" decoding=\"async\" width=\"280\" height=\"210\" src=\"https:\/\/medclinics.com\/wp-content\/uploads\/2023\/12\/luxus-logo-1.webp\" alt=\"\" class=\"wp-image-119607\" style=\"width:265px;height:auto\" srcset=\"https:\/\/medclinics.com\/wp-content\/uploads\/2023\/12\/luxus-logo-1.webp 280w, https:\/\/medclinics.com\/wp-content\/uploads\/2023\/12\/luxus-logo-1-24x18.webp 24w, https:\/\/medclinics.com\/wp-content\/uploads\/2023\/12\/luxus-logo-1-36x27.webp 36w, https:\/\/medclinics.com\/wp-content\/uploads\/2023\/12\/luxus-logo-1-48x36.webp 48w\" sizes=\"(max-width: 280px) 100vw, 280px\" \/><\/figure>\n<\/div>\n\n\n\n<div class=\"wp-block-column is-vertically-aligned-center is-layout-flow wp-block-column-is-layout-flow\" style=\"flex-basis:66.66%\">\n<h3 class=\"wp-block-heading has-text-align-center\"><strong>Consigue tus pesta\u00f1as con  <\/strong><br\/><strong>\u00abGrupo Luxus Hair\u00bb<\/strong><\/h3>\n\n\n\n<p class=\"has-text-align-center\"><em><strong>\u00bb Cuidado del cabello y belleza, lujo para todos \u00ab<\/strong><\/em><\/p>\n\n\n\n<div class=\"wp-block-buttons is-content-justification-center is-layout-flex wp-container-core-buttons-is-layout-a89b3969 wp-block-buttons-is-layout-flex\">\n<div class=\"wp-block-button\"><a class=\"wp-block-button__link has-vivid-green-cyan-background-color has-background has-text-align-left wp-element-button\" href=\"https:\/\/wa.me\/905322662716?text=From%20MedClinics\" target=\"_blank\" rel=\"noreferrer noopener nofollow\">Reserva en l\u00ednea por WhatsApp<\/a><\/div>\n<\/div>\n<\/div>\n<\/div>\n\n<h3 class=\"wp-block-heading\">Todo lo que necesita saber sobre las <a href=\"https:\/\/medclinics.com\/es\/operaciones-no-quirurgicas\/\" target=\"_blank\" rel=\"noreferrer noopener\">operaciones sin cirug\u00eda<\/a>, incluido el precio y mucho m\u00e1s <a href=\"#requestform\">\u00a1Cont\u00e1ctenos<\/a>!<\/h3>\n\n<h2 class=\"wp-block-heading\">PREGUNTAS FRECUENTES <\/h2>\n<div id=\"rank-math-faq\" class=\"rank-math-block\">\n<div class=\"rank-math-list \">\n<div id=\"faq-question-1685007538335\" class=\"rank-math-list-item\">\n<h3 class=\"rank-math-question \">\u00bfSon seguras las extensiones de pesta\u00f1as?<\/h3>\n<div class=\"rank-math-answer \">\n\n<p>Las extensiones de pesta\u00f1as son seguras y no provocan reacciones al\u00e9rgicas, pero no se recomiendan a personas con intolerancia individual a los materiales utilizados, lo cual es muy poco frecuente. Tampoco se recomienda a personas con enfermedades oculares cr\u00f3nicas, agudas o v\u00edricas.<\/p>\n\n<\/div>\n<\/div>\n<div id=\"faq-question-1685007561290\" class=\"rank-math-list-item\">\n<h3 class=\"rank-math-question \">\u00bfPuedo alargarme las pesta\u00f1as sin descanso?<\/h3>\n<div class=\"rank-math-answer \">\n\n<p>La selecci\u00f3n adecuada del tama\u00f1o de las pesta\u00f1as artificiales y el seguimiento de la t\u00e9cnica de extensi\u00f3n permiten realizar el procedimiento sin da\u00f1ar las pesta\u00f1as nativas, es decir, sin interrumpir el ciclo de renovaci\u00f3n de las pesta\u00f1as. Esto significa que es posible hacer extensiones de pesta\u00f1as una y otra vez. Tiene sentido tomarse un descanso cuando las pesta\u00f1as est\u00e1n da\u00f1adas. En ese caso es mejor esperar a su completa regeneraci\u00f3n (unos 3 meses), es posible utilizar productos para el crecimiento y fortalecimiento de las pesta\u00f1as durante este periodo.<\/p>\n\n<\/div>\n<\/div>\n<div id=\"faq-question-1685007598307\" class=\"rank-math-list-item\">\n<h3 class=\"rank-math-question \">\u00bfDuele ponerse extensiones de pesta\u00f1as?<\/h3>\n<div class=\"rank-math-answer \">\n\n<p>No, el procedimiento de extensi\u00f3n de pesta\u00f1as es completamente indoloro y seguro. Las pesta\u00f1as artificiales se colocan encima de las pesta\u00f1as naturales con una peque\u00f1a distancia, por lo que no sentir\u00e1 las pesta\u00f1as durante ni despu\u00e9s del procedimiento.<\/p>\n\n<\/div>\n<\/div>\n<div id=\"faq-question-1685007627392\" class=\"rank-math-list-item\">\n<h3 class=\"rank-math-question \">\u00bfLas extensiones de pesta\u00f1as da\u00f1an mis pesta\u00f1as naturales?<\/h3>\n<div class=\"rank-math-answer \">\n\n<p>Las extensiones de pesta\u00f1as no son perjudiciales para las pesta\u00f1as, siempre que el procedimiento se realice correctamente y respetando la tecnolog\u00eda. Las pesta\u00f1as para extensiones se eligen en funci\u00f3n de la longitud y el grosor de sus propias pesta\u00f1as.<\/p>\n\n<\/div>\n<\/div>\n<div id=\"faq-question-1685007656902\" class=\"rank-math-list-item\">\n<h3 class=\"rank-math-question \">\u00bfPuedo llevar lentillas con extensiones de pesta\u00f1as?<\/h3>\n<div class=\"rank-math-answer \">\n\n<p>Las extensiones de pesta\u00f1as no afectan al uso de lentes de contacto. Las pesta\u00f1as no le impedir\u00e1n quitarse y ponerse las lentillas, y no sentir\u00e1 las pesta\u00f1as en los ojos, al igual que las lentillas.<\/p>\n\n<\/div>\n<\/div>\n<\/div>\n<\/div>\n<p><\/p>\n\n<h3 class=\"wp-block-heading\">P\u00f3ngase en contacto con nosotros si tiene alguna pregunta.<\/h3>\n","protected":false},"excerpt":{"rendered":"<p>Extensiones de pesta\u00f1as es un procedimiento cosm\u00e9tico para alargar y agrandar las pesta\u00f1as naturales pegando pelos sint\u00e9ticos con un pegamento [&hellip;]<\/p>\n","protected":false},"author":4,"featured_media":92169,"parent":0,"menu_order":0,"comment_status":"closed","ping_status":"closed","template":"","meta":{"site-sidebar-layout":"default","site-content-layout":"","ast-site-content-layout":"default","site-content-style":"default","site-sidebar-style":"default","ast-global-header-display":"","ast-banner-title-visibility":"","ast-main-header-display":"","ast-hfb-above-header-display":"","ast-hfb-below-header-display":"","ast-hfb-mobile-header-display":"","site-post-title":"","ast-breadcrumbs-content":"","ast-featured-img":"","footer-sml-layout":"","ast-disable-related-posts":"","theme-transparent-header-meta":"","adv-header-id-meta":"","stick-header-meta":"","header-above-stick-meta":"","header-main-stick-meta":"","header-below-stick-meta":"","astra-migrate-meta-layouts":"default","ast-page-background-enabled":"default","ast-page-background-meta":{"desktop":{"background-color":"var(--ast-global-color-4)","background-image":"","background-repeat":"repeat","background-position":"center center","background-size":"auto","background-attachment":"scroll","background-type":"","background-media":"","overlay-type":"","overlay-color":"","overlay-opacity":"","overlay-gradient":""},"tablet":{"background-color":"","background-image":"","background-repeat":"repeat","background-position":"center center","background-size":"auto","background-attachment":"scroll","background-type":"","background-media":"","overlay-type":"","overlay-color":"","overlay-opacity":"","overlay-gradient":""},"mobile":{"background-color":"","background-image":"","background-repeat":"repeat","background-position":"center center","background-size":"auto","background-attachment":"scroll","background-type":"","background-media":"","overlay-type":"","overlay-color":"","overlay-opacity":"","overlay-gradient":""}},"ast-content-background-meta":{"desktop":{"background-color":"var(--ast-global-color-5)","background-image":"","background-repeat":"repeat","background-position":"center center","background-size":"auto","background-attachment":"scroll","background-type":"","background-media":"","overlay-type":"","overlay-color":"","overlay-opacity":"","overlay-gradient":""},"tablet":{"background-color":"var(--ast-global-color-5)","background-image":"","background-repeat":"repeat","background-position":"center center","background-size":"auto","background-attachment":"scroll","background-type":"","background-media":"","overlay-type":"","overlay-color":"","overlay-opacity":"","overlay-gradient":""},"mobile":{"background-color":"var(--ast-global-color-5)","background-image":"","background-repeat":"repeat","background-position":"center center","background-size":"auto","background-attachment":"scroll","background-type":"","background-media":"","overlay-type":"","overlay-color":"","overlay-opacity":"","overlay-gradient":""}},"footnotes":""},"class_list":["post-146767","page","type-page","status-publish","has-post-thumbnail","hentry"],"_links":{"self":[{"href":"https:\/\/medclinics.com\/es\/wp-json\/wp\/v2\/pages\/146767","targetHints":{"allow":["GET"]}}],"collection":[{"href":"https:\/\/medclinics.com\/es\/wp-json\/wp\/v2\/pages"}],"about":[{"href":"https:\/\/medclinics.com\/es\/wp-json\/wp\/v2\/types\/page"}],"author":[{"embeddable":true,"href":"https:\/\/medclinics.com\/es\/wp-json\/wp\/v2\/users\/4"}],"replies":[{"embeddable":true,"href":"https:\/\/medclinics.com\/es\/wp-json\/wp\/v2\/comments?post=146767"}],"version-history":[{"count":0,"href":"https:\/\/medclinics.com\/es\/wp-json\/wp\/v2\/pages\/146767\/revisions"}],"wp:featuredmedia":[{"embeddable":true,"href":"https:\/\/medclinics.com\/es\/wp-json\/wp\/v2\/media\/92169"}],"wp:attachment":[{"href":"https:\/\/medclinics.com\/es\/wp-json\/wp\/v2\/media?parent=146767"}],"curies":[{"name":"wp","href":"https:\/\/api.w.org\/{rel}","templated":true}]}}