{"id":146755,"date":"2023-05-25T09:31:48","date_gmt":"2023-05-25T06:31:48","guid":{"rendered":"https:\/\/medclinics.com\/protesis-ungueales\/"},"modified":"2024-04-04T19:34:34","modified_gmt":"2024-04-04T16:34:34","slug":"protesis-ungueales","status":"publish","type":"page","link":"https:\/\/medclinics.com\/es\/protesis-ungueales\/","title":{"rendered":"Pr\u00f3tesis ungueales"},"content":{"rendered":"\n<h3 class=\"wp-block-heading\">Las u\u00f1as postizas consisten en el uso de materiales de gel o acr\u00edlicos para dar a las u\u00f1as un aspecto alargado y est\u00e9tico o para cambiar su forma.<\/h3>\n\n<p>Adem\u00e1s de utilizarse con fines est\u00e9ticos, tambi\u00e9n sirve para proteger las u\u00f1as fr\u00e1giles y el lecho ungueal o para reparar una u\u00f1a rota.<\/p>\n\n<h3 class=\"wp-block-heading\">Tipos de pr\u00f3tesis de u\u00f1as:<\/h3>\n\n<ul class=\"wp-block-list\">\n<li><strong>Pr\u00f3tesis de u\u00f1as con acr\u00edlicos.<\/strong>  El acr\u00edlico es un material sint\u00e9tico basado en los \u00e1cidos acr\u00edlico y metacr\u00edlico. Para construir una u\u00f1a, el maestro mezcla un polvo especial con un l\u00edquido especial, un mon\u00f3mero. El resultado es una masa viscosa que se endurece f\u00e1cilmente bajo la influencia del aire. La superficie tarda unos 7 minutos en endurecerse. El acr\u00edlico puede llevarse durante varios meses. Contras: toxicidad. Tras una extensi\u00f3n de u\u00f1as de este tipo, la l\u00e1mina ungueal, que no recibe una nutrici\u00f3n normal, se vuelve fina y muy fr\u00e1gil. Pros: acr\u00edlico se elimina con un agente especial &#8211; polvo de molienda no entra en el tracto respiratorio, puede crear un dise\u00f1o incre\u00edble con \u00e9l &#8211; un material muy flexible. Y tambi\u00e9n ayuda a \u00abreparar\u00bb la u\u00f1a rota.  <\/li>\n\n\n\n<li><strong>Pr\u00f3tesis de u\u00f1as de gel<\/strong>. Los geles alargadores de u\u00f1as existen en varias variedades: monof\u00e1sicos, bif\u00e1sicos y trif\u00e1sicos. Los geles monof\u00e1sicos se adhieren bien a la placa y sirven como capa de base y de acabado. Los geles trif\u00e1sicos pueden tardar varias horas en formarse. Al igual que los acr\u00edlicos, estos geles son pol\u00edmeros que se endurecen al exponerse a la luz UV. Pros: los geles no son t\u00f3xicos, casi no huelen y se consideran totalmente seguros. Con su ayuda se consigue el efecto m\u00e1s natural: la placa de la u\u00f1a resulta flexible y muy fina. Contras: aserrado al quitarlos. Las personas con asma bronquial y otros problemas respiratorios est\u00e1n contraindicadas en este tipo de extensi\u00f3n de u\u00f1as.<\/li>\n\n\n\n<li><strong>Extensiones de u\u00f1as Biogel.<\/strong>  Biogel es un tipo de gel de extensi\u00f3n habitual, pero tiene una caracter\u00edstica importante: est\u00e1 hecho casi al 100% de materiales naturales, no sint\u00e9ticos. Por eso pr\u00e1cticamente no tiene contraindicaciones, ni siquiera durante el embarazo y la lactancia. La base de casi todos los biogeles es la resina de morera, que tiene un efecto positivo sobre la placa ungueal (este tipo de extensi\u00f3n de u\u00f1as se considera terap\u00e9utica): contiene prote\u00ednas y otros componentes que mejoran la estructura y estimulan el metabolismo. El material permite crear un revestimiento pl\u00e1stico, pero duradero. Se adhiere firmemente a la u\u00f1a, impidiendo la entrada de humedad y proporcionando protecci\u00f3n contra las infecciones f\u00fangicas.<\/li>\n\n\n\n<li><strong> <a href=\"https:\/\/en.wikipedia.org\/wiki\/Nail_art\" target=\"_blank\" rel=\"noopener\">Pr\u00f3tesis de u\u00f1as<\/a> combinadas. <\/strong>Este tipo de extensi\u00f3n de u\u00f1as est\u00e1 dise\u00f1ado para combinar todas las mejores cualidades de los tipos de gel y acr\u00edlico. Dar\u00e1 la oportunidad de hacer las u\u00f1as m\u00e1s duraderas, como en la extensi\u00f3n de u\u00f1as acr\u00edlicas, pero brillantes, como en la extensi\u00f3n de u\u00f1as de gel. Tambi\u00e9n hay m\u00e1s opciones para el dise\u00f1o de u\u00f1as.<\/li>\n\n\n\n<li><strong>Extensiones de u\u00f1as de seda.<\/strong>  Esta extensi\u00f3n de u\u00f1as utiliza tela: lino, seda, fibra de vidrio. Debido a su suavidad, se empapan previamente en una sustancia especial que tiene la capacidad de polimerizar. Adem\u00e1s, tambi\u00e9n pueden utilizarse materiales b\u00e1sicos como el gel y los acr\u00edlicos. Las extensiones de seda pueden utilizarse para proteger las u\u00f1as naturales y ayudarlas a fortalecerse. El resultado es una manicura muy cuidada y de aspecto natural.<\/li>\n<\/ul>\n\n<h3 class=\"wp-block-heading\">M\u00e9todos de extensi\u00f3n de u\u00f1as<\/h3>\n\n<ul class=\"wp-block-list\">\n<li><strong>Extensiones de u\u00f1as Tip.  <\/strong>Los tips son clavos de pl\u00e1stico que se pegan al propio lecho ungueal con un pegamento especial. Las manicuristas las utilizan para aplicar geles. El procedimiento es el siguiente: pegar la punta, recortarla y darle forma.<\/li>\n\n\n\n<li>Tambi\u00e9n se utilizan las llamadas<strong> puntas l\u00edquidas <\/strong>. Se vierte un gel especial en un peque\u00f1o molde y cubre la placa de la u\u00f1a en un 70%. El producto se cura durante unos tres minutos bajo la luz ultravioleta. A continuaci\u00f3n, el t\u00e9cnico pule y moldea las u\u00f1as.<\/li>\n\n\n\n<li><strong>Extensi\u00f3n de clavos en los formularios.<\/strong>  Los formularios son plantillas especiales, desechables y reutilizables. Los primeros est\u00e1n hechos de una l\u00e1mina especial o papel grueso, los segundos &#8211; de tefl\u00f3n, metal o pl\u00e1stico (antes de cada uso se tratan con un antis\u00e9ptico). La extensi\u00f3n de la u\u00f1a en el formulario tiene varias ventajas. Lo primero y m\u00e1s importante: la placa de la u\u00f1a no est\u00e1 esmerilada. Este m\u00e9todo da la oportunidad de crear una curva suave, dando absolutamente cualquier forma e incluso cambiando la direcci\u00f3n del crecimiento.  <\/li>\n<\/ul>\n\n<h3 class=\"wp-block-heading\">Las u\u00f1as prot\u00e9sicas no son para:<\/h3>\n\n<ul class=\"wp-block-list\">\n<li>Tomar antibi\u00f3ticos y medicaci\u00f3n hormonal.<\/li>\n\n\n\n<li>Menstruaci\u00f3n en el momento de la intervenci\u00f3n y el d\u00eda anterior al inicio del ciclo.<\/li>\n\n\n\n<li>Embarazo y lactancia.<\/li>\n\n\n\n<li>Diabetes, enfermedades cardiovasculares, problemas de circulaci\u00f3n sangu\u00ednea.<\/li>\n\n\n\n<li>Herpes, especialmente si hay una erupci\u00f3n en las manos.<\/li>\n\n\n\n<li>Enfermedad de Graves.<\/li>\n\n\n\n<li>Trastornos f\u00fangicos.<\/li>\n\n\n\n<li>Aumento de la humedad en las manos. No es una contraindicaci\u00f3n absoluta, pero las u\u00f1as artificiales se despegan r\u00e1pidamente por partes, lo que obliga a hacer correcciones con demasiada frecuencia.<\/li>\n\n\n\n<li>Lesiones y hematomas en los dedos y debajo de las u\u00f1as.<\/li>\n<\/ul>\n\n<h3 class=\"wp-block-heading\">Cuidados posteriores:<\/h3>\n\n<ul class=\"wp-block-list\">\n<li>No utilice esmaltes de u\u00f1as a base de acetona.  <\/li>\n\n\n\n<li>Las tareas dom\u00e9sticas deben realizarse con guantes.  <\/li>\n\n\n\n<li>La correcci\u00f3n debe hacerse a tiempo.  <\/li>\n\n\n\n<li>Hay que tener cuidado en todo momento y evitar da\u00f1os mec\u00e1nicos. Est\u00e1 prohibido golpear con los clavos y abrir cualquier cosa con ellos.  <\/li>\n\n\n\n<li>Hay que tener cuidado con los cambios de temperatura. Las u\u00f1as no deben tocarse con calor, de lo contrario la manicura amarillear\u00e1, se agrietar\u00e1 y quedar\u00e1 inservible.<\/li>\n<\/ul>\n\n<div class=\"wp-block-columns is-layout-flex wp-container-core-columns-is-layout-28f84493 wp-block-columns-is-layout-flex\">\n<div class=\"wp-block-column is-layout-flow wp-block-column-is-layout-flow\" style=\"flex-basis:33.33%\">\n<figure class=\"wp-block-image alignright size-full is-resized\"><img fetchpriority=\"high\" decoding=\"async\" width=\"280\" height=\"210\" src=\"https:\/\/medclinics.com\/wp-content\/uploads\/2023\/12\/luxus-logo-1.webp\" alt=\"\" class=\"wp-image-119607\" style=\"width:193px;height:auto\" srcset=\"https:\/\/medclinics.com\/wp-content\/uploads\/2023\/12\/luxus-logo-1.webp 280w, https:\/\/medclinics.com\/wp-content\/uploads\/2023\/12\/luxus-logo-1-24x18.webp 24w, https:\/\/medclinics.com\/wp-content\/uploads\/2023\/12\/luxus-logo-1-36x27.webp 36w, https:\/\/medclinics.com\/wp-content\/uploads\/2023\/12\/luxus-logo-1-48x36.webp 48w\" sizes=\"(max-width: 280px) 100vw, 280px\" \/><\/figure>\n<\/div>\n\n\n\n<div class=\"wp-block-column is-vertically-aligned-center is-layout-flow wp-block-column-is-layout-flow\" style=\"flex-basis:66.66%\">\n<h3 class=\"wp-block-heading has-text-align-center\"><strong>Consiga sus u\u00f1as prot\u00e9sicas con  <\/strong><br\/><strong>\u00abGrupo Luxus Hair\u00bb<\/strong><\/h3>\n\n\n\n<p class=\"has-text-align-center\"><em><strong>\u00bb Cuidado del cabello y belleza, lujo para todos \u00ab<\/strong><\/em><\/p>\n\n\n\n<div class=\"wp-block-buttons is-content-justification-center is-layout-flex wp-container-core-buttons-is-layout-a89b3969 wp-block-buttons-is-layout-flex\">\n<div class=\"wp-block-button\"><a class=\"wp-block-button__link has-vivid-green-cyan-background-color has-background wp-element-button\" href=\"https:\/\/wa.me\/905322662716?text=From%20MedClinics\" target=\"_blank\" rel=\"noreferrer noopener nofollow\">Reserva en l\u00ednea por WhatsApp<\/a><\/div>\n<\/div>\n<\/div>\n<\/div>\n\n<h3 class=\"wp-block-heading\">Todo lo que necesita saber sobre las <a href=\"https:\/\/medclinics.com\/es\/operaciones-no-quirurgicas\/\" target=\"_blank\" rel=\"noreferrer noopener\">operaciones sin cirug\u00eda<\/a>, incluido el precio, los cuidados postoperatorios y el proceso de cicatrizaci\u00f3n, \u00a1o <a href=\"#requestform\">p\u00f3ngase en contacto con nosotros<\/a>!<\/h3>\n\n<h2 class=\"wp-block-heading\">PREGUNTAS FRECUENTES <\/h2>\n<div id=\"rank-math-faq\" class=\"rank-math-block\">\n<div class=\"rank-math-list \">\n<div id=\"faq-question-1685006580743\" class=\"rank-math-list-item\">\n<h3 class=\"rank-math-question \">\u00bfSon seguras las u\u00f1as prot\u00e9sicas?<\/h3>\n<div class=\"rank-math-answer \">\n\n<p>Las u\u00f1as postizas o artificiales pueden ser seguras si se aplican y mantienen correctamente. Es importante que las aplique un t\u00e9cnico de u\u00f1as profesional que utilice materiales de calidad. Un mantenimiento regular, una higiene adecuada y una extracci\u00f3n suave son esenciales para su seguridad. Tambi\u00e9n es importante conocer cualquier alergia o sensibilidad a los productos para las u\u00f1as. Siguiendo estas precauciones y acudiendo a un profesional, podr\u00e1 disfrutar de unas u\u00f1as prot\u00e9sicas minimizando los riesgos potenciales.<\/p>\n\n<\/div>\n<\/div>\n<div id=\"faq-question-1685006702278\" class=\"rank-math-list-item\">\n<h3 class=\"rank-math-question \">\u00bfSon reutilizables las u\u00f1as prot\u00e9sicas?<\/h3>\n<div class=\"rank-math-answer \">\n\n<p>La reutilizaci\u00f3n de los clavos prot\u00e9sicos depende del tipo de clavos y del adhesivo utilizado. Algunas u\u00f1as postizas, como las de presi\u00f3n o las reutilizables, se pueden quitar y volver a poner varias veces si est\u00e1n en buen estado y se cuidan adecuadamente. Sin embargo, otros tipos de u\u00f1as postizas, como las acr\u00edlicas o las de gel, no suelen ser reutilizables, ya que se aplican con un adhesivo fuerte y est\u00e1n pensadas para llevarlas hasta que un profesional las retira y las sustituye.<\/p>\n\n<\/div>\n<\/div>\n<div id=\"faq-question-1685006822117\" class=\"rank-math-list-item\">\n<h3 class=\"rank-math-question \">\u00bfC\u00f3mo se quitan las u\u00f1as postizas?<\/h3>\n<div class=\"rank-math-answer \">\n\n<p>Las u\u00f1as postizas, como las acr\u00edlicas o de gel, suelen retirarse siguiendo unos sencillos pasos. En primer lugar, la capa superior brillante de las u\u00f1as prot\u00e9sicas se pule suavemente para romper el sellado. A continuaci\u00f3n, se empapan las u\u00f1as en quitaesmalte de acetona, ya sea colocando las yemas de los dedos en un recipiente con acetona o envolvi\u00e9ndolas con bolas de algod\u00f3n empapadas en acetona. Tras unos 10-15 minutos de remojo, las u\u00f1as postizas ablandadas pueden empujarse suavemente y despegarse de las u\u00f1as naturales utilizando un empujador de cut\u00edculas o un palito de manicura de madera. Es importante ser suave y evitar forzar o hacer palanca con demasiada agresividad para evitar da\u00f1ar las u\u00f1as naturales. Una vez retiradas las u\u00f1as prot\u00e9sicas, se puede alisar cualquier resto con un pulidor de u\u00f1as y, a continuaci\u00f3n, lavarse las manos para eliminar cualquier resto. Por \u00faltimo, aplicar un aceite hidratante para u\u00f1as y cut\u00edculas ayuda a nutrir e hidratar las u\u00f1as naturales. Vale la pena se\u00f1alar que se recomienda la eliminaci\u00f3n profesional en un sal\u00f3n de belleza para una seguridad \u00f3ptima y para evitar posibles da\u00f1os a las u\u00f1as naturales.<\/p>\n\n<\/div>\n<\/div>\n<div id=\"faq-question-1685006864179\" class=\"rank-math-list-item\">\n<h3 class=\"rank-math-question \">\u00bfQu\u00e9 u\u00f1as postizas duran m\u00e1s?<\/h3>\n<div class=\"rank-math-answer \">\n\n<p>Las u\u00f1as acr\u00edlicas, las u\u00f1as de gel duro y las u\u00f1as de poligel son conocidas por su durabilidad y resultados duraderos. Las u\u00f1as de acr\u00edlico pueden durar 2-3 semanas, las de gel duro 3-4 semanas y las de poligel suelen durar 2-3 semanas antes de necesitar mantenimiento o un relleno. El cuidado adecuado de las u\u00f1as, su mantenimiento y la visita a un t\u00e9cnico de u\u00f1as cualificado son factores importantes para maximizar la vida \u00fatil de las u\u00f1as prot\u00e9sicas.<\/p>\n\n<\/div>\n<\/div>\n<div id=\"faq-question-1685009218702\" class=\"rank-math-list-item\">\n<h3 class=\"rank-math-question \">\u00bfCu\u00e1ndo no debo hacerme la manicura?<\/h3>\n<div class=\"rank-math-answer \">\n\n<p>Las extensiones de u\u00f1as no est\u00e1n permitidas si se est\u00e1 sometiendo a quimioterapia o tomando antibi\u00f3ticos (ya que el organismo produce sustancias que contribuyen al rechazo de las extensiones). Tampoco puedes hacerte la manicura si tienes una infecci\u00f3n por hongos. Las extensiones de u\u00f1as durante el embarazo tampoco son aconsejables.<\/p>\n\n<\/div>\n<\/div>\n<div id=\"faq-question-1685009219593\" class=\"rank-math-list-item\">\n<h3 class=\"rank-math-question \">\u00bfNecesito una manicura justo antes de hacerme la manicura?<\/h3>\n<div class=\"rank-math-answer \">\n\n<p>No es aconsejable hacerse la manicura antes de las extensiones de u\u00f1as, ya que no se debe da\u00f1ar la cut\u00edcula. Si prefiere una manicura h\u00fameda, debe hac\u00e9rsela tres o cuatro d\u00edas antes o despu\u00e9s de la extensi\u00f3n de u\u00f1as, no justo antes. La manicura a m\u00e1quina no tiene estas restricciones.<\/p>\n\n<\/div>\n<\/div>\n<div id=\"faq-question-1685009220534\" class=\"rank-math-list-item\">\n<h3 class=\"rank-math-question \">\u00bfEs cierto que las u\u00f1as se estropean, se rompen y no crecen correctamente tras la retirada de las extensiones de u\u00f1as?<\/h3>\n<div class=\"rank-math-answer \">\n\n<p>La tecnolog\u00eda moderna de extensi\u00f3n de u\u00f1as no es m\u00e1s perjudicial que el esmalte. Las u\u00f1as se estropean por culpa de maestros poco profesionales: por el fuerte limado y el uso de materiales de baja calidad.<\/p>\n\n<\/div>\n<\/div>\n<div id=\"faq-question-1685009221638\" class=\"rank-math-list-item\">\n<h3 class=\"rank-math-question \">\u00bfCu\u00e1l es la diferencia entre las extensiones de u\u00f1as acr\u00edlicas y las de gel?<\/h3>\n<div class=\"rank-math-answer \">\n\n<p>Las extensiones de u\u00f1as acr\u00edlicas y de gel utilizan t\u00e9cnicas diferentes. Durante el procedimiento con gel, la placa de la u\u00f1a se recubre de gel y despu\u00e9s se cura bajo una l\u00e1mpara UV. Las extensiones de u\u00f1as acr\u00edlicas no requieren exposici\u00f3n a los rayos UV.<\/p>\n\n<\/div>\n<\/div>\n<div id=\"faq-question-1685009222253\" class=\"rank-math-list-item\">\n<h3 class=\"rank-math-question \">\u00bfQu\u00e9 u\u00f1as son m\u00e1s resistentes: las acr\u00edlicas o las de gel?<\/h3>\n<div class=\"rank-math-answer \">\n\n<p>En general, las u\u00f1as acr\u00edlicas se consideran m\u00e1s resistentes, mientras que las de gel son m\u00e1s suaves para las propias u\u00f1as.<\/p>\n\n<\/div>\n<\/div>\n<div id=\"faq-question-1685009223605\" class=\"rank-math-list-item\">\n<h3 class=\"rank-math-question \">\u00bfQu\u00e9 es el fortalecimiento de u\u00f1as con gel?<\/h3>\n<div class=\"rank-math-answer \">\n\n<p>Las u\u00f1as se refuerzan con gel sobre sus propias u\u00f1as. Esto significa que se conservan la longitud y la forma de las u\u00f1as, pero se les da fuerza y brillo.<\/p>\n\n<\/div>\n<\/div>\n<div id=\"faq-question-1685009225608\" class=\"rank-math-list-item\">\n<h3 class=\"rank-math-question \">\u00bfPor qu\u00e9 necesito corregirme las u\u00f1as?<\/h3>\n<div class=\"rank-math-answer \">\n\n<p>A medida que la u\u00f1a vuelve a crecer, se forma una l\u00ednea sin gel (acr\u00edlico) cerca de la cut\u00edcula. Por lo tanto, se recomienda corregir las u\u00f1as cada 3-4 semanas para conseguir un aspecto cuidado.<\/p>\n\n<\/div>\n<\/div>\n<div id=\"faq-question-1685009226200\" class=\"rank-math-list-item\">\n<h3 class=\"rank-math-question \">\u00bfLas extensiones de u\u00f1as son perjudiciales?<\/h3>\n<div class=\"rank-math-answer \">\n\n<p>Absolutamente ning\u00fan da\u00f1o, ya que la placa de la u\u00f1a est\u00e1 completamente endurecida. Si sigue la t\u00e9cnica de extensi\u00f3n correcta, adem\u00e1s &#8211; sus u\u00f1as nativas no est\u00e1n expuestas al ambiente exterior debajo del material artificial.<\/p>\n\n<\/div>\n<\/div>\n<div id=\"faq-question-1685009226903\" class=\"rank-math-list-item\">\n<h3 class=\"rank-math-question \">\u00bfPuedo pintarme las u\u00f1as?<\/h3>\n<div class=\"rank-math-answer \">\n\n<p>Absolutamente, s\u00ed. Por cierto, el esmalte dura mucho m\u00e1s y queda mucho mejor en las u\u00f1as permanentes. Pero siempre debes utilizar un quitaesmalte que no contenga acetona.<\/p>\n\n<\/div>\n<\/div>\n<div id=\"faq-question-1685009484830\" class=\"rank-math-list-item\">\n<h3 class=\"rank-math-question \">\u00bfQu\u00e9 longitud pueden alcanzar mis u\u00f1as?<\/h3>\n<div class=\"rank-math-answer \">\n\n<p>Las u\u00f1as pueden alargarse hasta la longitud que se desee; todo depende de los gustos y preferencias personales. Sin embargo, a la hora de elegir la longitud, hay que tener en cuenta el factor dom\u00e9stico; por ejemplo, cuando se cuida a un beb\u00e9, no conviene llevar las u\u00f1as demasiado largas. La longitud \u00f3ptima es cuando el borde libre tiene la mitad de la longitud de la l\u00e1mina ungueal natural.<\/p>\n\n<\/div>\n<\/div>\n<div id=\"faq-question-1685009486016\" class=\"rank-math-list-item\">\n<h3 class=\"rank-math-question \">\u00bfQu\u00e9 tipo de dise\u00f1o puedo hacer en mis extensiones?<\/h3>\n<div class=\"rank-math-answer \">\n\n<p>Puede elegir el dise\u00f1o de u\u00f1as que desee: Franc\u00e9s: la placa de la u\u00f1a se cubre con un color lo m\u00e1s natural posible, mientras que en la punta se aplica un color blanco. Acuario: un efecto de imagen bajo el cristal; Pintura art\u00edstica: se dibujan todo tipo de motivos y dise\u00f1os en las u\u00f1as con un pincel fino; Tridimensional: se realizan elementos salientes en la placa de la u\u00f1a, Decoraci\u00f3n de u\u00f1as con cristales y pan de oro. Hoy en d\u00eda, los maestros de la manicura tienen una gran cantidad de ofertas. Cu\u00e1l prefiera depende s\u00f3lo de sus gustos y deseos.<\/p>\n\n<\/div>\n<\/div>\n<div id=\"faq-question-1685009486828\" class=\"rank-math-list-item\">\n<h3 class=\"rank-math-question \">\u00bfQu\u00e9 es la separaci\u00f3n de cut\u00edculas?<\/h3>\n<div class=\"rank-math-answer \">\n\n<p>Si no se preparan bien las u\u00f1as naturales antes de las extensiones, o si se utilizan acr\u00edlicos o geles de mala calidad, el material empieza a desprenderse por el lado de la cut\u00edcula, lo que se denomina descamaci\u00f3n. Se desprende en medio de las u\u00f1as naturales y, a veces, se cae por completo. La suciedad y la humedad pueden introducirse en los agujeros, y es muy malo para las u\u00f1as, donde pueden instalarse todo tipo de bacterias. Si ves que se te pelan las u\u00f1as, es la primera se\u00f1al de que tienes que cambiar de sistema, y posiblemente de t\u00e9cnico. En casos muy raros, el material puede ser rechazado por el organismo del cliente.<\/p>\n\n<\/div>\n<\/div>\n<div id=\"faq-question-1685009488696\" class=\"rank-math-list-item\">\n<h3 class=\"rank-math-question \">\u00bfCon qu\u00e9 frecuencia debo quitarme las u\u00f1as postizas para que las naturales puedan respirar?<\/h3>\n<div class=\"rank-math-answer \">\n\n<p>Las u\u00f1as son formaciones c\u00f3rneas que tienen una estructura laminar. No son capaces de respirar, evaporar la humedad, las u\u00f1as no necesitan alimento ni descanso, s\u00f3lo la matriz (el coraz\u00f3n de la u\u00f1a) est\u00e1 viva. Se encuentra bajo el lecho ungueal posterior y recibe ox\u00edgeno a trav\u00e9s del riego sangu\u00edneo. La propia placa de la u\u00f1a, que utilizamos en las extensiones, es una capa muerta de queratina. S\u00f3lo es necesario retirar las u\u00f1as cuando decida que ya no desea extenderlas durante un largo periodo de tiempo.<\/p>\n\n<\/div>\n<\/div>\n<\/div>\n<\/div>\n<p><\/p>\n\n<h3 class=\"wp-block-heading\">P\u00f3ngase en contacto con nosotros si tiene alguna pregunta.<\/h3>\n","protected":false},"excerpt":{"rendered":"<p>Las u\u00f1as postizas consisten en el uso de materiales de gel o acr\u00edlicos para dar a las u\u00f1as un aspecto [&hellip;]<\/p>\n","protected":false},"author":4,"featured_media":91143,"parent":0,"menu_order":0,"comment_status":"closed","ping_status":"closed","template":"","meta":{"site-sidebar-layout":"default","site-content-layout":"","ast-site-content-layout":"default","site-content-style":"default","site-sidebar-style":"default","ast-global-header-display":"","ast-banner-title-visibility":"","ast-main-header-display":"","ast-hfb-above-header-display":"","ast-hfb-below-header-display":"","ast-hfb-mobile-header-display":"","site-post-title":"","ast-breadcrumbs-content":"","ast-featured-img":"","footer-sml-layout":"","ast-disable-related-posts":"","theme-transparent-header-meta":"","adv-header-id-meta":"","stick-header-meta":"","header-above-stick-meta":"","header-main-stick-meta":"","header-below-stick-meta":"","astra-migrate-meta-layouts":"default","ast-page-background-enabled":"default","ast-page-background-meta":{"desktop":{"background-color":"var(--ast-global-color-4)","background-image":"","background-repeat":"repeat","background-position":"center center","background-size":"auto","background-attachment":"scroll","background-type":"","background-media":"","overlay-type":"","overlay-color":"","overlay-opacity":"","overlay-gradient":""},"tablet":{"background-color":"","background-image":"","background-repeat":"repeat","background-position":"center center","background-size":"auto","background-attachment":"scroll","background-type":"","background-media":"","overlay-type":"","overlay-color":"","overlay-opacity":"","overlay-gradient":""},"mobile":{"background-color":"","background-image":"","background-repeat":"repeat","background-position":"center center","background-size":"auto","background-attachment":"scroll","background-type":"","background-media":"","overlay-type":"","overlay-color":"","overlay-opacity":"","overlay-gradient":""}},"ast-content-background-meta":{"desktop":{"background-color":"var(--ast-global-color-5)","background-image":"","background-repeat":"repeat","background-position":"center center","background-size":"auto","background-attachment":"scroll","background-type":"","background-media":"","overlay-type":"","overlay-color":"","overlay-opacity":"","overlay-gradient":""},"tablet":{"background-color":"var(--ast-global-color-5)","background-image":"","background-repeat":"repeat","background-position":"center center","background-size":"auto","background-attachment":"scroll","background-type":"","background-media":"","overlay-type":"","overlay-color":"","overlay-opacity":"","overlay-gradient":""},"mobile":{"background-color":"var(--ast-global-color-5)","background-image":"","background-repeat":"repeat","background-position":"center center","background-size":"auto","background-attachment":"scroll","background-type":"","background-media":"","overlay-type":"","overlay-color":"","overlay-opacity":"","overlay-gradient":""}},"footnotes":""},"class_list":["post-146755","page","type-page","status-publish","has-post-thumbnail","hentry"],"_links":{"self":[{"href":"https:\/\/medclinics.com\/es\/wp-json\/wp\/v2\/pages\/146755","targetHints":{"allow":["GET"]}}],"collection":[{"href":"https:\/\/medclinics.com\/es\/wp-json\/wp\/v2\/pages"}],"about":[{"href":"https:\/\/medclinics.com\/es\/wp-json\/wp\/v2\/types\/page"}],"author":[{"embeddable":true,"href":"https:\/\/medclinics.com\/es\/wp-json\/wp\/v2\/users\/4"}],"replies":[{"embeddable":true,"href":"https:\/\/medclinics.com\/es\/wp-json\/wp\/v2\/comments?post=146755"}],"version-history":[{"count":0,"href":"https:\/\/medclinics.com\/es\/wp-json\/wp\/v2\/pages\/146755\/revisions"}],"wp:featuredmedia":[{"embeddable":true,"href":"https:\/\/medclinics.com\/es\/wp-json\/wp\/v2\/media\/91143"}],"wp:attachment":[{"href":"https:\/\/medclinics.com\/es\/wp-json\/wp\/v2\/media?parent=146755"}],"curies":[{"name":"wp","href":"https:\/\/api.w.org\/{rel}","templated":true}]}}