{"id":146743,"date":"2023-05-25T09:16:47","date_gmt":"2023-05-25T06:16:47","guid":{"rendered":"https:\/\/medclinics.com\/extension-de-pelo\/"},"modified":"2025-01-02T16:14:08","modified_gmt":"2025-01-02T13:14:08","slug":"extension-de-pelo","status":"publish","type":"page","link":"https:\/\/medclinics.com\/es\/extension-de-pelo\/","title":{"rendered":"Extensi\u00f3n de pelo"},"content":{"rendered":"\n<h2 class=\"wp-block-heading\">Las extensiones de cabello son una extensi\u00f3n de los propios mechones de pelo mediante la fijaci\u00f3n de cabello donante, ya sea artificial o natural.<\/h2>\n\n<p>La principal diferencia entre las extensiones y las pelucas, postizos y extensiones removibles es la fijaci\u00f3n segura de los mechones y el resultado duradero: sin correcci\u00f3n, las extensiones se llevan de 2 a 4 meses.<\/p>\n\n<h3 class=\"wp-block-heading\">Extensiones de cabello en c\u00e1psulas<\/h3>\n\n<p>La mejora implica el uso de c\u00e1psulas. Se trata de una c\u00e1psula discreta, de peque\u00f1o tama\u00f1o y disponible en una variedad de materiales de queratina, gel, resina y pegamento. Tambi\u00e9n existen microc\u00e1psulas, que son a\u00fan m\u00e1s ligeras. Todas las t\u00e9cnicas de c\u00e1psula se dividen en m\u00e9todos de extensi\u00f3n en fr\u00edo y en caliente.<\/p>\n\n<ul class=\"wp-block-list\">\n<li>Extensi\u00f3n en caliente  <\/li>\n<\/ul>\n\n<p>Una extensi\u00f3n caliente utiliza pinzas de 90-180 grados, que derriten la c\u00e1psula que conecta el cabello nativo con el cabello donante. El m\u00e9todo en caliente se divide en los dos estilos siguientes:<\/p>\n\n<ul class=\"wp-block-list\">\n<li><strong>Extensiones italianas<\/strong> &#8211; La c\u00e1psula est\u00e1 formada por queratina y tras el curado se asemeja a una placa plana, casi insensible. La correcci\u00f3n es necesaria despu\u00e9s de 3 meses.  <\/li>\n\n\n\n<li><strong>Extensi\u00f3n inglesa<\/strong> &#8211; Se utiliza resina de queratina como \u00abpegamento\u00bb &#8211; despu\u00e9s de calentarla con pinzas, se le da forma de grano redondeado. La correcci\u00f3n es necesaria despu\u00e9s de 3 meses.  <\/li>\n<\/ul>\n\n<p>Una gran desventaja de la extensi\u00f3n caliente es que las c\u00e1psulas no se pueden calentar: no debes lavarte el pelo con agua muy caliente, meterte en la sauna, utilizar un rizador u otros aparatos t\u00e9rmicos, porque las c\u00e1psulas se derretir\u00e1n y los mechones se caer\u00e1n.<\/p>\n\n<ul class=\"wp-block-list\">\n<li>Ampliaci\u00f3n en fr\u00edo  <\/li>\n<\/ul>\n\n<p>Las extensiones en fr\u00edo no suponen un estr\u00e9s t\u00e9rmico para el cabello, por lo que se consideran m\u00e1s seguras para la salud de tus mechones. La extensi\u00f3n en fr\u00edo est\u00e1 disponible en los siguientes tipos:<\/p>\n\n<ul class=\"wp-block-list\">\n<li><strong>Extensi\u00f3n espa\u00f1ola<\/strong>: se utiliza pegamento quir\u00fargico para fijar las mechas. La correcci\u00f3n es necesaria despu\u00e9s de 3 meses.<\/li>\n\n\n\n<li><strong>Extensi\u00f3n capilar ultras\u00f3nica o Hollywood<\/strong>: las mechas donantes se fijan mediante c\u00e1psulas de queratina y una m\u00e1quina de ultrasonidos. La correcci\u00f3n es necesaria despu\u00e9s de 2-3 meses.<\/li>\n\n\n\n<li><strong>Extensiones japonesas<\/strong>: se utilizan clips met\u00e1licos de 2-3 mm para alargar el cabello y fijar el pelo artificial al natural. La correcci\u00f3n es necesaria despu\u00e9s de 2 meses.<\/li>\n\n\n\n<li><strong>Extensi\u00f3n capilar brasile\u00f1a<\/strong> &#8211; los mechones de cabello se unen al tallo capilar trenzando el cabello donante con mechones naturales y fijando la uni\u00f3n con fibras sint\u00e9ticas, lo que t\u00e9cnicamente es similar a las rastas y los tejidos con Kanekalons. La correcci\u00f3n es necesaria despu\u00e9s de 3 meses.<\/li>\n\n\n\n<li><strong>Extensi\u00f3n de <a href=\"https:\/\/en.wikipedia.org\/wiki\/Artificial_hair_integrations\" target=\"_blank\" rel=\"noopener\">cabello con gel<\/a><\/strong> &#8211; los peluqueros fijan las mechas superpuestas al cabello con un gel especial y se forma la c\u00e1psula de fijaci\u00f3n. La correcci\u00f3n es necesaria despu\u00e9s de 2-4 meses.<\/li>\n<\/ul>\n\n<h3 class=\"wp-block-heading\">Extensiones sin c\u00e1psula<\/h3>\n\n<p>Esta extensi\u00f3n de cabello sin c\u00e1psulas se diferencia del m\u00e9todo anterior en que no requiere el uso de pegamento ni c\u00e1psulas; los mechones se sujetan con fundas termosensibles, que sujetan el cabello nativo y el que se extiende, y luego las fundas se sujetan con pinzas calentadas a 120 grados. Lo bueno de este m\u00e9todo es que los puntos de fijaci\u00f3n se encuentran en la parte posterior de la cabeza y son completamente invisibles a la vista y al tacto. Sin embargo, hay un inconveniente: no debes calentar el pelo a m\u00e1s de 100 grados, ya que las altas temperaturas pueden fundir las fundas. La correcci\u00f3n es necesaria al cabo de los meses.<\/p>\n\n<h3 class=\"wp-block-heading\">Extensiones de cinta<\/h3>\n\n<p>Las extensiones de cinta son una forma suave de alargar los mechones de su cabello intercalando los mechones originales entre dos bandas adhesivas de mechones donantes. Las extensiones de cinta se utilizan a menudo para engrosar cabellos escasos, alargar flequillos y mechones muy cortos, y tambi\u00e9n para mechones debilitados y delgados, debido al peso ultraligero de la cinta. La correcci\u00f3n de las extensiones de cinta es muy corta y se realiza cada 6-8 semanas.<\/p>\n\n<h3 class=\"wp-block-heading\">Extensiones de pelo<\/h3>\n\n<p>Otra forma suave de conseguir esa longitud tan codiciada es con las extensiones de mechones. Las trenzas son mechones de pelo que se sujetan con una sola tira de tela. Pueden ser desmontables (se sujetan con micropasadores y pueden retirarse en cualquier momento) o fijas (los mechones se fijan en trenzas o mechones de pelo mediante un pegamento especial o hilos de coser). La correcci\u00f3n es necesaria despu\u00e9s de 2-3 meses.<\/p>\n\n<h3 class=\"wp-block-heading\">Extensi\u00f3n de cabello no es para:<\/h3>\n\n<ul class=\"wp-block-list\">\n<li>Longitud del pelo inferior a 5 cm<\/li>\n\n\n\n<li>Su edad es inferior a 16 a\u00f1os<\/li>\n\n\n\n<li>Migra\u00f1as o dolores de cabeza intensos<\/li>\n\n\n\n<li>Cuero cabelludo sensible<\/li>\n\n\n\n<li>Ara\u00f1azos, abrasiones, cicatrices recientes y otras lesiones, o ca\u00edda grave del cabello.<\/li>\n\n\n\n<li>Cabello debilitado  <\/li>\n\n\n\n<li>Propenso a las alergias<\/li>\n\n\n\n<li>Afecciones del cuero cabelludo como eczema, seborrea, psoriasis, pediculosis, alopecia y diversas enfermedades f\u00fangicas.<\/li>\n\n\n\n<li>Ingesta de antibi\u00f3ticos fuertes, medicamentos hormonales, tratamiento de quimioterapia<\/li>\n<\/ul>\n\n<h3 class=\"wp-block-heading\">Cuidados posteriores:<\/h3>\n\n<ul class=\"wp-block-list\">\n<li>Se recomienda lavar el cabello con un champ\u00fa de pH neutro.  <\/li>\n\n\n\n<li>Despu\u00e9s del lavado, s\u00e9cate el pelo sec\u00e1ndolo suavemente con una toalla y sin rizarlo.<\/li>\n\n\n\n<li>Al secarse, utilice lo menos posible el secador y otros aparatos t\u00e9rmicos.  <\/li>\n\n\n\n<li>No te acuestes con la cabeza mojada. El cabello debe estar bien seco antes de acostarse, y los mechones recogidos en una coleta suelta o trenzados.<\/li>\n\n\n\n<li>Cuando vaya a una sauna, un ba\u00f1o o un sol\u00e1rium, proteja su cabello y sus extensiones del sobrecalentamiento con un gorro.  <\/li>\n\n\n\n<li>Para te\u00f1irte el pelo, acude a un especialista con experiencia en peluquer\u00eda, que lo te\u00f1ir\u00e1 uniformemente en toda su longitud.<\/li>\n\n\n\n<li>Es mejor que te peines en una peluquer\u00eda.<\/li>\n\n\n\n<li>Es necesario realizar ajustes peri\u00f3dicos en el crecimiento del propio cabello despu\u00e9s de las extensiones.<\/li>\n\n\n\n<li>Para mantener su propio cabello en reposo, es aconsejable retirar las extensiones una vez cada 3 meses. Esto se hace exclusivamente en la peluquer\u00eda.  <\/li>\n<\/ul>\n\n<div class=\"wp-block-columns is-layout-flex wp-container-core-columns-is-layout-28f84493 wp-block-columns-is-layout-flex\">\n<div class=\"wp-block-column is-layout-flow wp-block-column-is-layout-flow\" style=\"flex-basis:33.33%\">\n<figure class=\"wp-block-image alignright size-full is-resized\"><img fetchpriority=\"high\" decoding=\"async\" width=\"280\" height=\"210\" src=\"https:\/\/medclinics.com\/wp-content\/uploads\/2023\/12\/luxus-logo-1.webp\" alt=\"\" class=\"wp-image-119607\" style=\"width:193px;height:auto\" srcset=\"https:\/\/medclinics.com\/wp-content\/uploads\/2023\/12\/luxus-logo-1.webp 280w, https:\/\/medclinics.com\/wp-content\/uploads\/2023\/12\/luxus-logo-1-24x18.webp 24w, https:\/\/medclinics.com\/wp-content\/uploads\/2023\/12\/luxus-logo-1-36x27.webp 36w, https:\/\/medclinics.com\/wp-content\/uploads\/2023\/12\/luxus-logo-1-48x36.webp 48w\" sizes=\"(max-width: 280px) 100vw, 280px\" \/><\/figure>\n<\/div>\n\n\n\n<div class=\"wp-block-column is-vertically-aligned-center is-layout-flow wp-block-column-is-layout-flow\" style=\"flex-basis:66.66%\">\n<h3 class=\"wp-block-heading has-text-align-center\"><strong>Consigue tu extensi\u00f3n de pelo con  <\/strong><br\/><strong>\u00abGrupo Luxus Hair\u00bb<\/strong><\/h3>\n\n\n\n<p class=\"has-text-align-center\"><em><strong>\u00bb Cuidado del cabello y belleza, lujo para todos \u00ab<\/strong><\/em><\/p>\n<\/div>\n<\/div>\n\n<div class=\"wp-block-columns is-layout-flex wp-container-core-columns-is-layout-28f84493 wp-block-columns-is-layout-flex\">\n<div class=\"wp-block-column is-layout-flow wp-block-column-is-layout-flow\">\n<div class=\"wp-block-buttons is-content-justification-center is-layout-flex wp-container-core-buttons-is-layout-a89b3969 wp-block-buttons-is-layout-flex\">\n<div class=\"wp-block-button\"><a class=\"wp-block-button__link has-vivid-green-cyan-background-color has-background wp-element-button\" href=\"https:\/\/wa.me\/905322662716?text=From%20MedClinics\" target=\"_blank\" rel=\"noreferrer noopener nofollow\">Reserva en l\u00ednea por WhatsApp<\/a><\/div>\n<\/div>\n<\/div>\n<\/div>\n\n<h3 class=\"wp-block-heading\" style=\"font-size:18px\">Todo lo que necesita saber sobre las <a href=\"https:\/\/medclinics.com\/es\/operaciones-no-quirurgicas\/\" target=\"_blank\" rel=\"noreferrer noopener\">operaciones sin cirug\u00eda<\/a>, incluido el precio y m\u00e1s, \u00a1o <a href=\"#requestform\">p\u00f3ngase en contacto con nosotros<\/a>!<\/h3>\n\n<h2 class=\"wp-block-heading\">PREGUNTAS FRECUENTES <\/h2>\n<div id=\"rank-math-faq\" class=\"rank-math-block\">\n<div class=\"rank-math-list \">\n<div id=\"faq-question-1685005867417\" class=\"rank-math-list-item\">\n<h3 class=\"rank-math-question \">\u00bfLas extensiones son permanentes?<\/h3>\n<div class=\"rank-math-answer \">\n\n<p>Las extensiones no se consideran permanentes, ya que son a\u00f1adidos temporales al cabello natural. Suelen fijarse al cabello existente mediante diversos m\u00e9todos, como clips, cintas, agentes adhesivos o t\u00e9cnicas de tejido. El m\u00e9todo de fijaci\u00f3n determina el tiempo que las extensiones permanecer\u00e1n en su sitio. Aunque algunos m\u00e9todos permiten un desgaste m\u00e1s prolongado, siguen requiriendo un mantenimiento regular y su eventual retirada. La vida \u00fatil de las extensiones de cabello puede variar en funci\u00f3n de factores como la calidad de las extensiones, los cuidados que se les presten y el ritmo de crecimiento del cabello natural. En \u00faltima instancia, las extensiones de cabello ofrecen una soluci\u00f3n temporal para a\u00f1adir longitud, volumen o los estilos deseados al cabello, proporcionando versatilidad y la posibilidad de cambiar de look seg\u00fan se desee.<\/p>\n\n<\/div>\n<\/div>\n<div id=\"faq-question-1685005876240\" class=\"rank-math-list-item\">\n<h3 class=\"rank-math-question \">\u00bfSe puede lavar el pelo con extensiones?<\/h3>\n<div class=\"rank-math-answer \">\n\n<p>S\u00ed, puedes lavarte el pelo con extensiones. No obstante, el m\u00e9todo y la frecuencia pueden variar en funci\u00f3n del tipo de extensiones. Las extensiones con clip deben retirarse antes de lavarlas, mientras que los otros tipos pueden lavarse con las extensiones puestas. Utiliza productos suaves y evita aplicar productos pesados directamente sobre las extensiones. Un secado adecuado es importante para evitar problemas relacionados con la humedad. Para obtener los mejores resultados, siga las instrucciones de cuidado de su estilista o del fabricante.<\/p>\n\n<\/div>\n<\/div>\n<div id=\"faq-question-1685005948999\" class=\"rank-math-list-item\">\n<h3 class=\"rank-math-question \">\u00bfLas extensiones pueden da\u00f1ar el cabello?<\/h3>\n<div class=\"rank-math-answer \">\n\n<p>Las extensiones pueden da\u00f1ar el cabello natural si no se aplican o mantienen correctamente. Una aplicaci\u00f3n y retirada inadecuadas, as\u00ed como una tensi\u00f3n excesiva, pueden provocar la rotura y la ca\u00edda del cabello. Un cuidado inadecuado, como utilizar productos incompatibles o descuidar el lavado y acondicionamiento adecuados, puede provocar esteras, enredos y sequedad. Para minimizar el riesgo de da\u00f1os, es esencial consultar a un peluquero de confianza especializado en extensiones, seguir sus indicaciones sobre m\u00e9todos de colocaci\u00f3n y mantenimiento, y utilizar productos adecuados tanto para el cabello natural como para las extensiones. Las citas peri\u00f3dicas de mantenimiento y el tratamiento cuidadoso de las extensiones pueden ayudar a preservar la salud de su cabello natural mientras disfruta de las ventajas de las extensiones.<\/p>\n\n<\/div>\n<\/div>\n<div id=\"faq-question-1685006019098\" class=\"rank-math-list-item\">\n<h3 class=\"rank-math-question \">\u00bfMerecen la pena las extensiones?<\/h3>\n<div class=\"rank-math-answer \">\n\n<p>El valor de las extensiones de cabello es subjetivo y depende de las preferencias y circunstancias individuales. Para quienes buscan una melena m\u00e1s larga o con m\u00e1s volumen, las extensiones pueden ser una valiosa inversi\u00f3n, ya que aportan longitud y volumen al instante. Ofrecen versatilidad en el peinado, lo que permite realizar diversos peinados y mejorar el aspecto general. Las extensiones de cabello pueden ser especialmente beneficiosas para las personas con cabello fino o delgado, ya que proporcionan la apariencia de mechones m\u00e1s gruesos y voluminosos. Tambi\u00e9n ofrecen un cambio temporal sin alterar permanentemente el cabello.<\/p>\n\n<\/div>\n<\/div>\n<div id=\"faq-question-1685006098473\" class=\"rank-math-list-item\">\n<h3 class=\"rank-math-question \">\u00bfSon seguras las extensiones de cabello?<\/h3>\n<div class=\"rank-math-answer \">\n\n<p>Si se aplican y cuidan correctamente, las extensiones de cabello suelen ser seguras. Es fundamental que las aplique un estilista profesional especializado en extensiones para garantizar una fijaci\u00f3n adecuada y minimizar el riesgo de da\u00f1ar el cabello natural. El uso de extensiones de alta calidad fabricadas con cabello humano natural o materiales sint\u00e9ticos de alta calidad tambi\u00e9n puede contribuir a su seguridad y longevidad. Es importante seguir las instrucciones de mantenimiento y cuidado recomendadas por su estilista, as\u00ed como evitar el uso de productos agresivos o calor excesivo en las extensiones.<\/p>\n\n<\/div>\n<\/div>\n<div id=\"faq-question-1685008015061\" class=\"rank-math-list-item\">\n<h3 class=\"rank-math-question \">\u00bfPuedo lavarme o te\u00f1irme el pelo inmediatamente despu\u00e9s de las extensiones?<\/h3>\n<div class=\"rank-math-answer \">\n\n<p>No, no puedes hacerlo inmediatamente despu\u00e9s de las extensiones. S\u00f3lo podr\u00e1 hacerlo dos d\u00edas despu\u00e9s de la intervenci\u00f3n.<\/p>\n\n<\/div>\n<\/div>\n<div id=\"faq-question-1685008879124\" class=\"rank-math-list-item\">\n<h3 class=\"rank-math-question \">\u00bfPor qu\u00e9 te trenzas el pelo por la noche?<\/h3>\n<div class=\"rank-math-answer \">\n\n<p>La raz\u00f3n es que el pelo se enreda por la noche. Por eso, los expertos sugieren trenzar tus mechones en una trenza suelta o una coleta. Este m\u00e9todo no s\u00f3lo te ayuda a mantener el pelo en su sitio, sino que tambi\u00e9n le da a tus mechones unas bonitas ondas.<\/p>\n\n<\/div>\n<\/div>\n<div id=\"faq-question-1685008907059\" class=\"rank-math-list-item\">\n<h3 class=\"rank-math-question \">\u00bfHabr\u00e1 molestias, pesadez o dolores de cabeza?<\/h3>\n<div class=\"rank-math-answer \">\n\n<p>Si las extensiones de cabello se hacen tecnol\u00f3gicamente de forma correcta, no habr\u00e1 ninguna molestia. Por ejemplo, es importante no fijar los mechones contra el cuero cabelludo, y retroceder unos 0,5-1 cm. La sensaci\u00f3n de pesadez es bastante natural si has llevado un peinado ligero y corto durante muchos a\u00f1os y has decidido alargar los mechones largos.<\/p>\n\n<\/div>\n<\/div>\n<div id=\"faq-question-1685008943857\" class=\"rank-math-list-item\">\n<h3 class=\"rank-math-question \">\u00bfPuedo te\u00f1irme las extensiones?<\/h3>\n<div class=\"rank-math-answer \">\n\n<p>T\u00fa puedes. Existen tintes y champ\u00fas especiales para dar a tu pelo el tono adecuado. La coloraci\u00f3n de las ra\u00edces debe hacerse con cuidado y tambi\u00e9n debe dejarse en manos de un profesional. Lo que pasa es que hay que evitar que los hilos sobrantes se coloreen en las fijaciones. En las extensiones de cinta, por ejemplo, una t\u00e9cnica incorrecta para colorear las ra\u00edces puede hacer que la cinta de pol\u00edmero se ablande.<\/p>\n\n<\/div>\n<\/div>\n<div id=\"faq-question-1685008978182\" class=\"rank-math-list-item\">\n<h3 class=\"rank-math-question \">\u00bfCu\u00e1nto pueden durar las extensiones?<\/h3>\n<div class=\"rank-math-answer \">\n\n<p>Algunas tecnolog\u00edas permiten extender el pelo hasta 70 cm. La longitud m\u00ednima de los hilos adicionales es de 15 cm. La longitud \u00f3ptima de las extensiones se basa en la longitud de su propio cabello.<\/p>\n\n<\/div>\n<\/div>\n<div id=\"faq-question-1685009008316\" class=\"rank-math-list-item\">\n<h3 class=\"rank-math-question \">\u00bfQu\u00e9 longitud debe tener mi propio pelo?<\/h3>\n<div class=\"rank-math-answer \">\n\n<p>Tu propio pelo no debe medir menos de 7-10 cm. Si tu cabello original es de longitud media (10-15 cm), te conviene un peinado con extensiones de volumen escalonado de 50 cm. Si tu cabello original es lo suficientemente largo por s\u00ed solo (20 cm, por ejemplo), puedes seguir adelante y a\u00f1adir los mechones extra en cualquier longitud.<\/p>\n\n<\/div>\n<\/div>\n<div id=\"faq-question-1685009036754\" class=\"rank-math-list-item\">\n<h3 class=\"rank-math-question \">\u00bfLas extensiones est\u00e1n bien sujetas a mi cabeza?<\/h3>\n<div class=\"rank-math-answer \">\n\n<p>Las extensiones de pelo se fijan a la cabeza de una forma especial: con bandas, c\u00e1psulas, etc., seg\u00fan la tecnolog\u00eda. La fijaci\u00f3n es segura y la carga sobre el propio cabello se distribuye de forma que no lo traumatiza ni sobrecarga las ra\u00edces. Si sigues unas sencillas normas, podr\u00e1s llevar tus extensiones de pelo durante mucho tiempo, unos meses, y luego corregirlas y seguir llev\u00e1ndolas.<\/p>\n\n<\/div>\n<\/div>\n<div id=\"faq-question-1685009064784\" class=\"rank-math-list-item\">\n<h3 class=\"rank-math-question \">\u00bfPuedo ir de vacaciones al mar con extensiones?<\/h3>\n<div class=\"rank-math-answer \">\n\n<p>S\u00ed que puedes. Tambi\u00e9n puedes ir a la sauna y a la piscina.<\/p>\n\n<\/div>\n<\/div>\n<div id=\"faq-question-1685009090629\" class=\"rank-math-list-item\">\n<h3 class=\"rank-math-question \">\u00bfCu\u00e1ntos mechones o cintas necesito para mis extensiones?<\/h3>\n<div class=\"rank-math-answer \">\n\n<p>Para las extensiones, el cabello se elige en funci\u00f3n de su color, estructura, longitud deseada y, por supuesto, volumen. Cada uno de nosotros tiene su propio volumen, n\u00famero y estructura de pelo. Se necesita una media de 125-150 mechones de pelo.<\/p>\n\n<\/div>\n<\/div>\n<div id=\"faq-question-1685009120132\" class=\"rank-math-list-item\">\n<h3 class=\"rank-math-question \">\u00bfSer\u00e1n visibles las c\u00e1psulas o las cintas en la cabeza?<\/h3>\n<div class=\"rank-math-answer \">\n\n<p>Si tienes el pelo muy fino y poco abundante, en una coleta alta se ver\u00e1n las c\u00e1psulas laterales. Pero en este caso hay peque\u00f1os trucos para evitarlo, por ejemplo puedes colocar las c\u00e1psulas de forma que no sean visibles. Un maestro experimentado conoce estos secretos. Pero si tienes el pelo corto, quiz\u00e1 prefieras saltarte la coleta alta. Pero siempre puedes hacerte una coleta baja.<\/p>\n\n<\/div>\n<\/div>\n<\/div>\n<\/div>\n<p><\/p>\n\n<h3 class=\"wp-block-heading\">P\u00f3ngase en contacto con nosotros si tiene alguna pregunta.<\/h3>\n","protected":false},"excerpt":{"rendered":"<p>Las extensiones de cabello son una extensi\u00f3n de los propios mechones de pelo mediante la fijaci\u00f3n de cabello donante, ya [&hellip;]<\/p>\n","protected":false},"author":4,"featured_media":92643,"parent":0,"menu_order":0,"comment_status":"closed","ping_status":"closed","template":"","meta":{"site-sidebar-layout":"default","site-content-layout":"","ast-site-content-layout":"default","site-content-style":"default","site-sidebar-style":"default","ast-global-header-display":"","ast-banner-title-visibility":"","ast-main-header-display":"","ast-hfb-above-header-display":"","ast-hfb-below-header-display":"","ast-hfb-mobile-header-display":"","site-post-title":"","ast-breadcrumbs-content":"","ast-featured-img":"","footer-sml-layout":"","ast-disable-related-posts":"","theme-transparent-header-meta":"","adv-header-id-meta":"","stick-header-meta":"","header-above-stick-meta":"","header-main-stick-meta":"","header-below-stick-meta":"","astra-migrate-meta-layouts":"default","ast-page-background-enabled":"default","ast-page-background-meta":{"desktop":{"background-color":"var(--ast-global-color-4)","background-image":"","background-repeat":"repeat","background-position":"center center","background-size":"auto","background-attachment":"scroll","background-type":"","background-media":"","overlay-type":"","overlay-color":"","overlay-opacity":"","overlay-gradient":""},"tablet":{"background-color":"","background-image":"","background-repeat":"repeat","background-position":"center center","background-size":"auto","background-attachment":"scroll","background-type":"","background-media":"","overlay-type":"","overlay-color":"","overlay-opacity":"","overlay-gradient":""},"mobile":{"background-color":"","background-image":"","background-repeat":"repeat","background-position":"center center","background-size":"auto","background-attachment":"scroll","background-type":"","background-media":"","overlay-type":"","overlay-color":"","overlay-opacity":"","overlay-gradient":""}},"ast-content-background-meta":{"desktop":{"background-color":"var(--ast-global-color-5)","background-image":"","background-repeat":"repeat","background-position":"center center","background-size":"auto","background-attachment":"scroll","background-type":"","background-media":"","overlay-type":"","overlay-color":"","overlay-opacity":"","overlay-gradient":""},"tablet":{"background-color":"var(--ast-global-color-5)","background-image":"","background-repeat":"repeat","background-position":"center center","background-size":"auto","background-attachment":"scroll","background-type":"","background-media":"","overlay-type":"","overlay-color":"","overlay-opacity":"","overlay-gradient":""},"mobile":{"background-color":"var(--ast-global-color-5)","background-image":"","background-repeat":"repeat","background-position":"center center","background-size":"auto","background-attachment":"scroll","background-type":"","background-media":"","overlay-type":"","overlay-color":"","overlay-opacity":"","overlay-gradient":""}},"footnotes":""},"class_list":["post-146743","page","type-page","status-publish","has-post-thumbnail","hentry"],"_links":{"self":[{"href":"https:\/\/medclinics.com\/es\/wp-json\/wp\/v2\/pages\/146743","targetHints":{"allow":["GET"]}}],"collection":[{"href":"https:\/\/medclinics.com\/es\/wp-json\/wp\/v2\/pages"}],"about":[{"href":"https:\/\/medclinics.com\/es\/wp-json\/wp\/v2\/types\/page"}],"author":[{"embeddable":true,"href":"https:\/\/medclinics.com\/es\/wp-json\/wp\/v2\/users\/4"}],"replies":[{"embeddable":true,"href":"https:\/\/medclinics.com\/es\/wp-json\/wp\/v2\/comments?post=146743"}],"version-history":[{"count":0,"href":"https:\/\/medclinics.com\/es\/wp-json\/wp\/v2\/pages\/146743\/revisions"}],"wp:featuredmedia":[{"embeddable":true,"href":"https:\/\/medclinics.com\/es\/wp-json\/wp\/v2\/media\/92643"}],"wp:attachment":[{"href":"https:\/\/medclinics.com\/es\/wp-json\/wp\/v2\/media?parent=146743"}],"curies":[{"name":"wp","href":"https:\/\/api.w.org\/{rel}","templated":true}]}}