{"id":146731,"date":"2023-05-25T09:04:49","date_gmt":"2023-05-25T09:04:49","guid":{"rendered":"https:\/\/medclinics.com\/maquillaje-permanente\/"},"modified":"2024-04-04T19:34:44","modified_gmt":"2024-04-04T16:34:44","slug":"maquillaje-permanente","status":"publish","type":"page","link":"https:\/\/medclinics.com\/es\/maquillaje-permanente\/","title":{"rendered":"Maquillaje permanente"},"content":{"rendered":"\n<h3 class=\"wp-block-heading\">El maquillaje permanente es un procedimiento en el que se inyecta en la piel un pigmento, un tinte especial a base de minerales dise\u00f1ado espec\u00edficamente para el maquillaje permanente.<\/h3>\n\n<p>El maestro inyecta el pigmento en las capas m\u00e1s superficiales de la piel. La profundidad no es superior a 0,8-1 mm. Esto permite una menor duraci\u00f3n del efecto. Con el tiempo, el pigmento se disuelve gradualmente, se desvanece y, con el tiempo, es descompuesto por el organismo y eliminado de forma natural. El resultado es un maquillaje \u00abduradero\u00bb que realza con precisi\u00f3n sus rasgos.<\/p>\n\n<h4 class=\"wp-block-heading\">Existen varias t\u00e9cnicas de maquillaje permanente en funci\u00f3n de la zona afectada.<\/h4>\n\n<h3 class=\"wp-block-heading\">Los labios:<\/h3>\n\n<ul class=\"wp-block-list\">\n<li>Contorneado. Ideal para se\u00f1oras de mediana edad. El maquillaje corrige la forma de los labios agrietados. Visualmente, los labios parecen perfilados con un l\u00e1piz;<\/li>\n\n\n\n<li>Contorno con contorno. Una mancha permanente proporciona a los labios un contorno definido y chic y un color vibrante. Un efecto de barra de labios difuminada que aporta volumen visual a los labios;<\/li>\n\n\n\n<li>Naturale. Se trata de una t\u00e9cnica que utiliza ingredientes naturales y ecol\u00f3gicos. Es una ligera correcci\u00f3n dif\u00edcil de ver;<\/li>\n\n\n\n<li>Kajal ligero. Adecuado para labios perfectamente perfilados. Se inyecta un pigmento ligero en el contorno de los labios, que aporta volumen extra;<\/li>\n\n\n\n<li>Acuarela. Un sutil pigmento natural que se difumina por todo el labio sin un contorno definido;<\/li>\n\n\n\n<li>Pintalabios permanente. En este caso, el pigmento se elige con sumo cuidado, ya que rellena por completo la zona de los labios;<\/li>\n\n\n\n<li>T\u00e9cnica 3D. Se considera el tipo de permanente m\u00e1s sofisticado. Enmascara una forma de labios asim\u00e9trica y desigual, aporta el volumen deseado y hace que el color natural sea m\u00e1s exuberante. El procedimiento lleva mucho tiempo, ya que se realiza en varias sesiones utilizando varios colores.<\/li>\n<\/ul>\n\n<h3 class=\"wp-block-heading\">Cejas:<\/h3>\n\n<ul class=\"wp-block-list\">\n<li>M\u00e9todo capilar. Los pelos se dibujan uno a uno o en racimos con pinceladas de pigmento.<\/li>\n\n\n\n<li>M\u00e9todo del polvo. El pigmento se inyecta en puntos, creando un efecto de sombra.<\/li>\n\n\n\n<li>Una t\u00e9cnica mixta es una combinaci\u00f3n de las t\u00e9cnicas de polvo y pelo.<\/li>\n\n\n\n<li>Nano pulverizaci\u00f3n. En este caso, no existe un contorno claro, y el propio pigmento aporta el volumen deseado y hace que el color sea m\u00e1s brillante;<\/li>\n\n\n\n<li>Ombr\u00e9. Utilizando pigmento en varios tonos y sombreando suavemente, las cejas se dibujan con colores m\u00e1s claros en el puente de la nariz y m\u00e1s oscuros en las puntas.<\/li>\n<\/ul>\n\n<h3 class=\"wp-block-heading\">Ojos:<\/h3>\n\n<ul class=\"wp-block-list\">\n<li>Flecha. El tinte se aplica como un revestimiento s\u00f3lido en diferentes longitudes y grosores.<\/li>\n\n\n\n<li>Inter eyeliner. El pigmento se aplica entre las pesta\u00f1as, dando un aspecto dram\u00e1tico.<\/li>\n\n\n\n<li>Stouche. El efecto de ojos ahumados se consigue difuminando el pigmento en diferentes intensidades.<\/li>\n<\/ul>\n\n<h3 class=\"wp-block-heading\">Dermopigmentaci\u00f3n<\/h3>\n\n<p>es una forma de corregir las imperfecciones est\u00e9ticas permanentes o temporales de la piel mediante un maquillaje permanente poco profundo.<\/p>\n\n<ul class=\"wp-block-list\">\n<li>Restauraci\u00f3n del color del pez\u00f3n y cicatrizaci\u00f3n postoperatoria de la areola del pez\u00f3n (una de las zonas m\u00e1s populares para el camuflaje).<\/li>\n\n\n\n<li>Correcci\u00f3n del vit\u00edligo;<\/li>\n\n\n\n<li>Disimulaci\u00f3n de arrugas poco profundas;<\/li>\n\n\n\n<li>Ocultaci\u00f3n de peque\u00f1as quemaduras qu\u00edmicas;<\/li>\n\n\n\n<li>Disimular cicatrices y cicatrices (cicatrices tras acn\u00e9, cicatrices tras liposucci\u00f3n, cicatrices cerca de las orejas y en el cuero cabelludo resultantes de un lifting facial);<\/li>\n\n\n\n<li>Camuflaje de estr\u00edas<\/li>\n<\/ul>\n\n<h3 class=\"wp-block-heading\">Duraci\u00f3n:<\/h3>\n\n<h4 class=\"wp-block-heading\">El <a href=\"https:\/\/en.wikipedia.org\/wiki\/Permanent_makeup\" target=\"_blank\" rel=\"noreferrer noopener\">maquillaje permanente<\/a> (cejas, p\u00e1rpados, labios) dura de 1 a 3 a\u00f1os. La duraci\u00f3n del MP en la piel depende de muchos factores:<\/h4>\n\n<ul class=\"wp-block-list\">\n<li>El sistema inmunitario (si la persona est\u00e1 rara vez enferma, el sistema inmunitario funciona bien: elimina el pigmento m\u00e1s r\u00e1pidamente);<\/li>\n\n\n\n<li>Tipo de piel (la piel grasa retiene menos permanentes que la piel seca).<\/li>\n\n\n\n<li>Edad (cuanto mayor es la persona, m\u00e1s dura el PM)<\/li>\n\n\n\n<li>Color del pigmento (los tonos m\u00e1s claros duran menos, los m\u00e1s claros duran m\u00e1s);<\/li>\n\n\n\n<li>Sol\/bronceado (los rayos UVA tienen un efecto negativo sobre el maquillaje permanente, el bronceado requiere el uso de barras de protecci\u00f3n para tatuajes\/permanentes, protecci\u00f3n solar SPF 30, 50);<\/li>\n\n\n\n<li>El estilo de vida (entrenamientos, piscina, sauna, tratamientos cosm\u00e9ticos como peelings, limpiezas, etc., contribuyen a la r\u00e1pida liberaci\u00f3n del pigmento).<\/li>\n<\/ul>\n\n<h3 class=\"wp-block-heading\">PM no es para:<\/h3>\n\n<ul class=\"wp-block-list\">\n<li>Diabetes mellitus insulinodependiente<\/li>\n\n\n\n<li>Enfermedades asociadas a una reducci\u00f3n significativa de la coagulaci\u00f3n sangu\u00ednea<\/li>\n\n\n\n<li>Enfermedades som\u00e1ticas graves<\/li>\n\n\n\n<li>Enfermedades inflamatorias agudas<\/li>\n\n\n\n<li>Trastornos psiqui\u00e1tricos<\/li>\n\n\n\n<li>Epilepsia<\/li>\n\n\n\n<li>Hepatitis, VIH, SIDA<\/li>\n\n\n\n<li>Embarazo<\/li>\n\n\n\n<li>Periodo de lactancia<\/li>\n<\/ul>\n\n<h3 class=\"wp-block-heading\">Cuidados posteriores:<\/h3>\n\n<h4 class=\"wp-block-heading\">Para que el maquillaje permanente dure m\u00e1s tiempo, es esencial un mantenimiento cuidadoso y correcciones peri\u00f3dicas del color:<\/h4>\n\n<ul class=\"wp-block-list\">\n<li>La autoeliminaci\u00f3n o el rascado, as\u00ed como cualquier da\u00f1o mec\u00e1nico en las costras formadas tras el procedimiento, pueden provocar la desaparici\u00f3n del pigmento;<\/li>\n\n\n\n<li>No utilice tumbonas, spas, piscinas ni saunas durante quince d\u00edas;<\/li>\n\n\n\n<li>No debe utilizarse maquillaje durante el periodo de cicatrizaci\u00f3n.<\/li>\n\n\n\n<li>Para preservar el pigmento durante mucho tiempo al sol, debe utilizarse protector solar;<\/li>\n\n\n\n<li>Durante el primer periodo del tratamiento de maquillaje permanente, conviene tomar un medicamento antiv\u00edrico recetado por el esteticista;<\/li>\n\n\n\n<li>Para el cuidado de la piel de las zonas tratadas es necesario utilizar productos que le recomiende su esteticista;<\/li>\n\n\n\n<li>Debe realizarse una correcci\u00f3n de la pigmentaci\u00f3n, que depende del tipo de piel de cada persona. En la mayor\u00eda de los casos, la primera correcci\u00f3n se produce al cabo de un mes y la siguiente al cabo de un a\u00f1o.<\/li>\n\n\n\n<li>Para evitar la decoloraci\u00f3n del pigmento durante el primer tratamiento, evite los productos que contengan per\u00f3xido de hidr\u00f3geno y alcohol.<\/li>\n<\/ul>\n\n<h3 class=\"wp-block-heading\">Todo lo que necesita saber sobre las <a href=\"https:\/\/medclinics.com\/es\/operaciones-no-quirurgicas\/\" target=\"_blank\" rel=\"noreferrer noopener\">operaciones sin cirug\u00eda<\/a>, incluido el precio y m\u00e1s, \u00a1o <a href=\"#requestform\">p\u00f3ngase en contacto con nosotros<\/a>!<\/h3>\n\n<h2 class=\"wp-block-heading\">PREGUNTAS FRECUENTES <\/h2>\n<div id=\"rank-math-faq\" class=\"rank-math-block\">\n<div class=\"rank-math-list \">\n<div id=\"faq-question-1685004925144\" class=\"rank-math-list-item\">\n<h3 class=\"rank-math-question \">\u00bfC\u00f3mo se realiza el maquillaje permanente?<\/h3>\n<div class=\"rank-math-answer \">\n\n<p>El maquillaje permanente, tambi\u00e9n conocido como tatuaje cosm\u00e9tico o micropigmentaci\u00f3n, es un procedimiento que consiste en la aplicaci\u00f3n de pigmentos para realzar o reproducir el aspecto del maquillaje tradicional. El proceso comienza con una consulta en la que el cliente y un experto maquillador permanente discuten el resultado y el dise\u00f1o deseados. Puede aplicarse crema anest\u00e9sica para minimizar las molestias durante el procedimiento. Mediante un dispositivo manual con agujas est\u00e9riles, el artista implanta cuidadosamente pigmentos en la piel, creando el color y el efecto deseados. Se facilitan instrucciones para los cuidados posteriores, incluida una limpieza adecuada y la aplicaci\u00f3n de una pomada cicatrizante. Pueden ser necesarias sesiones de retoque para afinar el color y la forma. Es fundamental elegir a un artista reputado que siga unas pr\u00e1cticas de higiene estrictas, y aunque el maquillaje permanente es duradero, puede desvanecerse con el tiempo, lo que exige sesiones de mantenimiento para conservar el aspecto deseado.<\/p>\n\n<\/div>\n<\/div>\n<div id=\"faq-question-1685005140519\" class=\"rank-math-list-item\">\n<h3 class=\"rank-math-question \">\u00bfEs seguro el maquillaje permanente?<\/h3>\n<div class=\"rank-math-answer \">\n\n<p>S\u00ed, el maquillaje permanente suele considerarse seguro cuando lo realiza un profesional con formaci\u00f3n y experiencia en un entorno est\u00e9ril y controlado. Sin embargo, como en cualquier procedimiento est\u00e9tico, existen riesgos. Es importante elegir un artista reputado y cualificado que siga unas pr\u00e1cticas de higiene estrictas, utilice pigmentos de alta calidad y respete los protocolos de seguridad.<\/p>\n\n<\/div>\n<\/div>\n<div id=\"faq-question-1685005208738\" class=\"rank-math-list-item\">\n<h3 class=\"rank-math-question \">\u00bfEs doloroso el maquillaje permanente?<\/h3>\n<div class=\"rank-math-answer \">\n\n<p>El nivel de dolor experimentado durante un procedimiento de maquillaje permanente puede variar de una persona a otra. La mayor\u00eda de los pacientes refieren molestias m\u00ednimas o moderadas, que pueden controlarse con la aplicaci\u00f3n de cremas anest\u00e9sicas o anest\u00e9sicos t\u00f3picos. En general, el procedimiento se tolera bien, pero la tolerancia individual al dolor puede variar.<\/p>\n\n<\/div>\n<\/div>\n<div id=\"faq-question-1685005210371\" class=\"rank-math-list-item\">\n<h3 class=\"rank-math-question \">\u00bfMerece la pena el maquillaje permanente?<\/h3>\n<div class=\"rank-math-answer \">\n\n<p>El valor del maquillaje permanente es una decisi\u00f3n subjetiva que depende de las preferencias y circunstancias individuales. Para quienes buscan comodidad y ahorro de tiempo, el maquillaje permanente puede ser muy valioso, ya que elimina la necesidad de maquillarse a diario. La longevidad del maquillaje permanente tambi\u00e9n atrae a las personas que desean un aspecto uniforme sin la molestia de retoques frecuentes. El aspecto deseado y los rasgos espec\u00edficos que se desean realzar o definir tambi\u00e9n pueden influir en el valor percibido del maquillaje permanente. Sin embargo, es importante tener en cuenta el coste, el compromiso y los posibles riesgos asociados al procedimiento. La seguridad y la confianza en las habilidades del artista elegido son factores cruciales para garantizar una experiencia positiva. En \u00faltima instancia, sopesar las ventajas y los inconvenientes, junto con las consideraciones personales, puede ayudar a determinar si el maquillaje permanente merece la pena de forma individual.<\/p>\n\n<\/div>\n<\/div>\n<div id=\"faq-question-1685008030170\" class=\"rank-math-list-item\">\n<h3 class=\"rank-math-question \">\u00bfC\u00f3mo debo cuidar mi maquillaje permanente?<\/h3>\n<div class=\"rank-math-answer \">\n\n<p>Hasta que la cicatrizaci\u00f3n sea completa, lubrique la zona de maquillaje permanente 2-3 veces al d\u00eda con los productos recomendados por su esteticista. Utilizar un bastoncillo de algod\u00f3n, ligeramente y con moderaci\u00f3n. Evite los ba\u00f1os, saunas, piscinas, solariums y el contacto con bebidas calientes. No se exponga al sol. Cuando el maquillaje permanente haya formado costra, procure no mojar, frotar, rascar ni utilizar cosm\u00e9ticos.<\/p>\n\n<\/div>\n<\/div>\n<div id=\"faq-question-1685008031042\" class=\"rank-math-list-item\">\n<h3 class=\"rank-math-question \">\u00bfQu\u00e9 es el maquillaje permanente?<\/h3>\n<div class=\"rank-math-answer \">\n\n<p>Es casi lo mismo que un tatuaje, pero m\u00e1s superficial. Consiste en la inserci\u00f3n de un pigmento natural en las capas superiores de la piel mediante una peque\u00f1a aguja y una m\u00e1quina especial o un m\u00e9todo manual en la zona facial para crear maquillaje permanente, forma y color en la zona de los ojos, las cejas o los labios.<\/p>\n\n<\/div>\n<\/div>\n<div id=\"faq-question-1685008091743\" class=\"rank-math-list-item\">\n<h3 class=\"rank-math-question \">\u00bfDuele recibir un PM?<\/h3>\n<div class=\"rank-math-answer \">\n\n<p>Antes de la intervenci\u00f3n, se anestesia la zona pigmentada con anestesia local. Las modernas f\u00f3rmulas de aplicaci\u00f3n t\u00f3pica son r\u00e1pidas y eficaces para eliminar el dolor.<\/p>\n\n<\/div>\n<\/div>\n<div id=\"faq-question-1685008121226\" class=\"rank-math-list-item\">\n<h3 class=\"rank-math-question \">\u00bfQui\u00e9n no puede maquillarse de forma permanente?<\/h3>\n<div class=\"rank-math-answer \">\n\n<p>Personas que padecen diabetes, enfermedades cardiovasculares moderadas o graves, epilepsia, asma bronquial, herpes, exacerbaci\u00f3n de enfermedades cut\u00e1neas en el lugar de la pigmentaci\u00f3n, enfermedades de la sangre, tendencia a la formaci\u00f3n de cicatrices queloides, reacci\u00f3n al\u00e9rgica a la anestesia o a los tintes del maquillaje permanente. No se recomienda PM durante el embarazo, la menstruaci\u00f3n, las enfermedades v\u00edricas, la exacerbaci\u00f3n de enfermedades cr\u00f3nicas, la diston\u00eda vegetovascular y otras enfermedades vasculares.<\/p>\n\n<\/div>\n<\/div>\n<div id=\"faq-question-1685008155376\" class=\"rank-math-list-item\">\n<h3 class=\"rank-math-question \">\u00bfCu\u00e1l es la diferencia entre maquillaje permanente y tatuaje?<\/h3>\n<div class=\"rank-math-answer \">\n\n<p>El m\u00e9todo de inserci\u00f3n del tinte en el maquillaje permanente se diferencia del m\u00e9todo del tatuaje por una inserci\u00f3n m\u00e1s superficial del tinte en la piel, a nivel de la epidermis. El equipo para el maquillaje permanente es m\u00e1s complejo y se ha dise\u00f1ado para un trabajo m\u00e1s delicado y sensible. Los tintes para maquillaje permanente difieren en composici\u00f3n, consistencia y tama\u00f1o de las part\u00edculas colorantes de los tintes para tatuajes, lo que facilita y acelera su eliminaci\u00f3n de la piel.  <\/p>\n\n<\/div>\n<\/div>\n<div id=\"faq-question-1685008194999\" class=\"rank-math-list-item\">\n<h3 class=\"rank-math-question \">\u00bfCu\u00e1nto dura el maquillaje permanente?<\/h3>\n<div class=\"rank-math-answer \">\n\n<p>El efecto del maquillaje permanente suele durar entre uno y cinco a\u00f1os. Esta diferencia de tiempo depende de muchos factores. Puede depender del tipo y el estado de la piel, de la velocidad del metabolismo en el organismo, los tonos claros desaparecen del cuerpo m\u00e1s r\u00e1pidamente, en distintas zonas el maquillaje permanente dura de forma diferente debido a la intensidad de la circulaci\u00f3n sangu\u00ednea. Se recomienda concertar una cita con la esteticista al cabo de un a\u00f1o y, para mantener el maquillaje permanente en perfecto estado, se realiza cada uno o dos a\u00f1os.<\/p>\n\n<\/div>\n<\/div>\n<div id=\"faq-question-1685008219442\" class=\"rank-math-list-item\">\n<h3 class=\"rank-math-question \">\u00bfCu\u00e1nto tarda en curarse el maquillaje permanente?<\/h3>\n<div class=\"rank-math-answer \">\n\n<p>La cicatrizaci\u00f3n tras el maquillaje permanente es individual y dura de tres a ocho d\u00edas. Tras la intervenci\u00f3n puede producirse una hinchaz\u00f3n temporal, que desaparece al cabo de 2-3 horas el d\u00eda de la intervenci\u00f3n y al d\u00eda siguiente aparece por la ma\u00f1ana y desaparece en un par de horas. La hinchaz\u00f3n se alivia con una compresa fr\u00eda y seca, aplicada en la zona tratada durante 5-7 minutos.<\/p>\n\n<\/div>\n<\/div>\n<div id=\"faq-question-1685008245334\" class=\"rank-math-list-item\">\n<h3 class=\"rank-math-question \">\u00bfCu\u00e1ndo puedo maquillarme despu\u00e9s de PM?<\/h3>\n<div class=\"rank-math-answer \">\n\n<p>No se recomienda maquillar las zonas en las que se ha aplicado el maquillaje permanente hasta que hayan cicatrizado por completo (hasta que las costras se hayan desprendido por completo). Tras la cicatrizaci\u00f3n, puede maquillarse como de costumbre.<\/p>\n\n<\/div>\n<\/div>\n<div id=\"faq-question-1685008275591\" class=\"rank-math-list-item\">\n<h3 class=\"rank-math-question \">\u00bfPuedo hacer deporte y nadar el d\u00eda de la intervenci\u00f3n de maquillaje permanente?<\/h3>\n<div class=\"rank-math-answer \">\n\n<p>No haga ejercicio el d\u00eda de la intervenci\u00f3n ni los d\u00edas posteriores, durante el proceso de cicatrizaci\u00f3n. Evite las piscinas, saunas y ba\u00f1os de vapor durante al menos un mes.<\/p>\n\n<\/div>\n<\/div>\n<div id=\"faq-question-1685008346236\" class=\"rank-math-list-item\">\n<h3 class=\"rank-math-question \">\u00bfCu\u00e1l es la mejor \u00e9poca del a\u00f1o para el maquillaje permanente?<\/h3>\n<div class=\"rank-math-answer \">\n\n<p>El maquillaje permanente puede realizarse con seguridad en cualquier \u00e9poca del a\u00f1o.<\/p>\n\n<\/div>\n<\/div>\n<div id=\"faq-question-1685008377808\" class=\"rank-math-list-item\">\n<h3 class=\"rank-math-question \">\u00bfCu\u00e1l es el riesgo de infecci\u00f3n durante el procedimiento de maquillaje permanente?<\/h3>\n<div class=\"rank-math-answer \">\n\n<p>En todas las fases del procedimiento, el maestro cumple todos los requisitos sanitarios y de higiene. Para el procedimiento s\u00f3lo se utilizan agujas est\u00e9riles desechables (m\u00f3dulos desechables), que se abren en presencia del cliente.<\/p>\n\n<\/div>\n<\/div>\n<div id=\"faq-question-1685008417812\" class=\"rank-math-list-item\">\n<h3 class=\"rank-math-question \">\u00bfPor qu\u00e9 no se recomienda el maquillaje permanente durante el embarazo y la lactancia?<\/h3>\n<div class=\"rank-math-answer \">\n\n<p>Es mejor posponer el procedimiento porque durante el embarazo y la lactancia las mujeres tienen niveles elevados de prolactina, por lo que es imposible predecir la estabilizaci\u00f3n del color y los restos de pigmento de la piel.<\/p>\n\n<\/div>\n<\/div>\n<div id=\"faq-question-1685008467767\" class=\"rank-math-list-item\">\n<h3 class=\"rank-math-question \">\u00bfC\u00f3mo afecta el maquillaje permanente de cejas al crecimiento del vello?<\/h3>\n<div class=\"rank-math-answer \">\n\n<p>El maquillaje permanente no afecta al crecimiento de los fol\u00edculos pilosos. El pigmento se inyecta en la capa superior del epitelio, y los pelos crecen mucho m\u00e1s profundamente, por lo que no hay traumatismo. Por el contrario, con el tatuaje permanente, a los clientes por fin les vuelve a crecer el pelo que antes se arrancaban o se afeitaban.<\/p>\n\n<\/div>\n<\/div>\n<div id=\"faq-question-1685008570291\" class=\"rank-math-list-item\">\n<h3 class=\"rank-math-question \">\u00bfTengo que tomar algo antes de maquillarme los labios de forma permanente?<\/h3>\n<div class=\"rank-math-answer \">\n\n<p>Antes del maquillaje permanente de labios, es obligatorio tomar medicaci\u00f3n contra el herpes durante 3-5 d\u00edas. Como medida preventiva, se aconseja seguir tom\u00e1ndolos durante 5-7 d\u00edas despu\u00e9s del procedimiento.<\/p>\n\n<\/div>\n<\/div>\n<div id=\"faq-question-1685008632342\" class=\"rank-math-list-item\">\n<h3 class=\"rank-math-question \">\u00bfPuedo realizarme un maquillaje permanente inmediatamente despu\u00e9s de la eliminaci\u00f3n con l\u00e1ser de un antiguo MP?<\/h3>\n<div class=\"rank-math-answer \">\n\n<p>El maquillaje permanente puede aplicarse tras la eliminaci\u00f3n con l\u00e1ser como muy pronto despu\u00e9s de 1-1,5 meses. Durante este tiempo se eliminar\u00e1 el pigmento de la piel y estar\u00e1 lista para una nueva micropigmentaci\u00f3n.<\/p>\n\n<\/div>\n<\/div>\n<div id=\"faq-question-1685008666677\" class=\"rank-math-list-item\">\n<h3 class=\"rank-math-question \">\u00bfTengo que corregirme el maquillaje permanente?<\/h3>\n<div class=\"rank-math-answer \">\n\n<p>Siempre es necesaria una correcci\u00f3n de maquillaje permanente. Es un procedimiento necesario para fijar la forma, el color y el tono. Tras la correcci\u00f3n, el maquillaje permanente tendr\u00e1 un aspecto completo.<\/p>\n\n<\/div>\n<\/div>\n<div id=\"faq-question-1685008695720\" class=\"rank-math-list-item\">\n<h3 class=\"rank-math-question \">\u00bfCu\u00e1nto tarda el maquillaje permanente en estar completo?<\/h3>\n<div class=\"rank-math-answer \">\n\n<p>Tres semanas despu\u00e9s de la intervenci\u00f3n, el resultado final del maquillaje permanente ser\u00e1 visible.<\/p>\n\n<\/div>\n<\/div>\n<div id=\"faq-question-1685008727424\" class=\"rank-math-list-item\">\n<h3 class=\"rank-math-question \">\u00bfPuedo hacerme un nuevo tatuaje permanente de cejas sobre el anterior?<\/h3>\n<div class=\"rank-math-answer \">\n\n<p>Es posible, se hace por superposici\u00f3n. Si no est\u00e1 satisfecho con el color del antiguo tatuaje, primero hay que eliminarlo con l\u00e1ser.<\/p>\n\n<\/div>\n<\/div>\n<\/div>\n<\/div>\n<p><\/p>\n\n<h3 class=\"wp-block-heading\">P\u00f3ngase en contacto con nosotros si tiene alguna pregunta.<\/h3>\n","protected":false},"excerpt":{"rendered":"<p>El maquillaje permanente es un procedimiento en el que se inyecta en la piel un pigmento, un tinte especial a [&hellip;]<\/p>\n","protected":false},"author":4,"featured_media":92713,"parent":0,"menu_order":0,"comment_status":"closed","ping_status":"closed","template":"","meta":{"site-sidebar-layout":"default","site-content-layout":"","ast-site-content-layout":"default","site-content-style":"default","site-sidebar-style":"default","ast-global-header-display":"","ast-banner-title-visibility":"","ast-main-header-display":"","ast-hfb-above-header-display":"","ast-hfb-below-header-display":"","ast-hfb-mobile-header-display":"","site-post-title":"","ast-breadcrumbs-content":"","ast-featured-img":"","footer-sml-layout":"","ast-disable-related-posts":"","theme-transparent-header-meta":"","adv-header-id-meta":"","stick-header-meta":"","header-above-stick-meta":"","header-main-stick-meta":"","header-below-stick-meta":"","astra-migrate-meta-layouts":"default","ast-page-background-enabled":"default","ast-page-background-meta":{"desktop":{"background-color":"var(--ast-global-color-4)","background-image":"","background-repeat":"repeat","background-position":"center center","background-size":"auto","background-attachment":"scroll","background-type":"","background-media":"","overlay-type":"","overlay-color":"","overlay-opacity":"","overlay-gradient":""},"tablet":{"background-color":"","background-image":"","background-repeat":"repeat","background-position":"center center","background-size":"auto","background-attachment":"scroll","background-type":"","background-media":"","overlay-type":"","overlay-color":"","overlay-opacity":"","overlay-gradient":""},"mobile":{"background-color":"","background-image":"","background-repeat":"repeat","background-position":"center center","background-size":"auto","background-attachment":"scroll","background-type":"","background-media":"","overlay-type":"","overlay-color":"","overlay-opacity":"","overlay-gradient":""}},"ast-content-background-meta":{"desktop":{"background-color":"var(--ast-global-color-5)","background-image":"","background-repeat":"repeat","background-position":"center center","background-size":"auto","background-attachment":"scroll","background-type":"","background-media":"","overlay-type":"","overlay-color":"","overlay-opacity":"","overlay-gradient":""},"tablet":{"background-color":"var(--ast-global-color-5)","background-image":"","background-repeat":"repeat","background-position":"center center","background-size":"auto","background-attachment":"scroll","background-type":"","background-media":"","overlay-type":"","overlay-color":"","overlay-opacity":"","overlay-gradient":""},"mobile":{"background-color":"var(--ast-global-color-5)","background-image":"","background-repeat":"repeat","background-position":"center center","background-size":"auto","background-attachment":"scroll","background-type":"","background-media":"","overlay-type":"","overlay-color":"","overlay-opacity":"","overlay-gradient":""}},"footnotes":""},"class_list":["post-146731","page","type-page","status-publish","has-post-thumbnail","hentry"],"_links":{"self":[{"href":"https:\/\/medclinics.com\/es\/wp-json\/wp\/v2\/pages\/146731","targetHints":{"allow":["GET"]}}],"collection":[{"href":"https:\/\/medclinics.com\/es\/wp-json\/wp\/v2\/pages"}],"about":[{"href":"https:\/\/medclinics.com\/es\/wp-json\/wp\/v2\/types\/page"}],"author":[{"embeddable":true,"href":"https:\/\/medclinics.com\/es\/wp-json\/wp\/v2\/users\/4"}],"replies":[{"embeddable":true,"href":"https:\/\/medclinics.com\/es\/wp-json\/wp\/v2\/comments?post=146731"}],"version-history":[{"count":0,"href":"https:\/\/medclinics.com\/es\/wp-json\/wp\/v2\/pages\/146731\/revisions"}],"wp:featuredmedia":[{"embeddable":true,"href":"https:\/\/medclinics.com\/es\/wp-json\/wp\/v2\/media\/92713"}],"wp:attachment":[{"href":"https:\/\/medclinics.com\/es\/wp-json\/wp\/v2\/media?parent=146731"}],"curies":[{"name":"wp","href":"https:\/\/api.w.org\/{rel}","templated":true}]}}