{"id":146717,"date":"2023-05-22T08:44:17","date_gmt":"2023-05-22T05:44:17","guid":{"rendered":"https:\/\/medclinics.com\/terapia-con-celulas-madre-en-medicina-regenerativa\/"},"modified":"2025-01-24T21:43:45","modified_gmt":"2025-01-24T18:43:45","slug":"terapia-con-celulas-madre-en-medicina-regenerativa","status":"publish","type":"page","link":"https:\/\/medclinics.com\/es\/terapia-con-celulas-madre-en-medicina-regenerativa\/","title":{"rendered":"Terapia con c\u00e9lulas madre en medicina regenerativa"},"content":{"rendered":"\n<h2 class=\"wp-block-heading\">Si busca un avance revolucionario en el campo de los tratamientos m\u00e9dicos, la terapia con c\u00e9lulas madre en medicina regenerativa es muy prometedora.<\/h2>\n\n<p>Aunque la investigaci\u00f3n en el campo de la terapia con c\u00e9lulas madre sigue su curso, este tratamiento revolucionario ya est\u00e1 dando pasos importantes en el \u00e1mbito de la medicina regenerativa.<\/p>\n\n<p>La terapia con c\u00e9lulas madre implica la extracci\u00f3n y purificaci\u00f3n de c\u00e9lulas madre, ya sea del propio cuerpo del paciente o de un donante. A continuaci\u00f3n, estas potentes c\u00e9lulas se trasplantan a la zona afectada, con el objetivo de restaurar los tejidos, \u00f3rganos o c\u00e9lulas da\u00f1ados.<\/p>\n\n<p>El potencial de la terapia con c\u00e9lulas madre se extiende a una amplia gama de enfermedades y afecciones, como la leucemia, las lesiones medulares, la diabetes, la esclerosis m\u00faltiple, la enfermedad de Parkinson y el lupus, entre otras.<\/p>\n\n<p>Gracias a su capacidad para atacar las causas profundas de estas dolencias, <a href=\"https:\/\/en.wikipedia.org\/wiki\/Stem_cell\" target=\"_blank\" rel=\"noreferrer noopener\">la terapia con c\u00e9lulas<\/a> madre es muy prometedora para transformar el panorama de los tratamientos m\u00e9dicos y ofrecer esperanza a innumerables personas necesitadas de curaci\u00f3n y recuperaci\u00f3n.<\/p>\n\n<h3 class=\"wp-block-heading\">Todo lo que necesita saber sobre la <a href=\"https:\/\/medclinics.com\/es\/stem-cell-therapy-2\/\" target=\"_blank\" rel=\"noreferrer noopener\">terapia con c\u00e9lulas madre<\/a> est\u00e1 aqu\u00ed, \u00a1s\u00f3lo tiene que <a href=\"#requestform\">ponerse en contacto con nosotros<\/a>!<\/h3>\n\n<figure class=\"wp-block-image size-full\"><img fetchpriority=\"high\" decoding=\"async\" width=\"960\" height=\"540\" class=\"wp-image-97456\" src=\"https:\/\/medclinics.com\/wp-content\/uploads\/2023\/07\/stem-cell-therapy-in-regenerative-medicine-near-me-1.jpg\" alt=\"Terapia con c&#xE9;lulas madre en medicina regenerativa cerca de m&#xED;\" srcset=\"https:\/\/medclinics.com\/wp-content\/uploads\/2023\/07\/stem-cell-therapy-in-regenerative-medicine-near-me-1.jpg 960w, https:\/\/medclinics.com\/wp-content\/uploads\/2023\/07\/stem-cell-therapy-in-regenerative-medicine-near-me-1-500x281.jpg 500w, https:\/\/medclinics.com\/wp-content\/uploads\/2023\/07\/stem-cell-therapy-in-regenerative-medicine-near-me-1-768x432.jpg 768w, https:\/\/medclinics.com\/wp-content\/uploads\/2023\/07\/stem-cell-therapy-in-regenerative-medicine-near-me-1-24x14.jpg 24w, https:\/\/medclinics.com\/wp-content\/uploads\/2023\/07\/stem-cell-therapy-in-regenerative-medicine-near-me-1-36x20.jpg 36w, https:\/\/medclinics.com\/wp-content\/uploads\/2023\/07\/stem-cell-therapy-in-regenerative-medicine-near-me-1-48x27.jpg 48w\" sizes=\"(max-width: 960px) 100vw, 960px\" \/><\/figure>\n\n<h2 class=\"wp-block-heading\">PREGUNTAS FRECUENTES<\/h2>\n<div id=\"rank-math-faq\" class=\"rank-math-block\">\n<div class=\"rank-math-list \">\n<div id=\"faq-question-1685003707204\" class=\"rank-math-list-item\">\n<h3 class=\"rank-math-question \">\u00bfQu\u00e9 es la terapia con c\u00e9lulas madre en medicina regenerativa?<\/h3>\n<div class=\"rank-math-answer \">\n\n<p>La terapia con c\u00e9lulas madre en medicina regenerativa utiliza c\u00e9lulas madre para promover la reparaci\u00f3n y regeneraci\u00f3n de tejidos. Las c\u00e9lulas madre, obtenidas del paciente o de un donante, se trasplantan a tejidos u \u00f3rganos da\u00f1ados. Tienen la capacidad de diferenciarse en varios tipos de c\u00e9lulas, lo que contribuye al proceso de cicatrizaci\u00f3n. La terapia con c\u00e9lulas madre en medicina regenerativa resulta prometedora para tratar lesiones, enfermedades degenerativas, trastornos autoinmunes y da\u00f1os en \u00f3rganos. Las investigaciones en curso pretenden mejorar el potencial terap\u00e9utico de las c\u00e9lulas madre y ampliar sus aplicaciones en medicina regenerativa.<\/p>\n\n<\/div>\n<\/div>\n<div id=\"faq-question-1685003892451\" class=\"rank-math-list-item\">\n<h3 class=\"rank-math-question \">\u00bfC\u00f3mo funciona la terapia con c\u00e9lulas madre en medicina regenerativa?<\/h3>\n<div class=\"rank-math-answer \">\n\n<p>La terapia con c\u00e9lulas madre en medicina regenerativa funciona utilizando las caracter\u00edsticas \u00fanicas de las c\u00e9lulas madre para facilitar la reparaci\u00f3n y regeneraci\u00f3n de tejidos en el organismo. El proceso consiste en obtener c\u00e9lulas madre de fuentes como la m\u00e9dula \u00f3sea, el tejido adiposo o el tejido embrionario, ya sea del paciente o de un donante. Una vez cosechadas, las c\u00e9lulas madre se procesan y purifican cuidadosamente para garantizar su calidad y eliminar impurezas. A continuaci\u00f3n, se trasplantan a la zona del cuerpo deseada, ya sea mediante inyecciones, infusiones o procedimientos quir\u00fargicos. Una vez trasplantadas, las c\u00e9lulas madre tienen la extraordinaria capacidad de migrar a la zona da\u00f1ada o afectada. All\u00ed pueden diferenciarse en tipos celulares espec\u00edficos e integrarse en el tejido existente. Este proceso estimula el crecimiento de nuevas c\u00e9lulas, favorece la reparaci\u00f3n de los tejidos y reduce la inflamaci\u00f3n. Los efectos regenerativos de las c\u00e9lulas madre trasplantadas ayudan a restablecer la funcionalidad, mejorar el estado general y apoyar los procesos naturales de curaci\u00f3n del organismo. La investigaci\u00f3n y los avances continuos en la terapia con c\u00e9lulas madre siguen perfeccionando las t\u00e9cnicas y optimizando los resultados, ampliando las posibilidades de la medicina regenerativa.<\/p>\n\n<\/div>\n<\/div>\n<\/div>\n<\/div>\n<p>\u00a0<\/p>\n\n<h3 class=\"wp-block-heading\">P\u00f3ngase en contacto con nosotros si tiene alguna pregunta.<\/h3>\n","protected":false},"excerpt":{"rendered":"<p>Si busca un avance revolucionario en el campo de los tratamientos m\u00e9dicos, la terapia con c\u00e9lulas madre en medicina regenerativa [&hellip;]<\/p>\n","protected":false},"author":4,"featured_media":91998,"parent":0,"menu_order":0,"comment_status":"closed","ping_status":"closed","template":"","meta":{"site-sidebar-layout":"default","site-content-layout":"","ast-site-content-layout":"default","site-content-style":"default","site-sidebar-style":"default","ast-global-header-display":"","ast-banner-title-visibility":"","ast-main-header-display":"","ast-hfb-above-header-display":"","ast-hfb-below-header-display":"","ast-hfb-mobile-header-display":"","site-post-title":"","ast-breadcrumbs-content":"","ast-featured-img":"","footer-sml-layout":"","ast-disable-related-posts":"","theme-transparent-header-meta":"","adv-header-id-meta":"","stick-header-meta":"","header-above-stick-meta":"","header-main-stick-meta":"","header-below-stick-meta":"","astra-migrate-meta-layouts":"default","ast-page-background-enabled":"default","ast-page-background-meta":{"desktop":{"background-color":"var(--ast-global-color-4)","background-image":"","background-repeat":"repeat","background-position":"center center","background-size":"auto","background-attachment":"scroll","background-type":"","background-media":"","overlay-type":"","overlay-color":"","overlay-opacity":"","overlay-gradient":""},"tablet":{"background-color":"","background-image":"","background-repeat":"repeat","background-position":"center center","background-size":"auto","background-attachment":"scroll","background-type":"","background-media":"","overlay-type":"","overlay-color":"","overlay-opacity":"","overlay-gradient":""},"mobile":{"background-color":"","background-image":"","background-repeat":"repeat","background-position":"center center","background-size":"auto","background-attachment":"scroll","background-type":"","background-media":"","overlay-type":"","overlay-color":"","overlay-opacity":"","overlay-gradient":""}},"ast-content-background-meta":{"desktop":{"background-color":"var(--ast-global-color-5)","background-image":"","background-repeat":"repeat","background-position":"center center","background-size":"auto","background-attachment":"scroll","background-type":"","background-media":"","overlay-type":"","overlay-color":"","overlay-opacity":"","overlay-gradient":""},"tablet":{"background-color":"var(--ast-global-color-5)","background-image":"","background-repeat":"repeat","background-position":"center center","background-size":"auto","background-attachment":"scroll","background-type":"","background-media":"","overlay-type":"","overlay-color":"","overlay-opacity":"","overlay-gradient":""},"mobile":{"background-color":"var(--ast-global-color-5)","background-image":"","background-repeat":"repeat","background-position":"center center","background-size":"auto","background-attachment":"scroll","background-type":"","background-media":"","overlay-type":"","overlay-color":"","overlay-opacity":"","overlay-gradient":""}},"footnotes":""},"class_list":["post-146717","page","type-page","status-publish","has-post-thumbnail","hentry"],"_links":{"self":[{"href":"https:\/\/medclinics.com\/es\/wp-json\/wp\/v2\/pages\/146717","targetHints":{"allow":["GET"]}}],"collection":[{"href":"https:\/\/medclinics.com\/es\/wp-json\/wp\/v2\/pages"}],"about":[{"href":"https:\/\/medclinics.com\/es\/wp-json\/wp\/v2\/types\/page"}],"author":[{"embeddable":true,"href":"https:\/\/medclinics.com\/es\/wp-json\/wp\/v2\/users\/4"}],"replies":[{"embeddable":true,"href":"https:\/\/medclinics.com\/es\/wp-json\/wp\/v2\/comments?post=146717"}],"version-history":[{"count":0,"href":"https:\/\/medclinics.com\/es\/wp-json\/wp\/v2\/pages\/146717\/revisions"}],"wp:featuredmedia":[{"embeddable":true,"href":"https:\/\/medclinics.com\/es\/wp-json\/wp\/v2\/media\/91998"}],"wp:attachment":[{"href":"https:\/\/medclinics.com\/es\/wp-json\/wp\/v2\/media?parent=146717"}],"curies":[{"name":"wp","href":"https:\/\/api.w.org\/{rel}","templated":true}]}}