{"id":146705,"date":"2023-05-23T08:24:33","date_gmt":"2023-05-23T05:24:33","guid":{"rendered":"https:\/\/medclinics.com\/terapia-con-celulas-madre-en-cosmetica\/"},"modified":"2025-01-03T01:50:17","modified_gmt":"2025-01-02T22:50:17","slug":"terapia-con-celulas-madre-en-cosmetica","status":"publish","type":"page","link":"https:\/\/medclinics.com\/es\/terapia-con-celulas-madre-en-cosmetica\/","title":{"rendered":"Terapia con c\u00e9lulas madre en cosm\u00e9tica"},"content":{"rendered":"\n<h2 class=\"wp-block-heading\">Si busca las ilimitadas posibilidades de la terapia con c\u00e9lulas madre en cosm\u00e9tica, est\u00e1 en buenas manos.<\/h2>\n\n<p>La terapia con c\u00e9lulas madre en cosm\u00e9tica ofrece una soluci\u00f3n extraordinaria para mejorar la hidrataci\u00f3n, el tono y la elasticidad de la piel. Al aprovechar las propiedades regenerativas de las c\u00e9lulas madre, esta terapia de vanguardia puede revitalizar la piel envejecida o da\u00f1ada, reponiendo la hidrataci\u00f3n y favoreciendo un cutis flexible y radiante.  <\/p>\n\n<p>Adem\u00e1s, las <a href=\"https:\/\/en.wikipedia.org\/wiki\/Stem_cell\" target=\"_blank\" rel=\"noreferrer noopener\">c\u00e9lulas madre<\/a> estimulan la producci\u00f3n de col\u00e1geno y elastina, mejorando el tono y la firmeza de la piel para conseguir un aspecto m\u00e1s joven y el\u00e1stico. Con un potencial a\u00fan sin explotar, la terapia con c\u00e9lulas madre en cosm\u00e9tica allana el camino para avances transformadores.<\/p>\n\n<p>A medida que los investigadores siguen descubriendo todos sus beneficios, las posibilidades de la terapia con c\u00e9lulas madre en cosm\u00e9tica son ilimitadas. Aproveche este incre\u00edble avance y no olvide consultar a nuestros expertos sobre los extraordinarios acontecimientos que le esperan.<\/p>\n\n<h3 class=\"wp-block-heading\">Todo lo que necesita saber sobre la <a href=\"https:\/\/medclinics.com\/es\/stem-cell-therapy-2\/\" target=\"_blank\" rel=\"noreferrer noopener\">terapia con c\u00e9lulas madre<\/a> est\u00e1 aqu\u00ed, <a href=\"#requestform\">\u00a1cont\u00e1ctenos<\/a> ahora!<\/h3>\n\n<figure class=\"wp-block-image size-full\"><img fetchpriority=\"high\" decoding=\"async\" width=\"960\" height=\"540\" src=\"https:\/\/medclinics.com\/wp-content\/uploads\/2023\/07\/stem-cell-therapy-in-cosmetics-near-me.jpg\" alt=\"Terapia con c&#xE9;lulas madre en cosm&#xE9;tica cerca de m&#xED;\" class=\"wp-image-97414\" srcset=\"https:\/\/medclinics.com\/wp-content\/uploads\/2023\/07\/stem-cell-therapy-in-cosmetics-near-me.jpg 960w, https:\/\/medclinics.com\/wp-content\/uploads\/2023\/07\/stem-cell-therapy-in-cosmetics-near-me-500x281.jpg 500w, https:\/\/medclinics.com\/wp-content\/uploads\/2023\/07\/stem-cell-therapy-in-cosmetics-near-me-768x432.jpg 768w, https:\/\/medclinics.com\/wp-content\/uploads\/2023\/07\/stem-cell-therapy-in-cosmetics-near-me-24x14.jpg 24w, https:\/\/medclinics.com\/wp-content\/uploads\/2023\/07\/stem-cell-therapy-in-cosmetics-near-me-36x20.jpg 36w, https:\/\/medclinics.com\/wp-content\/uploads\/2023\/07\/stem-cell-therapy-in-cosmetics-near-me-48x27.jpg 48w\" sizes=\"(max-width: 960px) 100vw, 960px\" \/><\/figure>\n\n<h2 class=\"wp-block-heading\">PREGUNTAS FRECUENTES <\/h2>\n<div id=\"rank-math-faq\" class=\"rank-math-block\">\n<div class=\"rank-math-list \">\n<div id=\"faq-question-1685002520472\" class=\"rank-math-list-item\">\n<h3 class=\"rank-math-question \">\u00bfSe utilizan c\u00e9lulas madre en cosm\u00e9tica?<\/h3>\n<div class=\"rank-math-answer \">\n\n<p>S\u00ed, las c\u00e9lulas madre se utilizan en cosm\u00e9tica. La tecnolog\u00eda de c\u00e9lulas madre ha atra\u00eddo la atenci\u00f3n de la industria cosm\u00e9tica por sus potenciales propiedades regenerativas. Las c\u00e9lulas madre vegetales derivadas de fuentes como la manzana, la uva o el edelweiss se utilizan habitualmente en productos para el cuidado de la piel. Se cree que estas c\u00e9lulas madre poseen propiedades antioxidantes y son capaces de proteger y reparar la piel de los da\u00f1os medioambientales. Al incorporar c\u00e9lulas madre a las f\u00f3rmulas cosm\u00e9ticas, los fabricantes pretenden estimular la producci\u00f3n de col\u00e1geno, reducir la aparici\u00f3n de l\u00edneas finas y arrugas y mejorar la textura y el tono general de la piel.<\/p>\n\n<\/div>\n<\/div>\n<div id=\"faq-question-1685002653278\" class=\"rank-math-list-item\">\n<h3 class=\"rank-math-question \">\u00bfSon seguras las c\u00e9lulas madre para el cuidado de la piel?<\/h3>\n<div class=\"rank-math-answer \">\n\n<p>Todav\u00eda se est\u00e1 investigando la seguridad del uso de c\u00e9lulas madre en el cuidado de la piel. Las c\u00e9lulas madre de origen vegetal utilizadas en productos para el cuidado de la piel suelen considerarse seguras, pero la seguridad de otros tipos de c\u00e9lulas madre, como las de origen humano, sigue siendo objeto de investigaci\u00f3n. Los organismos reguladores supervisan las afirmaciones de los fabricantes de cosm\u00e9ticos y es importante buscar productos que hayan sido sometidos a pruebas de seguridad y cumplan las directrices.  <\/p>\n\n<\/div>\n<\/div>\n<\/div>\n<\/div>\n<p><\/p>\n\n<h3 class=\"wp-block-heading\">P\u00f3ngase en contacto con nosotros si tiene alguna pregunta.<\/h3>\n","protected":false},"excerpt":{"rendered":"<p>Si busca las ilimitadas posibilidades de la terapia con c\u00e9lulas madre en cosm\u00e9tica, est\u00e1 en buenas manos. La terapia con [&hellip;]<\/p>\n","protected":false},"author":4,"featured_media":91967,"parent":0,"menu_order":0,"comment_status":"closed","ping_status":"closed","template":"","meta":{"site-sidebar-layout":"default","site-content-layout":"","ast-site-content-layout":"default","site-content-style":"default","site-sidebar-style":"default","ast-global-header-display":"","ast-banner-title-visibility":"","ast-main-header-display":"","ast-hfb-above-header-display":"","ast-hfb-below-header-display":"","ast-hfb-mobile-header-display":"","site-post-title":"","ast-breadcrumbs-content":"","ast-featured-img":"","footer-sml-layout":"","ast-disable-related-posts":"","theme-transparent-header-meta":"","adv-header-id-meta":"","stick-header-meta":"","header-above-stick-meta":"","header-main-stick-meta":"","header-below-stick-meta":"","astra-migrate-meta-layouts":"default","ast-page-background-enabled":"default","ast-page-background-meta":{"desktop":{"background-color":"var(--ast-global-color-4)","background-image":"","background-repeat":"repeat","background-position":"center center","background-size":"auto","background-attachment":"scroll","background-type":"","background-media":"","overlay-type":"","overlay-color":"","overlay-opacity":"","overlay-gradient":""},"tablet":{"background-color":"","background-image":"","background-repeat":"repeat","background-position":"center center","background-size":"auto","background-attachment":"scroll","background-type":"","background-media":"","overlay-type":"","overlay-color":"","overlay-opacity":"","overlay-gradient":""},"mobile":{"background-color":"","background-image":"","background-repeat":"repeat","background-position":"center center","background-size":"auto","background-attachment":"scroll","background-type":"","background-media":"","overlay-type":"","overlay-color":"","overlay-opacity":"","overlay-gradient":""}},"ast-content-background-meta":{"desktop":{"background-color":"var(--ast-global-color-5)","background-image":"","background-repeat":"repeat","background-position":"center center","background-size":"auto","background-attachment":"scroll","background-type":"","background-media":"","overlay-type":"","overlay-color":"","overlay-opacity":"","overlay-gradient":""},"tablet":{"background-color":"var(--ast-global-color-5)","background-image":"","background-repeat":"repeat","background-position":"center center","background-size":"auto","background-attachment":"scroll","background-type":"","background-media":"","overlay-type":"","overlay-color":"","overlay-opacity":"","overlay-gradient":""},"mobile":{"background-color":"var(--ast-global-color-5)","background-image":"","background-repeat":"repeat","background-position":"center center","background-size":"auto","background-attachment":"scroll","background-type":"","background-media":"","overlay-type":"","overlay-color":"","overlay-opacity":"","overlay-gradient":""}},"footnotes":""},"class_list":["post-146705","page","type-page","status-publish","has-post-thumbnail","hentry"],"_links":{"self":[{"href":"https:\/\/medclinics.com\/es\/wp-json\/wp\/v2\/pages\/146705","targetHints":{"allow":["GET"]}}],"collection":[{"href":"https:\/\/medclinics.com\/es\/wp-json\/wp\/v2\/pages"}],"about":[{"href":"https:\/\/medclinics.com\/es\/wp-json\/wp\/v2\/types\/page"}],"author":[{"embeddable":true,"href":"https:\/\/medclinics.com\/es\/wp-json\/wp\/v2\/users\/4"}],"replies":[{"embeddable":true,"href":"https:\/\/medclinics.com\/es\/wp-json\/wp\/v2\/comments?post=146705"}],"version-history":[{"count":0,"href":"https:\/\/medclinics.com\/es\/wp-json\/wp\/v2\/pages\/146705\/revisions"}],"wp:featuredmedia":[{"embeddable":true,"href":"https:\/\/medclinics.com\/es\/wp-json\/wp\/v2\/media\/91967"}],"wp:attachment":[{"href":"https:\/\/medclinics.com\/es\/wp-json\/wp\/v2\/media?parent=146705"}],"curies":[{"name":"wp","href":"https:\/\/api.w.org\/{rel}","templated":true}]}}