{"id":146695,"date":"2023-05-23T07:38:19","date_gmt":"2023-05-23T04:38:19","guid":{"rendered":"https:\/\/medclinics.com\/transferencia-intratubarica-de-gametos-gift\/"},"modified":"2025-01-02T16:31:08","modified_gmt":"2025-01-02T13:31:08","slug":"transferencia-intratubarica-de-gametos-gift","status":"publish","type":"page","link":"https:\/\/medclinics.com\/es\/transferencia-intratubarica-de-gametos-gift\/","title":{"rendered":"Transferencia intratub\u00e1rica de gametos (GIFT)"},"content":{"rendered":"\n<h2 class=\"wp-block-heading\">Siga leyendo para informarse de todo lo que necesita saber sobre GIFT.<\/h2>\n\n<p>GIFT es la abreviatura de transferencia intratub\u00e1rica de gametos. Se trata de una mezcla de inseminaci\u00f3n y <a href=\"https:\/\/en.wikipedia.org\/wiki\/In_vitro_fertilisation\" target=\"_blank\" rel=\"noreferrer noopener\">fecundaci\u00f3n in vitro.<\/a><\/p>\n\n<p>Este m\u00e9todo suele utilizarse cuando no se puede determinar la causa de la infertilidad. Este m\u00e9todo tambi\u00e9n es adecuado si se ha depositado tejido similar al endometrio fuera del \u00fatero.<\/p>\n\n<p>Aqu\u00ed tambi\u00e9n se desencadena la ovulaci\u00f3n de la mujer con la ayuda de hormonas.<br\/>El esperma se extrae de la pareja masculina.<br\/>Posteriormente, el esperma y los \u00f3vulos se transfieren por separado a la trompa de Falopio.<br\/>La fecundaci\u00f3n propiamente dicha de los \u00f3vulos tiene lugar en las trompas de Falopio. A continuaci\u00f3n, el huevo migra de forma natural al \u00fatero y anida all\u00ed.<\/p>\n\n<p><strong>El porcentaje de \u00e9xito ronda el 20%.<\/strong><\/p>\n\n<h3 class=\"wp-block-heading\">Todo lo que necesita saber sobre la <a href=\"https:\/\/medclinics.com\/es\/fiv-2\/\" target=\"_blank\" rel=\"noreferrer noopener\">fecundaci\u00f3n in vitro<\/a>, incluidos los cuidados postoperatorios y el proceso de curaci\u00f3n, o p\u00f3ngase <a href=\"#requestform\">en contacto con nosotros<\/a>.<\/h3>\n\n<figure class=\"wp-block-image size-full\"><img fetchpriority=\"high\" decoding=\"async\" width=\"960\" height=\"540\" src=\"https:\/\/medclinics.com\/wp-content\/uploads\/2023\/07\/intratubal-gamete-transfer-near-me.jpg\" alt=\"Transferencia intratub&#xE1;rica de gametos (GIFT) cerca de m&#xED; Estambul\" class=\"wp-image-97432\" srcset=\"https:\/\/medclinics.com\/wp-content\/uploads\/2023\/07\/intratubal-gamete-transfer-near-me.jpg 960w, https:\/\/medclinics.com\/wp-content\/uploads\/2023\/07\/intratubal-gamete-transfer-near-me-500x281.jpg 500w, https:\/\/medclinics.com\/wp-content\/uploads\/2023\/07\/intratubal-gamete-transfer-near-me-768x432.jpg 768w, https:\/\/medclinics.com\/wp-content\/uploads\/2023\/07\/intratubal-gamete-transfer-near-me-24x14.jpg 24w, https:\/\/medclinics.com\/wp-content\/uploads\/2023\/07\/intratubal-gamete-transfer-near-me-36x20.jpg 36w, https:\/\/medclinics.com\/wp-content\/uploads\/2023\/07\/intratubal-gamete-transfer-near-me-48x27.jpg 48w\" sizes=\"(max-width: 960px) 100vw, 960px\" \/><\/figure>\n\n<h2 class=\"wp-block-heading\">PREGUNTAS FRECUENTES<\/h2>\n<div id=\"rank-math-faq\" class=\"rank-math-block\">\n<div class=\"rank-math-list \">\n<div id=\"faq-question-1684999618844\" class=\"rank-math-list-item\">\n<h3 class=\"rank-math-question \">\u00bfQu\u00e9 es una transferencia de gametos?<\/h3>\n<div class=\"rank-math-answer \">\n\n<p>La transferencia de gametos se refiere al proceso de transferir \u00f3vulos o esperma de un individuo a otro con fines reproductivos. Se utiliza habitualmente en las tecnolog\u00edas de reproducci\u00f3n asistida para facilitar la fecundaci\u00f3n y el embarazo. La transferencia de ovocitos consiste en transferir \u00f3vulos al \u00fatero de otra mujer, mientras que la transferencia de esperma consiste en transferir esperma a un receptor para inseminaci\u00f3n o procedimientos de reproducci\u00f3n asistida. Estas t\u00e9cnicas ofrecen opciones a las personas y parejas que se enfrentan a la infertilidad o a problemas reproductivos.<\/p>\n\n<\/div>\n<\/div>\n<div id=\"faq-question-1684999620877\" class=\"rank-math-list-item\">\n<h3 class=\"rank-math-question \">\u00bfQu\u00e9 es la transferencia intratub\u00e1rica de gametos?<\/h3>\n<div class=\"rank-math-answer \">\n\n<p>La transferencia intratub\u00e1rica de gametos es una t\u00e9cnica de tratamiento de la fertilidad que consiste en transferir tanto \u00f3vulos como espermatozoides a las trompas de Falopio, lo que permite que la fecundaci\u00f3n se produzca de forma natural dentro del cuerpo de la mujer. Es una alternativa a la fecundaci\u00f3n in vitro (FIV), en la que la fecundaci\u00f3n tiene lugar fuera del cuerpo, en un laboratorio.<\/p>\n\n<\/div>\n<\/div>\n<div id=\"faq-question-1684999746357\" class=\"rank-math-list-item\">\n<h3 class=\"rank-math-question \">\u00bfQu\u00e9 es la GIFT frente a la FIV?<\/h3>\n<div class=\"rank-math-answer \">\n\n<p>Tanto la GIFT como la FIV son opciones de tratamiento de la fertilidad, pero difieren en c\u00f3mo y d\u00f3nde tiene lugar la fecundaci\u00f3n. En la GIFT, \u00f3vulos y espermatozoides se combinan en una placa de laboratorio y luego se transfieren a las trompas de Falopio de la mujer, lo que permite que la fecundaci\u00f3n se produzca de forma natural dentro del organismo. Por otro lado, la FIV consiste en fecundar \u00f3vulos con espermatozoides en un laboratorio, tras lo cual se cultivan los embriones resultantes antes de transferirlos al \u00fatero de la mujer. La GIFT es adecuada para parejas con una funci\u00f3n esperm\u00e1tica normal y trompas de Falopio permeables, mientras que la FIV es una opci\u00f3n m\u00e1s vers\u00e1til para diversos problemas de fertilidad, como trompas de Falopio obstruidas, bajo recuento de espermatozoides o edad materna avanzada. La elecci\u00f3n entre la GIFT y la FIV depende de las circunstancias individuales y de las recomendaciones de un especialista en fertilidad.<\/p>\n\n<\/div>\n<\/div>\n<\/div>\n<\/div>\n<p>\u00a0<\/p>\n\n<h3 class=\"wp-block-heading\">P\u00f3ngase en contacto con nosotros si tiene alguna pregunta.<\/h3>\n","protected":false},"excerpt":{"rendered":"<p>Siga leyendo para informarse de todo lo que necesita saber sobre GIFT. GIFT es la abreviatura de transferencia intratub\u00e1rica de [&hellip;]<\/p>\n","protected":false},"author":4,"featured_media":91627,"parent":0,"menu_order":0,"comment_status":"closed","ping_status":"closed","template":"","meta":{"site-sidebar-layout":"default","site-content-layout":"","ast-site-content-layout":"default","site-content-style":"default","site-sidebar-style":"default","ast-global-header-display":"","ast-banner-title-visibility":"","ast-main-header-display":"","ast-hfb-above-header-display":"","ast-hfb-below-header-display":"","ast-hfb-mobile-header-display":"","site-post-title":"","ast-breadcrumbs-content":"","ast-featured-img":"","footer-sml-layout":"","ast-disable-related-posts":"","theme-transparent-header-meta":"","adv-header-id-meta":"","stick-header-meta":"","header-above-stick-meta":"","header-main-stick-meta":"","header-below-stick-meta":"","astra-migrate-meta-layouts":"default","ast-page-background-enabled":"default","ast-page-background-meta":{"desktop":{"background-color":"var(--ast-global-color-4)","background-image":"","background-repeat":"repeat","background-position":"center center","background-size":"auto","background-attachment":"scroll","background-type":"","background-media":"","overlay-type":"","overlay-color":"","overlay-opacity":"","overlay-gradient":""},"tablet":{"background-color":"","background-image":"","background-repeat":"repeat","background-position":"center center","background-size":"auto","background-attachment":"scroll","background-type":"","background-media":"","overlay-type":"","overlay-color":"","overlay-opacity":"","overlay-gradient":""},"mobile":{"background-color":"","background-image":"","background-repeat":"repeat","background-position":"center center","background-size":"auto","background-attachment":"scroll","background-type":"","background-media":"","overlay-type":"","overlay-color":"","overlay-opacity":"","overlay-gradient":""}},"ast-content-background-meta":{"desktop":{"background-color":"var(--ast-global-color-5)","background-image":"","background-repeat":"repeat","background-position":"center center","background-size":"auto","background-attachment":"scroll","background-type":"","background-media":"","overlay-type":"","overlay-color":"","overlay-opacity":"","overlay-gradient":""},"tablet":{"background-color":"var(--ast-global-color-5)","background-image":"","background-repeat":"repeat","background-position":"center center","background-size":"auto","background-attachment":"scroll","background-type":"","background-media":"","overlay-type":"","overlay-color":"","overlay-opacity":"","overlay-gradient":""},"mobile":{"background-color":"var(--ast-global-color-5)","background-image":"","background-repeat":"repeat","background-position":"center center","background-size":"auto","background-attachment":"scroll","background-type":"","background-media":"","overlay-type":"","overlay-color":"","overlay-opacity":"","overlay-gradient":""}},"footnotes":""},"class_list":["post-146695","page","type-page","status-publish","has-post-thumbnail","hentry"],"_links":{"self":[{"href":"https:\/\/medclinics.com\/es\/wp-json\/wp\/v2\/pages\/146695","targetHints":{"allow":["GET"]}}],"collection":[{"href":"https:\/\/medclinics.com\/es\/wp-json\/wp\/v2\/pages"}],"about":[{"href":"https:\/\/medclinics.com\/es\/wp-json\/wp\/v2\/types\/page"}],"author":[{"embeddable":true,"href":"https:\/\/medclinics.com\/es\/wp-json\/wp\/v2\/users\/4"}],"replies":[{"embeddable":true,"href":"https:\/\/medclinics.com\/es\/wp-json\/wp\/v2\/comments?post=146695"}],"version-history":[{"count":0,"href":"https:\/\/medclinics.com\/es\/wp-json\/wp\/v2\/pages\/146695\/revisions"}],"wp:featuredmedia":[{"embeddable":true,"href":"https:\/\/medclinics.com\/es\/wp-json\/wp\/v2\/media\/91627"}],"wp:attachment":[{"href":"https:\/\/medclinics.com\/es\/wp-json\/wp\/v2\/media?parent=146695"}],"curies":[{"name":"wp","href":"https:\/\/api.w.org\/{rel}","templated":true}]}}