{"id":146681,"date":"2023-05-21T07:19:26","date_gmt":"2023-05-21T04:19:26","guid":{"rendered":"https:\/\/medclinics.com\/inyeccion-intracitoplasmatica-de-espermatozoides-icsi\/"},"modified":"2025-01-02T16:30:53","modified_gmt":"2025-01-02T13:30:53","slug":"inyeccion-intracitoplasmatica-de-espermatozoides-icsi","status":"publish","type":"page","link":"https:\/\/medclinics.com\/es\/inyeccion-intracitoplasmatica-de-espermatozoides-icsi\/","title":{"rendered":"Inyecci\u00f3n intracitoplasm\u00e1tica de espermatozoides (ICSI)"},"content":{"rendered":"\n<h2 class=\"wp-block-heading\">Todo sobre La inyecci\u00f3n intracitoplasm\u00e1tica de espermatozoides est\u00e1 aqu\u00ed.<\/h2>\n\n<p>Este m\u00e9todo se considera una variante de la FIV. Se recogen \u00f3vulos y espermatozoides de ambos miembros de la pareja y la fecundaci\u00f3n tiene lugar en condiciones de laboratorio en un tubo de ensayo.<\/p>\n\n<p>La \u00fanica diferencia es el m\u00e9todo de fecundaci\u00f3n del \u00f3vulo.<\/p>\n\n<p>En este caso, tambi\u00e9n se prepara a la mujer para el tratamiento con la misma terapia hormonal.<br\/>Los espermatozoides de la pareja se recogen del eyaculado o quir\u00fargicamente de los test\u00edculos o el epid\u00eddimo.<\/p>\n\n<p>A continuaci\u00f3n, se inyecta un espermatozoide directamente en el \u00f3vulo de la mujer en condiciones de laboratorio.<\/p>\n\n<p><a href=\"https:\/\/en.wikipedia.org\/wiki\/In_vitro_fertilisation\" target=\"_blank\" rel=\"noopener\">Transcurridas entre 16 y 20 horas<\/a>, es posible ver si se ha producido la fecundaci\u00f3n.<\/p>\n\n<p>Este m\u00e9todo se utiliza principalmente cuando el hombre tiene muy pocos espermatozoides en el eyaculado o no son lo suficientemente m\u00f3viles. La fecundaci\u00f3n tambi\u00e9n puede realizarse por este m\u00e9todo si las trompas de Falopio est\u00e1n enfermas.<\/p>\n\n<p><strong>La tasa de \u00e9xito de la ICSI es de aproximadamente el 25%.<\/strong><\/p>\n\n<h3 class=\"wp-block-heading\">Todo lo que necesita saber sobre la <a href=\"https:\/\/medclinics.com\/ivf-in-vitro-fertilisation-2\/\" target=\"_blank\" rel=\"noreferrer noopener\">fecundaci\u00f3n in vitro<\/a>, incluido el precio, los cuidados posteriores y el proceso de curaci\u00f3n, o p\u00f3ngase <a href=\"#requestform\">en contacto con nosotros<\/a>.<\/h3>\n\n<figure class=\"wp-block-image size-full\"><img fetchpriority=\"high\" decoding=\"async\" width=\"960\" height=\"540\" src=\"https:\/\/medclinics.com\/wp-content\/uploads\/2023\/07\/intracytoplasmic-sperm-injection-icsi-near-me-in-istanbul.jpg\" alt=\"Inyecci&#xF3;n intracitoplasm&#xE1;tica de espermatozoides (ICSI) Estambul Turqu&#xED;a\" class=\"wp-image-97472\" srcset=\"https:\/\/medclinics.com\/wp-content\/uploads\/2023\/07\/intracytoplasmic-sperm-injection-icsi-near-me-in-istanbul.jpg 960w, https:\/\/medclinics.com\/wp-content\/uploads\/2023\/07\/intracytoplasmic-sperm-injection-icsi-near-me-in-istanbul-500x281.jpg 500w, https:\/\/medclinics.com\/wp-content\/uploads\/2023\/07\/intracytoplasmic-sperm-injection-icsi-near-me-in-istanbul-768x432.jpg 768w, https:\/\/medclinics.com\/wp-content\/uploads\/2023\/07\/intracytoplasmic-sperm-injection-icsi-near-me-in-istanbul-24x14.jpg 24w, https:\/\/medclinics.com\/wp-content\/uploads\/2023\/07\/intracytoplasmic-sperm-injection-icsi-near-me-in-istanbul-36x20.jpg 36w, https:\/\/medclinics.com\/wp-content\/uploads\/2023\/07\/intracytoplasmic-sperm-injection-icsi-near-me-in-istanbul-48x27.jpg 48w\" sizes=\"(max-width: 960px) 100vw, 960px\" \/><\/figure>\n\n<h2 class=\"wp-block-heading\">PREGUNTAS FRECUENTES<\/h2>\n<div id=\"rank-math-faq\" class=\"rank-math-block\">\n<div class=\"rank-math-list \">\n<div id=\"faq-question-1684998543223\" class=\"rank-math-list-item\">\n<h3 class=\"rank-math-question \">\u00bfQu\u00e9 es el embarazo por ICSI?<\/h3>\n<div class=\"rank-math-answer \">\n\n<p>Por embarazo ICSI se entiende un embarazo que se produce como resultado del procedimiento de inyecci\u00f3n intracitoplasm\u00e1tica de espermatozoides. Se utiliza habitualmente en t\u00e9cnicas de reproducci\u00f3n asistida, sobre todo en casos de infertilidad masculina grave. Durante el procedimiento, se selecciona un \u00fanico espermatozoide y se inyecta directamente en el \u00f3vulo, lo que aumenta las posibilidades de \u00e9xito de la fecundaci\u00f3n.<\/p>\n\n<\/div>\n<\/div>\n<div id=\"faq-question-1684998539975\" class=\"rank-math-list-item\">\n<h3 class=\"rank-math-question \">\u00bfC\u00f3mo se realiza la ICSI?<\/h3>\n<div class=\"rank-math-answer \">\n\n<p>La ICSI es un procedimiento que se utiliza junto con la fecundaci\u00f3n in vitro (FIV) para tratar la infertilidad masculina. En primer lugar, se extraen \u00f3vulos de los ovarios de la mujer mediante un procedimiento m\u00ednimamente invasivo. Mientras tanto, la pareja masculina proporciona una muestra de semen, que se procesa en el laboratorio para obtener espermatozoides viables. En este m\u00e9todo, se selecciona un solo espermatozoide sano y se inmoviliza con una aguja fina. A continuaci\u00f3n, el espermatozoide se inyecta directamente en el citoplasma del \u00f3vulo, eludiendo cualquier barrera a la fecundaci\u00f3n. Tras la inyecci\u00f3n, se vigila la fecundaci\u00f3n de los \u00f3vulos y los embriones resultantes se cultivan en el laboratorio durante unos d\u00edas. Por \u00faltimo, se transfieren al \u00fatero de la mujer uno o varios embriones de alta calidad. Es especialmente beneficioso para los problemas graves de infertilidad masculina, como un recuento de espermatozoides bajo o una calidad esperm\u00e1tica deficiente, ya que permite una fecundaci\u00f3n satisfactoria con un m\u00ednimo de espermatozoides.<\/p>\n\n<\/div>\n<\/div>\n<div id=\"faq-question-1684998682015\" class=\"rank-math-list-item\">\n<h3 class=\"rank-math-question \">\u00bfTiene m\u00e1s \u00e9xito la ICSI que la FIV?<\/h3>\n<div class=\"rank-math-answer \">\n\n<p>Su \u00e9xito depende de varios factores, como la causa de la infertilidad y la salud reproductiva general de la pareja. Aunque la ICSI puede ser muy eficaz en casos graves de infertilidad masculina, los porcentajes de \u00e9xito de la FIV y la ICSI suelen ser comparables cuando la salud reproductiva de la pareja femenina es normal.<\/p>\n\n<\/div>\n<\/div>\n<\/div>\n<\/div>\n<p>\u00a0<\/p>\n\n<h3 class=\"wp-block-heading\">P\u00f3ngase en contacto con nosotros si tiene alguna pregunta.<\/h3>\n","protected":false},"excerpt":{"rendered":"<p>Todo sobre La inyecci\u00f3n intracitoplasm\u00e1tica de espermatozoides est\u00e1 aqu\u00ed. Este m\u00e9todo se considera una variante de la FIV. Se recogen [&hellip;]<\/p>\n","protected":false},"author":4,"featured_media":91612,"parent":0,"menu_order":0,"comment_status":"closed","ping_status":"closed","template":"","meta":{"site-sidebar-layout":"default","site-content-layout":"","ast-site-content-layout":"default","site-content-style":"default","site-sidebar-style":"default","ast-global-header-display":"","ast-banner-title-visibility":"","ast-main-header-display":"","ast-hfb-above-header-display":"","ast-hfb-below-header-display":"","ast-hfb-mobile-header-display":"","site-post-title":"","ast-breadcrumbs-content":"","ast-featured-img":"","footer-sml-layout":"","ast-disable-related-posts":"","theme-transparent-header-meta":"","adv-header-id-meta":"","stick-header-meta":"","header-above-stick-meta":"","header-main-stick-meta":"","header-below-stick-meta":"","astra-migrate-meta-layouts":"default","ast-page-background-enabled":"default","ast-page-background-meta":{"desktop":{"background-color":"var(--ast-global-color-4)","background-image":"","background-repeat":"repeat","background-position":"center center","background-size":"auto","background-attachment":"scroll","background-type":"","background-media":"","overlay-type":"","overlay-color":"","overlay-opacity":"","overlay-gradient":""},"tablet":{"background-color":"","background-image":"","background-repeat":"repeat","background-position":"center center","background-size":"auto","background-attachment":"scroll","background-type":"","background-media":"","overlay-type":"","overlay-color":"","overlay-opacity":"","overlay-gradient":""},"mobile":{"background-color":"","background-image":"","background-repeat":"repeat","background-position":"center center","background-size":"auto","background-attachment":"scroll","background-type":"","background-media":"","overlay-type":"","overlay-color":"","overlay-opacity":"","overlay-gradient":""}},"ast-content-background-meta":{"desktop":{"background-color":"var(--ast-global-color-5)","background-image":"","background-repeat":"repeat","background-position":"center center","background-size":"auto","background-attachment":"scroll","background-type":"","background-media":"","overlay-type":"","overlay-color":"","overlay-opacity":"","overlay-gradient":""},"tablet":{"background-color":"var(--ast-global-color-5)","background-image":"","background-repeat":"repeat","background-position":"center center","background-size":"auto","background-attachment":"scroll","background-type":"","background-media":"","overlay-type":"","overlay-color":"","overlay-opacity":"","overlay-gradient":""},"mobile":{"background-color":"var(--ast-global-color-5)","background-image":"","background-repeat":"repeat","background-position":"center center","background-size":"auto","background-attachment":"scroll","background-type":"","background-media":"","overlay-type":"","overlay-color":"","overlay-opacity":"","overlay-gradient":""}},"footnotes":""},"class_list":["post-146681","page","type-page","status-publish","has-post-thumbnail","hentry"],"_links":{"self":[{"href":"https:\/\/medclinics.com\/es\/wp-json\/wp\/v2\/pages\/146681","targetHints":{"allow":["GET"]}}],"collection":[{"href":"https:\/\/medclinics.com\/es\/wp-json\/wp\/v2\/pages"}],"about":[{"href":"https:\/\/medclinics.com\/es\/wp-json\/wp\/v2\/types\/page"}],"author":[{"embeddable":true,"href":"https:\/\/medclinics.com\/es\/wp-json\/wp\/v2\/users\/4"}],"replies":[{"embeddable":true,"href":"https:\/\/medclinics.com\/es\/wp-json\/wp\/v2\/comments?post=146681"}],"version-history":[{"count":0,"href":"https:\/\/medclinics.com\/es\/wp-json\/wp\/v2\/pages\/146681\/revisions"}],"wp:featuredmedia":[{"embeddable":true,"href":"https:\/\/medclinics.com\/es\/wp-json\/wp\/v2\/media\/91612"}],"wp:attachment":[{"href":"https:\/\/medclinics.com\/es\/wp-json\/wp\/v2\/media?parent=146681"}],"curies":[{"name":"wp","href":"https:\/\/api.w.org\/{rel}","templated":true}]}}