{"id":146671,"date":"2023-05-23T07:00:06","date_gmt":"2023-05-23T04:00:06","guid":{"rendered":"https:\/\/medclinics.com\/fiv-2\/"},"modified":"2025-01-02T16:31:25","modified_gmt":"2025-01-02T13:31:25","slug":"fiv-2","status":"publish","type":"page","link":"https:\/\/medclinics.com\/es\/fiv-2\/","title":{"rendered":"FIV"},"content":{"rendered":"\n<h2 class=\"wp-block-heading\">El m\u00e9todo de inseminaci\u00f3n artificial m\u00e1s conocido y discutido es la llamada FIV, fecundaci\u00f3n in vitro.<\/h2>\n\n<p>En este caso, la fecundaci\u00f3n tiene lugar fuera del cuerpo, en el laboratorio, en un tubo de ensayo especial.<\/p>\n\n<p>Previamente, la mujer debe someterse a un tratamiento hormonal, en el que primero se suprime la ovulaci\u00f3n y luego se estimula de nuevo al cabo de 14 d\u00edas. Se trata de lograr la maduraci\u00f3n de varios \u00f3vulos.<br\/>Durante este tiempo, los valores sangu\u00edneos, as\u00ed como el desarrollo de los \u00f3vulos, se controlan regularmente mediante ecograf\u00eda.<\/p>\n\n<p>La ovulaci\u00f3n se desencadena mediante la administraci\u00f3n de hormonas. A continuaci\u00f3n, los \u00f3vulos se extraen a trav\u00e9s de la vagina de la mujer. Este procedimiento se realiza en r\u00e9gimen ambulatorio.<\/p>\n\n<p>Los espermatozoides de la pareja se colocan en un tubo de ensayo con soluci\u00f3n nutritiva junto con los \u00f3vulos. Es necesario esperar entre 16 y 20 horas para ver si la <a href=\"https:\/\/de.wikipedia.org\/wiki\/In-vitro-Fertilisation\" target=\"_blank\" rel=\"noopener\">fecundaci\u00f3n<\/a> ha tenido \u00e9xito.<\/p>\n\n<p>Los embriones fecundados se transfieren al \u00fatero a trav\u00e9s de la vagina entre 3 y 5 d\u00edas despu\u00e9s de la extracci\u00f3n de los \u00f3vulos. La ley regula cu\u00e1ntos embriones pueden transferirse al mismo tiempo.<\/p>\n\n<p>Cuando el embri\u00f3n se implanta en el \u00fatero, la mujer est\u00e1 embarazada. Esto puede determinarse 14 d\u00edas despu\u00e9s de la transferencia embrionaria midiendo la hormona del embarazo HCG en la sangre.<\/p>\n\n<p>Al cabo de un mes, se realiza una ecograf\u00eda. Sirve para comprobar si el embri\u00f3n est\u00e1 vivo y si se trata de un embarazo \u00fanico o m\u00faltiple.<\/p>\n\n<p><strong>El porcentaje de \u00e9xito del tratamiento de FIV es del 30-40%.<\/strong><\/p>\n\n<h3 class=\"wp-block-heading\">Todo lo que necesita saber sobre la <a href=\"https:\/\/medclinics.com\/ivf-in-vitro-fertilisation-2\/\" target=\"_blank\" rel=\"noreferrer noopener\">fecundaci\u00f3n<\/a> in fecundaci\u00f3n est\u00e1 aqu\u00ed, \u00a1<a href=\"#requestform\">cont\u00e1ctenos<\/a> ahora!<\/h3>\n\n<figure class=\"wp-block-image size-full\"><img fetchpriority=\"high\" decoding=\"async\" width=\"960\" height=\"540\" src=\"https:\/\/medclinics.com\/wp-content\/uploads\/2023\/07\/ivf-in-vitro-fertilisation-near-me-in-istanbul-1.jpg\" alt=\"Fecundaci&#xF3;n in vitro \/ FIV cerca de m&#xED; Estambul Turqu&#xED;a\" class=\"wp-image-97480\" srcset=\"https:\/\/medclinics.com\/wp-content\/uploads\/2023\/07\/ivf-in-vitro-fertilisation-near-me-in-istanbul-1.jpg 960w, https:\/\/medclinics.com\/wp-content\/uploads\/2023\/07\/ivf-in-vitro-fertilisation-near-me-in-istanbul-1-500x281.jpg 500w, https:\/\/medclinics.com\/wp-content\/uploads\/2023\/07\/ivf-in-vitro-fertilisation-near-me-in-istanbul-1-768x432.jpg 768w, https:\/\/medclinics.com\/wp-content\/uploads\/2023\/07\/ivf-in-vitro-fertilisation-near-me-in-istanbul-1-24x14.jpg 24w, https:\/\/medclinics.com\/wp-content\/uploads\/2023\/07\/ivf-in-vitro-fertilisation-near-me-in-istanbul-1-36x20.jpg 36w, https:\/\/medclinics.com\/wp-content\/uploads\/2023\/07\/ivf-in-vitro-fertilisation-near-me-in-istanbul-1-48x27.jpg 48w\" sizes=\"(max-width: 960px) 100vw, 960px\" \/><\/figure>\n\n<h2 class=\"wp-block-heading\">PREGUNTAS FRECUENTES<\/h2>\n<div id=\"rank-math-faq\" class=\"rank-math-block\">\n<div class=\"rank-math-list \">\n<div id=\"faq-question-1684996659059\" class=\"rank-math-list-item\">\n<h3 class=\"rank-math-question \">\u00bfFuncionar\u00e1 la fiv?<\/h3>\n<div class=\"rank-math-answer \">\n\n<p>El \u00e9xito de la fecundaci\u00f3n in vitro puede variar en funci\u00f3n de varios factores, como la edad de la mujer, la calidad del \u00f3vulo y el esperma, la causa subyacente de la infertilidad y la experiencia de la cl\u00ednica de fertilidad. Aunque ayuda a muchas parejas a concebir, es importante recordar que no es una garant\u00eda de \u00e9xito. La tasa media de \u00e9xito de la FIV var\u00eda mucho y en ella influyen factores como la edad de la mujer y el n\u00famero de ciclos previos de FIV. Las mujeres m\u00e1s j\u00f3venes suelen tener mayores tasas de \u00e9xito que las de m\u00e1s edad porque la calidad de sus \u00f3vulos suele ser mejor. Los avances en las tecnolog\u00edas y t\u00e9cnicas reproductivas han aumentado las tasas de \u00e9xito a lo largo de los a\u00f1os. Sin embargo, es muy importante comprender que su \u00e9xito no est\u00e1 garantizado y que pueden ser necesarios varios intentos para obtener un resultado satisfactorio.<\/p>\n\n<\/div>\n<\/div>\n<div id=\"faq-question-1684997161248\" class=\"rank-math-list-item\">\n<h3 class=\"rank-math-question \">\u00bfEs segura la fecundaci\u00f3n in vitro?<\/h3>\n<div class=\"rank-math-answer \">\n\n<p>En general, la fecundaci\u00f3n in vitro (FIV) se considera un procedimiento m\u00e9dico seguro y bien establecido. Sin embargo, como ocurre con cualquier intervenci\u00f3n m\u00e9dica, existen riesgos potenciales y consideraciones que hay que tener en cuenta. Es importante consultar a un especialista en fertilidad cualificado sobre los posibles riesgos y beneficios en funci\u00f3n de sus circunstancias individuales.<\/p>\n\n<\/div>\n<\/div>\n<div id=\"faq-question-1684997648315\" class=\"rank-math-list-item\">\n<h3 class=\"rank-math-question \">\u00bfQui\u00e9n no es apto para la FIV?<\/h3>\n<div class=\"rank-math-answer \">\n\n<p>La FIV puede no ser adecuada para todo el mundo, ya que determinados factores o afecciones pueden afectar a su eficacia o plantear riesgos adicionales. La edad avanzada, normalmente m\u00e1s de 40 a\u00f1os, puede reducir las tasas de \u00e9xito debido a la reducci\u00f3n de la reserva ov\u00e1rica y a la mala calidad de los \u00f3vulos. Una disfunci\u00f3n ov\u00e1rica grave o unas reservas de \u00f3vulos muy bajas pueden imposibilitar la FIV y requerir la evaluaci\u00f3n de \u00f3vulos de donante. En casos graves de infertilidad por factor masculino, pueden ser necesarias t\u00e9cnicas adicionales como la ICSI o procedimientos de recuperaci\u00f3n de espermatozoides. Las anomal\u00edas estructurales del \u00fatero, como fibromas de gran tama\u00f1o o malformaciones, pueden interferir en el \u00e9xito de la FIV y requerir correcci\u00f3n quir\u00fargica. Ciertas afecciones m\u00e9dicas, como la diabetes no controlada, las cardiopat\u00edas o nefropat\u00edas graves o el c\u00e1ncer activo, pueden hacer que la FIV resulte inadecuada o arriesgada. Los trastornos reproductivos no tratados, como la endometriosis o la enfermedad inflamatoria p\u00e9lvica, deben controlarse o tratarse antes de plantearse la FIV.<\/p>\n\n<\/div>\n<\/div>\n<\/div>\n<\/div>\n<p>\u00a0<\/p>\n\n<h3 class=\"wp-block-heading\">P\u00f3ngase en contacto con nosotros si tiene alguna pregunta.<\/h3>\n","protected":false},"excerpt":{"rendered":"<p>El m\u00e9todo de inseminaci\u00f3n artificial m\u00e1s conocido y discutido es la llamada FIV, fecundaci\u00f3n in vitro. En este caso, la [&hellip;]<\/p>\n","protected":false},"author":4,"featured_media":91656,"parent":0,"menu_order":0,"comment_status":"closed","ping_status":"closed","template":"","meta":{"site-sidebar-layout":"default","site-content-layout":"","ast-site-content-layout":"default","site-content-style":"default","site-sidebar-style":"default","ast-global-header-display":"","ast-banner-title-visibility":"","ast-main-header-display":"","ast-hfb-above-header-display":"","ast-hfb-below-header-display":"","ast-hfb-mobile-header-display":"","site-post-title":"","ast-breadcrumbs-content":"","ast-featured-img":"","footer-sml-layout":"","ast-disable-related-posts":"","theme-transparent-header-meta":"","adv-header-id-meta":"","stick-header-meta":"","header-above-stick-meta":"","header-main-stick-meta":"","header-below-stick-meta":"","astra-migrate-meta-layouts":"default","ast-page-background-enabled":"default","ast-page-background-meta":{"desktop":{"background-color":"var(--ast-global-color-4)","background-image":"","background-repeat":"repeat","background-position":"center center","background-size":"auto","background-attachment":"scroll","background-type":"","background-media":"","overlay-type":"","overlay-color":"","overlay-opacity":"","overlay-gradient":""},"tablet":{"background-color":"","background-image":"","background-repeat":"repeat","background-position":"center center","background-size":"auto","background-attachment":"scroll","background-type":"","background-media":"","overlay-type":"","overlay-color":"","overlay-opacity":"","overlay-gradient":""},"mobile":{"background-color":"","background-image":"","background-repeat":"repeat","background-position":"center center","background-size":"auto","background-attachment":"scroll","background-type":"","background-media":"","overlay-type":"","overlay-color":"","overlay-opacity":"","overlay-gradient":""}},"ast-content-background-meta":{"desktop":{"background-color":"var(--ast-global-color-5)","background-image":"","background-repeat":"repeat","background-position":"center center","background-size":"auto","background-attachment":"scroll","background-type":"","background-media":"","overlay-type":"","overlay-color":"","overlay-opacity":"","overlay-gradient":""},"tablet":{"background-color":"var(--ast-global-color-5)","background-image":"","background-repeat":"repeat","background-position":"center center","background-size":"auto","background-attachment":"scroll","background-type":"","background-media":"","overlay-type":"","overlay-color":"","overlay-opacity":"","overlay-gradient":""},"mobile":{"background-color":"var(--ast-global-color-5)","background-image":"","background-repeat":"repeat","background-position":"center center","background-size":"auto","background-attachment":"scroll","background-type":"","background-media":"","overlay-type":"","overlay-color":"","overlay-opacity":"","overlay-gradient":""}},"footnotes":""},"class_list":["post-146671","page","type-page","status-publish","has-post-thumbnail","hentry"],"_links":{"self":[{"href":"https:\/\/medclinics.com\/es\/wp-json\/wp\/v2\/pages\/146671","targetHints":{"allow":["GET"]}}],"collection":[{"href":"https:\/\/medclinics.com\/es\/wp-json\/wp\/v2\/pages"}],"about":[{"href":"https:\/\/medclinics.com\/es\/wp-json\/wp\/v2\/types\/page"}],"author":[{"embeddable":true,"href":"https:\/\/medclinics.com\/es\/wp-json\/wp\/v2\/users\/4"}],"replies":[{"embeddable":true,"href":"https:\/\/medclinics.com\/es\/wp-json\/wp\/v2\/comments?post=146671"}],"version-history":[{"count":0,"href":"https:\/\/medclinics.com\/es\/wp-json\/wp\/v2\/pages\/146671\/revisions"}],"wp:featuredmedia":[{"embeddable":true,"href":"https:\/\/medclinics.com\/es\/wp-json\/wp\/v2\/media\/91656"}],"wp:attachment":[{"href":"https:\/\/medclinics.com\/es\/wp-json\/wp\/v2\/media?parent=146671"}],"curies":[{"name":"wp","href":"https:\/\/api.w.org\/{rel}","templated":true}]}}