{"id":146657,"date":"2023-05-24T14:05:29","date_gmt":"2023-05-24T11:05:29","guid":{"rendered":"https:\/\/medclinics.com\/tratamiento-de-las-arrugas\/"},"modified":"2024-04-01T17:27:10","modified_gmt":"2024-04-01T14:27:10","slug":"tratamiento-de-las-arrugas","status":"publish","type":"page","link":"https:\/\/medclinics.com\/es\/tratamiento-de-las-arrugas\/","title":{"rendered":"Tratamiento de las arrugas"},"content":{"rendered":"\n<h2 class=\"wp-block-heading\">\u00bfEst\u00e1 cansado de ver esas molestas arrugas en su piel? No deje que el envejecimiento se apodere de usted, pruebe el Tratamiento Antiarrugas.<\/h2>\n\n<p>Existen varios m\u00e9todos y procedimientos para el tratamiento de las arrugas que pueden ayudar a reducir o eliminar estas l\u00edneas y pliegues. Tienes opciones no quir\u00fargicas como cremas t\u00f3picas, lociones, s\u00e9rums con retinol, \u00e1cido hialur\u00f3nico o p\u00e9ptidos para mejorar el aspecto de las arrugas.  <\/p>\n\n<p>Y existen tratamientos cosm\u00e9ticos como las inyecciones de relajantes musculares y los <a href=\"https:\/\/en.wikipedia.org\/wiki\/Injectable_filler\" target=\"_blank\" data-type=\"URL\" data-id=\"https:\/\/en.wikipedia.org\/wiki\/Injectable_filler\" rel=\"noreferrer noopener\">rellenos d\u00e9rmicos<\/a>, que relajan temporalmente los m\u00fasculos faciales o a\u00f1aden volumen para suavizar las zonas arrugadas.<\/p>\n\n<p>Para una soluci\u00f3n m\u00e1s permanente, las opciones quir\u00fargicas incluyen el lifting facial, el lifting de cejas y la cirug\u00eda de p\u00e1rpados, en los que se elimina el exceso de piel y se tensan los tejidos subyacentes, con lo que se consigue un aspecto m\u00e1s terso.<\/p>\n\n<p>Es esencial consultar a profesionales sanitarios cualificados especializados en dermatolog\u00eda antes de decidir qu\u00e9 tipo de tratamiento de las arrugas se adapta a sus necesidades y objetivos espec\u00edficos. \u00bfPor qu\u00e9 esperar m\u00e1s cuando una piel m\u00e1s joven puede estar a la vuelta de la esquina?<\/p>\n\n<h3 class=\"wp-block-heading\">Todo lo que necesita saber sobre el <a href=\"https:\/\/medclinics.com\/es\/belleza\/\" target=\"_blank\" rel=\"noreferrer noopener\">tratamiento de belleza<\/a>, incluido el precio, los cuidados posteriores y el proceso de curaci\u00f3n, o p\u00f3ngase <a href=\"#requestform\">en contacto con nosotros<\/a>.<\/h3>\n\n<h3 class=\"wp-block-heading\">PREGUNTAS FRECUENTES<\/h3>\n<div id=\"rank-math-faq\" class=\"rank-math-block\">\n<div class=\"rank-math-list \">\n<div id=\"faq-question-1684936742413\" class=\"rank-math-list-item\">\n<h3 class=\"rank-math-question \">\u00bfC\u00f3mo puedo reducir las arrugas de la cara?<\/h3>\n<div class=\"rank-math-answer \">\n\n<p>Reducir las arrugas del rostro requiere un enfoque integral que combine un cuidado adecuado de la piel, h\u00e1bitos de vida saludables y, potencialmente, la b\u00fasqueda de tratamientos profesionales. Para minimizar las arrugas, es fundamental proteger la piel del sol, seguir una rutina constante de cuidado de la piel que incluya limpieza, hidrataci\u00f3n y uso de productos con ingredientes beneficiosos. Mantener la hidrataci\u00f3n, adoptar una dieta equilibrada, evitar el tabaco y el consumo excesivo de alcohol, dormir lo suficiente y controlar el estr\u00e9s son esenciales para promover la salud de la piel y reducir la formaci\u00f3n de arrugas. Adem\u00e1s, considerar tratamientos t\u00f3picos e intervenciones profesionales como peelings qu\u00edmicos, microdermoabrasi\u00f3n, terapia l\u00e1ser o inyectables como relajantes musculares o rellenos d\u00e9rmicos puede ayudar a tratar las arrugas. La consulta con un profesional del cuidado de la piel para el tratamiento de las arrugas puede proporcionar una orientaci\u00f3n personalizada adaptada a sus necesidades y objetivos espec\u00edficos.<\/p>\n\n<\/div>\n<\/div>\n<div id=\"faq-question-1684936840379\" class=\"rank-math-list-item\">\n<h3 class=\"rank-math-question \">\u00bfDesaparecer\u00e1n las arrugas?<\/h3>\n<div class=\"rank-math-answer \">\n\n<p>Las arrugas son una parte natural del proceso de envejecimiento y, aunque no sea posible hacerlas desaparecer por completo, diversos tratamientos y pr\u00e1cticas de cuidado de la piel pueden ayudar a minimizar su aparici\u00f3n. Adoptando una rutina de cuidado de la piel constante, protegi\u00e9ndola del sol y considerando tratamientos profesionales para el tratamiento de las arrugas, como los rellenos d\u00e9rmicos o los relajantes musculares, puede reducir la visibilidad de las arrugas y conseguir un aspecto m\u00e1s joven. Sin embargo, es importante tener expectativas realistas, ya que los resultados individuales pueden variar en funci\u00f3n de factores como el tipo de piel, la gravedad de las arrugas y la salud general de la piel. Recuerde que adoptar h\u00e1bitos saludables y tomar medidas proactivas puede ayudar a mejorar el aspecto de las arrugas y contribuir a la vitalidad general de la piel.<\/p>\n\n<\/div>\n<\/div>\n<div id=\"faq-question-1684936908330\" class=\"rank-math-list-item\">\n<h3 class=\"rank-math-question \">\u00bfPor qu\u00e9 se me arruga la cara tan r\u00e1pido?<\/h3>\n<div class=\"rank-math-answer \">\n\n<p>El ritmo de aparici\u00f3n y progresi\u00f3n de las arrugas faciales puede verse influido por diversos factores. El envejecimiento es un proceso natural que conduce a la p\u00e9rdida de col\u00e1geno y elastina en la piel, lo que contribuye a la formaci\u00f3n de arrugas. Sin embargo, ciertas opciones de estilo de vida, como la exposici\u00f3n excesiva al sol, el tabaquismo, una dieta inadecuada y un sue\u00f1o insuficiente, pueden acelerar este proceso. Adem\u00e1s, la gen\u00e9tica y las diferencias individuales en el tipo y grosor de la piel influyen en la rapidez con que se desarrollan las arrugas. Los factores ambientales y las expresiones faciales repetitivas tambi\u00e9n pueden contribuir a la formaci\u00f3n de arrugas. Para ralentizar la progresi\u00f3n de las arrugas, es importante adoptar una rutina completa de cuidado de la piel, protegerla del sol, mantener un estilo de vida saludable y considerar tratamientos profesionales para el tratamiento de las arrugas si se desea.  <\/p>\n\n<\/div>\n<\/div>\n<\/div>\n<\/div>\n<p><\/p>\n\n<h3 class=\"wp-block-heading\">P\u00f3ngase en contacto con nosotros si tiene alguna pregunta.<\/h3>\n","protected":false},"excerpt":{"rendered":"<p>\u00bfEst\u00e1 cansado de ver esas molestas arrugas en su piel? No deje que el envejecimiento se apodere de usted, pruebe [&hellip;]<\/p>\n","protected":false},"author":4,"featured_media":93033,"parent":0,"menu_order":0,"comment_status":"closed","ping_status":"closed","template":"","meta":{"site-sidebar-layout":"default","site-content-layout":"","ast-site-content-layout":"default","site-content-style":"default","site-sidebar-style":"default","ast-global-header-display":"","ast-banner-title-visibility":"","ast-main-header-display":"","ast-hfb-above-header-display":"","ast-hfb-below-header-display":"","ast-hfb-mobile-header-display":"","site-post-title":"","ast-breadcrumbs-content":"","ast-featured-img":"","footer-sml-layout":"","ast-disable-related-posts":"","theme-transparent-header-meta":"","adv-header-id-meta":"","stick-header-meta":"","header-above-stick-meta":"","header-main-stick-meta":"","header-below-stick-meta":"","astra-migrate-meta-layouts":"default","ast-page-background-enabled":"default","ast-page-background-meta":{"desktop":{"background-color":"var(--ast-global-color-4)","background-image":"","background-repeat":"repeat","background-position":"center center","background-size":"auto","background-attachment":"scroll","background-type":"","background-media":"","overlay-type":"","overlay-color":"","overlay-opacity":"","overlay-gradient":""},"tablet":{"background-color":"","background-image":"","background-repeat":"repeat","background-position":"center center","background-size":"auto","background-attachment":"scroll","background-type":"","background-media":"","overlay-type":"","overlay-color":"","overlay-opacity":"","overlay-gradient":""},"mobile":{"background-color":"","background-image":"","background-repeat":"repeat","background-position":"center center","background-size":"auto","background-attachment":"scroll","background-type":"","background-media":"","overlay-type":"","overlay-color":"","overlay-opacity":"","overlay-gradient":""}},"ast-content-background-meta":{"desktop":{"background-color":"var(--ast-global-color-5)","background-image":"","background-repeat":"repeat","background-position":"center center","background-size":"auto","background-attachment":"scroll","background-type":"","background-media":"","overlay-type":"","overlay-color":"","overlay-opacity":"","overlay-gradient":""},"tablet":{"background-color":"var(--ast-global-color-5)","background-image":"","background-repeat":"repeat","background-position":"center center","background-size":"auto","background-attachment":"scroll","background-type":"","background-media":"","overlay-type":"","overlay-color":"","overlay-opacity":"","overlay-gradient":""},"mobile":{"background-color":"var(--ast-global-color-5)","background-image":"","background-repeat":"repeat","background-position":"center center","background-size":"auto","background-attachment":"scroll","background-type":"","background-media":"","overlay-type":"","overlay-color":"","overlay-opacity":"","overlay-gradient":""}},"footnotes":""},"class_list":["post-146657","page","type-page","status-publish","has-post-thumbnail","hentry"],"_links":{"self":[{"href":"https:\/\/medclinics.com\/es\/wp-json\/wp\/v2\/pages\/146657","targetHints":{"allow":["GET"]}}],"collection":[{"href":"https:\/\/medclinics.com\/es\/wp-json\/wp\/v2\/pages"}],"about":[{"href":"https:\/\/medclinics.com\/es\/wp-json\/wp\/v2\/types\/page"}],"author":[{"embeddable":true,"href":"https:\/\/medclinics.com\/es\/wp-json\/wp\/v2\/users\/4"}],"replies":[{"embeddable":true,"href":"https:\/\/medclinics.com\/es\/wp-json\/wp\/v2\/comments?post=146657"}],"version-history":[{"count":0,"href":"https:\/\/medclinics.com\/es\/wp-json\/wp\/v2\/pages\/146657\/revisions"}],"wp:featuredmedia":[{"embeddable":true,"href":"https:\/\/medclinics.com\/es\/wp-json\/wp\/v2\/media\/93033"}],"wp:attachment":[{"href":"https:\/\/medclinics.com\/es\/wp-json\/wp\/v2\/media?parent=146657"}],"curies":[{"name":"wp","href":"https:\/\/api.w.org\/{rel}","templated":true}]}}