{"id":146647,"date":"2023-05-24T13:54:12","date_gmt":"2023-05-24T10:54:12","guid":{"rendered":"https:\/\/medclinics.com\/relleno-de-ojeras\/"},"modified":"2024-04-04T19:21:26","modified_gmt":"2024-04-04T16:21:26","slug":"relleno-de-ojeras","status":"publish","type":"page","link":"https:\/\/medclinics.com\/es\/relleno-de-ojeras\/","title":{"rendered":"Relleno de ojeras"},"content":{"rendered":"\n<h2 class=\"wp-block-heading\">\u00bfEst\u00e1 cansado de mirarse al espejo y ver ojeras, l\u00edneas de expresi\u00f3n o bolsas bajo los ojos? Los rellenos de ojeras pueden ser justo lo que necesita para restaurar el volumen y conseguir un aspecto m\u00e1s juvenil.  <\/h2>\n\n<p>El tratamiento de relleno de ojeras consiste en inyectar relleno de \u00e1cido hialur\u00f3nico (AH) en la zona hueca bajo los ojos. Los beneficios de los rellenos de AH son numerosos: atraen la humedad, lo que rellena las zonas tratadas al tiempo que reduce las <a href=\"https:\/\/en.wikipedia.org\/wiki\/Wrinkle\" target=\"_blank\" rel=\"noreferrer noopener\">arrugas<\/a> y otros signos de envejecimiento. Durante este procedimiento r\u00e1pido de 15-30 minutos, un profesional sanitario experimentado inyectar\u00e1 cuidadosamente peque\u00f1as cantidades de relleno utilizando una aguja o una c\u00e1nula.<\/p>\n\n<p>Despu\u00e9s, es normal que aparezca un poco de hinchaz\u00f3n o hematomas, pero se pueden tratar f\u00e1cilmente con analg\u00e9sicos de venta sin receta m\u00e9dica, como bolsas de hielo. Ver\u00e1 resultados inmediatos; sin embargo, pueden pasar varios d\u00edas hasta que la inflamaci\u00f3n inicial desaparezca por completo y la posici\u00f3n final se asiente perfectamente.<\/p>\n\n<p>No s\u00f3lo es importante qui\u00e9n realiza estos tratamientos, sino tambi\u00e9n la pericia de precisi\u00f3n que requieren debido a su naturaleza delicada. Elija sabiamente a alguien cualificado y con la reputaci\u00f3n suficiente para llevar a cabo este tipo de procedimientos, porque aqu\u00ed s\u00f3lo cabe el perfeccionismo en cada paso que se d\u00e9 para lograr los resultados deseados, desde el principio hasta el final, sin comprometer en absoluto las normas de garant\u00eda de calidad: \u00a1conf\u00ede en nosotros!<\/p>\n\n<h2 class=\"wp-block-heading\">Todo lo que necesita saber sobre el <a href=\"https:\/\/medclinics.com\/es\/belleza\/\" target=\"_blank\" rel=\"noreferrer noopener\">tratamiento de belleza<\/a>, incluido el precio y mucho m\u00e1s, <a href=\"#requestform\">\u00a1contacte con nosotros<\/a>!<\/h2>\n\n<h3 class=\"wp-block-heading\">PREGUNTAS FRECUENTES<\/h3>\n<div id=\"rank-math-faq\" class=\"rank-math-block\">\n<div class=\"rank-math-list \">\n<div id=\"faq-question-1684936085941\" class=\"rank-math-list-item\">\n<h3 class=\"rank-math-question \">\u00bfQu\u00e9 es el relleno de ojeras?<\/h3>\n<div class=\"rank-math-answer \">\n\n<p>Los rellenos de ojeras son un tratamiento cosm\u00e9tico que consiste en inyectar un relleno d\u00e9rmico a base de \u00e1cido hialur\u00f3nico en la zona de debajo de los ojos. Ayuda a tratar problemas como las ojeras, las bolsas y las bolsas bajo los ojos, dando como resultado un aspecto m\u00e1s joven y fresco. El relleno restaura el volumen perdido, mejora la textura de la piel y reduce la visibilidad de las ojeras o bolsas, proporcionando un aspecto rejuvenecido a la zona de debajo de los ojos. Es importante acudir a un profesional cualificado para garantizar resultados seguros y eficaces.<\/p>\n\n<\/div>\n<\/div>\n<div id=\"faq-question-1684936081677\" class=\"rank-math-list-item\">\n<h3 class=\"rank-math-question \">\u00bfSon seguros los rellenos de ojeras?<\/h3>\n<div class=\"rank-math-answer \">\n\n<p>Los rellenos de ojeras, tambi\u00e9n conocidos como rellenos lagrimales, pueden ser una opci\u00f3n segura para eliminar los huecos o las ojeras cuando los realiza un profesional sanitario cualificado y con experiencia. Sin embargo, como ocurre con cualquier procedimiento est\u00e9tico, existen riesgos potenciales y consideraciones a tener en cuenta. Es importante elegir un inyector reputado y cualificado que tenga experiencia en anatom\u00eda facial y conozca los entresijos de la zona de debajo de los ojos. Seguir unos protocolos de higiene adecuados y utilizar productos de relleno homologados y de alta calidad son esenciales para garantizar la seguridad. Aunque los rellenos de ojeras suelen tolerarse bien, existe la posibilidad de que se produzcan efectos secundarios temporales como hematomas, hinchaz\u00f3n o enrojecimiento. Las complicaciones menos frecuentes pero m\u00e1s graves pueden incluir infecciones o problemas vasculares. La consulta previa con un profesional sanitario es esencial para debatir las preocupaciones individuales, evaluar la idoneidad del tratamiento y establecer expectativas realistas. Si se toman las precauciones adecuadas y el tratamiento lo realiza un profesional cualificado, los rellenos de ojeras pueden ser una opci\u00f3n segura y eficaz para mejorar el aspecto de la zona de debajo de los ojos.<\/p>\n\n<\/div>\n<\/div>\n<div id=\"faq-question-1684936285061\" class=\"rank-math-list-item\">\n<h3 class=\"rank-math-question \">\u00bfMerecen la pena los rellenos de ojeras?<\/h3>\n<div class=\"rank-math-answer \">\n\n<p>El valor de los rellenos de ojeras depende en \u00faltima instancia de sus objetivos, preocupaciones y expectativas individuales. Los rellenos de ojeras pueden ser una opci\u00f3n valiosa para las personas que desean tratar los huecos, las ojeras o las bolsas de debajo de los ojos y conseguir un aspecto m\u00e1s juvenil. Pueden ayudar a restaurar el volumen perdido, mejorar la textura de la piel y proporcionar un aspecto renovado a la zona de debajo de los ojos.<\/p>\n\n<\/div>\n<\/div>\n<div id=\"faq-question-1684936286744\" class=\"rank-math-list-item\">\n<h3 class=\"rank-math-question \">\u00bfLos rellenos de ojeras pueden provocar arrugas?<\/h3>\n<div class=\"rank-math-answer \">\n\n<p>Los rellenos de ojeras, cuando los administra correctamente un profesional sanitario cualificado, no suelen causar arrugas. De hecho, los rellenos de ojeras pueden ayudar a reducir la aparici\u00f3n de arrugas o l\u00edneas de expresi\u00f3n a\u00f1adiendo volumen y alisando la zona de debajo de los ojos. Los rellenos a base de \u00e1cido hialur\u00f3nico utilizados para los tratamientos de ojeras est\u00e1n dise\u00f1ados para rellenar e hidratar la piel, mejorando su textura y minimizando la visibilidad de las arrugas.<\/p>\n\n<\/div>\n<\/div>\n<\/div>\n<\/div>\n<p><\/p>\n\n<h3 class=\"wp-block-heading\">P\u00f3ngase en contacto con nosotros si tiene alguna pregunta.<\/h3>\n","protected":false},"excerpt":{"rendered":"<p>\u00bfEst\u00e1 cansado de mirarse al espejo y ver ojeras, l\u00edneas de expresi\u00f3n o bolsas bajo los ojos? Los rellenos de [&hellip;]<\/p>\n","protected":false},"author":4,"featured_media":93019,"parent":0,"menu_order":0,"comment_status":"closed","ping_status":"closed","template":"","meta":{"site-sidebar-layout":"default","site-content-layout":"","ast-site-content-layout":"default","site-content-style":"default","site-sidebar-style":"default","ast-global-header-display":"","ast-banner-title-visibility":"","ast-main-header-display":"","ast-hfb-above-header-display":"","ast-hfb-below-header-display":"","ast-hfb-mobile-header-display":"","site-post-title":"","ast-breadcrumbs-content":"","ast-featured-img":"","footer-sml-layout":"","ast-disable-related-posts":"","theme-transparent-header-meta":"","adv-header-id-meta":"","stick-header-meta":"","header-above-stick-meta":"","header-main-stick-meta":"","header-below-stick-meta":"","astra-migrate-meta-layouts":"default","ast-page-background-enabled":"default","ast-page-background-meta":{"desktop":{"background-color":"var(--ast-global-color-4)","background-image":"","background-repeat":"repeat","background-position":"center center","background-size":"auto","background-attachment":"scroll","background-type":"","background-media":"","overlay-type":"","overlay-color":"","overlay-opacity":"","overlay-gradient":""},"tablet":{"background-color":"","background-image":"","background-repeat":"repeat","background-position":"center center","background-size":"auto","background-attachment":"scroll","background-type":"","background-media":"","overlay-type":"","overlay-color":"","overlay-opacity":"","overlay-gradient":""},"mobile":{"background-color":"","background-image":"","background-repeat":"repeat","background-position":"center center","background-size":"auto","background-attachment":"scroll","background-type":"","background-media":"","overlay-type":"","overlay-color":"","overlay-opacity":"","overlay-gradient":""}},"ast-content-background-meta":{"desktop":{"background-color":"var(--ast-global-color-5)","background-image":"","background-repeat":"repeat","background-position":"center center","background-size":"auto","background-attachment":"scroll","background-type":"","background-media":"","overlay-type":"","overlay-color":"","overlay-opacity":"","overlay-gradient":""},"tablet":{"background-color":"var(--ast-global-color-5)","background-image":"","background-repeat":"repeat","background-position":"center center","background-size":"auto","background-attachment":"scroll","background-type":"","background-media":"","overlay-type":"","overlay-color":"","overlay-opacity":"","overlay-gradient":""},"mobile":{"background-color":"var(--ast-global-color-5)","background-image":"","background-repeat":"repeat","background-position":"center center","background-size":"auto","background-attachment":"scroll","background-type":"","background-media":"","overlay-type":"","overlay-color":"","overlay-opacity":"","overlay-gradient":""}},"footnotes":""},"class_list":["post-146647","page","type-page","status-publish","has-post-thumbnail","hentry"],"_links":{"self":[{"href":"https:\/\/medclinics.com\/es\/wp-json\/wp\/v2\/pages\/146647","targetHints":{"allow":["GET"]}}],"collection":[{"href":"https:\/\/medclinics.com\/es\/wp-json\/wp\/v2\/pages"}],"about":[{"href":"https:\/\/medclinics.com\/es\/wp-json\/wp\/v2\/types\/page"}],"author":[{"embeddable":true,"href":"https:\/\/medclinics.com\/es\/wp-json\/wp\/v2\/users\/4"}],"replies":[{"embeddable":true,"href":"https:\/\/medclinics.com\/es\/wp-json\/wp\/v2\/comments?post=146647"}],"version-history":[{"count":0,"href":"https:\/\/medclinics.com\/es\/wp-json\/wp\/v2\/pages\/146647\/revisions"}],"wp:featuredmedia":[{"embeddable":true,"href":"https:\/\/medclinics.com\/es\/wp-json\/wp\/v2\/media\/93019"}],"wp:attachment":[{"href":"https:\/\/medclinics.com\/es\/wp-json\/wp\/v2\/media?parent=146647"}],"curies":[{"name":"wp","href":"https:\/\/api.w.org\/{rel}","templated":true}]}}