{"id":146635,"date":"2023-05-24T13:42:41","date_gmt":"2023-05-24T13:42:41","guid":{"rendered":"https:\/\/medclinics.com\/mesoterapia-cicatricial\/"},"modified":"2024-04-01T16:22:02","modified_gmt":"2024-04-01T13:22:02","slug":"mesoterapia-cicatricial","status":"publish","type":"page","link":"https:\/\/medclinics.com\/es\/mesoterapia-cicatricial\/","title":{"rendered":"Mesoterapia cicatricial"},"content":{"rendered":"\n<h2 class=\"wp-block-heading\">\u00bfDesea reducir el aspecto de las cicatrices? La mesoterapia cicatricial puede ser justo lo que necesita.<\/h2>\n\n<p>Este innovador procedimiento cosm\u00e9tico consiste en inyectar una mezcla personalizada de vitaminas, minerales, enzimas y otras sustancias en la capa mesod\u00e9rmica de la piel. Al fomentar la producci\u00f3n de col\u00e1geno y la regeneraci\u00f3n celular y mejorar la salud general de la piel, <a href=\"https:\/\/en.wikipedia.org\/wiki\/Mesotherapy\" target=\"_blank\" rel=\"noreferrer noopener\">la mesoterapia de<\/a> cicatrices puede ayudar a mejorar el aspecto incluso de las cicatrices m\u00e1s rebeldes.<\/p>\n\n<p>\u00a1Durante las sesiones de tratamiento con un profesional m\u00e9dico o dermat\u00f3logo capacitado, utilizando agujas finas para inyecciones en m\u00faltiples intervalos de tiempo seg\u00fan sea necesario dependiendo de las necesidades individuales &#8211; incluyendo \u00e1cido hialur\u00f3nico p\u00e9ptidos factores de crecimiento vitaminas entre otros &#8211; los pacientes han visto grandes resultados en la reducci\u00f3n de sus cicatrices!<\/p>\n\n<p>Tenga en cuenta que no todos los tipos o gravedades responden igual de bien; es importante consultar con un experto que eval\u00fae su situaci\u00f3n particular antes de decidir si esta t\u00e9cnica le conviene m\u00e1s. No deje que las antiest\u00e9ticas marcas le restrinjan la confianza por m\u00e1s tiempo: \u00a1pruebe la mesoterapia para cicatrices hoy mismo!<\/p>\n\n<h3 class=\"wp-block-heading\">Todo lo que necesita saber sobre el <a href=\"https:\/\/medclinics.com\/es\/belleza\/\" target=\"_blank\" rel=\"noreferrer noopener\">tratamiento de<\/a> belleza, incluidos los cuidados posteriores, el proceso de curaci\u00f3n y mucho m\u00e1s, est\u00e1 aqu\u00ed, <a href=\"#requestform\">\u00a1contacte con nosotros<\/a>!<\/h3>\n\n<h3 class=\"wp-block-heading\">PREGUNTAS FRECUENTES<\/h3>\n<div id=\"rank-math-faq\" class=\"rank-math-block\">\n<div class=\"rank-math-list \">\n<div id=\"faq-question-1684935536581\" class=\"rank-math-list-item\">\n<h3 class=\"rank-math-question \">\u00bfEs segura la mesoterapia para la cara?<\/h3>\n<div class=\"rank-math-answer \">\n\n<p>La mesoterapia facial puede considerarse segura cuando la realiza un profesional sanitario cualificado y con experiencia. El procedimiento consiste en inyectar en la piel una mezcla personalizada de vitaminas, minerales, amino\u00e1cidos y otras sustancias para tratar problemas cut\u00e1neos espec\u00edficos.<\/p>\n\n<\/div>\n<\/div>\n<div id=\"faq-question-1684935615740\" class=\"rank-math-list-item\">\n<h3 class=\"rank-math-question \">\u00bfQu\u00e9 aporta la mesoterapia al rostro?<\/h3>\n<div class=\"rank-math-answer \">\n\n<p>La mesoterapia facial es un procedimiento cosm\u00e9tico que consiste en inyectar en la piel una mezcla personalizada de vitaminas, minerales, amino\u00e1cidos, \u00e1cido hialur\u00f3nico y otras sustancias. El objetivo de la mesoterapia es tratar diversos problemas de la piel y mejorar el aspecto general del rostro.<\/p>\n\n<\/div>\n<\/div>\n<div id=\"faq-question-1684935616789\" class=\"rank-math-list-item\">\n<h3 class=\"rank-math-question \">\u00bfEs segura la mesoterapia?<\/h3>\n<div class=\"rank-math-answer \">\n\n<p>Cuando la realiza un profesional sanitario cualificado y con experiencia, la mesoterapia, tambi\u00e9n llamada mesoterapia cicatricial, suele considerarse segura. Sin embargo, como ocurre con cualquier procedimiento m\u00e9dico, hay que tener en cuenta los riesgos potenciales y los efectos secundarios.<\/p>\n\n<\/div>\n<\/div>\n<\/div>\n<\/div>\n<p><\/p>\n\n<h3 class=\"wp-block-heading\">P\u00f3ngase en contacto con nosotros si tiene alguna pregunta.<\/h3>\n","protected":false},"excerpt":{"rendered":"<p>\u00bfDesea reducir el aspecto de las cicatrices? La mesoterapia cicatricial puede ser justo lo que necesita. Este innovador procedimiento cosm\u00e9tico [&hellip;]<\/p>\n","protected":false},"author":4,"featured_media":93005,"parent":0,"menu_order":0,"comment_status":"closed","ping_status":"closed","template":"","meta":{"site-sidebar-layout":"default","site-content-layout":"","ast-site-content-layout":"default","site-content-style":"default","site-sidebar-style":"default","ast-global-header-display":"","ast-banner-title-visibility":"","ast-main-header-display":"","ast-hfb-above-header-display":"","ast-hfb-below-header-display":"","ast-hfb-mobile-header-display":"","site-post-title":"","ast-breadcrumbs-content":"","ast-featured-img":"","footer-sml-layout":"","ast-disable-related-posts":"","theme-transparent-header-meta":"","adv-header-id-meta":"","stick-header-meta":"","header-above-stick-meta":"","header-main-stick-meta":"","header-below-stick-meta":"","astra-migrate-meta-layouts":"default","ast-page-background-enabled":"default","ast-page-background-meta":{"desktop":{"background-color":"var(--ast-global-color-4)","background-image":"","background-repeat":"repeat","background-position":"center center","background-size":"auto","background-attachment":"scroll","background-type":"","background-media":"","overlay-type":"","overlay-color":"","overlay-opacity":"","overlay-gradient":""},"tablet":{"background-color":"","background-image":"","background-repeat":"repeat","background-position":"center center","background-size":"auto","background-attachment":"scroll","background-type":"","background-media":"","overlay-type":"","overlay-color":"","overlay-opacity":"","overlay-gradient":""},"mobile":{"background-color":"","background-image":"","background-repeat":"repeat","background-position":"center center","background-size":"auto","background-attachment":"scroll","background-type":"","background-media":"","overlay-type":"","overlay-color":"","overlay-opacity":"","overlay-gradient":""}},"ast-content-background-meta":{"desktop":{"background-color":"var(--ast-global-color-5)","background-image":"","background-repeat":"repeat","background-position":"center center","background-size":"auto","background-attachment":"scroll","background-type":"","background-media":"","overlay-type":"","overlay-color":"","overlay-opacity":"","overlay-gradient":""},"tablet":{"background-color":"var(--ast-global-color-5)","background-image":"","background-repeat":"repeat","background-position":"center center","background-size":"auto","background-attachment":"scroll","background-type":"","background-media":"","overlay-type":"","overlay-color":"","overlay-opacity":"","overlay-gradient":""},"mobile":{"background-color":"var(--ast-global-color-5)","background-image":"","background-repeat":"repeat","background-position":"center center","background-size":"auto","background-attachment":"scroll","background-type":"","background-media":"","overlay-type":"","overlay-color":"","overlay-opacity":"","overlay-gradient":""}},"footnotes":""},"class_list":["post-146635","page","type-page","status-publish","has-post-thumbnail","hentry"],"_links":{"self":[{"href":"https:\/\/medclinics.com\/es\/wp-json\/wp\/v2\/pages\/146635","targetHints":{"allow":["GET"]}}],"collection":[{"href":"https:\/\/medclinics.com\/es\/wp-json\/wp\/v2\/pages"}],"about":[{"href":"https:\/\/medclinics.com\/es\/wp-json\/wp\/v2\/types\/page"}],"author":[{"embeddable":true,"href":"https:\/\/medclinics.com\/es\/wp-json\/wp\/v2\/users\/4"}],"replies":[{"embeddable":true,"href":"https:\/\/medclinics.com\/es\/wp-json\/wp\/v2\/comments?post=146635"}],"version-history":[{"count":0,"href":"https:\/\/medclinics.com\/es\/wp-json\/wp\/v2\/pages\/146635\/revisions"}],"wp:featuredmedia":[{"embeddable":true,"href":"https:\/\/medclinics.com\/es\/wp-json\/wp\/v2\/media\/93005"}],"wp:attachment":[{"href":"https:\/\/medclinics.com\/es\/wp-json\/wp\/v2\/media?parent=146635"}],"curies":[{"name":"wp","href":"https:\/\/api.w.org\/{rel}","templated":true}]}}