{"id":146621,"date":"2023-05-24T13:33:21","date_gmt":"2023-05-24T10:33:21","guid":{"rendered":"https:\/\/medclinics.com\/tratamiento-con-plasma\/"},"modified":"2024-04-01T16:03:41","modified_gmt":"2024-04-01T13:03:41","slug":"tratamiento-con-plasma","status":"publish","type":"page","link":"https:\/\/medclinics.com\/es\/tratamiento-con-plasma\/","title":{"rendered":"Tratamiento con plasma"},"content":{"rendered":"\n<h2 class=\"wp-block-heading\">No dejes que el dolor cr\u00f3nico te frene por m\u00e1s tiempo. Pruebe hoy mismo el tratamiento con plasma<\/h2>\n\n<p>\u00bfEst\u00e1 cansado de padecer dolores cr\u00f3nicos o afecciones cut\u00e1neas antiest\u00e9ticas? El tratamiento con plasma es el procedimiento m\u00e9dico revolucionario que utiliza las plaquetas del propio organismo para favorecer la cicatrizaci\u00f3n y la regeneraci\u00f3n de los tejidos.<\/p>\n\n<p>Durante un sencillo proceso denominado centrifugaci\u00f3n, se procesa una peque\u00f1a muestra de su sangre para extraer las plaquetas concentradas junto con el plasma. A continuaci\u00f3n, esta potente combinaci\u00f3n se inyecta en zonas espec\u00edficas como articulaciones, tendones, m\u00fasculos o incluso con fines est\u00e9ticos en el rostro.<\/p>\n\n<p>Los factores de crecimiento y las prote\u00ednas de este <a href=\"https:\/\/en.wikipedia.org\/wiki\/Platelet-rich_plasma\" target=\"_blank\" rel=\"noreferrer noopener\">Plasma Rico en Plaquetas<\/a> ayudan a estimular la reparaci\u00f3n de los tejidos al tiempo que reducen la inflamaci\u00f3n, favoreciendo el crecimiento de nuevas c\u00e9lulas. Con aplicaciones en diversos campos, como la ortopedia y la dermatolog\u00eda, se ha utilizado con \u00e9xito en el tratamiento de la artrosis, la tendinitis y las lesiones de ligamentos, as\u00ed como en tratamientos de rejuvenecimiento facial que mejoran las arrugas y cicatrices, y en procedimientos de restauraci\u00f3n capilar.<\/p>\n\n<h3 class=\"wp-block-heading\">Todo lo que necesita saber sobre el <a href=\"https:\/\/medclinics.com\/es\/belleza\/\" target=\"_blank\" rel=\"noreferrer noopener\">tratamiento de<\/a> belleza, incluido el precio y m\u00e1s, <a href=\"#requestform\">\u00a1contacte con nosotros<\/a> ahora!<\/h3>\n\n<h3 class=\"wp-block-heading\">PREGUNTAS FRECUENTES<\/h3>\n<div id=\"rank-math-faq\" class=\"rank-math-block\">\n<div class=\"rank-math-list \">\n<div id=\"faq-question-1684934878835\" class=\"rank-math-list-item\">\n<h3 class=\"rank-math-question \">\u00bfAyuda el tratamiento con plasma al crecimiento del cabello?<\/h3>\n<div class=\"rank-math-answer \">\n\n<p>La terapia capilar con plasma rico en plaquetas (PRP) ha demostrado resultados prometedores en el fomento del crecimiento del cabello y la mejora de su densidad. Consiste en extraer una peque\u00f1a cantidad de sangre del paciente, procesarla para separar el plasma rico en plaquetas e inyectar el plasma concentrado en el cuero cabelludo.<\/p>\n\n<\/div>\n<\/div>\n<div id=\"faq-question-1684934871151\" class=\"rank-math-list-item\">\n<h3 class=\"rank-math-question \">\u00bfEs bueno el tratamiento con plasma para el cabello?<\/h3>\n<div class=\"rank-math-answer \">\n\n<p>S\u00ed, el tratamiento con plasma puede ser beneficioso para el cabello.<\/p>\n\n<\/div>\n<\/div>\n<div id=\"faq-question-1684934961677\" class=\"rank-math-list-item\">\n<h3 class=\"rank-math-question \">\u00bfFunciona el tratamiento con plasma?<\/h3>\n<div class=\"rank-math-answer \">\n\n<p>S\u00ed, el tratamiento con plasma, concretamente la terapia con plasma rico en plaquetas (PRP), ha demostrado su eficacia para promover el crecimiento del cabello y mejorar su densidad en determinados casos. Sin embargo, los resultados individuales pueden variar. Se recomienda consultar a un profesional sanitario cualificado para determinar si esta terapia es adecuada para sus problemas capilares espec\u00edficos.<\/p>\n\n<\/div>\n<\/div>\n<div id=\"faq-question-1684935038005\" class=\"rank-math-list-item\">\n<h3 class=\"rank-math-question \">\u00bfVale la pena el PRP para el crecimiento del cabello?<\/h3>\n<div class=\"rank-math-answer \">\n\n<p>El valor de la terapia PRP para el crecimiento del cabello var\u00eda en funci\u00f3n de factores y expectativas individuales. Se recomienda consultar a un profesional sanitario especializado en restauraci\u00f3n capilar para determinar si esta terapia es adecuada para sus necesidades espec\u00edficas.<\/p>\n\n<\/div>\n<\/div>\n<\/div>\n<\/div>\n<p><\/p>\n\n<h3 class=\"wp-block-heading\">P\u00f3ngase en contacto con nosotros si tiene alguna pregunta.<\/h3>\n","protected":false},"excerpt":{"rendered":"<p>No dejes que el dolor cr\u00f3nico te frene por m\u00e1s tiempo. Pruebe hoy mismo el tratamiento con plasma \u00bfEst\u00e1 cansado [&hellip;]<\/p>\n","protected":false},"author":4,"featured_media":52953,"parent":0,"menu_order":0,"comment_status":"closed","ping_status":"closed","template":"","meta":{"site-sidebar-layout":"default","site-content-layout":"","ast-site-content-layout":"default","site-content-style":"default","site-sidebar-style":"default","ast-global-header-display":"","ast-banner-title-visibility":"","ast-main-header-display":"","ast-hfb-above-header-display":"","ast-hfb-below-header-display":"","ast-hfb-mobile-header-display":"","site-post-title":"","ast-breadcrumbs-content":"","ast-featured-img":"","footer-sml-layout":"","ast-disable-related-posts":"","theme-transparent-header-meta":"","adv-header-id-meta":"","stick-header-meta":"","header-above-stick-meta":"","header-main-stick-meta":"","header-below-stick-meta":"","astra-migrate-meta-layouts":"default","ast-page-background-enabled":"default","ast-page-background-meta":{"desktop":{"background-color":"var(--ast-global-color-4)","background-image":"","background-repeat":"repeat","background-position":"center center","background-size":"auto","background-attachment":"scroll","background-type":"","background-media":"","overlay-type":"","overlay-color":"","overlay-opacity":"","overlay-gradient":""},"tablet":{"background-color":"","background-image":"","background-repeat":"repeat","background-position":"center center","background-size":"auto","background-attachment":"scroll","background-type":"","background-media":"","overlay-type":"","overlay-color":"","overlay-opacity":"","overlay-gradient":""},"mobile":{"background-color":"","background-image":"","background-repeat":"repeat","background-position":"center center","background-size":"auto","background-attachment":"scroll","background-type":"","background-media":"","overlay-type":"","overlay-color":"","overlay-opacity":"","overlay-gradient":""}},"ast-content-background-meta":{"desktop":{"background-color":"var(--ast-global-color-5)","background-image":"","background-repeat":"repeat","background-position":"center center","background-size":"auto","background-attachment":"scroll","background-type":"","background-media":"","overlay-type":"","overlay-color":"","overlay-opacity":"","overlay-gradient":""},"tablet":{"background-color":"var(--ast-global-color-5)","background-image":"","background-repeat":"repeat","background-position":"center center","background-size":"auto","background-attachment":"scroll","background-type":"","background-media":"","overlay-type":"","overlay-color":"","overlay-opacity":"","overlay-gradient":""},"mobile":{"background-color":"var(--ast-global-color-5)","background-image":"","background-repeat":"repeat","background-position":"center center","background-size":"auto","background-attachment":"scroll","background-type":"","background-media":"","overlay-type":"","overlay-color":"","overlay-opacity":"","overlay-gradient":""}},"footnotes":""},"class_list":["post-146621","page","type-page","status-publish","has-post-thumbnail","hentry"],"_links":{"self":[{"href":"https:\/\/medclinics.com\/es\/wp-json\/wp\/v2\/pages\/146621","targetHints":{"allow":["GET"]}}],"collection":[{"href":"https:\/\/medclinics.com\/es\/wp-json\/wp\/v2\/pages"}],"about":[{"href":"https:\/\/medclinics.com\/es\/wp-json\/wp\/v2\/types\/page"}],"author":[{"embeddable":true,"href":"https:\/\/medclinics.com\/es\/wp-json\/wp\/v2\/users\/4"}],"replies":[{"embeddable":true,"href":"https:\/\/medclinics.com\/es\/wp-json\/wp\/v2\/comments?post=146621"}],"version-history":[{"count":0,"href":"https:\/\/medclinics.com\/es\/wp-json\/wp\/v2\/pages\/146621\/revisions"}],"wp:featuredmedia":[{"embeddable":true,"href":"https:\/\/medclinics.com\/es\/wp-json\/wp\/v2\/media\/52953"}],"wp:attachment":[{"href":"https:\/\/medclinics.com\/es\/wp-json\/wp\/v2\/media?parent=146621"}],"curies":[{"name":"wp","href":"https:\/\/api.w.org\/{rel}","templated":true}]}}