{"id":146609,"date":"2023-05-24T13:17:52","date_gmt":"2023-05-24T10:17:52","guid":{"rendered":"https:\/\/medclinics.com\/rellenos-nasales\/"},"modified":"2024-04-14T23:04:57","modified_gmt":"2024-04-14T20:04:57","slug":"rellenos-nasales","status":"publish","type":"page","link":"https:\/\/medclinics.com\/es\/rellenos-nasales\/","title":{"rendered":"Rellenos nasales"},"content":{"rendered":"\n<h2 class=\"wp-block-heading\">\u00bfEst\u00e1 descontento con la forma o el aspecto de su nariz?<\/h2>\n\n<h3 class=\"wp-block-heading\">Piense en la reparaci\u00f3n no quir\u00fargica de la nariz, tambi\u00e9n conocida como relleno nasal.<\/h3>\n\n<p>Este procedimiento cosm\u00e9tico consiste en inyectar rellenos d\u00e9rmicos de \u00e1cido hialur\u00f3nico en la nariz para modificar su forma y mejorar su aspecto general.<\/p>\n\n<p>Realizado por un profesional m\u00e9dico cualificado con anestesia local o una crema anest\u00e9sica para reducir al m\u00ednimo las molestias, este procedimiento de 15-30 minutos de duraci\u00f3n puede tratar diversos problemas, como protuberancias, asimetr\u00eda, elevaci\u00f3n de las puntas nasales y adici\u00f3n de volumen en zonas hundidas.<\/p>\n\n<p>Los resultados son inmediatos. Inmediatamente despu\u00e9s del tratamiento observar\u00e1 cambios que durar\u00e1n entre seis meses y dos a\u00f1os, dependiendo de factores individuales. El relleno nasal se considera temporal porque se descompone gradualmente con el tiempo, lo que permite realizar inyecciones adicionales si es necesario o explorar otras opciones como la cirug\u00eda.<\/p>\n\n<p>No deje que la insatisfacci\u00f3n con su aspecto le frene por m\u00e1s tiempo: considere la posibilidad de <a href=\"https:\/\/medclinics.com\/es\/operaciones-no-quirurgicas\/\" target=\"_blank\" data-type=\"page\" data-id=\"144395\" rel=\"noreferrer noopener\">someterse<\/a> hoy mismo a <a href=\"https:\/\/medclinics.com\/es\/operaciones-no-quirurgicas\/\" target=\"_blank\" data-type=\"page\" data-id=\"144395\" rel=\"noreferrer noopener\">una rinoplastia no quir\u00fargica<\/a>.<\/p>\n\n<figure class=\"wp-block-image size-full\"><img fetchpriority=\"high\" decoding=\"async\" width=\"780\" height=\"488\" src=\"https:\/\/medclinics.com\/wp-content\/uploads\/2024\/04\/nose-filler-beauty-salon-turkey.jpg\" alt=\"Relleno de nariz Sal&#xF3;n de belleza Turqu&#xED;a Estambul\" class=\"wp-image-161573\" srcset=\"https:\/\/medclinics.com\/wp-content\/uploads\/2024\/04\/nose-filler-beauty-salon-turkey.jpg 780w, https:\/\/medclinics.com\/wp-content\/uploads\/2024\/04\/nose-filler-beauty-salon-turkey-300x188.jpg 300w, https:\/\/medclinics.com\/wp-content\/uploads\/2024\/04\/nose-filler-beauty-salon-turkey-768x480.jpg 768w\" sizes=\"(max-width: 780px) 100vw, 780px\" \/><\/figure>\n\n<h3 class=\"wp-block-heading\">Todo lo que necesita saber sobre el <a href=\"https:\/\/medclinics.com\/es\/belleza\/\" target=\"_blank\" rel=\"noreferrer noopener\">tratamiento de belleza<\/a>, incluido el precio, los cuidados posteriores y el proceso de curaci\u00f3n, est\u00e1 aqu\u00ed, <a href=\"#requestform\">\u00a1cont\u00e1ctenos<\/a> ahora!<\/h3>\n\n<h3 class=\"wp-block-heading\">PREGUNTAS FRECUENTES<\/h3>\n<div id=\"rank-math-faq\" class=\"rank-math-block\">\n<div class=\"rank-math-list \">\n<div id=\"faq-question-1684933972371\" class=\"rank-math-list-item\">\n<h3 class=\"rank-math-question \">\u00bfC\u00f3mo funciona el relleno nasal?<\/h3>\n<div class=\"rank-math-answer \">\n\n<p>Los rellenos nasales, tambi\u00e9n conocidos como rellenos d\u00e9rmicos, act\u00faan a\u00f1adiendo volumen y remodelando la nariz. Los rellenos suelen contener \u00e1cido hialur\u00f3nico, una sustancia que se encuentra de forma natural en el organismo. Durante el procedimiento, el relleno se inyecta en zonas espec\u00edficas de la nariz para suavizar los contornos, corregir peque\u00f1as imperfecciones y mejorar el aspecto general. El relleno a\u00f1ade volumen y estructura, dando como resultado una forma de nariz m\u00e1s equilibrada y est\u00e9ticamente agradable. Los efectos de los rellenos nasales se ven inmediatamente y los resultados pueden durar desde unos meses hasta un a\u00f1o, dependiendo del tipo de relleno utilizado y de factores individuales.<\/p>\n\n<\/div>\n<\/div>\n<div id=\"faq-question-1684933938508\" class=\"rank-math-list-item\">\n<h3 class=\"rank-math-question \">\u00bfSon seguros los rellenos nasales?<\/h3>\n<div class=\"rank-math-answer \">\n\n<p>Cuando los administra un profesional cualificado, los rellenos nasales suelen considerarse seguros. Sin embargo, como en cualquier procedimiento m\u00e9dico, hay que tener en cuenta los posibles riesgos y efectos secundarios. Pueden incluir hinchaz\u00f3n temporal, enrojecimiento, hematomas y molestias.  <\/p>\n\n<\/div>\n<\/div>\n<div id=\"faq-question-1684934082824\" class=\"rank-math-list-item\">\n<h3 class=\"rank-math-question \">\u00bfLos rellenos nasales son permanentes?<\/h3>\n<div class=\"rank-math-answer \">\n\n<p>Los efectos de los rellenos nasales son temporales, y la duraci\u00f3n de los resultados puede variar en funci\u00f3n de factores como el tipo de relleno utilizado, el metabolismo individual y los h\u00e1bitos de vida. Por lo general, los rellenos nasales pueden durar desde varios meses hasta un a\u00f1o o m\u00e1s. Con el tiempo, el relleno se descompone gradualmente y es absorbido de forma natural por el organismo. Para mantener los resultados deseados, puede ser necesario repetir los tratamientos o los retoques.<\/p>\n\n<\/div>\n<\/div>\n<div id=\"faq-question-1684934083903\" class=\"rank-math-list-item\">\n<h3 class=\"rank-math-question \">\u00bfMerecen la pena los rellenos nasales?<\/h3>\n<div class=\"rank-math-answer \">\n\n<p>Merece la pena someterse a un relleno nasal, pero es una decisi\u00f3n subjetiva que depende de las preferencias y los objetivos de cada persona. Los rellenos nasales pueden ser una opci\u00f3n no quir\u00fargica para mejorar el aspecto de la nariz, corregir peque\u00f1as imperfecciones y conseguir un aspecto m\u00e1s equilibrado. Sin embargo, es importante tener en cuenta factores como el coste, el car\u00e1cter temporal de los resultados y los posibles riesgos o efectos secundarios. Consultar a un profesional sanitario cualificado puede ayudarle a determinar si los rellenos nasales se ajustan a sus expectativas y si merece la pena utilizarlos para obtener el resultado deseado.<\/p>\n\n<\/div>\n<\/div>\n<div id=\"faq-question-1684934211227\" class=\"rank-math-list-item\">\n<h3 class=\"rank-math-question \">\u00bfSon dolorosos los rellenos nasales?<\/h3>\n<div class=\"rank-math-answer \">\n\n<p>El nivel de incomodidad experimentado durante un procedimiento de relleno nasal puede variar de una persona a otra. Sin embargo, muchas personas refieren un dolor o molestias m\u00ednimos durante el tratamiento. Antes del procedimiento, se puede aplicar una crema anest\u00e9sica t\u00f3pica o anestesia local en la nariz para ayudar a minimizar cualquier posible molestia. Adem\u00e1s, la mayor\u00eda de los rellenos nasales contienen lidoca\u00edna, un agente anest\u00e9sico, que puede aumentar a\u00fan m\u00e1s la comodidad durante el proceso de inyecci\u00f3n. Aunque algunas personas pueden sentir un ligero pinchazo o sensaci\u00f3n de presi\u00f3n durante las inyecciones, en general se tolera bien.<\/p>\n\n<\/div>\n<\/div>\n<\/div>\n<\/div>\n<h3 class=\"wp-block-heading\">P\u00f3ngase en contacto con nosotros si tiene alguna pregunta.<\/h3>\n","protected":false},"excerpt":{"rendered":"<p>\u00bfEst\u00e1 descontento con la forma o el aspecto de su nariz? Piense en la reparaci\u00f3n no quir\u00fargica de la nariz, [&hellip;]<\/p>\n","protected":false},"author":4,"featured_media":161578,"parent":0,"menu_order":0,"comment_status":"closed","ping_status":"closed","template":"","meta":{"site-sidebar-layout":"default","site-content-layout":"","ast-site-content-layout":"default","site-content-style":"default","site-sidebar-style":"default","ast-global-header-display":"","ast-banner-title-visibility":"","ast-main-header-display":"","ast-hfb-above-header-display":"","ast-hfb-below-header-display":"","ast-hfb-mobile-header-display":"","site-post-title":"","ast-breadcrumbs-content":"","ast-featured-img":"","footer-sml-layout":"","ast-disable-related-posts":"","theme-transparent-header-meta":"","adv-header-id-meta":"","stick-header-meta":"","header-above-stick-meta":"","header-main-stick-meta":"","header-below-stick-meta":"","astra-migrate-meta-layouts":"default","ast-page-background-enabled":"default","ast-page-background-meta":{"desktop":{"background-color":"var(--ast-global-color-4)","background-image":"","background-repeat":"repeat","background-position":"center center","background-size":"auto","background-attachment":"scroll","background-type":"","background-media":"","overlay-type":"","overlay-color":"","overlay-opacity":"","overlay-gradient":""},"tablet":{"background-color":"","background-image":"","background-repeat":"repeat","background-position":"center center","background-size":"auto","background-attachment":"scroll","background-type":"","background-media":"","overlay-type":"","overlay-color":"","overlay-opacity":"","overlay-gradient":""},"mobile":{"background-color":"","background-image":"","background-repeat":"repeat","background-position":"center center","background-size":"auto","background-attachment":"scroll","background-type":"","background-media":"","overlay-type":"","overlay-color":"","overlay-opacity":"","overlay-gradient":""}},"ast-content-background-meta":{"desktop":{"background-color":"var(--ast-global-color-5)","background-image":"","background-repeat":"repeat","background-position":"center center","background-size":"auto","background-attachment":"scroll","background-type":"","background-media":"","overlay-type":"","overlay-color":"","overlay-opacity":"","overlay-gradient":""},"tablet":{"background-color":"var(--ast-global-color-5)","background-image":"","background-repeat":"repeat","background-position":"center center","background-size":"auto","background-attachment":"scroll","background-type":"","background-media":"","overlay-type":"","overlay-color":"","overlay-opacity":"","overlay-gradient":""},"mobile":{"background-color":"var(--ast-global-color-5)","background-image":"","background-repeat":"repeat","background-position":"center center","background-size":"auto","background-attachment":"scroll","background-type":"","background-media":"","overlay-type":"","overlay-color":"","overlay-opacity":"","overlay-gradient":""}},"footnotes":""},"class_list":["post-146609","page","type-page","status-publish","has-post-thumbnail","hentry"],"_links":{"self":[{"href":"https:\/\/medclinics.com\/es\/wp-json\/wp\/v2\/pages\/146609","targetHints":{"allow":["GET"]}}],"collection":[{"href":"https:\/\/medclinics.com\/es\/wp-json\/wp\/v2\/pages"}],"about":[{"href":"https:\/\/medclinics.com\/es\/wp-json\/wp\/v2\/types\/page"}],"author":[{"embeddable":true,"href":"https:\/\/medclinics.com\/es\/wp-json\/wp\/v2\/users\/4"}],"replies":[{"embeddable":true,"href":"https:\/\/medclinics.com\/es\/wp-json\/wp\/v2\/comments?post=146609"}],"version-history":[{"count":0,"href":"https:\/\/medclinics.com\/es\/wp-json\/wp\/v2\/pages\/146609\/revisions"}],"wp:featuredmedia":[{"embeddable":true,"href":"https:\/\/medclinics.com\/es\/wp-json\/wp\/v2\/media\/161578"}],"wp:attachment":[{"href":"https:\/\/medclinics.com\/es\/wp-json\/wp\/v2\/media?parent=146609"}],"curies":[{"name":"wp","href":"https:\/\/api.w.org\/{rel}","templated":true}]}}