{"id":146597,"date":"2023-05-24T13:05:30","date_gmt":"2023-05-24T13:05:30","guid":{"rendered":"https:\/\/medclinics.com\/morfeo8\/"},"modified":"2024-04-04T19:32:34","modified_gmt":"2024-04-04T16:32:34","slug":"morfeo8","status":"publish","type":"page","link":"https:\/\/medclinics.com\/es\/morfeo8\/","title":{"rendered":"Morfeo8"},"content":{"rendered":"\n<h2 class=\"wp-block-heading\">No lo dude hoy mismo si quiere mejoras duraderas que se vean r\u00e1pidamente gracias a la tecnolog\u00eda Morpheus 8.<\/h2>\n\n<p>Morpheus8 es la soluci\u00f3n definitiva para quienes buscan un tratamiento <a href=\"https:\/\/en.wikipedia.org\/wiki\/Aesthetic_medicine\" target=\"_blank\" rel=\"noreferrer noopener\">cosm\u00e9tico<\/a> m\u00ednimamente invasivo capaz de transformar su piel. Este revolucionario procedimiento combina microneedling con energ\u00eda de radiofrecuencia (RF) para tratar problemas comunes como arrugas, l\u00edneas finas, cicatrices de acn\u00e9, hiperpigmentaci\u00f3n y flacidez de la piel.<\/p>\n\n<p>El dispositivo Morpheus8 utiliza microagujas diminutas para crear microcanales en la piel y enviar energ\u00eda de radiofrecuencia a las capas m\u00e1s profundas del tejido. \u00bfEl resultado? Aumento de la producci\u00f3n y remodelaci\u00f3n del col\u00e1geno, lo que se traduce en una piel m\u00e1s firme y rejuvenecida, con un aspecto m\u00e1s joven y fresco.<\/p>\n\n<p>Una ventaja clave de este tratamiento es su personalizaci\u00f3n; nuestros expertos ajustar\u00e1n la profundidad de las agujas utilizadas junto con los niveles de intensidad en funci\u00f3n de las necesidades individuales o las afecciones espec\u00edficas presentes en la situaci\u00f3n \u00fanica de cada paciente.<\/p>\n\n<p>Otra ventaja: \u00a1tambi\u00e9n estimula nuevas fibras de elastina! Con zonas vers\u00e1tiles como cara\/cuello\/brazo\/muslos disponibles para su aplicaci\u00f3n, \u00bfpor qu\u00e9 esperar m\u00e1s?<\/p>\n\n<p>El tiempo de inactividad m\u00ednimo significa que la mayor\u00eda de las personas pueden reanudar sus actividades habituales poco despu\u00e9s de recibir los tratamientos sin experimentar molestias significativas tras el tratamiento, que dura s\u00f3lo unos d\u00edas en lugar de semanas\/meses como otros procedimientos, antes de ver c\u00f3mo los resultados graduales se afianzan a lo largo de varias sesiones en funci\u00f3n de los objetivos de resultados deseados establecidos por los propios pacientes.<\/p>\n\n<h3 class=\"wp-block-heading\">Todo lo que necesita saber sobre el <a href=\"https:\/\/medclinics.com\/es\/belleza\/\" target=\"_blank\" rel=\"noreferrer noopener\">tratamiento de belleza<\/a>, incluido el precio, los cuidados posteriores y el proceso de curaci\u00f3n, est\u00e1 aqu\u00ed, <a href=\"#requestform\">\u00a1cont\u00e1ctenos<\/a>!<\/h3>\n\n<h3 class=\"wp-block-heading\">PREGUNTAS FRECUENTES<\/h3>\n<div id=\"rank-math-faq\" class=\"rank-math-block\">\n<div class=\"rank-math-list \">\n<div id=\"faq-question-1684933255901\" class=\"rank-math-list-item\">\n<h3 class=\"rank-math-question \">\u00bfC\u00f3mo funciona morpheus8?<\/h3>\n<div class=\"rank-math-answer \">\n\n<p>Morpheus8 es un tratamiento vanguardista de rejuvenecimiento cut\u00e1neo que combina micropunci\u00f3n y energ\u00eda de radiofrecuencia (RF) para estimular la producci\u00f3n de col\u00e1geno y remodelar la piel. El procedimiento consiste en un dispositivo manual con agujas diminutas que crean microcanales en la piel al tiempo que suministran energ\u00eda de radiofrecuencia. Esta doble acci\u00f3n desencadena una lesi\u00f3n t\u00e9rmica controlada en las capas m\u00e1s profundas de la piel, favoreciendo la producci\u00f3n de nuevo col\u00e1geno y elastina. Con el tiempo, el resultado es una piel m\u00e1s firme, tersa y joven. Morpheus8 puede adaptarse para tratar diversos problemas, como arrugas, cicatrices de acn\u00e9 y laxitud cut\u00e1nea, y ofrece niveles de profundidad y energ\u00eda personalizables para un tratamiento individualizado.<\/p>\n\n<\/div>\n<\/div>\n<div id=\"faq-question-1684933389832\" class=\"rank-math-list-item\">\n<h3 class=\"rank-math-question \">\u00bfEs seguro morpheus8?<\/h3>\n<div class=\"rank-math-answer \">\n\n<p>En general, Morpheus8 se considera seguro cuando lo realiza un profesional sanitario cualificado y con experiencia. Se trata de un procedimiento autorizado por la FDA que combina micropunci\u00f3n y energ\u00eda de radiofrecuencia (RF) para rejuvenecer la piel. Sin embargo, como ocurre con cualquier procedimiento est\u00e9tico, existen riesgos potenciales y efectos secundarios que hay que tener en cuenta. Pueden incluir enrojecimiento temporal, hinchaz\u00f3n, hematomas y molestias leves en la zona tratada. En raras ocasiones, puede haber riesgo de infecci\u00f3n o irritaci\u00f3n cut\u00e1nea.<\/p>\n\n<\/div>\n<\/div>\n<div id=\"faq-question-1684933317297\" class=\"rank-math-list-item\">\n<h3 class=\"rank-math-question \">\u00bfMerece la pena morpheus8?<\/h3>\n<div class=\"rank-math-answer \">\n\n<p>Decidir si Morpheus8 merece la pena para usted depende de sus necesidades y expectativas individuales. Este innovador tratamiento de rejuvenecimiento de la piel ha demostrado resultados prometedores en la mejora de diversos problemas cut\u00e1neos. Puede ser especialmente beneficioso para quienes desean eliminar arrugas, cicatrices de acn\u00e9 y laxitud cut\u00e1nea. Sin embargo, el valor del tratamiento es subjetivo y los resultados deseados dependen de factores como su presupuesto y su disposici\u00f3n a someterse al procedimiento. Es aconsejable consultar con un profesional sanitario cualificado para determinar si Morpheus8 merece la pena. Pueden evaluar el estado de su piel, hablar de sus objetivos y ofrecerle recomendaciones personalizadas. Con un conocimiento profundo de los posibles beneficios, costes y tiempo de inactividad asociado, puede tomar una decisi\u00f3n informada sobre si Morpheus8 es compatible con sus expectativas y merece la pena para su viaje de rejuvenecimiento de la piel.<\/p>\n\n<\/div>\n<\/div>\n<div id=\"faq-question-1684933441203\" class=\"rank-math-list-item\">\n<h3 class=\"rank-math-question \">Morpheus8 \u00bfcu\u00e1nto dura?<\/h3>\n<div class=\"rank-math-answer \">\n\n<p>La duraci\u00f3n de los resultados de Morpheus8 suele oscilar entre 9 meses y 2 a\u00f1os, dependiendo de diversos factores como las caracter\u00edsticas de cada piel, la edad, el estilo de vida y el mantenimiento adecuado del cuidado de la piel. Aunque algunos individuos pueden experimentar resultados m\u00e1s duraderos, es importante tener en cuenta que la longevidad de los efectos puede variar de una persona a otra.<\/p>\n\n<\/div>\n<\/div>\n<\/div>\n<\/div>\n<p><\/p>\n\n<h3 class=\"wp-block-heading\">P\u00f3ngase en contacto con nosotros si tiene alguna pregunta.<\/h3>\n","protected":false},"excerpt":{"rendered":"<p>No lo dude hoy mismo si quiere mejoras duraderas que se vean r\u00e1pidamente gracias a la tecnolog\u00eda Morpheus 8. Morpheus8 [&hellip;]<\/p>\n","protected":false},"author":4,"featured_media":98793,"parent":0,"menu_order":0,"comment_status":"closed","ping_status":"closed","template":"","meta":{"site-sidebar-layout":"default","site-content-layout":"","ast-site-content-layout":"default","site-content-style":"default","site-sidebar-style":"default","ast-global-header-display":"","ast-banner-title-visibility":"","ast-main-header-display":"","ast-hfb-above-header-display":"","ast-hfb-below-header-display":"","ast-hfb-mobile-header-display":"","site-post-title":"","ast-breadcrumbs-content":"","ast-featured-img":"","footer-sml-layout":"","ast-disable-related-posts":"","theme-transparent-header-meta":"","adv-header-id-meta":"","stick-header-meta":"","header-above-stick-meta":"","header-main-stick-meta":"","header-below-stick-meta":"","astra-migrate-meta-layouts":"default","ast-page-background-enabled":"default","ast-page-background-meta":{"desktop":{"background-color":"var(--ast-global-color-4)","background-image":"","background-repeat":"repeat","background-position":"center center","background-size":"auto","background-attachment":"scroll","background-type":"","background-media":"","overlay-type":"","overlay-color":"","overlay-opacity":"","overlay-gradient":""},"tablet":{"background-color":"","background-image":"","background-repeat":"repeat","background-position":"center center","background-size":"auto","background-attachment":"scroll","background-type":"","background-media":"","overlay-type":"","overlay-color":"","overlay-opacity":"","overlay-gradient":""},"mobile":{"background-color":"","background-image":"","background-repeat":"repeat","background-position":"center center","background-size":"auto","background-attachment":"scroll","background-type":"","background-media":"","overlay-type":"","overlay-color":"","overlay-opacity":"","overlay-gradient":""}},"ast-content-background-meta":{"desktop":{"background-color":"var(--ast-global-color-5)","background-image":"","background-repeat":"repeat","background-position":"center center","background-size":"auto","background-attachment":"scroll","background-type":"","background-media":"","overlay-type":"","overlay-color":"","overlay-opacity":"","overlay-gradient":""},"tablet":{"background-color":"var(--ast-global-color-5)","background-image":"","background-repeat":"repeat","background-position":"center center","background-size":"auto","background-attachment":"scroll","background-type":"","background-media":"","overlay-type":"","overlay-color":"","overlay-opacity":"","overlay-gradient":""},"mobile":{"background-color":"var(--ast-global-color-5)","background-image":"","background-repeat":"repeat","background-position":"center center","background-size":"auto","background-attachment":"scroll","background-type":"","background-media":"","overlay-type":"","overlay-color":"","overlay-opacity":"","overlay-gradient":""}},"footnotes":""},"class_list":["post-146597","page","type-page","status-publish","has-post-thumbnail","hentry"],"_links":{"self":[{"href":"https:\/\/medclinics.com\/es\/wp-json\/wp\/v2\/pages\/146597","targetHints":{"allow":["GET"]}}],"collection":[{"href":"https:\/\/medclinics.com\/es\/wp-json\/wp\/v2\/pages"}],"about":[{"href":"https:\/\/medclinics.com\/es\/wp-json\/wp\/v2\/types\/page"}],"author":[{"embeddable":true,"href":"https:\/\/medclinics.com\/es\/wp-json\/wp\/v2\/users\/4"}],"replies":[{"embeddable":true,"href":"https:\/\/medclinics.com\/es\/wp-json\/wp\/v2\/comments?post=146597"}],"version-history":[{"count":0,"href":"https:\/\/medclinics.com\/es\/wp-json\/wp\/v2\/pages\/146597\/revisions"}],"wp:featuredmedia":[{"embeddable":true,"href":"https:\/\/medclinics.com\/es\/wp-json\/wp\/v2\/media\/98793"}],"wp:attachment":[{"href":"https:\/\/medclinics.com\/es\/wp-json\/wp\/v2\/media?parent=146597"}],"curies":[{"name":"wp","href":"https:\/\/api.w.org\/{rel}","templated":true}]}}