{"id":146585,"date":"2023-05-24T12:54:53","date_gmt":"2023-05-24T09:54:53","guid":{"rendered":"https:\/\/medclinics.com\/lumecca-4\/"},"modified":"2024-04-04T19:32:39","modified_gmt":"2024-04-04T16:32:39","slug":"lumecca-4","status":"publish","type":"page","link":"https:\/\/medclinics.com\/es\/lumecca-4\/","title":{"rendered":"Lumecca"},"content":{"rendered":"\n<h2 class=\"wp-block-heading\">Si desea rejuvenecer su tez o reducir las irregularidades pigmentarias, Lumecca puede ser la soluci\u00f3n.<\/h2>\n\n<p>Lumecca es un m\u00e9todo excepcional de tratamiento con <a href=\"https:\/\/en.wikipedia.org\/wiki\/Intense_pulsed_light\" target=\"_blank\" rel=\"noreferrer noopener\">luz pulsada intensa<\/a> (IPL) que puede tratar diversos problemas de la piel. Este procedimiento no invasivo emplea pulsos de alta intensidad de luz de amplio espectro para tratar eficazmente afecciones cut\u00e1neas espec\u00edficas, lo que lo convierte en una opci\u00f3n popular para quienes buscan una piel radiante y de aspecto joven.<\/p>\n\n<p>Durante una sesi\u00f3n con este dispositivo port\u00e1til, la emisi\u00f3n de destellos de luz en zonas espec\u00edficas de la cara o el cuerpo penetra profundamente en las c\u00e9lulas, donde se calientan y se desintegran gradualmente con el tiempo, estimulando las respuestas curativas naturales que conducen a mejores resultados en las zonas tratadas.<\/p>\n\n<p>Es importante tener en cuenta que, si bien algunas personas pueden lograr el resultado deseado tras un \u00fanico tratamiento, otras pueden necesitar varias sesiones espaciadas unas semanas en funci\u00f3n de sus necesidades individuales, que siempre deben ser analizadas previamente por profesionales cualificados que puedan evaluar los riesgos frente a los beneficios antes de recomendar planes adecuados adaptados espec\u00edficamente a las necesidades \u00fanicas de cada persona.<\/p>\n\n<h3 class=\"wp-block-heading\">Todo lo que necesita saber sobre el <a href=\"https:\/\/medclinics.com\/es\/belleza\/\" target=\"_blank\" rel=\"noreferrer noopener\">tratamiento de belleza<\/a>, incluido el precio, los cuidados posteriores y el proceso de curaci\u00f3n, o p\u00f3ngase <a href=\"#requestform\">en contacto con nosotros<\/a>.<\/h3>\n\n<h3 class=\"wp-block-heading\">PREGUNTAS FRECUENTES<\/h3>\n<div id=\"rank-math-faq\" class=\"rank-math-block\">\n<div class=\"rank-math-list \">\n<div id=\"faq-question-1684932444387\" class=\"rank-math-list-item\">\n<h3 class=\"rank-math-question \">\u00bfEs lumecca segura?<\/h3>\n<div class=\"rank-math-answer \">\n\n<p>Lumecca, un tratamiento de luz pulsada intensa (IPL), suele considerarse seguro cuando lo realiza un profesional cualificado. Los efectos secundarios m\u00e1s frecuentes son enrojecimiento temporal, hinchaz\u00f3n o molestias leves, que suelen remitir a los pocos d\u00edas. Las complicaciones graves son poco frecuentes, pero pueden incluir quemaduras o cambios en la pigmentaci\u00f3n de la piel.<\/p>\n\n<\/div>\n<\/div>\n<div id=\"faq-question-1684932547476\" class=\"rank-math-list-item\">\n<h3 class=\"rank-math-question \">\u00bfEs lumecca permanente?<\/h3>\n<div class=\"rank-math-answer \">\n\n<p>Lumecca no se considera un tratamiento permanente. Aunque puede proporcionar mejoras significativas en el aspecto de la piel, la longevidad de los resultados puede variar de una persona a otra. Factores como las caracter\u00edsticas individuales de la piel, el estilo de vida y la exposici\u00f3n continuada al sol pueden influir en la duraci\u00f3n de los resultados de Lumecca. Lumecca puede ayudar a tratar problemas como los da\u00f1os causados por el sol, las manchas de la edad, las lesiones vasculares y el tono desigual de la piel. Sin embargo, con el tiempo pueden producirse nuevos da\u00f1os o decoloraciones en la piel debido a factores como la exposici\u00f3n al sol, el envejecimiento o los h\u00e1bitos de vida. Para mantener los resultados y maximizar los beneficios de Lumecca, es importante seguir una rutina de cuidado de la piel adecuada, proteger la piel del sol y considerar los tratamientos de mantenimiento recomendados por su profesional sanitario.<\/p>\n\n<\/div>\n<\/div>\n<div id=\"faq-question-1684932548821\" class=\"rank-math-list-item\">\n<h3 class=\"rank-math-question \">\u00bfCu\u00e1nto duran los resultados de Lumecca?<\/h3>\n<div class=\"rank-math-answer \">\n\n<p>Por t\u00e9rmino medio, los resultados de Lumecca pueden durar desde varios meses hasta un a\u00f1o o m\u00e1s. Sin embargo, es importante tener en cuenta que las experiencias individuales pueden variar. Factores como el tipo de piel, el estilo de vida y la exposici\u00f3n continuada al sol pueden influir en la longevidad de los resultados.<\/p>\n\n<\/div>\n<\/div>\n<div id=\"faq-question-1684932825426\" class=\"rank-math-list-item\">\n<h3 class=\"rank-math-question \">\u00bfQu\u00e9 le ocurre a la piel despu\u00e9s de Lumecca?<\/h3>\n<div class=\"rank-math-answer \">\n\n<p>Despu\u00e9s de someterse a un tratamiento Lumecca, puede esperar algunos efectos inmediatos y posteriores en la piel. Inmediatamente despu\u00e9s de la intervenci\u00f3n, es frecuente un enrojecimiento temporal de la zona tratada, que suele remitir al cabo de unas horas o un par de d\u00edas. En los d\u00edas siguientes, es posible que observe un oscurecimiento de las zonas tratadas, lo que indica la desaparici\u00f3n de las lesiones pigmentarias localizadas. Puede producirse descamaci\u00f3n o desprendimiento de la piel a medida que \u00e9sta experimenta un proceso natural de exfoliaci\u00f3n. Es importante evitar hurgarse o rascarse la piel durante este tiempo. En las semanas siguientes al tratamiento pueden observarse mejoras graduales de los problemas cut\u00e1neos, como los da\u00f1os causados por el sol y las manchas de envejecimiento, lo que se traduce en un cutis m\u00e1s uniforme y rejuvenecido.<\/p>\n\n<\/div>\n<\/div>\n<\/div>\n<\/div>\n<p><\/p>\n\n<h3 class=\"wp-block-heading\">P\u00f3ngase en contacto con nosotros si tiene alguna pregunta.<\/h3>\n","protected":false},"excerpt":{"rendered":"<p>Si desea rejuvenecer su tez o reducir las irregularidades pigmentarias, Lumecca puede ser la soluci\u00f3n. Lumecca es un m\u00e9todo excepcional [&hellip;]<\/p>\n","protected":false},"author":4,"featured_media":92920,"parent":0,"menu_order":0,"comment_status":"closed","ping_status":"closed","template":"","meta":{"site-sidebar-layout":"default","site-content-layout":"","ast-site-content-layout":"default","site-content-style":"default","site-sidebar-style":"default","ast-global-header-display":"","ast-banner-title-visibility":"","ast-main-header-display":"","ast-hfb-above-header-display":"","ast-hfb-below-header-display":"","ast-hfb-mobile-header-display":"","site-post-title":"","ast-breadcrumbs-content":"","ast-featured-img":"","footer-sml-layout":"","ast-disable-related-posts":"","theme-transparent-header-meta":"","adv-header-id-meta":"","stick-header-meta":"","header-above-stick-meta":"","header-main-stick-meta":"","header-below-stick-meta":"","astra-migrate-meta-layouts":"default","ast-page-background-enabled":"default","ast-page-background-meta":{"desktop":{"background-color":"var(--ast-global-color-4)","background-image":"","background-repeat":"repeat","background-position":"center center","background-size":"auto","background-attachment":"scroll","background-type":"","background-media":"","overlay-type":"","overlay-color":"","overlay-opacity":"","overlay-gradient":""},"tablet":{"background-color":"","background-image":"","background-repeat":"repeat","background-position":"center center","background-size":"auto","background-attachment":"scroll","background-type":"","background-media":"","overlay-type":"","overlay-color":"","overlay-opacity":"","overlay-gradient":""},"mobile":{"background-color":"","background-image":"","background-repeat":"repeat","background-position":"center center","background-size":"auto","background-attachment":"scroll","background-type":"","background-media":"","overlay-type":"","overlay-color":"","overlay-opacity":"","overlay-gradient":""}},"ast-content-background-meta":{"desktop":{"background-color":"var(--ast-global-color-5)","background-image":"","background-repeat":"repeat","background-position":"center center","background-size":"auto","background-attachment":"scroll","background-type":"","background-media":"","overlay-type":"","overlay-color":"","overlay-opacity":"","overlay-gradient":""},"tablet":{"background-color":"var(--ast-global-color-5)","background-image":"","background-repeat":"repeat","background-position":"center center","background-size":"auto","background-attachment":"scroll","background-type":"","background-media":"","overlay-type":"","overlay-color":"","overlay-opacity":"","overlay-gradient":""},"mobile":{"background-color":"var(--ast-global-color-5)","background-image":"","background-repeat":"repeat","background-position":"center center","background-size":"auto","background-attachment":"scroll","background-type":"","background-media":"","overlay-type":"","overlay-color":"","overlay-opacity":"","overlay-gradient":""}},"footnotes":""},"class_list":["post-146585","page","type-page","status-publish","has-post-thumbnail","hentry"],"_links":{"self":[{"href":"https:\/\/medclinics.com\/es\/wp-json\/wp\/v2\/pages\/146585","targetHints":{"allow":["GET"]}}],"collection":[{"href":"https:\/\/medclinics.com\/es\/wp-json\/wp\/v2\/pages"}],"about":[{"href":"https:\/\/medclinics.com\/es\/wp-json\/wp\/v2\/types\/page"}],"author":[{"embeddable":true,"href":"https:\/\/medclinics.com\/es\/wp-json\/wp\/v2\/users\/4"}],"replies":[{"embeddable":true,"href":"https:\/\/medclinics.com\/es\/wp-json\/wp\/v2\/comments?post=146585"}],"version-history":[{"count":0,"href":"https:\/\/medclinics.com\/es\/wp-json\/wp\/v2\/pages\/146585\/revisions"}],"wp:featuredmedia":[{"embeddable":true,"href":"https:\/\/medclinics.com\/es\/wp-json\/wp\/v2\/media\/92920"}],"wp:attachment":[{"href":"https:\/\/medclinics.com\/es\/wp-json\/wp\/v2\/media?parent=146585"}],"curies":[{"name":"wp","href":"https:\/\/api.w.org\/{rel}","templated":true}]}}