{"id":146573,"date":"2023-05-24T12:42:23","date_gmt":"2023-05-24T09:42:23","guid":{"rendered":"https:\/\/medclinics.com\/tratamientos-de-lipolisis\/"},"modified":"2024-04-01T15:28:25","modified_gmt":"2024-04-01T12:28:25","slug":"tratamientos-de-lipolisis","status":"publish","type":"page","link":"https:\/\/medclinics.com\/es\/tratamientos-de-lipolisis\/","title":{"rendered":"Tratamientos de lip\u00f3lisis"},"content":{"rendered":"\n<h2 class=\"wp-block-heading\">\u00bfTiene dificultades para eliminar la grasa rebelde de algunas zonas a pesar de la dieta y el ejercicio? Los tratamientos de lip\u00f3lisis pueden ser la soluci\u00f3n para usted.<\/h2>\n\n<p>Estos procedimientos m\u00e9dicos o cosm\u00e9ticos est\u00e1n dise\u00f1ados para tratar los dep\u00f3sitos de grasa localizados, que a menudo se resisten a los m\u00e9todos tradicionales de p\u00e9rdida de peso.<\/p>\n\n<p>Existen varios tipos de tratamientos de <a href=\"https:\/\/en.wikipedia.org\/wiki\/Lipolysis\" target=\"_blank\" rel=\"noreferrer noopener\">lip\u00f3lisis<\/a>, cada uno con su propio enfoque. La lip\u00f3lisis inyectable consiste en inyectar directamente en el tejido graso sustancias que descomponen las c\u00e9lulas adiposas con el tiempo. La lip\u00f3lisis l\u00e1ser utiliza energ\u00eda l\u00e1ser para licuar y eliminar la grasa no deseada mediante una peque\u00f1a incisi\u00f3n o la eliminaci\u00f3n natural por el organismo. La lip\u00f3lisis por ultrasonidos altera las c\u00e9lulas adiposas seleccionadas mediante ondas ultras\u00f3nicas para que se rompan y liberen su contenido antes de ser metabolizadas y eliminadas del organismo.<\/p>\n\n<p>Es importante no confundir estas eficaces opciones de tratamiento con una estrategia global de p\u00e9rdida de peso, sino considerarlas parte de un plan integral destinado a contornear est\u00e9ticamente partes espec\u00edficas del cuerpo, reduciendo al mismo tiempo el exceso de grasa cuando sea necesario. Se recomienda encarecidamente que s\u00f3lo profesionales cualificados lleven a cabo este tipo de procedimientos tras consultar con el personal sanitario, que determinar\u00e1 si se adapta mejor a las necesidades individuales.<\/p>\n\n<h3 class=\"wp-block-heading\">Todo lo que necesita saber sobre el <a href=\"https:\/\/medclinics.com\/es\/belleza\/\" target=\"_blank\" rel=\"noreferrer noopener\">tratamiento de belleza<\/a>, incluido el precio y m\u00e1s, est\u00e1 aqu\u00ed, <a href=\"#requestform\">\u00a1cont\u00e1ctenos<\/a>!<\/h3>\n\n<h2 class=\"wp-block-heading\">PREGUNTAS FRECUENTES <\/h2>\n<div id=\"rank-math-faq\" class=\"rank-math-block\">\n<div class=\"rank-math-list \">\n<div id=\"faq-question-1684931785598\" class=\"rank-math-list-item\">\n<h3 class=\"rank-math-question \">\u00bfQu\u00e9 es la lip\u00f3lisis?<\/h3>\n<div class=\"rank-math-answer \">\n\n<p>Es un tratamiento cosm\u00e9tico que consiste en la inyecci\u00f3n de una soluci\u00f3n en zonas espec\u00edficas del cuerpo para disolver y reducir los dep\u00f3sitos de grasa localizados. La soluci\u00f3n suele contener sustancias como la fosfatidilcolina y el \u00e1cido desoxic\u00f3lico, que act\u00faan descomponiendo las c\u00e9lulas grasas. El procedimiento se utiliza habitualmente en zonas como el abdomen, los muslos, las caderas y la barbilla. Las inyecciones de lip\u00f3lisis est\u00e1n destinadas a contornear y esculpir el cuerpo reduciendo la aparici\u00f3n de bolsas de grasa rebeldes.  <\/p>\n\n<\/div>\n<\/div>\n<div id=\"faq-question-1684931739942\" class=\"rank-math-list-item\">\n<h3 class=\"rank-math-question \">\u00bfSon seguras las inyecciones de lip\u00f3lisis?<\/h3>\n<div class=\"rank-math-answer \">\n\n<p>La lip\u00f3lisis, o inyecciones para disolver la grasa, puede ser segura si la realiza un profesional cualificado. Sin embargo, existen posibles riesgos y efectos secundarios, como hinchaz\u00f3n temporal, hematomas y complicaciones poco frecuentes, como infecci\u00f3n o irregularidades cut\u00e1neas. Es importante elegir un proveedor de confianza y revelar cualquier afecci\u00f3n m\u00e9dica o alergia antes del procedimiento.<\/p>\n\n<\/div>\n<\/div>\n<div id=\"faq-question-1684931856598\" class=\"rank-math-list-item\">\n<h3 class=\"rank-math-question \">\u00bfC\u00f3mo funciona la lip\u00f3lisis?<\/h3>\n<div class=\"rank-math-answer \">\n\n<p>Funciona inyectando una soluci\u00f3n en zonas espec\u00edficas del cuerpo para romper y disolver las c\u00e9lulas grasas. La soluci\u00f3n altera las membranas de las c\u00e9lulas adiposas, haciendo que liberen la grasa almacenada. Esta grasa liberada se metaboliza y se elimina del organismo. El resultado es un aspecto m\u00e1s esbelto y contorneado de la zona tratada. Es importante mantener un estilo de vida saludable para maximizar la eficacia y los resultados a largo plazo de la lip\u00f3lisis.<\/p>\n\n<\/div>\n<\/div>\n<div id=\"faq-question-1684931955241\" class=\"rank-math-list-item\">\n<h3 class=\"rank-math-question \">\u00bfEs permanente la lip\u00f3lisis?<\/h3>\n<div class=\"rank-math-answer \">\n\n<p>Los tratamientos de lip\u00f3lisis suelen considerarse semipermanentes. El procedimiento consiste en romper y eliminar las c\u00e9lulas adiposas de la zona afectada. Una vez eliminadas estas c\u00e9lulas grasas, no suelen regenerarse ni volver a aparecer. Sin embargo, es importante tener en cuenta que pueden seguir form\u00e1ndose nuevas c\u00e9lulas adiposas en el organismo si la persona aumenta de peso en el futuro. Para mantener los resultados, es esencial adoptar un estilo de vida saludable, que incluya ejercicio regular y una dieta equilibrada, para evitar la acumulaci\u00f3n de nueva grasa en las zonas tratadas. Adem\u00e1s, los resultados individuales pueden variar y pueden ser necesarias varias sesiones de tratamiento para lograr el resultado deseado.<\/p>\n\n<\/div>\n<\/div>\n<\/div>\n<\/div>\n<p><\/p>\n\n<h3 class=\"wp-block-heading\">P\u00f3ngase en contacto con nosotros si tiene alguna pregunta.<\/h3>\n","protected":false},"excerpt":{"rendered":"<p>\u00bfTiene dificultades para eliminar la grasa rebelde de algunas zonas a pesar de la dieta y el ejercicio? Los tratamientos [&hellip;]<\/p>\n","protected":false},"author":4,"featured_media":92906,"parent":0,"menu_order":0,"comment_status":"closed","ping_status":"closed","template":"","meta":{"site-sidebar-layout":"default","site-content-layout":"","ast-site-content-layout":"default","site-content-style":"default","site-sidebar-style":"default","ast-global-header-display":"","ast-banner-title-visibility":"","ast-main-header-display":"","ast-hfb-above-header-display":"","ast-hfb-below-header-display":"","ast-hfb-mobile-header-display":"","site-post-title":"","ast-breadcrumbs-content":"","ast-featured-img":"","footer-sml-layout":"","ast-disable-related-posts":"","theme-transparent-header-meta":"","adv-header-id-meta":"","stick-header-meta":"","header-above-stick-meta":"","header-main-stick-meta":"","header-below-stick-meta":"","astra-migrate-meta-layouts":"default","ast-page-background-enabled":"default","ast-page-background-meta":{"desktop":{"background-color":"var(--ast-global-color-4)","background-image":"","background-repeat":"repeat","background-position":"center center","background-size":"auto","background-attachment":"scroll","background-type":"","background-media":"","overlay-type":"","overlay-color":"","overlay-opacity":"","overlay-gradient":""},"tablet":{"background-color":"","background-image":"","background-repeat":"repeat","background-position":"center center","background-size":"auto","background-attachment":"scroll","background-type":"","background-media":"","overlay-type":"","overlay-color":"","overlay-opacity":"","overlay-gradient":""},"mobile":{"background-color":"","background-image":"","background-repeat":"repeat","background-position":"center center","background-size":"auto","background-attachment":"scroll","background-type":"","background-media":"","overlay-type":"","overlay-color":"","overlay-opacity":"","overlay-gradient":""}},"ast-content-background-meta":{"desktop":{"background-color":"var(--ast-global-color-5)","background-image":"","background-repeat":"repeat","background-position":"center center","background-size":"auto","background-attachment":"scroll","background-type":"","background-media":"","overlay-type":"","overlay-color":"","overlay-opacity":"","overlay-gradient":""},"tablet":{"background-color":"var(--ast-global-color-5)","background-image":"","background-repeat":"repeat","background-position":"center center","background-size":"auto","background-attachment":"scroll","background-type":"","background-media":"","overlay-type":"","overlay-color":"","overlay-opacity":"","overlay-gradient":""},"mobile":{"background-color":"var(--ast-global-color-5)","background-image":"","background-repeat":"repeat","background-position":"center center","background-size":"auto","background-attachment":"scroll","background-type":"","background-media":"","overlay-type":"","overlay-color":"","overlay-opacity":"","overlay-gradient":""}},"footnotes":""},"class_list":["post-146573","page","type-page","status-publish","has-post-thumbnail","hentry"],"_links":{"self":[{"href":"https:\/\/medclinics.com\/es\/wp-json\/wp\/v2\/pages\/146573","targetHints":{"allow":["GET"]}}],"collection":[{"href":"https:\/\/medclinics.com\/es\/wp-json\/wp\/v2\/pages"}],"about":[{"href":"https:\/\/medclinics.com\/es\/wp-json\/wp\/v2\/types\/page"}],"author":[{"embeddable":true,"href":"https:\/\/medclinics.com\/es\/wp-json\/wp\/v2\/users\/4"}],"replies":[{"embeddable":true,"href":"https:\/\/medclinics.com\/es\/wp-json\/wp\/v2\/comments?post=146573"}],"version-history":[{"count":0,"href":"https:\/\/medclinics.com\/es\/wp-json\/wp\/v2\/pages\/146573\/revisions"}],"wp:featuredmedia":[{"embeddable":true,"href":"https:\/\/medclinics.com\/es\/wp-json\/wp\/v2\/media\/92906"}],"wp:attachment":[{"href":"https:\/\/medclinics.com\/es\/wp-json\/wp\/v2\/media?parent=146573"}],"curies":[{"name":"wp","href":"https:\/\/api.w.org\/{rel}","templated":true}]}}