{"id":146563,"date":"2023-05-24T12:30:12","date_gmt":"2023-05-24T09:30:12","guid":{"rendered":"https:\/\/medclinics.com\/mesoterapia-labial\/"},"modified":"2024-04-01T15:28:22","modified_gmt":"2024-04-01T12:28:22","slug":"mesoterapia-labial","status":"publish","type":"page","link":"https:\/\/medclinics.com\/es\/mesoterapia-labial\/","title":{"rendered":"Mesoterapia labial"},"content":{"rendered":"\n<h2 class=\"wp-block-heading\">\u00bfEst\u00e1 cansada de unos labios finos y sin brillo que le hacen parecer mayor de lo que aparenta? La mesoterapia labial es la soluci\u00f3n para conseguir unos labios m\u00e1s carnosos y juveniles.<\/h2>\n\n<p>Este procedimiento cosm\u00e9tico consiste en inyectar una mezcla cuidadosamente elaborada de vitaminas, minerales, amino\u00e1cidos y otras sustancias directamente en la zona de los labios para mejorar su forma, volumen y textura.<\/p>\n\n<p>Los ingredientes utilizados en cada inyecci\u00f3n se adaptan a sus necesidades espec\u00edficas, determinadas por un profesional experimentado. El \u00e1cido hialur\u00f3nico hidrata a la vez que aporta volumen; <a href=\"https:\/\/en.wikipedia.org\/wiki\/Antioxidant\" target=\"_blank\" data-type=\"URL\" data-id=\"https:\/\/en.wikipedia.org\/wiki\/Antioxidant\" rel=\"noreferrer noopener\">los antioxidantes<\/a> favorecen la salud de la piel, lo que se traduce en unos labios de aspecto exquisito.<\/p>\n\n<p>La mesoterapia labial puede realizarse en una sesi\u00f3n ambulatoria sin anestesia general. Se puede aplicar un agente anest\u00e9sico t\u00f3pico antes de comenzar el tratamiento para que las molestias sean m\u00ednimas en el mejor de los casos, dejando s\u00f3lo unos resultados impresionantes despu\u00e9s de 30 minutos-1 hora por sesi\u00f3n, siendo necesarias varias sesiones en funci\u00f3n del resultado deseado.<\/p>\n\n<p>Las instrucciones de cuidados posteriores al tratamiento garantizan una cicatrizaci\u00f3n adecuada y reducen al m\u00ednimo los efectos secundarios, como la hinchaz\u00f3n o los hematomas temporales, que deber\u00edan desaparecer a los pocos d\u00edas, pero consulte siempre a profesionales cualificados que sepan lo que se necesita para lograr un \u00e9xito \u00f3ptimo cuando se plantee este tipo de mejora est\u00e9tica.<\/p>\n\n<p>Cons\u00faltenos hoy mismo sobre c\u00f3mo podemos ayudarle a recuperar la confianza en s\u00ed mismo gracias a unos labios m\u00e1s carnosos y sensuales.<\/p>\n\n<h3 class=\"wp-block-heading\">Todo lo que necesita saber sobre el <a href=\"https:\/\/medclinics.com\/es\/belleza\/\" target=\"_blank\" rel=\"noreferrer noopener\">tratamiento de belleza<\/a>, incluido el precio, los cuidados posteriores y el proceso de curaci\u00f3n, o p\u00f3ngase <a href=\"#requestform\">en contacto con nosotros<\/a>.<\/h3>\n\n<h2 class=\"wp-block-heading\">PREGUNTAS FRECUENTES <\/h2>\n<div id=\"rank-math-faq\" class=\"rank-math-block\">\n<div class=\"rank-math-list \">\n<div id=\"faq-question-1684930699023\" class=\"rank-math-list-item\">\n<h3 class=\"rank-math-question \">\u00bfQu\u00e9 es la mesoterapia labial?<\/h3>\n<div class=\"rank-math-answer \">\n\n<p>La mesoterapia labial es un procedimiento cosm\u00e9tico que consiste en inyectar una mezcla de vitaminas, minerales y otras sustancias en los labios para mejorar su aspecto. El objetivo del tratamiento es hidratar, rellenar y rejuvenecer los labios, reduciendo la aparici\u00f3n de l\u00edneas finas y arrugas. Suelen recomendarse varias sesiones para obtener resultados \u00f3ptimos.<\/p>\n\n<\/div>\n<\/div>\n<div id=\"faq-question-1684930941350\" class=\"rank-math-list-item\">\n<h3 class=\"rank-math-question \">\u00bfEs segura la mesoterapia labial?<\/h3>\n<div class=\"rank-math-answer \">\n\n<p>Cuando la realiza un profesional cualificado, la mesoterapia labial suele considerarse segura. Pueden producirse efectos secundarios temporales, como hinchaz\u00f3n o hematomas, pero suelen desaparecer en pocos d\u00edas. Es importante elegir un proveedor de confianza y revelar cualquier afecci\u00f3n m\u00e9dica o alergia antes del procedimiento.<\/p>\n\n<\/div>\n<\/div>\n<div id=\"faq-question-1684931037154\" class=\"rank-math-list-item\">\n<h3 class=\"rank-math-question \">\u00bfCu\u00e1les son los riesgos de las inyecciones labiales?<\/h3>\n<div class=\"rank-math-answer \">\n\n<p>Las inyecciones labiales, aunque en general son seguras, conllevan algunos riesgos y efectos secundarios potenciales. Entre ellas se incluyen hinchaz\u00f3n y hematomas temporales, que son habituales y remiten en unos d\u00edas. Las reacciones al\u00e9rgicas a los ingredientes de relleno son raras pero posibles, por lo que es importante revelar cualquier alergia conocida. Tambi\u00e9n existe un peque\u00f1o riesgo de infecci\u00f3n, asimetr\u00eda o resultados desiguales. En raras ocasiones, pueden formarse n\u00f3dulos o bultos, que a menudo pueden resolverse con tratamientos adicionales. Las complicaciones vasculares, aunque extremadamente raras, son una posibilidad. Para minimizar los riesgos, es fundamental elegir un proveedor de confianza y seguir sus instrucciones de postratamiento.<\/p>\n\n<\/div>\n<\/div>\n<div id=\"faq-question-1684931116410\" class=\"rank-math-list-item\">\n<h3 class=\"rank-math-question \">\u00bfPuede ir mal la mesoterapia?<\/h3>\n<div class=\"rank-math-answer \">\n\n<p>Entre los factores que pueden aumentar el riesgo de complicaciones figuran la administraci\u00f3n incorrecta, el uso de material o sustancias no est\u00e9riles o las reacciones al\u00e9rgicas a las sustancias inyectadas. Para minimizar el riesgo de efectos adversos, es importante elegir un profesional sanitario cualificado y con experiencia que siga los protocolos adecuados y utilice t\u00e9cnicas est\u00e9riles.<\/p>\n\n<\/div>\n<\/div>\n<\/div>\n<\/div>\n<p><\/p>\n\n<h3 class=\"wp-block-heading\">P\u00f3ngase en contacto con nosotros si tiene alguna pregunta.<\/h3>\n","protected":false},"excerpt":{"rendered":"<p>\u00bfEst\u00e1 cansada de unos labios finos y sin brillo que le hacen parecer mayor de lo que aparenta? La mesoterapia [&hellip;]<\/p>\n","protected":false},"author":4,"featured_media":92892,"parent":0,"menu_order":0,"comment_status":"closed","ping_status":"closed","template":"","meta":{"site-sidebar-layout":"default","site-content-layout":"","ast-site-content-layout":"default","site-content-style":"default","site-sidebar-style":"default","ast-global-header-display":"","ast-banner-title-visibility":"","ast-main-header-display":"","ast-hfb-above-header-display":"","ast-hfb-below-header-display":"","ast-hfb-mobile-header-display":"","site-post-title":"","ast-breadcrumbs-content":"","ast-featured-img":"","footer-sml-layout":"","ast-disable-related-posts":"","theme-transparent-header-meta":"","adv-header-id-meta":"","stick-header-meta":"","header-above-stick-meta":"","header-main-stick-meta":"","header-below-stick-meta":"","astra-migrate-meta-layouts":"default","ast-page-background-enabled":"default","ast-page-background-meta":{"desktop":{"background-color":"var(--ast-global-color-4)","background-image":"","background-repeat":"repeat","background-position":"center center","background-size":"auto","background-attachment":"scroll","background-type":"","background-media":"","overlay-type":"","overlay-color":"","overlay-opacity":"","overlay-gradient":""},"tablet":{"background-color":"","background-image":"","background-repeat":"repeat","background-position":"center center","background-size":"auto","background-attachment":"scroll","background-type":"","background-media":"","overlay-type":"","overlay-color":"","overlay-opacity":"","overlay-gradient":""},"mobile":{"background-color":"","background-image":"","background-repeat":"repeat","background-position":"center center","background-size":"auto","background-attachment":"scroll","background-type":"","background-media":"","overlay-type":"","overlay-color":"","overlay-opacity":"","overlay-gradient":""}},"ast-content-background-meta":{"desktop":{"background-color":"var(--ast-global-color-5)","background-image":"","background-repeat":"repeat","background-position":"center center","background-size":"auto","background-attachment":"scroll","background-type":"","background-media":"","overlay-type":"","overlay-color":"","overlay-opacity":"","overlay-gradient":""},"tablet":{"background-color":"var(--ast-global-color-5)","background-image":"","background-repeat":"repeat","background-position":"center center","background-size":"auto","background-attachment":"scroll","background-type":"","background-media":"","overlay-type":"","overlay-color":"","overlay-opacity":"","overlay-gradient":""},"mobile":{"background-color":"var(--ast-global-color-5)","background-image":"","background-repeat":"repeat","background-position":"center center","background-size":"auto","background-attachment":"scroll","background-type":"","background-media":"","overlay-type":"","overlay-color":"","overlay-opacity":"","overlay-gradient":""}},"footnotes":""},"class_list":["post-146563","page","type-page","status-publish","has-post-thumbnail","hentry"],"_links":{"self":[{"href":"https:\/\/medclinics.com\/es\/wp-json\/wp\/v2\/pages\/146563","targetHints":{"allow":["GET"]}}],"collection":[{"href":"https:\/\/medclinics.com\/es\/wp-json\/wp\/v2\/pages"}],"about":[{"href":"https:\/\/medclinics.com\/es\/wp-json\/wp\/v2\/types\/page"}],"author":[{"embeddable":true,"href":"https:\/\/medclinics.com\/es\/wp-json\/wp\/v2\/users\/4"}],"replies":[{"embeddable":true,"href":"https:\/\/medclinics.com\/es\/wp-json\/wp\/v2\/comments?post=146563"}],"version-history":[{"count":0,"href":"https:\/\/medclinics.com\/es\/wp-json\/wp\/v2\/pages\/146563\/revisions"}],"wp:featuredmedia":[{"embeddable":true,"href":"https:\/\/medclinics.com\/es\/wp-json\/wp\/v2\/media\/92892"}],"wp:attachment":[{"href":"https:\/\/medclinics.com\/es\/wp-json\/wp\/v2\/media?parent=146563"}],"curies":[{"name":"wp","href":"https:\/\/api.w.org\/{rel}","templated":true}]}}