{"id":146551,"date":"2023-05-24T12:15:13","date_gmt":"2023-05-24T09:15:13","guid":{"rendered":"https:\/\/medclinics.com\/rellenos-labiales\/"},"modified":"2024-04-04T19:21:38","modified_gmt":"2024-04-04T16:21:38","slug":"rellenos-labiales","status":"publish","type":"page","link":"https:\/\/medclinics.com\/es\/rellenos-labiales\/","title":{"rendered":"Rellenos labiales"},"content":{"rendered":"\n<h2 class=\"wp-block-heading\">Si busca una forma de mejorar el aspecto de los labios y conseguir una apariencia m\u00e1s natural, los rellenos labiales pueden ser una gran soluci\u00f3n.<\/h2>\n\n<p>Los rellenos labiales son una excelente opci\u00f3n cosm\u00e9tica para quienes desean mejorar el aspecto de sus labios a\u00f1adi\u00e9ndoles volumen y forma. En estos procedimientos se suele utilizar \u00e1cido hialur\u00f3nico, una sustancia natural de nuestro organismo que ayuda a mantener la hidrataci\u00f3n y elasticidad de la piel.<\/p>\n\n<p>El proceso consiste en <a href=\"https:\/\/en.wikipedia.org\/wiki\/Injectable_filler\" target=\"_blank\" rel=\"noreferrer noopener\">inyectar relleno<\/a> en zonas espec\u00edficas de los labios con la precisi\u00f3n de profesionales m\u00e9dicos cualificados que pueden ayudarle a conseguir el efecto deseado. Este tratamiento es perfecto si desea unos labios m\u00e1s carnosos y voluminosos y, al mismo tiempo, definir los bordes de los labios o reducir las l\u00edneas de expresi\u00f3n alrededor de la boca.<\/p>\n\n<p>Aunque temporales, estos tratamientos duran varios meses antes de requerir sesiones adicionales de mantenimiento, que son relativamente r\u00e1pidas (15-30 minutos). Es posible que experimente molestias leves durante este tiempo, pero existen opciones de anestesia t\u00f3pica o inyectable para minimizar los niveles de dolor en la medida de lo posible.<\/p>\n\n<p>Como en cualquier procedimiento en el que se introducen agujas en el cuerpo, existen riesgos potenciales como hinchaz\u00f3n, hematomas, enrojecimiento o asimetr\u00eda temporal; sin embargo, las complicaciones graves como infecciones, reacciones al\u00e9rgicas o problemas vasculares son poco frecuentes, por lo que es importante consultar siempre antes a profesionales m\u00e9dicos cualificados con experiencia en procedimientos de relleno labial.<\/p>\n\n<h3 class=\"wp-block-heading\">Todo lo que necesita saber sobre el <a href=\"https:\/\/medclinics.com\/es\/belleza\/\" target=\"_blank\" rel=\"noreferrer noopener\">tratamiento de belleza<\/a>, incluido el precio, los cuidados posteriores y el proceso de curaci\u00f3n, o p\u00f3ngase <a href=\"#requestform\">en contacto con nosotros<\/a>.<\/h3>\n\n<h2 class=\"wp-block-heading\">PREGUNTAS FRECUENTES <\/h2>\n<div id=\"rank-math-faq\" class=\"rank-math-block\">\n<div class=\"rank-math-list \">\n<div id=\"faq-question-1684929939394\" class=\"rank-math-list-item\">\n<h3 class=\"rank-math-question \">\u00bfSon dolorosas las inyecciones de relleno labial?<\/h3>\n<div class=\"rank-math-answer \">\n\n<p>Aunque las inyecciones de relleno labial pueden causar algunas molestias, los profesionales sanitarios suelen utilizar t\u00e9cnicas como cremas anest\u00e9sicas y anestesia local para minimizar el dolor. El nivel de incomodidad var\u00eda seg\u00fan las personas, pero suele ser tolerable y temporal. Hablar de antemano con su profesional sanitario sobre cualquier duda que tenga puede ayudarle a sentirse c\u00f3modo durante la intervenci\u00f3n.<\/p>\n\n<\/div>\n<\/div>\n<div id=\"faq-question-1684930064994\" class=\"rank-math-list-item\">\n<h3 class=\"rank-math-question \">\u00bfSon seguros los rellenos labiales?<\/h3>\n<div class=\"rank-math-answer \">\n\n<p>Las inyecciones de relleno labial con \u00e1cido hialur\u00f3nico suelen considerarse seguras cuando las realiza un profesional sanitario experimentado. Sin embargo, hay riesgos y efectos secundarios en los que pensar, como hinchaz\u00f3n transitoria, hematomas o problemas poco frecuentes. Antes del tratamiento, es importante elegir un especialista de confianza y explicarle cualquier problema m\u00e9dico o alergia.<\/p>\n\n<\/div>\n<\/div>\n<div id=\"faq-question-1684930245700\" class=\"rank-math-list-item\">\n<h3 class=\"rank-math-question \">\u00bfLos rellenos labiales son permanentes?<\/h3>\n<div class=\"rank-math-answer \">\n\n<p>Los efectos de las inyecciones de relleno labial suelen durar varios meses, y los resultados var\u00edan en funci\u00f3n de factores como el tipo de relleno utilizado, el metabolismo individual y el estilo de vida. Para mantener los resultados deseados, suelen recomendarse tratamientos de seguimiento. Como proveedor comercial, ofrecemos tratamientos de relleno labial para mejorar el volumen y la forma de los labios, proporcionando resultados de aspecto natural que pueden personalizarse seg\u00fan sus preferencias. Nuestros experimentados profesionales pueden guiarle a lo largo del proceso y ayudarle a alcanzar los objetivos de realce de labios que desee.<\/p>\n\n<\/div>\n<\/div>\n<div id=\"faq-question-1684930382950\" class=\"rank-math-list-item\">\n<h3 class=\"rank-math-question \">\u00bfCu\u00e1nto duran los rellenos labiales?<\/h3>\n<div class=\"rank-math-answer \">\n\n<p>Las inyecciones de relleno labial suelen durar entre 6 y 12 meses, pero los resultados individuales pueden variar. Se recomiendan tratamientos de retoque peri\u00f3dicos para mantener los resultados deseados.<\/p>\n\n<\/div>\n<\/div>\n<\/div>\n<\/div>\n<p><\/p>\n\n<h3 class=\"wp-block-heading\">P\u00f3ngase en contacto con nosotros si tiene alguna pregunta.<\/h3>\n","protected":false},"excerpt":{"rendered":"<p>Si busca una forma de mejorar el aspecto de los labios y conseguir una apariencia m\u00e1s natural, los rellenos labiales [&hellip;]<\/p>\n","protected":false},"author":4,"featured_media":92875,"parent":0,"menu_order":0,"comment_status":"closed","ping_status":"closed","template":"","meta":{"site-sidebar-layout":"default","site-content-layout":"","ast-site-content-layout":"default","site-content-style":"default","site-sidebar-style":"default","ast-global-header-display":"","ast-banner-title-visibility":"","ast-main-header-display":"","ast-hfb-above-header-display":"","ast-hfb-below-header-display":"","ast-hfb-mobile-header-display":"","site-post-title":"","ast-breadcrumbs-content":"","ast-featured-img":"","footer-sml-layout":"","ast-disable-related-posts":"","theme-transparent-header-meta":"","adv-header-id-meta":"","stick-header-meta":"","header-above-stick-meta":"","header-main-stick-meta":"","header-below-stick-meta":"","astra-migrate-meta-layouts":"default","ast-page-background-enabled":"default","ast-page-background-meta":{"desktop":{"background-color":"var(--ast-global-color-4)","background-image":"","background-repeat":"repeat","background-position":"center center","background-size":"auto","background-attachment":"scroll","background-type":"","background-media":"","overlay-type":"","overlay-color":"","overlay-opacity":"","overlay-gradient":""},"tablet":{"background-color":"","background-image":"","background-repeat":"repeat","background-position":"center center","background-size":"auto","background-attachment":"scroll","background-type":"","background-media":"","overlay-type":"","overlay-color":"","overlay-opacity":"","overlay-gradient":""},"mobile":{"background-color":"","background-image":"","background-repeat":"repeat","background-position":"center center","background-size":"auto","background-attachment":"scroll","background-type":"","background-media":"","overlay-type":"","overlay-color":"","overlay-opacity":"","overlay-gradient":""}},"ast-content-background-meta":{"desktop":{"background-color":"var(--ast-global-color-5)","background-image":"","background-repeat":"repeat","background-position":"center center","background-size":"auto","background-attachment":"scroll","background-type":"","background-media":"","overlay-type":"","overlay-color":"","overlay-opacity":"","overlay-gradient":""},"tablet":{"background-color":"var(--ast-global-color-5)","background-image":"","background-repeat":"repeat","background-position":"center center","background-size":"auto","background-attachment":"scroll","background-type":"","background-media":"","overlay-type":"","overlay-color":"","overlay-opacity":"","overlay-gradient":""},"mobile":{"background-color":"var(--ast-global-color-5)","background-image":"","background-repeat":"repeat","background-position":"center center","background-size":"auto","background-attachment":"scroll","background-type":"","background-media":"","overlay-type":"","overlay-color":"","overlay-opacity":"","overlay-gradient":""}},"footnotes":""},"class_list":["post-146551","page","type-page","status-publish","has-post-thumbnail","hentry"],"_links":{"self":[{"href":"https:\/\/medclinics.com\/es\/wp-json\/wp\/v2\/pages\/146551","targetHints":{"allow":["GET"]}}],"collection":[{"href":"https:\/\/medclinics.com\/es\/wp-json\/wp\/v2\/pages"}],"about":[{"href":"https:\/\/medclinics.com\/es\/wp-json\/wp\/v2\/types\/page"}],"author":[{"embeddable":true,"href":"https:\/\/medclinics.com\/es\/wp-json\/wp\/v2\/users\/4"}],"replies":[{"embeddable":true,"href":"https:\/\/medclinics.com\/es\/wp-json\/wp\/v2\/comments?post=146551"}],"version-history":[{"count":0,"href":"https:\/\/medclinics.com\/es\/wp-json\/wp\/v2\/pages\/146551\/revisions"}],"wp:featuredmedia":[{"embeddable":true,"href":"https:\/\/medclinics.com\/es\/wp-json\/wp\/v2\/media\/92875"}],"wp:attachment":[{"href":"https:\/\/medclinics.com\/es\/wp-json\/wp\/v2\/media?parent=146551"}],"curies":[{"name":"wp","href":"https:\/\/api.w.org\/{rel}","templated":true}]}}