{"id":146539,"date":"2023-05-24T11:57:47","date_gmt":"2023-05-24T08:57:47","guid":{"rendered":"https:\/\/medclinics.com\/lipolisis-mandibular\/"},"modified":"2024-04-01T15:19:18","modified_gmt":"2024-04-01T12:19:18","slug":"lipolisis-mandibular","status":"publish","type":"page","link":"https:\/\/medclinics.com\/es\/lipolisis-mandibular\/","title":{"rendered":"Lip\u00f3lisis mandibular"},"content":{"rendered":"\n<h2 class=\"wp-block-heading\">\u00bfEst\u00e1 cansado de que el exceso de grasa arruine el aspecto de su mand\u00edbula? No busque m\u00e1s, la lip\u00f3lisis de mand\u00edbula.<\/h2>\n\n<p>La lip\u00f3lisis de mand\u00edbula, tambi\u00e9n conocida como contorno de mand\u00edbula o liposucci\u00f3n, es un procedimiento cosm\u00e9tico m\u00ednimamente invasivo que puede contornear y esculpir sus rasgos faciales a la perfecci\u00f3n. Esta t\u00e9cnica consiste en la utilizaci\u00f3n de herramientas especializadas para romper y eliminar las bolsas de grasa rebeldes de la zona deseada.<\/p>\n\n<p>El proceso de lip\u00f3lisis mandibular es sencillo: con s\u00f3lo una peque\u00f1a incisi\u00f3n realizada cerca de lugares poco visibles, como detr\u00e1s de los l\u00f3bulos de las orejas o debajo de la barbilla, se introducen c\u00e1nulas finas en estas aberturas para succionar suavemente el tejido graso no deseado. El movimiento de vaiv\u00e9n afloja las c\u00e9lulas para facilitar su extracci\u00f3n mediante dispositivos similares al vac\u00edo.<\/p>\n\n<p>La lip\u00f3lisis mandibular ofrece tiempos de recuperaci\u00f3n r\u00e1pidos en comparaci\u00f3n con otros procedimientos quir\u00fargicos m\u00e1s invasivos, al tiempo que proporciona resultados sorprendentes como la definici\u00f3n y el refinamiento de la estructura \u00f3sea natural, lo que le confiere un aspecto est\u00e9ticamente agradable. Es importante no s\u00f3lo porque realza la belleza, sino tambi\u00e9n porque mejora la confianza en uno mismo.<\/p>\n\n<p>Debe tenerse en cuenta que, aunque la lip\u00f3lisis de mand\u00edbula no tiene como objetivo la <a href=\"https:\/\/en.wikipedia.org\/wiki\/Weight_loss\" target=\"_blank\" rel=\"noreferrer noopener\">p\u00e9rdida de peso<\/a>, se centra m\u00e1s bien en mejorar el contorno facial mediante la eliminaci\u00f3n de grasas localizadas en zonas espec\u00edficas donde son resistentes a los esfuerzos de dieta\/ejercicio, por lo que los candidatos ideales son aquellos que tienen una buena elasticidad de la piel y condiciones generales de salud.<\/p>\n\n<h3 class=\"wp-block-heading\">Todo lo que necesita saber sobre <a href=\"https:\/\/medclinics.com\/es\/belleza\/\" target=\"_blank\" rel=\"noreferrer noopener\">tratamientos de<\/a> belleza est\u00e1 aqu\u00ed, <a href=\"#requestform\">\u00a1cont\u00e1ctenos<\/a> ahora!<\/h3>\n\n<h2 class=\"wp-block-heading\">PREGUNTAS FRECUENTES <\/h2>\n<div id=\"rank-math-faq\" class=\"rank-math-block\">\n<div class=\"rank-math-list \">\n<div id=\"faq-question-1684925595609\" class=\"rank-math-list-item\">\n<h3 class=\"rank-math-question \">\u00bfEn qu\u00e9 consiste el tratamiento de lip\u00f3lisis?<\/h3>\n<div class=\"rank-math-answer \">\n\n<p>El tratamiento de lip\u00f3lisis, tambi\u00e9n conocido como lip\u00f3lisis inyectable o lipodisoluci\u00f3n, es un procedimiento cosm\u00e9tico no quir\u00fargico dise\u00f1ado para reducir los dep\u00f3sitos de grasa localizados en zonas espec\u00edficas del cuerpo. Consiste en inyectar una soluci\u00f3n especializada en las c\u00e9lulas adiposas seleccionadas. La soluci\u00f3n suele contener una combinaci\u00f3n de sustancias como la fosfatidilcolina (PC) y el desoxicolato (DC), que se cree que descomponen las c\u00e9lulas grasas.<br \/>La soluci\u00f3n inyectada altera las membranas de las c\u00e9lulas adiposas, provocando que \u00e9stas liberen su contenido. Con el tiempo, el organismo metaboliza y elimina esta grasa liberada. El tratamiento de lip\u00f3lisis se utiliza principalmente para el contorno corporal y para reducir la aparici\u00f3n de bolsas de grasa rebeldes que no responden bien a la dieta y el ejercicio.<\/p>\n\n<\/div>\n<\/div>\n<div id=\"faq-question-1684925709876\" class=\"rank-math-list-item\">\n<h3 class=\"rank-math-question \">\u00bfCu\u00e1nto duran las inyecciones para adelgazar la mand\u00edbula?<\/h3>\n<div class=\"rank-math-answer \">\n\n<p>Las inyecciones para adelgazar la mand\u00edbula suelen durar entre 3 y 6 meses, pero los resultados individuales pueden variar. Suelen recomendarse tratamientos de seguimiento para mantener los resultados deseados. Es importante consultar a un profesional cualificado para obtener asesoramiento personalizado basado en sus necesidades espec\u00edficas.<\/p>\n\n<\/div>\n<\/div>\n<div id=\"faq-question-1684925780086\" class=\"rank-math-list-item\">\n<h3 class=\"rank-math-question \">\u00bfFuncionan las inyecciones disolventes de grasa en la mand\u00edbula?<\/h3>\n<div class=\"rank-math-answer \">\n\n<p>S\u00ed, las inyecciones disolventes de grasa pueden utilizarse para tratar y reducir el exceso de grasa en la zona de la mand\u00edbula. Estas inyecciones suelen contener una sustancia llamada \u00e1cido desoxic\u00f3lico, que se inyecta en la zona objetivo para descomponer y destruir las c\u00e9lulas grasas.<br \/>Cuando las administra correctamente un profesional sanitario cualificado, las inyecciones disolventes de grasa pueden ser eficaces para reducir el aspecto de papada o el exceso de grasa a lo largo de la l\u00ednea de la mand\u00edbula. El \u00e1cido desoxic\u00f3lico act\u00faa alterando las membranas de las c\u00e9lulas adiposas, lo que provoca su descomposici\u00f3n gradual y su eliminaci\u00f3n por los procesos naturales del organismo.<\/p>\n\n<\/div>\n<\/div>\n<\/div>\n<\/div>\n<p><\/p>\n\n<h3 class=\"wp-block-heading\">P\u00f3ngase en contacto con nosotros si tiene alguna pregunta.<\/h3>\n","protected":false},"excerpt":{"rendered":"<p>\u00bfEst\u00e1 cansado de que el exceso de grasa arruine el aspecto de su mand\u00edbula? No busque m\u00e1s, la lip\u00f3lisis de [&hellip;]<\/p>\n","protected":false},"author":4,"featured_media":92861,"parent":0,"menu_order":0,"comment_status":"closed","ping_status":"closed","template":"","meta":{"site-sidebar-layout":"default","site-content-layout":"","ast-site-content-layout":"default","site-content-style":"default","site-sidebar-style":"default","ast-global-header-display":"","ast-banner-title-visibility":"","ast-main-header-display":"","ast-hfb-above-header-display":"","ast-hfb-below-header-display":"","ast-hfb-mobile-header-display":"","site-post-title":"","ast-breadcrumbs-content":"","ast-featured-img":"","footer-sml-layout":"","ast-disable-related-posts":"","theme-transparent-header-meta":"","adv-header-id-meta":"","stick-header-meta":"","header-above-stick-meta":"","header-main-stick-meta":"","header-below-stick-meta":"","astra-migrate-meta-layouts":"default","ast-page-background-enabled":"default","ast-page-background-meta":{"desktop":{"background-color":"var(--ast-global-color-4)","background-image":"","background-repeat":"repeat","background-position":"center center","background-size":"auto","background-attachment":"scroll","background-type":"","background-media":"","overlay-type":"","overlay-color":"","overlay-opacity":"","overlay-gradient":""},"tablet":{"background-color":"","background-image":"","background-repeat":"repeat","background-position":"center center","background-size":"auto","background-attachment":"scroll","background-type":"","background-media":"","overlay-type":"","overlay-color":"","overlay-opacity":"","overlay-gradient":""},"mobile":{"background-color":"","background-image":"","background-repeat":"repeat","background-position":"center center","background-size":"auto","background-attachment":"scroll","background-type":"","background-media":"","overlay-type":"","overlay-color":"","overlay-opacity":"","overlay-gradient":""}},"ast-content-background-meta":{"desktop":{"background-color":"var(--ast-global-color-5)","background-image":"","background-repeat":"repeat","background-position":"center center","background-size":"auto","background-attachment":"scroll","background-type":"","background-media":"","overlay-type":"","overlay-color":"","overlay-opacity":"","overlay-gradient":""},"tablet":{"background-color":"var(--ast-global-color-5)","background-image":"","background-repeat":"repeat","background-position":"center center","background-size":"auto","background-attachment":"scroll","background-type":"","background-media":"","overlay-type":"","overlay-color":"","overlay-opacity":"","overlay-gradient":""},"mobile":{"background-color":"var(--ast-global-color-5)","background-image":"","background-repeat":"repeat","background-position":"center center","background-size":"auto","background-attachment":"scroll","background-type":"","background-media":"","overlay-type":"","overlay-color":"","overlay-opacity":"","overlay-gradient":""}},"footnotes":""},"class_list":["post-146539","page","type-page","status-publish","has-post-thumbnail","hentry"],"_links":{"self":[{"href":"https:\/\/medclinics.com\/es\/wp-json\/wp\/v2\/pages\/146539","targetHints":{"allow":["GET"]}}],"collection":[{"href":"https:\/\/medclinics.com\/es\/wp-json\/wp\/v2\/pages"}],"about":[{"href":"https:\/\/medclinics.com\/es\/wp-json\/wp\/v2\/types\/page"}],"author":[{"embeddable":true,"href":"https:\/\/medclinics.com\/es\/wp-json\/wp\/v2\/users\/4"}],"replies":[{"embeddable":true,"href":"https:\/\/medclinics.com\/es\/wp-json\/wp\/v2\/comments?post=146539"}],"version-history":[{"count":0,"href":"https:\/\/medclinics.com\/es\/wp-json\/wp\/v2\/pages\/146539\/revisions"}],"wp:featuredmedia":[{"embeddable":true,"href":"https:\/\/medclinics.com\/es\/wp-json\/wp\/v2\/media\/92861"}],"wp:attachment":[{"href":"https:\/\/medclinics.com\/es\/wp-json\/wp\/v2\/media?parent=146539"}],"curies":[{"name":"wp","href":"https:\/\/api.w.org\/{rel}","templated":true}]}}