{"id":146525,"date":"2023-05-24T10:42:18","date_gmt":"2023-05-24T10:42:18","guid":{"rendered":"https:\/\/medclinics.com\/tratamiento-hidrafacial\/"},"modified":"2024-04-04T19:32:44","modified_gmt":"2024-04-04T16:32:44","slug":"tratamiento-hidrafacial","status":"publish","type":"page","link":"https:\/\/medclinics.com\/es\/tratamiento-hidrafacial\/","title":{"rendered":"Tratamiento hidrafacial"},"content":{"rendered":"\n<h2 class=\"wp-block-heading\">Si busca una forma de sentirse m\u00e1s joven, el Tratamiento Hidrafacial puede ser la soluci\u00f3n perfecta.<\/h2>\n\n<p><a href=\"https:\/\/istanbul-tourist-information.com\/en\/beauty-salon-treatments\/\" target=\"_blank\" rel=\"noreferrer noopener\">El tratamiento hidrafacial<\/a> es la soluci\u00f3n definitiva para quienes desean mejorar el aspecto y la salud de su piel sin someterse a procedimientos invasivos. Este tratamiento facial no invasivo combina limpieza, exfoliaci\u00f3n, extracci\u00f3n, hidrataci\u00f3n y protecci\u00f3n antioxidante en una sola sesi\u00f3n.<\/p>\n\n<p>Mediante el uso de un dispositivo especializado que elimina suavemente las c\u00e9lulas muertas de la piel al tiempo que extrae las impurezas de los poros con una tecnolog\u00eda de succi\u00f3n similar a la del vac\u00edo, este innovador procedimiento aporta ingredientes nutritivos como p\u00e9ptidos antioxidantes y \u00e1cido hialur\u00f3nico a su piel, promoviendo una luminosidad juvenil.<\/p>\n\n<p>Adecuado para todo tipo de pieles, aborda diversos problemas como las l\u00edneas de expresi\u00f3n, las arrugas, el tono irregular, la textura, los poros congestionados, los puntos negros, las pieles grasas con tendencia al acn\u00e9, las pieles secas y deshidratadas, la hiperpigmentaci\u00f3n y los da\u00f1os solares.<\/p>\n\n<p>Este suave proceso no requiere tiempo de inactividad, por lo que podr\u00e1 reanudar sus actividades habituales inmediatamente despu\u00e9s de cada cita. No obstante, los resultados pueden variar de una persona a otra, por lo que recomendamos consultar previamente a dermat\u00f3logos o profesionales del cuidado de la piel cualificados.  <\/p>\n\n<h3 class=\"wp-block-heading\">Todo lo que necesita saber sobre el <a href=\"https:\/\/medclinics.com\/es\/belleza\/\" target=\"_blank\" rel=\"noreferrer noopener\">tratamiento de belleza<\/a>, incluidos los cuidados postoperatorios y el proceso de curaci\u00f3n, o <a href=\"#requestform\">p\u00f3ngase en contacto con nosotros<\/a>.<\/h3>\n\n<h2 class=\"wp-block-heading\">PREGUNTAS FRECUENTES <\/h2>\n<div id=\"rank-math-faq\" class=\"rank-math-block\">\n<div class=\"rank-math-list \">\n<div id=\"faq-question-1684924402238\" class=\"rank-math-list-item\">\n<h3 class=\"rank-math-question \">\u00bfCu\u00e1nto dura un Hidrafacial?<\/h3>\n<div class=\"rank-math-answer \">\n\n<p>El tratamiento hidrafacial suele durar entre 30 minutos y 1 hora. La duraci\u00f3n puede variar en funci\u00f3n del plan de tratamiento espec\u00edfico, las zonas tratadas y los servicios adicionales incluidos. Los efectos y beneficios pueden durar varias semanas, pero se recomiendan tratamientos regulares para mantener unos resultados \u00f3ptimos. La constancia y el seguimiento de los tratamientos son cruciales para mejorar a largo plazo la salud y el aspecto de la piel. Lo mejor es consultar a un esteticista o especialista en el cuidado de la piel con licencia para determinar el mejor plan de tratamiento para sus necesidades espec\u00edficas.<\/p>\n\n<\/div>\n<\/div>\n<div id=\"faq-question-1684924464809\" class=\"rank-math-list-item\">\n<h3 class=\"rank-math-question \">\u00bfSon buenos los tratamientos hidrafaciales para el acn\u00e9?<\/h3>\n<div class=\"rank-math-answer \">\n\n<p>Los hidrafaciales pueden ser un tratamiento beneficioso para las personas con piel propensa al acn\u00e9. El proceso en varios pasos de limpieza, exfoliaci\u00f3n, extracci\u00f3n y nutrici\u00f3n de la piel puede ayudar a abordar las causas subyacentes del acn\u00e9. Al limpiar la piel en profundidad y eliminar el exceso de grasa, suciedad y bacterias, pueden minimizar los poros obstruidos y reducir los brotes de acn\u00e9. El paso de exfoliaci\u00f3n favorece la renovaci\u00f3n celular y alisa las cicatrices del acn\u00e9 y la textura irregular. El suave proceso de extracci\u00f3n ayuda a eliminar los puntos negros y blancos sin causar traumatismos en la piel. Adem\u00e1s, la infusi\u00f3n de sueros hidratantes y nutritivos durante el tratamiento ayuda a equilibrar los niveles de hidrataci\u00f3n, favorece la cicatrizaci\u00f3n y contribuye a la salud general de la piel.<\/p>\n\n<\/div>\n<\/div>\n<div id=\"faq-question-1684924551755\" class=\"rank-math-list-item\">\n<h3 class=\"rank-math-question \">\u00bfQu\u00e9 tipo de Hidrafacial es el mejor?<\/h3>\n<div class=\"rank-math-answer \">\n\n<p>El mejor tipo de tratamiento hidrafacial var\u00eda en funci\u00f3n de los problemas y objetivos de cada piel. Ofrece diversas opciones que pueden adaptarse a necesidades espec\u00edficas. Adem\u00e1s, Hydrafacial con Factores de Crecimiento puede estimular la producci\u00f3n de col\u00e1geno y mejorar la vitalidad de la piel. Para determinar el mejor tipo de tratamiento hidrafacial para usted, se recomienda consultar a un profesional del cuidado de la piel.<\/p>\n\n<\/div>\n<\/div>\n<div id=\"faq-question-1684924582308\" class=\"rank-math-list-item\">\n<h3 class=\"rank-math-question \">\u00bfSon seguros los tratamientos hidrafaciales?<\/h3>\n<div class=\"rank-math-answer \">\n\n<p>S\u00ed, los tratamientos hidrafaciales suelen considerarse seguros cuando los realizan profesionales cualificados. Es importante asegurarse de que el equipo y los productos utilizados son de alta calidad y est\u00e1n debidamente desinfectados. Las respuestas individuales pueden variar, pero los posibles efectos secundarios suelen ser leves y temporales. Para garantizar la seguridad y la eficacia, se recomienda que el tratamiento lo realice un profesional autorizado que siga los protocolos adecuados.<\/p>\n\n<\/div>\n<\/div>\n<\/div>\n<\/div>\n<p><\/p>\n\n<h3 class=\"wp-block-heading\">P\u00f3ngase en contacto con nosotros si tiene alguna pregunta.<\/h3>\n","protected":false},"excerpt":{"rendered":"<p>Si busca una forma de sentirse m\u00e1s joven, el Tratamiento Hidrafacial puede ser la soluci\u00f3n perfecta. El tratamiento hidrafacial es [&hellip;]<\/p>\n","protected":false},"author":4,"featured_media":92832,"parent":0,"menu_order":0,"comment_status":"closed","ping_status":"closed","template":"","meta":{"site-sidebar-layout":"default","site-content-layout":"","ast-site-content-layout":"default","site-content-style":"default","site-sidebar-style":"default","ast-global-header-display":"","ast-banner-title-visibility":"","ast-main-header-display":"","ast-hfb-above-header-display":"","ast-hfb-below-header-display":"","ast-hfb-mobile-header-display":"","site-post-title":"","ast-breadcrumbs-content":"","ast-featured-img":"","footer-sml-layout":"","ast-disable-related-posts":"","theme-transparent-header-meta":"","adv-header-id-meta":"","stick-header-meta":"","header-above-stick-meta":"","header-main-stick-meta":"","header-below-stick-meta":"","astra-migrate-meta-layouts":"default","ast-page-background-enabled":"default","ast-page-background-meta":{"desktop":{"background-color":"var(--ast-global-color-4)","background-image":"","background-repeat":"repeat","background-position":"center center","background-size":"auto","background-attachment":"scroll","background-type":"","background-media":"","overlay-type":"","overlay-color":"","overlay-opacity":"","overlay-gradient":""},"tablet":{"background-color":"","background-image":"","background-repeat":"repeat","background-position":"center center","background-size":"auto","background-attachment":"scroll","background-type":"","background-media":"","overlay-type":"","overlay-color":"","overlay-opacity":"","overlay-gradient":""},"mobile":{"background-color":"","background-image":"","background-repeat":"repeat","background-position":"center center","background-size":"auto","background-attachment":"scroll","background-type":"","background-media":"","overlay-type":"","overlay-color":"","overlay-opacity":"","overlay-gradient":""}},"ast-content-background-meta":{"desktop":{"background-color":"var(--ast-global-color-5)","background-image":"","background-repeat":"repeat","background-position":"center center","background-size":"auto","background-attachment":"scroll","background-type":"","background-media":"","overlay-type":"","overlay-color":"","overlay-opacity":"","overlay-gradient":""},"tablet":{"background-color":"var(--ast-global-color-5)","background-image":"","background-repeat":"repeat","background-position":"center center","background-size":"auto","background-attachment":"scroll","background-type":"","background-media":"","overlay-type":"","overlay-color":"","overlay-opacity":"","overlay-gradient":""},"mobile":{"background-color":"var(--ast-global-color-5)","background-image":"","background-repeat":"repeat","background-position":"center center","background-size":"auto","background-attachment":"scroll","background-type":"","background-media":"","overlay-type":"","overlay-color":"","overlay-opacity":"","overlay-gradient":""}},"footnotes":""},"class_list":["post-146525","page","type-page","status-publish","has-post-thumbnail","hentry"],"_links":{"self":[{"href":"https:\/\/medclinics.com\/es\/wp-json\/wp\/v2\/pages\/146525","targetHints":{"allow":["GET"]}}],"collection":[{"href":"https:\/\/medclinics.com\/es\/wp-json\/wp\/v2\/pages"}],"about":[{"href":"https:\/\/medclinics.com\/es\/wp-json\/wp\/v2\/types\/page"}],"author":[{"embeddable":true,"href":"https:\/\/medclinics.com\/es\/wp-json\/wp\/v2\/users\/4"}],"replies":[{"embeddable":true,"href":"https:\/\/medclinics.com\/es\/wp-json\/wp\/v2\/comments?post=146525"}],"version-history":[{"count":0,"href":"https:\/\/medclinics.com\/es\/wp-json\/wp\/v2\/pages\/146525\/revisions"}],"wp:featuredmedia":[{"embeddable":true,"href":"https:\/\/medclinics.com\/es\/wp-json\/wp\/v2\/media\/92832"}],"wp:attachment":[{"href":"https:\/\/medclinics.com\/es\/wp-json\/wp\/v2\/media?parent=146525"}],"curies":[{"name":"wp","href":"https:\/\/api.w.org\/{rel}","templated":true}]}}