{"id":146513,"date":"2023-07-24T09:06:17","date_gmt":"2023-07-24T06:06:17","guid":{"rendered":"https:\/\/medclinics.com\/indice-de-masa-corporal-imc\/"},"modified":"2025-01-25T14:29:56","modified_gmt":"2025-01-25T11:29:56","slug":"indice-de-masa-corporal-imc","status":"publish","type":"page","link":"https:\/\/medclinics.com\/es\/indice-de-masa-corporal-imc\/","title":{"rendered":"\u00cdndice de masa corporal (IMC)"},"content":{"rendered":"\n<h2 class=\"wp-block-heading\">Calcular su IMC es el primer paso para alcanzar su peso ideal.<\/h2>\n\n<p><a href=\"https:\/\/en.wikipedia.org\/wiki\/Body_mass_index\" target=\"_blank\" rel=\"noreferrer noopener\">El \u00edndice de masa corporal (IM<\/a> C) es una valiosa herramienta para evaluar su peso en relaci\u00f3n con su estatura. Proporciona informaci\u00f3n sobre su salud general y puede orientarle hacia un estilo de vida equilibrado y satisfactorio. Hablemos de qu\u00e9 es el IMC, c\u00f3mo se calcula y c\u00f3mo puede utilizarlo para mejorar su salud.<\/p>\n\n<ul class=\"wp-block-list\">\n<li>Se calcula dividiendo su peso en kilogramos por el cuadrado de su estatura en metros.<\/li>\n\n\n\n<li>Ofrece una serie de categor\u00edas, como peso inferior al normal, peso normal, sobrepeso y obesidad, que ayudan a clasificar su estado ponderal.<\/li>\n<\/ul>\n\n<p>A continuaci\u00f3n te explicamos c\u00f3mo calcular el IMC:<\/p>\n\n<ul class=\"wp-block-list\">\n<li><strong>Mide tu peso: <\/strong>Utiliza una b\u00e1scula para medir tu peso con precisi\u00f3n. Registre el peso en kilogramos (kg) para el c\u00e1lculo.<\/li>\n\n\n\n<li><strong>Mide tu estatura: <\/strong>Utiliza una cinta m\u00e9trica o una escala de altura para medir tu estatura en metros (m). Si tienes tu estatura en cent\u00edmetros (cm), div\u00eddela por 100 para convertirla a metros.<\/li>\n\n\n\n<li><strong>Eleva tu altura al cuadrado:<\/strong> Multiplica la medida de tu altura por s\u00ed misma para obtener el valor al cuadrado. Este paso es necesario para el c\u00e1lculo del IMC.<\/li>\n\n\n\n<li><strong>Calcula tu IMC:<\/strong> Divide tu peso en kilogramos por el cuadrado de tu altura en metros. La f\u00f3rmula es IMC = peso (kg) \/ <sup>altura2<\/sup> (<sup>m2<\/sup>)<\/li>\n<\/ul>\n\n<figure class=\"wp-block-image size-full\"><img fetchpriority=\"high\" decoding=\"async\" width=\"960\" height=\"540\" src=\"https:\/\/medclinics.com\/wp-content\/uploads\/2023\/07\/body-mass-index-bmi-near-me.jpg\" alt=\"C&#xE1;lculos del &#xED;ndice de masa corporal \/ IMC en Estambul\" class=\"wp-image-97816\" srcset=\"https:\/\/medclinics.com\/wp-content\/uploads\/2023\/07\/body-mass-index-bmi-near-me.jpg 960w, https:\/\/medclinics.com\/wp-content\/uploads\/2023\/07\/body-mass-index-bmi-near-me-500x281.jpg 500w, https:\/\/medclinics.com\/wp-content\/uploads\/2023\/07\/body-mass-index-bmi-near-me-768x432.jpg 768w, https:\/\/medclinics.com\/wp-content\/uploads\/2023\/07\/body-mass-index-bmi-near-me-24x14.jpg 24w, https:\/\/medclinics.com\/wp-content\/uploads\/2023\/07\/body-mass-index-bmi-near-me-36x20.jpg 36w, https:\/\/medclinics.com\/wp-content\/uploads\/2023\/07\/body-mass-index-bmi-near-me-48x27.jpg 48w\" sizes=\"(max-width: 960px) 100vw, 960px\" \/><\/figure>\n\n<p>Ejemplo de c\u00e1lculo: Supongamos que tu peso es de 80 kilogramos (kg) y tu estatura de 1,70 metros (m).<\/p>\n\n<p>\u00cdndice de masa corporal (IMC) = 80 kg \/ (1,70 m x 1,70 m) = 80 kg \/ 2,89<sup>m2<\/sup> \u2248 27,68<\/p>\n\n<p><\/p>\n\n<ul class=\"wp-block-list\">\n<li>Bajo peso: IMC inferior a 18,5<\/li>\n\n\n\n<li>Peso normal: IMC entre 18,5 y 24,9<\/li>\n\n\n\n<li>Sobrepeso: IMC entre 25 y 29,9<\/li>\n\n\n\n<li>Obeso: IMC igual o superior a 30<\/li>\n<\/ul>\n\n<p><\/p>\n\n<h3 class=\"wp-block-heading\">Todo lo que necesita saber <a href=\"https:\/\/medclinics.com\/es\/obesity-treatment-2\/\" target=\"_blank\" rel=\"noreferrer noopener\">sobre <\/a> <a href=\"https:\/\/medclinics.com\/es\/obesity-treatment\/\" target=\"_blank\" rel=\"noreferrer noopener\">el <\/a> <a href=\"https:\/\/medclinics.com\/es\/obesity-treatment-2\/\" target=\"_blank\" rel=\"noreferrer noopener\">tratamiento <\/a> de la obesidad, incluido el precio y m\u00e1s, est\u00e1 aqu\u00ed, \u00a1<a href=\"#requestform\">cont\u00e1ctenos <\/a> ahora!<\/h3>\n\n<h2 class=\"wp-block-heading\">PREGUNTAS FRECUENTES<\/h2>\n<div id=\"rank-math-faq\" class=\"rank-math-block\">\n<div class=\"rank-math-list \">\n<div id=\"faq-question-1684918733545\" class=\"rank-math-list-item\">\n<h3 class=\"rank-math-question \">\u00bfPor qu\u00e9 es importante el \u00edndice de masa corporal?<\/h3>\n<div class=\"rank-math-answer \">\n\n<p>El \u00edndice de masa corporal (IMC) reviste gran importancia como indicador de salud y herramienta de detecci\u00f3n. Ayuda a evaluar el estado ponderal y a identificar posibles riesgos para la salud asociados a afecciones como las cardiopat\u00edas, la diabetes y algunos tipos de c\u00e1ncer. Al proporcionar una indicaci\u00f3n general de si una persona se encuentra dentro de un intervalo de peso saludable o tiene un peso inferior al normal, sobrepeso u obesidad, el IMC orienta el establecimiento de objetivos de control del peso. Tambi\u00e9n proporciona un seguimiento de la salud p\u00fablica, lo que permite a los responsables pol\u00edticos abordar los problemas relacionados con el peso a nivel de poblaci\u00f3n. Adem\u00e1s, el IMC es valioso en investigaci\u00f3n y epidemiolog\u00eda, ya que facilita el estudio de las asociaciones entre el peso, los resultados de salud y diversos factores. Aunque el IMC tiene limitaciones, como no tener en cuenta las diferencias en la composici\u00f3n corporal, la consulta con profesionales sanitarios puede proporcionar asesoramiento personalizado y una evaluaci\u00f3n exhaustiva.<\/p>\n\n<\/div>\n<\/div>\n<div id=\"faq-question-1684918735614\" class=\"rank-math-list-item\">\n<h3 class=\"rank-math-question \">\u00bfEs el IMC una medida \u00fatil de la salud?<\/h3>\n<div class=\"rank-math-answer \">\n\n<p>La utilidad del \u00cdndice de Masa Corporal (IMC) como medida de la salud es objeto de debate permanente y presenta ciertas limitaciones. Aunque el IMC ofrece una forma sencilla y r\u00e1pida de evaluar el estado ponderal y los posibles riesgos para la salud asociados a las afecciones relacionadas con el peso, no tiene en cuenta factores como la masa muscular, la composici\u00f3n corporal o la distribuci\u00f3n de la grasa.<\/p>\n\n<\/div>\n<\/div>\n<div id=\"faq-question-1684918736566\" class=\"rank-math-list-item\">\n<h3 class=\"rank-math-question \">\u00bfC\u00f3mo se calcula el \u00edndice de masa corporal?<\/h3>\n<div class=\"rank-math-answer \">\n\n<p>El IMC se calcula dividiendo el peso de una persona en kilogramos por el cuadrado de su estatura en metros.<\/p>\n\n<\/div>\n<\/div>\n<div id=\"faq-question-1684918737595\" class=\"rank-math-list-item\">\n<h3 class=\"rank-math-question \">\u00bfEs exacto el \u00edndice de masa corporal?<\/h3>\n<div class=\"rank-math-answer \">\n\n<p>La exactitud del \u00cdndice de Masa Corporal (IMC) como medida de la salud es controvertida. Aunque el IMC proporciona una evaluaci\u00f3n global del estado ponderal, tiene limitaciones y puede no reflejar con exactitud la salud general de una persona. El IMC no tiene en cuenta factores como la masa muscular, la composici\u00f3n corporal o la distribuci\u00f3n de la grasa. En consecuencia, las personas con mayor masa muscular o una estructura \u00f3sea m\u00e1s densa pueden tener un IMC m\u00e1s elevado sin tener sobrepeso ni correr el riesgo de padecer problemas de salud relacionados con el peso. Del mismo modo, las personas con un IMC normal pueden tener un mayor porcentaje de grasa corporal, con los consiguientes riesgos para la salud. Para obtener una evaluaci\u00f3n m\u00e1s precisa de la salud, se recomienda considerar medidas adicionales como el an\u00e1lisis de la composici\u00f3n corporal y la consulta con profesionales de la salud que puedan proporcionar evaluaciones y orientaci\u00f3n personalizadas.<\/p>\n\n<\/div>\n<\/div>\n<\/div>\n<\/div>\n<p><\/p>\n\n<h3 class=\"wp-block-heading\">P\u00f3ngase en contacto con nosotros si tiene alguna pregunta.<\/h3>\n<\/p>\n","protected":false},"excerpt":{"rendered":"<p>Calcular su IMC es el primer paso para alcanzar su peso ideal. El \u00edndice de masa corporal (IM C) es [&hellip;]<\/p>\n","protected":false},"author":4,"featured_media":91533,"parent":0,"menu_order":0,"comment_status":"closed","ping_status":"closed","template":"","meta":{"site-sidebar-layout":"default","site-content-layout":"","ast-site-content-layout":"default","site-content-style":"default","site-sidebar-style":"default","ast-global-header-display":"","ast-banner-title-visibility":"","ast-main-header-display":"","ast-hfb-above-header-display":"","ast-hfb-below-header-display":"","ast-hfb-mobile-header-display":"","site-post-title":"","ast-breadcrumbs-content":"","ast-featured-img":"","footer-sml-layout":"","ast-disable-related-posts":"","theme-transparent-header-meta":"","adv-header-id-meta":"","stick-header-meta":"","header-above-stick-meta":"","header-main-stick-meta":"","header-below-stick-meta":"","astra-migrate-meta-layouts":"default","ast-page-background-enabled":"default","ast-page-background-meta":{"desktop":{"background-color":"var(--ast-global-color-4)","background-image":"","background-repeat":"repeat","background-position":"center center","background-size":"auto","background-attachment":"scroll","background-type":"","background-media":"","overlay-type":"","overlay-color":"","overlay-opacity":"","overlay-gradient":""},"tablet":{"background-color":"","background-image":"","background-repeat":"repeat","background-position":"center center","background-size":"auto","background-attachment":"scroll","background-type":"","background-media":"","overlay-type":"","overlay-color":"","overlay-opacity":"","overlay-gradient":""},"mobile":{"background-color":"","background-image":"","background-repeat":"repeat","background-position":"center center","background-size":"auto","background-attachment":"scroll","background-type":"","background-media":"","overlay-type":"","overlay-color":"","overlay-opacity":"","overlay-gradient":""}},"ast-content-background-meta":{"desktop":{"background-color":"var(--ast-global-color-5)","background-image":"","background-repeat":"repeat","background-position":"center center","background-size":"auto","background-attachment":"scroll","background-type":"","background-media":"","overlay-type":"","overlay-color":"","overlay-opacity":"","overlay-gradient":""},"tablet":{"background-color":"var(--ast-global-color-5)","background-image":"","background-repeat":"repeat","background-position":"center center","background-size":"auto","background-attachment":"scroll","background-type":"","background-media":"","overlay-type":"","overlay-color":"","overlay-opacity":"","overlay-gradient":""},"mobile":{"background-color":"var(--ast-global-color-5)","background-image":"","background-repeat":"repeat","background-position":"center center","background-size":"auto","background-attachment":"scroll","background-type":"","background-media":"","overlay-type":"","overlay-color":"","overlay-opacity":"","overlay-gradient":""}},"footnotes":""},"class_list":["post-146513","page","type-page","status-publish","has-post-thumbnail","hentry"],"_links":{"self":[{"href":"https:\/\/medclinics.com\/es\/wp-json\/wp\/v2\/pages\/146513","targetHints":{"allow":["GET"]}}],"collection":[{"href":"https:\/\/medclinics.com\/es\/wp-json\/wp\/v2\/pages"}],"about":[{"href":"https:\/\/medclinics.com\/es\/wp-json\/wp\/v2\/types\/page"}],"author":[{"embeddable":true,"href":"https:\/\/medclinics.com\/es\/wp-json\/wp\/v2\/users\/4"}],"replies":[{"embeddable":true,"href":"https:\/\/medclinics.com\/es\/wp-json\/wp\/v2\/comments?post=146513"}],"version-history":[{"count":0,"href":"https:\/\/medclinics.com\/es\/wp-json\/wp\/v2\/pages\/146513\/revisions"}],"wp:featuredmedia":[{"embeddable":true,"href":"https:\/\/medclinics.com\/es\/wp-json\/wp\/v2\/media\/91533"}],"wp:attachment":[{"href":"https:\/\/medclinics.com\/es\/wp-json\/wp\/v2\/media?parent=146513"}],"curies":[{"name":"wp","href":"https:\/\/api.w.org\/{rel}","templated":true}]}}