{"id":146501,"date":"2023-11-24T08:25:00","date_gmt":"2023-11-24T05:25:00","guid":{"rendered":"https:\/\/medclinics.com\/bypass-gastrico\/"},"modified":"2025-02-04T14:38:05","modified_gmt":"2025-02-04T11:38:05","slug":"bypass-gastrico","status":"publish","type":"page","link":"https:\/\/medclinics.com\/es\/bypass-gastrico\/","title":{"rendered":"Bypass g\u00e1strico"},"content":{"rendered":"\n<h2 class=\"wp-block-heading\"><br\/>Todo lo que debe saber sobre el bypass g\u00e1strico<\/h2>\n\n<p><br\/><strong><a href=\"https:\/\/pubmed.ncbi.nlm.nih.gov\/?term=gastric+bypass+surgery\" target=\"_blank\" rel=\"noreferrer noopener\">El bypass g\u00e1strico<\/a><\/strong> es un <strong><a href=\"https:\/\/pubmed.ncbi.nlm.nih.gov\/?term=weight+loss+treatment\" target=\"_blank\" rel=\"noreferrer noopener nofollow\">tratamiento para perder peso<\/a><\/strong>. Durante la intervenci\u00f3n, el m\u00e9dico crea una peque\u00f1a bolsa a partir del est\u00f3mago. Esta bolsa se conecta a una parte del intestino delgado. Como resultado, las comidas pasan por la mayor parte del est\u00f3mago y parte del intestino delgado. Con esta t\u00e9cnica, su cuerpo absorbe menos energ\u00eda y nutrientes. Con el tiempo, esto se traduce en p\u00e9rdida de peso.     <\/p>\n\n<p>El tratamiento quir\u00fargico permite comer mucho menos. La bolsa estomacal m\u00e1s peque\u00f1a se llena r\u00e1pidamente, y tambi\u00e9n se siente mucho mejor m\u00e1s r\u00e1pido. Adem\u00e1s, la cirug\u00eda reduce las hormonas del hambre, por lo que se siente mucha menos hambre. Esto hace que sea menos complejo perder kilos.   <\/p>\n\n<h2 class=\"wp-block-heading\">\u00bfCu\u00e1nto dura un bypass g\u00e1strico?<\/h2>\n\n<p><br\/>La t\u00e9cnica suele durar entre <strong>1,5 y 2 horas<\/strong>. La mayor\u00eda de los pacientes pueden irse a casa entre 2 y 4 d\u00edas despu\u00e9s de la intervenci\u00f3n quir\u00fargica. Se le controlar\u00e1 cuidadosamente para asegurarse de que todo se recupera bien.  <\/p>\n\n<h2 class=\"wp-block-heading\">\u00bfQu\u00e9 ocurre despu\u00e9s de la cirug\u00eda de bypass g\u00e1strico?<\/h2>\n\n<p><\/p>\n\n<p>Una vez finalizada la intervenci\u00f3n, permanecer\u00e1 en el hospital durante unos d\u00edas. Esto da tiempo a su instituci\u00f3n cl\u00ednica para supervisar su curaci\u00f3n. Adem\u00e1s, comenzar\u00e1 un plan de dieta l\u00edquida de inmediato. Este plan de alimentaci\u00f3n permite a su vientre y los intestinos sanar.   <\/p>\n\n<p>A medida que vayas mejorando, empezar\u00e1s poco a poco a a\u00f1adir comidas f\u00e1ciles. Con el tiempo, pasar\u00e1 a tomar alimentos s\u00f3lidos. Tu m\u00e9dico te guiar\u00e1 cuidadosamente a lo largo de este proceso. La intenci\u00f3n es asegurarse de que su cuerpo se adapta bien a los cambios.   <\/p>\n\n<h2 class=\"wp-block-heading\">\u00bfCu\u00e1nto peso se puede perder con el bypass g\u00e1strico?<\/h2>\n\n<p><\/p>\n\n<p>La cantidad de peso que se pierde depende de muchos factores. La mayor\u00eda de las personas pierden <strong>un 60-70% de<\/strong> su peso extra en los primeros 12 meses despu\u00e9s de la intervenci\u00f3n quir\u00fargica. Esto deber\u00eda tener un gran efecto en su salud. Muchos seres humanos, adem\u00e1s, ver mejoras en condiciones como <strong>la diabetes<\/strong> y la<strong> presi\u00f3n arterial<\/strong>.   <\/p>\n\n<p>La cirug\u00eda de bypass g\u00e1strico se recomienda generalmente a las personas con un <strong><a href=\"https:\/\/medclinics.com\/es\/indice-de-masa-corporal-imc\/\" target=\"_blank\" rel=\"noreferrer noopener\">IMC<\/a> superior a 35 o 40<\/strong>.<\/p>\n\n<h2 class=\"wp-block-heading\">\u00bfQui\u00e9n debe someterse a un bypass g\u00e1strico?<\/h2>\n\n<p><\/p>\n\n<p><strong>Bypass g\u00e1strico<\/strong> es con frecuencia la opci\u00f3n satisfactoria para los seres humanos que han intentado dieta y entrenamiento sin \u00e9xito. Es adem\u00e1s una posibilidad incre\u00edble para los seres humanos con problemas de salud excesivos debido a problemas de peso. Si tiene un <strong>IMC superior a 40<\/strong> o <strong>superior a 35 con problemas de salud<\/strong>, este tratamiento quir\u00fargico probablemente sea adecuado para usted. Su m\u00e9dico determinar\u00e1 si el bypass g\u00e1strico es la opci\u00f3n adecuada para usted.   <\/p>\n\n<p>Sin embargo, tenga en cuenta que este tratamiento quir\u00fargico no es una recuperaci\u00f3n breve. Requiere una autodisciplina prolongada. Despu\u00e9s del tratamiento quir\u00fargico, debe seguir un plan de adelgazamiento y vivir con energ\u00eda. Este es el componente crucial para mantener su p\u00e9rdida de peso.   <\/p>\n\n<h2 class=\"wp-block-heading\">Beneficios de la cirug\u00eda de bypass g\u00e1strico<\/h2>\n\n<p><\/p>\n\n<ul class=\"wp-block-list\">\n<li><strong>P\u00e9rdida de peso significativa:<\/strong> La mayor\u00eda de los pacientes pierden <strong>un 60-70% de su peso extra<\/strong> en los primeros trescientos sesenta y cinco d\u00edas. Esta p\u00e9rdida de peso puede mejorar su salud y mejorar su autoimagen. <\/li>\n\n\n\n<li><strong>Mejora de la salud:<\/strong> Muchos seres humanos observan mejoras en afecciones como <strong>la diabetes de tipo 2<\/strong>, <strong>la apnea del sue\u00f1o<\/strong> y la <strong>presi\u00f3n arterial<\/strong>. Perder peso tambi\u00e9n puede reducir el dolor articular y el riesgo de cardiopat\u00eda coronaria. <\/li>\n\n\n\n<li><strong>Mejor calidad de vida:<\/strong> Perder peso significa m\u00e1s energ\u00eda, mejor movilidad y una evoluci\u00f3n en c\u00f3mo te sientes. Tambi\u00e9n puede disfrutar de un impulso a su confianza. <\/li>\n\n\n\n<li><strong>Resultados probados:<\/strong> <strong>El Bypass G\u00e1strico<\/strong> tiene uno de los resultados m\u00e1s exitosos en el tratamiento quir\u00fargico de p\u00e9rdida de peso. Se utiliza desde hace d\u00e9cadas y ha ayudado a innumerables personas. <\/li>\n<\/ul>\n\n<h2 class=\"wp-block-heading\"><br\/>Qu\u00e9 esperar durante la recuperaci\u00f3n<\/h2>\n\n<p><br\/>Despu\u00e9s <strong>del bypass g\u00e1strico<\/strong>, la cicatrizaci\u00f3n llevar\u00e1 su tiempo. Esto es lo que puede esperar: <\/p>\n\n<ul class=\"wp-block-list\">\n<li><strong>Estancia en el hospital:<\/strong> Permanecer\u00e1 en el hospital <strong>entre dos y cuatro d\u00edas<\/strong>. Tu m\u00e9dico te controlar\u00e1 atentamente para asegurarse de que todo se recupera bien. <\/li>\n\n\n\n<li><strong>Primera semana:<\/strong> Seguir\u00e1 un plan de adelgazamiento con l\u00edquidos. Su m\u00e9dico le guiar\u00e1 a trav\u00e9s de esta fase con cautela. Poco a poco podr\u00e1s comer alimentos ligeros y luego s\u00f3lidos.  <\/li>\n\n\n\n<li><strong>1-3 meses:<\/strong> Durante este periodo, empezar\u00e1 a perder peso. La mayor\u00eda de los seres humanos pueden volver al trabajo y a las actividades deportivas habituales despu\u00e9s de unas cuatro a seis semanas. Su m\u00e9dico le animar\u00e1 a comenzar el ejercicio moderado, sin embargo, mantenerse alejado de levantar objetos pesados antes de lo permitido.  <\/li>\n\n\n\n<li><strong>3-6 Meses:<\/strong> Como el flujo de meses en con el recurso de la utilizaci\u00f3n de, su reducci\u00f3n de peso continuar\u00e1. Muchos seres humanos disfrutan extra saludable y extra activo en el transcurso de este tiempo. Visitas regulares de observaci\u00f3n junto con su m\u00e9dico de salud cient\u00edfica le ayudar\u00e1 a mantenerse en el camino.  <\/li>\n\n\n\n<li><strong>Cuidados continuos:<\/strong> Para mantener su p\u00e9rdida de peso, debe seguir un estilo de vida saludable. Siga las instrucciones de su m\u00e9dico para su programa de reducci\u00f3n de peso y ejercicio. Tambi\u00e9n puede tomar vitaminas y suplementos diet\u00e9ticos para asegurarse de que est\u00e1 recibiendo las vitaminas que necesita.  <\/li>\n<\/ul>\n\n<h2 class=\"wp-block-heading\"><br\/>\u00bfEs la cirug\u00eda de bypass g\u00e1strico adecuada para usted?<\/h2>\n\n<p><\/p>\n\n<p>Si ha luchado con problemas de peso y de forma f\u00edsica relacionados con el peso,<strong> <\/strong>el tratamiento de bypass g\u00e1strico es probablemente la respuesta. Es una manera eficaz de perder peso y mejorar su forma f\u00edsica. Sin embargo, no es una restauraci\u00f3n m\u00e1gica. Para ver resultados duraderos, tienes que hacer ajustes a largo plazo en tu estilo de vida.   <\/p>\n\n<p>Antes de tomar una decisi\u00f3n, hable con su m\u00e9dico. Le explicar\u00e1 si <strong> <\/strong>la cirug\u00eda de bypass g\u00e1strico es la oportunidad extremadamente buena en su escenario preciso.<\/p>\n\n<h2 class=\"wp-block-heading\">Conclusi\u00f3n<\/h2>\n\n<p><\/p>\n\n<p><strong>La cirug\u00eda de bypass g\u00e1strico<\/strong> es una de las mejores t\u00e9cnicas quir\u00fargicas de reducci\u00f3n de peso de los \u00faltimos tiempos. Le permitir\u00e1 perder un peso brillante y mejorar su salud si es adecuado para usted. Si tiene un IMC superior a cuarenta o superior a 35 con problemas de salud, el bypass g\u00e1strico es probablemente la opci\u00f3n adecuada para usted.  <\/p>\n\n<p>El remedio quir\u00fargico es una herramienta para ayudarle a realizar sus sue\u00f1os de p\u00e9rdida de peso, pero el logro se basa definitivamente en su dedicaci\u00f3n a un estilo de vida saludable. Si usted est\u00e1 organizado para comenzar su viaje de p\u00e9rdida de peso, p\u00f3ngase en contacto con nosotros en estos d\u00edas para echar un vistazo a m\u00e1s sobre la operaci\u00f3n quir\u00fargica de bypass g\u00e1strico y la forma en que le permitir\u00e1 hacer realidad sus sue\u00f1os de fitness. <\/p>\n\n<h3 class=\"wp-block-heading\">Todo lo que necesita saber sobre el <a href=\"https:\/\/medclinics.com\/es\/obesidad\/\" target=\"_blank\" rel=\"noreferrer noopener\">tratamiento de la obesidad<\/a>, incluido el proceso de curaci\u00f3n o m\u00e1s est\u00e1 aqu\u00ed, <a href=\"#requestform\">\u00a1contacte con nosotros<\/a>!<\/h3>\n\n<figure class=\"wp-block-image size-full\"><img fetchpriority=\"high\" decoding=\"async\" width=\"960\" height=\"540\" src=\"https:\/\/medclinics.com\/wp-content\/uploads\/2023\/07\/gastric-bypass-near-me.jpg\" alt=\"Bypass g&#xE1;strico cerca de m&#xED; Estambul Turqu&#xED;a\" class=\"wp-image-97826\" srcset=\"https:\/\/medclinics.com\/wp-content\/uploads\/2023\/07\/gastric-bypass-near-me.jpg 960w, https:\/\/medclinics.com\/wp-content\/uploads\/2023\/07\/gastric-bypass-near-me-500x281.jpg 500w, https:\/\/medclinics.com\/wp-content\/uploads\/2023\/07\/gastric-bypass-near-me-768x432.jpg 768w, https:\/\/medclinics.com\/wp-content\/uploads\/2023\/07\/gastric-bypass-near-me-24x14.jpg 24w, https:\/\/medclinics.com\/wp-content\/uploads\/2023\/07\/gastric-bypass-near-me-36x20.jpg 36w, https:\/\/medclinics.com\/wp-content\/uploads\/2023\/07\/gastric-bypass-near-me-48x27.jpg 48w\" sizes=\"(max-width: 960px) 100vw, 960px\" \/><\/figure>\n\n<h2 class=\"wp-block-heading\">PREGUNTAS FRECUENTES<\/h2>\n<div id=\"rank-math-faq\" class=\"rank-math-block\">\n<div class=\"rank-math-list \">\n<div id=\"faq-question-1684916450872\" class=\"rank-math-list-item\">\n<h3 class=\"rank-math-question \">\u00bfQu\u00e9 cirug\u00eda de bypass g\u00e1strico?<\/h3>\n<div class=\"rank-math-answer \">\n\n<p>La cirug\u00eda de bypass g\u00e1strico es un procedimiento de p\u00e9rdida de peso que consiste en crear una bolsa estomacal m\u00e1s peque\u00f1a y desviar la v\u00eda digestiva. La bolsa estomacal m\u00e1s peque\u00f1a restringe la ingesta de alimentos, mientras que los intestinos desviados reducen la absorci\u00f3n de calor\u00edas y nutrientes. Esta intervenci\u00f3n quir\u00fargica suele realizarse mediante t\u00e9cnicas laparosc\u00f3picas m\u00ednimamente invasivas, lo que reduce el tiempo de recuperaci\u00f3n. Sin embargo, esta cirug\u00eda es un procedimiento importante que debe considerarse cuidadosamente tras una evaluaci\u00f3n exhaustiva de las condiciones de salud individuales y la consulta con un profesional sanitario.<\/p>\n\n<\/div>\n<\/div>\n<div id=\"faq-question-1684916409121\" class=\"rank-math-list-item\">\n<h3 class=\"rank-math-question \">\u00bfC\u00f3mo se realiza el bypass g\u00e1strico?<\/h3>\n<div class=\"rank-math-answer \">\n\n<p>La cirug\u00eda de bypass g\u00e1strico es un procedimiento de p\u00e9rdida de peso que consiste en alterar el sistema digestivo para favorecer la reducci\u00f3n de peso. La intervenci\u00f3n, que suele realizarse mediante t\u00e9cnicas laparosc\u00f3picas m\u00ednimamente invasivas, comienza con la realizaci\u00f3n de peque\u00f1as incisiones en el abdomen. A continuaci\u00f3n, el cirujano divide el est\u00f3mago en una bolsa superior m\u00e1s peque\u00f1a y una secci\u00f3n inferior m\u00e1s grande. A continuaci\u00f3n, se desv\u00eda una porci\u00f3n del intestino delgado y se conecta a la nueva bolsa estomacal, evitando una secci\u00f3n del tubo digestivo. Esta redirecci\u00f3n de los intestinos permite que los alimentos eludan el resto del est\u00f3mago y el intestino superior. A continuaci\u00f3n se cierran las incisiones y los pacientes son controlados en una zona de recuperaci\u00f3n antes de ser trasladados a una habitaci\u00f3n del hospital o dados de alta. La cirug\u00eda de bypass g\u00e1strico reduce la ingesta de alimentos y altera la absorci\u00f3n de calor\u00edas, lo que conduce a la p\u00e9rdida de peso. Los detalles de la intervenci\u00f3n pueden variar en funci\u00f3n de las circunstancias individuales y de las t\u00e9cnicas quir\u00fargicas.<\/p>\n\n<\/div>\n<\/div>\n<div id=\"faq-question-1684916556620\" class=\"rank-math-list-item\">\n<h3 class=\"rank-math-question \">\u00bfEs seguro el bypass g\u00e1strico?<\/h3>\n<div class=\"rank-math-answer \">\n\n<p>En general, la cirug\u00eda de bypass g\u00e1strico se considera segura, pero, como cualquier procedimiento quir\u00fargico, conlleva ciertos riesgos. La seguridad general del bypass g\u00e1strico depende de varios factores, como la salud general del paciente, la experiencia del equipo quir\u00fargico y los cuidados postoperatorios adecuados. Las complicaciones pueden incluir infecciones, hemorragias, co\u00e1gulos sangu\u00edneos, fugas de las conexiones quir\u00fargicas y deficiencias nutricionales. Sin embargo, las complicaciones graves son relativamente raras. Es importante que las personas que est\u00e9n pensando en someterse a una cirug\u00eda de bypass g\u00e1strico se sometan a una evaluaci\u00f3n y consulta exhaustivas con un profesional sanitario cualificado que pueda evaluar sus riesgos individuales y ofrecerles la orientaci\u00f3n adecuada.<\/p>\n\n<\/div>\n<\/div>\n<div id=\"faq-question-1684916557749\" class=\"rank-math-list-item\">\n<h3 class=\"rank-math-question \">\u00bfPuede revertirse el bypass g\u00e1strico?<\/h3>\n<div class=\"rank-math-answer \">\n\n<p>La cirug\u00eda de bypass g\u00e1strico suele considerarse permanente y dif\u00edcilmente reversible. La intervenci\u00f3n implica cambios permanentes en la anatom\u00eda del aparato digestivo, como la creaci\u00f3n de una bolsa estomacal m\u00e1s peque\u00f1a y el desv\u00edo de los intestinos. La reversi\u00f3n de estos cambios es compleja y conlleva sus propios riesgos y complicaciones.<br \/>En algunos casos, puede plantearse la reversi\u00f3n del bypass g\u00e1strico, lo que se conoce como cirug\u00eda de reversi\u00f3n o revisi\u00f3n. Sin embargo, suele reservarse para razones m\u00e9dicas espec\u00edficas, como complicaciones graves o efectos secundarios intolerables. La cirug\u00eda de reversi\u00f3n es un procedimiento complejo que requiere una evaluaci\u00f3n cuidadosa, ya que puede no ser adecuada o aconsejable para todas las personas.<\/p>\n\n<\/div>\n<\/div>\n<\/div>\n<\/div>\n<h3 class=\"wp-block-heading\">P\u00f3ngase <a href=\"#requestform\">en contacto con nosotros<\/a> si tiene alguna pregunta.<\/h3>\n","protected":false},"excerpt":{"rendered":"<p>Todo lo que debe saber sobre el bypass g\u00e1strico El bypass g\u00e1strico es un tratamiento para perder peso. Durante la [&hellip;]<\/p>\n","protected":false},"author":4,"featured_media":91553,"parent":0,"menu_order":0,"comment_status":"closed","ping_status":"closed","template":"","meta":{"site-sidebar-layout":"default","site-content-layout":"","ast-site-content-layout":"default","site-content-style":"default","site-sidebar-style":"default","ast-global-header-display":"","ast-banner-title-visibility":"","ast-main-header-display":"","ast-hfb-above-header-display":"","ast-hfb-below-header-display":"","ast-hfb-mobile-header-display":"","site-post-title":"","ast-breadcrumbs-content":"","ast-featured-img":"","footer-sml-layout":"","ast-disable-related-posts":"","theme-transparent-header-meta":"","adv-header-id-meta":"","stick-header-meta":"","header-above-stick-meta":"","header-main-stick-meta":"","header-below-stick-meta":"","astra-migrate-meta-layouts":"default","ast-page-background-enabled":"default","ast-page-background-meta":{"desktop":{"background-color":"var(--ast-global-color-4)","background-image":"","background-repeat":"repeat","background-position":"center center","background-size":"auto","background-attachment":"scroll","background-type":"","background-media":"","overlay-type":"","overlay-color":"","overlay-opacity":"","overlay-gradient":""},"tablet":{"background-color":"","background-image":"","background-repeat":"repeat","background-position":"center center","background-size":"auto","background-attachment":"scroll","background-type":"","background-media":"","overlay-type":"","overlay-color":"","overlay-opacity":"","overlay-gradient":""},"mobile":{"background-color":"","background-image":"","background-repeat":"repeat","background-position":"center center","background-size":"auto","background-attachment":"scroll","background-type":"","background-media":"","overlay-type":"","overlay-color":"","overlay-opacity":"","overlay-gradient":""}},"ast-content-background-meta":{"desktop":{"background-color":"var(--ast-global-color-5)","background-image":"","background-repeat":"repeat","background-position":"center center","background-size":"auto","background-attachment":"scroll","background-type":"","background-media":"","overlay-type":"","overlay-color":"","overlay-opacity":"","overlay-gradient":""},"tablet":{"background-color":"var(--ast-global-color-5)","background-image":"","background-repeat":"repeat","background-position":"center center","background-size":"auto","background-attachment":"scroll","background-type":"","background-media":"","overlay-type":"","overlay-color":"","overlay-opacity":"","overlay-gradient":""},"mobile":{"background-color":"var(--ast-global-color-5)","background-image":"","background-repeat":"repeat","background-position":"center center","background-size":"auto","background-attachment":"scroll","background-type":"","background-media":"","overlay-type":"","overlay-color":"","overlay-opacity":"","overlay-gradient":""}},"footnotes":""},"class_list":["post-146501","page","type-page","status-publish","has-post-thumbnail","hentry"],"_links":{"self":[{"href":"https:\/\/medclinics.com\/es\/wp-json\/wp\/v2\/pages\/146501","targetHints":{"allow":["GET"]}}],"collection":[{"href":"https:\/\/medclinics.com\/es\/wp-json\/wp\/v2\/pages"}],"about":[{"href":"https:\/\/medclinics.com\/es\/wp-json\/wp\/v2\/types\/page"}],"author":[{"embeddable":true,"href":"https:\/\/medclinics.com\/es\/wp-json\/wp\/v2\/users\/4"}],"replies":[{"embeddable":true,"href":"https:\/\/medclinics.com\/es\/wp-json\/wp\/v2\/comments?post=146501"}],"version-history":[{"count":0,"href":"https:\/\/medclinics.com\/es\/wp-json\/wp\/v2\/pages\/146501\/revisions"}],"wp:featuredmedia":[{"embeddable":true,"href":"https:\/\/medclinics.com\/es\/wp-json\/wp\/v2\/media\/91553"}],"wp:attachment":[{"href":"https:\/\/medclinics.com\/es\/wp-json\/wp\/v2\/media?parent=146501"}],"curies":[{"name":"wp","href":"https:\/\/api.w.org\/{rel}","templated":true}]}}