{"id":146491,"date":"2023-05-24T08:14:56","date_gmt":"2023-05-24T05:14:56","guid":{"rendered":"https:\/\/medclinics.com\/cirugia-gastrica-laparoscopica\/"},"modified":"2025-01-25T14:30:47","modified_gmt":"2025-01-25T11:30:47","slug":"cirugia-gastrica-laparoscopica","status":"publish","type":"page","link":"https:\/\/medclinics.com\/es\/cirugia-gastrica-laparoscopica\/","title":{"rendered":"Cirug\u00eda g\u00e1strica laparosc\u00f3pica"},"content":{"rendered":"\n<h2 class=\"wp-block-heading\">Si desea conseguir un aspecto en forma, la cirug\u00eda g\u00e1strica laparosc\u00f3pica puede ser la soluci\u00f3n perfecta.<\/h2>\n\n<p>La aplicaci\u00f3n <a href=\"https:\/\/en.wikipedia.org\/wiki\/Laparoscopy\" target=\"_blank\" rel=\"noreferrer noopener nofollow\">laparosc\u00f3pica<\/a> del est\u00f3mago es una reducci\u00f3n artificial del volumen de este \u00f3rgano mediante la sutura de su pared en sentido transversal con suturas quir\u00fargicas no reabsorbibles (sutura multifilar) o mediante la fijaci\u00f3n con peque\u00f1as grapas especiales. Como resultado, se forma un tubo g\u00e1strico de menor di\u00e1metro y, en consecuencia, desaparece la posibilidad de absorber una gran cantidad de alimentos.<\/p>\n\n<p>La operaci\u00f3n de cirug\u00eda g\u00e1strica laparosc\u00f3pica tambi\u00e9n limita la capacidad de expansi\u00f3n de la pared del est\u00f3mago y probablemente reduce la producci\u00f3n de hormonas gastrointestinales espec\u00edficas responsables de la sensaci\u00f3n de hambre.<\/p>\n\n<ul class=\"wp-block-list\">\n<li>Tiempo de funcionamiento: 1-1,5 horas<\/li>\n\n\n\n<li>Estancia hospitalaria: 2-4 d\u00edas<\/li>\n\n\n\n<li>P\u00e9rdida del exceso de peso: 40-70%.<\/li>\n\n\n\n<li>Para las personas con un IMC superior a 30<\/li>\n\n\n\n<li>Posibles riesgos: N\u00e1useas y\/o v\u00f3mitos, Separaci\u00f3n de puntos o fugas que requieran cirug\u00eda adicional, Hemorragia, Infecci\u00f3n, Otros riesgos est\u00e1ndar asociados a la cirug\u00eda y a la anestesia general.<\/li>\n<\/ul>\n\n<h3 class=\"wp-block-heading\">Todo lo que necesita saber sobre el <a href=\"https:\/\/medclinics.com\/es\/obesity-treatment\/\" target=\"_blank\" rel=\"noreferrer noopener\">tratamiento de la obesidad<\/a>, incluido el precio y mucho m\u00e1s, \u00a1p\u00f3ngase <a href=\"#requestform\">en contacto con nosotros<\/a> ahora!<\/h3>\n\n<figure class=\"wp-block-image size-full\"><img fetchpriority=\"high\" decoding=\"async\" width=\"960\" height=\"540\" src=\"https:\/\/medclinics.com\/wp-content\/uploads\/2023\/07\/gastric-laparoscopic-surgery-near-me.jpg\" alt=\"Cirug&#xED;a g&#xE1;strica laparosc&#xF3;pica cerca de m&#xED; Estambul Turqu&#xED;a\" class=\"wp-image-97834\" srcset=\"https:\/\/medclinics.com\/wp-content\/uploads\/2023\/07\/gastric-laparoscopic-surgery-near-me.jpg 960w, https:\/\/medclinics.com\/wp-content\/uploads\/2023\/07\/gastric-laparoscopic-surgery-near-me-500x281.jpg 500w, https:\/\/medclinics.com\/wp-content\/uploads\/2023\/07\/gastric-laparoscopic-surgery-near-me-768x432.jpg 768w, https:\/\/medclinics.com\/wp-content\/uploads\/2023\/07\/gastric-laparoscopic-surgery-near-me-24x14.jpg 24w, https:\/\/medclinics.com\/wp-content\/uploads\/2023\/07\/gastric-laparoscopic-surgery-near-me-36x20.jpg 36w, https:\/\/medclinics.com\/wp-content\/uploads\/2023\/07\/gastric-laparoscopic-surgery-near-me-48x27.jpg 48w\" sizes=\"(max-width: 960px) 100vw, 960px\" \/><\/figure>\n\n<h2 class=\"wp-block-heading\">PREGUNTAS FRECUENTES<\/h2>\n<div id=\"rank-math-faq\" class=\"rank-math-block\">\n<div class=\"rank-math-list \">\n<div id=\"faq-question-1684915357055\" class=\"rank-math-list-item\">\n<h3 class=\"rank-math-question \">\u00bfCu\u00e1les son las aplicaciones de la cirug\u00eda laparosc\u00f3pica?<\/h3>\n<div class=\"rank-math-answer \">\n\n<p>La cirug\u00eda laparosc\u00f3pica, tambi\u00e9n conocida como cirug\u00eda m\u00ednimamente invasiva, tiene una amplia gama de aplicaciones en diferentes especialidades m\u00e9dicas. Se utiliza ampliamente en procedimientos como la cirug\u00eda de la ves\u00edcula biliar, la reparaci\u00f3n de hernias, la apendicectom\u00eda, la cirug\u00eda bari\u00e1trica para la p\u00e9rdida de peso, las cirug\u00edas ginecol\u00f3gicas, las cirug\u00edas colorrectales, las cirug\u00edas de \u00f3rganos s\u00f3lidos y los procedimientos de diagn\u00f3stico. En la cirug\u00eda de la ves\u00edcula biliar, la laparoscopia permite extirpar la ves\u00edcula en casos de c\u00e1lculos biliares u otras afecciones. La reparaci\u00f3n de hernias puede realizarse mediante t\u00e9cnicas laparosc\u00f3picas para distintos tipos de hernias. La apendicectom\u00eda laparosc\u00f3pica es un m\u00e9todo m\u00ednimamente invasivo para extirpar el ap\u00e9ndice. Las cirug\u00edas bari\u00e1tricas, incluidos el bypass g\u00e1strico y la gastrectom\u00eda en manga, utilizan t\u00e9cnicas laparosc\u00f3picas para perder peso. Procedimientos ginecol\u00f3gicos como la histerectom\u00eda, la extirpaci\u00f3n de quistes ov\u00e1ricos y el tratamiento de la endometriosis se benefician de los enfoques laparosc\u00f3picos. La laparoscopia tambi\u00e9n se aplica en cirug\u00edas colorrectales, cirug\u00edas de \u00f3rganos s\u00f3lidos como la resecci\u00f3n hep\u00e1tica y la esplenectom\u00eda, y procedimientos diagn\u00f3sticos para evaluaciones abdominales y p\u00e9lvicas. La cirug\u00eda laparosc\u00f3pica ofrece a los pacientes las ventajas de unas incisiones m\u00e1s peque\u00f1as, menos dolor, una estancia hospitalaria m\u00e1s corta y una recuperaci\u00f3n m\u00e1s r\u00e1pida en comparaci\u00f3n con la cirug\u00eda abierta tradicional. La aplicaci\u00f3n espec\u00edfica de la cirug\u00eda laparosc\u00f3pica depende del estado del paciente, de la experiencia del cirujano y de consideraciones individuales.<\/p>\n\n<\/div>\n<\/div>\n<div id=\"faq-question-1684915477961\" class=\"rank-math-list-item\">\n<h3 class=\"rank-math-question \">\u00bfQu\u00e9 es la cirug\u00eda g\u00e1strica laparosc\u00f3pica?<\/h3>\n<div class=\"rank-math-answer \">\n\n<p>La cirug\u00eda g\u00e1strica laparosc\u00f3pica, tambi\u00e9n conocida como cirug\u00eda g\u00e1strica laparosc\u00f3pica, es un m\u00e9todo m\u00ednimamente invasivo para los procedimientos quir\u00fargicos que afectan al est\u00f3mago. Utiliza peque\u00f1as incisiones en el abdomen a trav\u00e9s de las cuales se introducen instrumentos especializados y un laparoscopio. El laparoscopio, equipado con una c\u00e1mara, proporciona orientaci\u00f3n visual al cirujano transmitiendo im\u00e1genes en tiempo real a un monitor. Diversas afecciones g\u00e1stricas pueden tratarse mediante t\u00e9cnicas laparosc\u00f3picas, como el bypass g\u00e1strico, la gastrectom\u00eda en manga, la banda g\u00e1strica y la resecci\u00f3n g\u00e1strica. La cirug\u00eda g\u00e1strica laparosc\u00f3pica ofrece varias ventajas, como incisiones m\u00e1s peque\u00f1as, menos cicatrices, menos dolor postoperatorio, estancias hospitalarias m\u00e1s cortas y una recuperaci\u00f3n m\u00e1s r\u00e1pida en comparaci\u00f3n con la cirug\u00eda abierta tradicional.<\/p>\n\n<\/div>\n<\/div>\n<div id=\"faq-question-1684915458245\" class=\"rank-math-list-item\">\n<h3 class=\"rank-math-question \">\u00bfC\u00f3mo se hace una laparoscopia de est\u00f3mago?<\/h3>\n<div class=\"rank-math-answer \">\n\n<p>La cirug\u00eda g\u00e1strica laparosc\u00f3pica, realizada bajo anestesia general, consiste en realizar varias incisiones peque\u00f1as en el abdomen. A trav\u00e9s de estas incisiones se introducen tr\u00f3cares, o tubos largos, que permiten el acceso de instrumentos quir\u00fargicos y un laparoscopio. A continuaci\u00f3n, se introduce gas carb\u00f3nico en el abdomen para crear un espacio de trabajo. El laparoscopio, equipado con una c\u00e1mara y una fuente de luz, proporciona orientaci\u00f3n visual al cirujano en un monitor. Mediante instrumentos especializados, el cirujano manipula el est\u00f3mago en funci\u00f3n del procedimiento espec\u00edfico que se vaya a realizar, como la banda g\u00e1strica, la gastrectom\u00eda en manga o el bypass g\u00e1strico. Una vez completados los pasos quir\u00fargicos, se retiran los instrumentos y los tr\u00f3cares, y se cierran las incisiones. Los pacientes son controlados en una zona de recuperaci\u00f3n antes de ser trasladados a una habitaci\u00f3n de hospital o dados de alta. Los detalles exactos del procedimiento de cirug\u00eda laparosc\u00f3pica g\u00e1strica pueden variar en funci\u00f3n de la cirug\u00eda espec\u00edfica y del enfoque del cirujano, siendo importantes las evaluaciones y consultas individuales para determinar el plan quir\u00fargico m\u00e1s adecuado.<\/p>\n\n<\/div>\n<\/div>\n<\/div>\n<\/div>\n<p>\u00a0<\/p>\n\n<h3 class=\"wp-block-heading\">P\u00f3ngase en contacto con nosotros si tiene alguna pregunta.<\/h3>\n","protected":false},"excerpt":{"rendered":"<p>Si desea conseguir un aspecto en forma, la cirug\u00eda g\u00e1strica laparosc\u00f3pica puede ser la soluci\u00f3n perfecta. La aplicaci\u00f3n laparosc\u00f3pica del [&hellip;]<\/p>\n","protected":false},"author":4,"featured_media":91567,"parent":0,"menu_order":0,"comment_status":"closed","ping_status":"closed","template":"","meta":{"site-sidebar-layout":"default","site-content-layout":"","ast-site-content-layout":"default","site-content-style":"default","site-sidebar-style":"default","ast-global-header-display":"","ast-banner-title-visibility":"","ast-main-header-display":"","ast-hfb-above-header-display":"","ast-hfb-below-header-display":"","ast-hfb-mobile-header-display":"","site-post-title":"","ast-breadcrumbs-content":"","ast-featured-img":"","footer-sml-layout":"","ast-disable-related-posts":"","theme-transparent-header-meta":"","adv-header-id-meta":"","stick-header-meta":"","header-above-stick-meta":"","header-main-stick-meta":"","header-below-stick-meta":"","astra-migrate-meta-layouts":"default","ast-page-background-enabled":"default","ast-page-background-meta":{"desktop":{"background-color":"var(--ast-global-color-4)","background-image":"","background-repeat":"repeat","background-position":"center center","background-size":"auto","background-attachment":"scroll","background-type":"","background-media":"","overlay-type":"","overlay-color":"","overlay-opacity":"","overlay-gradient":""},"tablet":{"background-color":"","background-image":"","background-repeat":"repeat","background-position":"center center","background-size":"auto","background-attachment":"scroll","background-type":"","background-media":"","overlay-type":"","overlay-color":"","overlay-opacity":"","overlay-gradient":""},"mobile":{"background-color":"","background-image":"","background-repeat":"repeat","background-position":"center center","background-size":"auto","background-attachment":"scroll","background-type":"","background-media":"","overlay-type":"","overlay-color":"","overlay-opacity":"","overlay-gradient":""}},"ast-content-background-meta":{"desktop":{"background-color":"var(--ast-global-color-5)","background-image":"","background-repeat":"repeat","background-position":"center center","background-size":"auto","background-attachment":"scroll","background-type":"","background-media":"","overlay-type":"","overlay-color":"","overlay-opacity":"","overlay-gradient":""},"tablet":{"background-color":"var(--ast-global-color-5)","background-image":"","background-repeat":"repeat","background-position":"center center","background-size":"auto","background-attachment":"scroll","background-type":"","background-media":"","overlay-type":"","overlay-color":"","overlay-opacity":"","overlay-gradient":""},"mobile":{"background-color":"var(--ast-global-color-5)","background-image":"","background-repeat":"repeat","background-position":"center center","background-size":"auto","background-attachment":"scroll","background-type":"","background-media":"","overlay-type":"","overlay-color":"","overlay-opacity":"","overlay-gradient":""}},"footnotes":""},"class_list":["post-146491","page","type-page","status-publish","has-post-thumbnail","hentry"],"_links":{"self":[{"href":"https:\/\/medclinics.com\/es\/wp-json\/wp\/v2\/pages\/146491","targetHints":{"allow":["GET"]}}],"collection":[{"href":"https:\/\/medclinics.com\/es\/wp-json\/wp\/v2\/pages"}],"about":[{"href":"https:\/\/medclinics.com\/es\/wp-json\/wp\/v2\/types\/page"}],"author":[{"embeddable":true,"href":"https:\/\/medclinics.com\/es\/wp-json\/wp\/v2\/users\/4"}],"replies":[{"embeddable":true,"href":"https:\/\/medclinics.com\/es\/wp-json\/wp\/v2\/comments?post=146491"}],"version-history":[{"count":0,"href":"https:\/\/medclinics.com\/es\/wp-json\/wp\/v2\/pages\/146491\/revisions"}],"wp:featuredmedia":[{"embeddable":true,"href":"https:\/\/medclinics.com\/es\/wp-json\/wp\/v2\/media\/91567"}],"wp:attachment":[{"href":"https:\/\/medclinics.com\/es\/wp-json\/wp\/v2\/media?parent=146491"}],"curies":[{"name":"wp","href":"https:\/\/api.w.org\/{rel}","templated":true}]}}