{"id":146477,"date":"2023-05-24T07:57:51","date_gmt":"2023-05-24T04:57:51","guid":{"rendered":"https:\/\/medclinics.com\/balon-gastrico-tragable-elipse\/"},"modified":"2025-01-02T14:50:01","modified_gmt":"2025-01-02T11:50:01","slug":"balon-gastrico-tragable-elipse","status":"publish","type":"page","link":"https:\/\/medclinics.com\/es\/balon-gastrico-tragable-elipse\/","title":{"rendered":"Bal\u00f3n G\u00e1strico Tragable Elipse"},"content":{"rendered":"\n<h2 class=\"wp-block-heading\">Si desea conseguir su aspecto favorito, el Bal\u00f3n G\u00e1strico Tragable Elipse es una excelente soluci\u00f3n.<\/h2>\n\n<p><a href=\"https:\/\/en.wikipedia.org\/wiki\/Gastric_balloon\" target=\"_blank\" rel=\"noreferrer noopener nofollow\">El bal\u00f3n g\u00e1strico deglutible elipse<\/a> es un tipo de bal\u00f3n intrag\u00e1strico para adelgazar que no requiere endoscopia ni medicaci\u00f3n para su inserci\u00f3n. Se trata de una c\u00e1psula del tama\u00f1o de una c\u00e1psula de suplemento diet\u00e9tico normal que se ingiere con una peque\u00f1a cantidad de agua y luego se rellena con una soluci\u00f3n salina especial a trav\u00e9s de una fina c\u00e1nula unida a la c\u00e1psula.<\/p>\n\n<p>A diferencia de los balones g\u00e1stricos convencionales, no es necesario extraerlo del est\u00f3mago por v\u00eda endosc\u00f3pica una vez que ha cumplido su funci\u00f3n. Al cabo de 4-6 meses, el globo se vac\u00eda y abandona el cuerpo de forma natural.<\/p>\n\n<ul class=\"wp-block-list\">\n<li>Tiempo de funcionamiento: 15-30 minutos<\/li>\n\n\n\n<li>Estancia en el hospital: un par de horas<\/li>\n\n\n\n<li>P\u00e9rdida del exceso de peso: 40%.<\/li>\n\n\n\n<li>Para las personas con un IMC comprendido entre 30 y 40<\/li>\n\n\n\n<li>Posibles riesgos: Dolor de garganta, Reflujo, Dolor abdominal, Calambres abdominales, N\u00e1useas y v\u00f3mitos, Mal aliento, Algunos de los efectos secundarios m\u00e1s raros incluyen hemorragias, infecci\u00f3n tor\u00e1cica y complicaciones respiratorias.<\/li>\n<\/ul>\n\n<h2 class=\"wp-block-heading\">Todo lo que necesita saber sobre <a href=\"https:\/\/medclinics.com\/es\/obesity-treatment\/\" target=\"_blank\" rel=\"noreferrer noopener\">el tratamiento de la obesidad<\/a> est\u00e1 aqu\u00ed, <a href=\"#requestform\">\u00a1cont\u00e1ctenos<\/a> ahora!<\/h2>\n\n<figure class=\"wp-block-image size-full\"><img fetchpriority=\"high\" decoding=\"async\" width=\"960\" height=\"540\" src=\"https:\/\/medclinics.com\/wp-content\/uploads\/2023\/07\/elipse-swallowable-gastric-balloon-near-me.jpg\" alt=\"Bal&#xF3;n G&#xE1;strico Tragable Elipse Cerca de M&#xED; Estambul Turqu&#xED;a\" class=\"wp-image-97842\" srcset=\"https:\/\/medclinics.com\/wp-content\/uploads\/2023\/07\/elipse-swallowable-gastric-balloon-near-me.jpg 960w, https:\/\/medclinics.com\/wp-content\/uploads\/2023\/07\/elipse-swallowable-gastric-balloon-near-me-500x281.jpg 500w, https:\/\/medclinics.com\/wp-content\/uploads\/2023\/07\/elipse-swallowable-gastric-balloon-near-me-768x432.jpg 768w, https:\/\/medclinics.com\/wp-content\/uploads\/2023\/07\/elipse-swallowable-gastric-balloon-near-me-24x14.jpg 24w, https:\/\/medclinics.com\/wp-content\/uploads\/2023\/07\/elipse-swallowable-gastric-balloon-near-me-36x20.jpg 36w, https:\/\/medclinics.com\/wp-content\/uploads\/2023\/07\/elipse-swallowable-gastric-balloon-near-me-48x27.jpg 48w\" sizes=\"(max-width: 960px) 100vw, 960px\" \/><\/figure>\n\n<h2 class=\"wp-block-heading\">PREGUNTAS FRECUENTES<\/h2>\n<div id=\"rank-math-faq\" class=\"rank-math-block\">\n<div class=\"rank-math-list \">\n<div id=\"faq-question-1684914609944\" class=\"rank-math-list-item\">\n<h3 class=\"rank-math-question \">\u00bfQu\u00e9 es el bal\u00f3n g\u00e1strico?<\/h3>\n<div class=\"rank-math-answer \">\n\n<p>El bal\u00f3n g\u00e1strico es un procedimiento temporal y no quir\u00fargico para perder peso en el que se coloca un bal\u00f3n de silicona desinflado en el est\u00f3mago. Se rellena con una soluci\u00f3n salina para crear una sensaci\u00f3n de saciedad y limitar la ingesta de alimentos. El bal\u00f3n permanece en el est\u00f3mago unos seis meses antes de ser retirado. Ayuda a controlar las porciones y puede impulsar la p\u00e9rdida de peso, pero debe combinarse con cambios en el estilo de vida. Aunque en general es seguro, existen riesgos potenciales como n\u00e1useas, molestias abdominales y complicaciones poco frecuentes.<\/p>\n\n<\/div>\n<\/div>\n<div id=\"faq-question-1684914356701\" class=\"rank-math-list-item\">\n<h3 class=\"rank-math-question \">\u00bfEl bal\u00f3n g\u00e1strico es seguro?<\/h3>\n<div class=\"rank-math-answer \">\n\n<p>En general, los procedimientos con bal\u00f3n g\u00e1strico se consideran seguros, pero es importante conocer los posibles riesgos y complicaciones. Al ser un enfoque no quir\u00fargico y m\u00ednimamente invasivo, conllevan menos riesgos en comparaci\u00f3n con las intervenciones quir\u00fargicas tradicionales. Sin embargo, siguen existiendo posibles riesgos, como n\u00e1useas, v\u00f3mitos, molestias abdominales, \u00falceras de est\u00f3mago, desinflado o rotura del globo, y casos raros de obstrucci\u00f3n o perforaci\u00f3n. Elegir un profesional sanitario cualificado y especializado en procedimientos bari\u00e1tricos es crucial para garantizar la seguridad.<\/p>\n\n<\/div>\n<\/div>\n<div id=\"faq-question-1684914339229\" class=\"rank-math-list-item\">\n<h3 class=\"rank-math-question \">Bal\u00f3n g\u00e1strico \u00bfmerece la pena?<\/h3>\n<div class=\"rank-math-answer \">\n\n<p>El valor del procedimiento del bal\u00f3n g\u00e1strico depende de factores y objetivos individuales. Para las personas que tienen una cantidad significativa de peso que perder y han hecho intentos fallidos con otros m\u00e9todos de p\u00e9rdida de peso, puede valer la pena considerar. Ofrece un enfoque no quir\u00fargico con menos riesgos y menor tiempo de recuperaci\u00f3n en comparaci\u00f3n con los procedimientos quir\u00fargicos. Sin embargo, su eficacia depende de un compromiso con los cambios de estilo de vida a largo plazo, ya que sirve como herramienta para ayudar en los esfuerzos de p\u00e9rdida de peso. Es importante recordar que el bal\u00f3n es temporal y debe retirarse al cabo de cierto tiempo, normalmente unos seis meses. El compromiso con los cambios en el estilo de vida, los beneficios potenciales y la consideraci\u00f3n de los costes asociados son esenciales para determinar el valor de este tratamiento.<\/p>\n\n<\/div>\n<\/div>\n<div id=\"faq-question-1684914702520\" class=\"rank-math-list-item\">\n<h3 class=\"rank-math-question \">\u00bfEs eficaz el bal\u00f3n intrag\u00e1strico?<\/h3>\n<div class=\"rank-math-answer \">\n\n<p>S\u00ed, los balones g\u00e1stricos pueden ser eficaces para perder peso. Proporcionan una herramienta temporal que puede ayudar a las personas a poner en marcha su viaje de p\u00e9rdida de peso. Al crear una sensaci\u00f3n de saciedad y fomentar el control de las porciones, los balones g\u00e1stricos pueden ayudar a reducir la ingesta de calor\u00edas y lograr una p\u00e9rdida de peso significativa durante el tiempo que permanecen colocados.<\/p>\n\n<\/div>\n<\/div>\n<\/div>\n<\/div>\n<p>\u00a0<\/p>\n\n<h3 class=\"wp-block-heading\">P\u00f3ngase en contacto con nosotros si tiene alguna pregunta.<\/h3>\n","protected":false},"excerpt":{"rendered":"<p>Si desea conseguir su aspecto favorito, el Bal\u00f3n G\u00e1strico Tragable Elipse es una excelente soluci\u00f3n. El bal\u00f3n g\u00e1strico deglutible elipse [&hellip;]<\/p>\n","protected":false},"author":4,"featured_media":91775,"parent":0,"menu_order":0,"comment_status":"closed","ping_status":"closed","template":"","meta":{"site-sidebar-layout":"default","site-content-layout":"","ast-site-content-layout":"default","site-content-style":"default","site-sidebar-style":"default","ast-global-header-display":"","ast-banner-title-visibility":"","ast-main-header-display":"","ast-hfb-above-header-display":"","ast-hfb-below-header-display":"","ast-hfb-mobile-header-display":"","site-post-title":"","ast-breadcrumbs-content":"","ast-featured-img":"","footer-sml-layout":"","ast-disable-related-posts":"","theme-transparent-header-meta":"","adv-header-id-meta":"","stick-header-meta":"","header-above-stick-meta":"","header-main-stick-meta":"","header-below-stick-meta":"","astra-migrate-meta-layouts":"default","ast-page-background-enabled":"default","ast-page-background-meta":{"desktop":{"background-color":"var(--ast-global-color-4)","background-image":"","background-repeat":"repeat","background-position":"center center","background-size":"auto","background-attachment":"scroll","background-type":"","background-media":"","overlay-type":"","overlay-color":"","overlay-opacity":"","overlay-gradient":""},"tablet":{"background-color":"","background-image":"","background-repeat":"repeat","background-position":"center center","background-size":"auto","background-attachment":"scroll","background-type":"","background-media":"","overlay-type":"","overlay-color":"","overlay-opacity":"","overlay-gradient":""},"mobile":{"background-color":"","background-image":"","background-repeat":"repeat","background-position":"center center","background-size":"auto","background-attachment":"scroll","background-type":"","background-media":"","overlay-type":"","overlay-color":"","overlay-opacity":"","overlay-gradient":""}},"ast-content-background-meta":{"desktop":{"background-color":"var(--ast-global-color-5)","background-image":"","background-repeat":"repeat","background-position":"center center","background-size":"auto","background-attachment":"scroll","background-type":"","background-media":"","overlay-type":"","overlay-color":"","overlay-opacity":"","overlay-gradient":""},"tablet":{"background-color":"var(--ast-global-color-5)","background-image":"","background-repeat":"repeat","background-position":"center center","background-size":"auto","background-attachment":"scroll","background-type":"","background-media":"","overlay-type":"","overlay-color":"","overlay-opacity":"","overlay-gradient":""},"mobile":{"background-color":"var(--ast-global-color-5)","background-image":"","background-repeat":"repeat","background-position":"center center","background-size":"auto","background-attachment":"scroll","background-type":"","background-media":"","overlay-type":"","overlay-color":"","overlay-opacity":"","overlay-gradient":""}},"footnotes":""},"class_list":["post-146477","page","type-page","status-publish","has-post-thumbnail","hentry"],"_links":{"self":[{"href":"https:\/\/medclinics.com\/es\/wp-json\/wp\/v2\/pages\/146477","targetHints":{"allow":["GET"]}}],"collection":[{"href":"https:\/\/medclinics.com\/es\/wp-json\/wp\/v2\/pages"}],"about":[{"href":"https:\/\/medclinics.com\/es\/wp-json\/wp\/v2\/types\/page"}],"author":[{"embeddable":true,"href":"https:\/\/medclinics.com\/es\/wp-json\/wp\/v2\/users\/4"}],"replies":[{"embeddable":true,"href":"https:\/\/medclinics.com\/es\/wp-json\/wp\/v2\/comments?post=146477"}],"version-history":[{"count":0,"href":"https:\/\/medclinics.com\/es\/wp-json\/wp\/v2\/pages\/146477\/revisions"}],"wp:featuredmedia":[{"embeddable":true,"href":"https:\/\/medclinics.com\/es\/wp-json\/wp\/v2\/media\/91775"}],"wp:attachment":[{"href":"https:\/\/medclinics.com\/es\/wp-json\/wp\/v2\/media?parent=146477"}],"curies":[{"name":"wp","href":"https:\/\/api.w.org\/{rel}","templated":true}]}}