{"id":146463,"date":"2023-06-24T07:35:55","date_gmt":"2023-06-24T04:35:55","guid":{"rendered":"https:\/\/medclinics.com\/banda-gastrica-ajustable-laparoscopica\/"},"modified":"2025-01-25T14:30:17","modified_gmt":"2025-01-25T11:30:17","slug":"banda-gastrica-ajustable-laparoscopica","status":"publish","type":"page","link":"https:\/\/medclinics.com\/es\/banda-gastrica-ajustable-laparoscopica\/","title":{"rendered":"Banda g\u00e1strica ajustable laparosc\u00f3pica"},"content":{"rendered":"\n<h2 class=\"wp-block-heading\">Si usted est\u00e1 buscando una manera de obtener su apariencia ideal, la Banda G\u00e1strica Laparosc\u00f3pica Ajustable puede ser maravillosa.<\/h2>\n\n<p>La <a href=\"https:\/\/en.wikipedia.org\/wiki\/Adjustable_gastric_band\" target=\"_blank\" rel=\"noreferrer noopener nofollow\">banda g\u00e1strica ajustable laparosc\u00f3pica<\/a> es una operaci\u00f3n m\u00ednimamente invasiva que se realiza por v\u00eda laparosc\u00f3pica. Consiste en un cambio reversible de la forma del est\u00f3mago. El resultado es una importante reducci\u00f3n de peso. En la operaci\u00f3n de banda g\u00e1strica, se coloca un anillo de silicona (vendaje) en la parte superior del est\u00f3mago.<\/p>\n\n<p>Como resultado, el est\u00f3mago toma forma de reloj de arena. El volumen de la parte superior es de s\u00f3lo 15-25 ml, y el tama\u00f1o de la anastomosis entre las dos partes del est\u00f3mago es de aproximadamente 1 cm. Esta cirug\u00eda reduce en gran medida el volumen de comida \u00fanica del paciente. Por lo tanto, ayuda a la p\u00e9rdida de peso significativa. Es menos probable que sientas hambre porque los receptores de saciedad est\u00e1n situados en la parte superior del est\u00f3mago.<\/p>\n\n<ul class=\"wp-block-list\">\n<li>Tiempo de funcionamiento: 1 hora<\/li>\n\n\n\n<li>Estancia hospitalaria: 2-4 d\u00edas<\/li>\n\n\n\n<li>P\u00e9rdida de peso: 40-50%<\/li>\n\n\n\n<li>Para las personas con un IMC superior a 40<\/li>\n\n\n\n<li>Posibles riesgos: Hemorragia interna, Reacciones adversas a la anestesia general, Trombosis venosa profunda, Banda que se sale de su sitio, Fugas<\/li>\n<\/ul>\n\n<h3 class=\"wp-block-heading\">Todo lo que necesita saber sobre el <a href=\"https:\/\/medclinics.com\/es\/obesity-treatment\/\" target=\"_blank\" rel=\"noreferrer noopener\">tratamiento de la obesidad<\/a>, incluido el precio, los cuidados postoperatorios y el proceso de curaci\u00f3n, o p\u00f3ngase <a href=\"#requestform\">en contacto con nosotros<\/a>.<\/h3>\n\n<figure class=\"wp-block-image size-full\"><img fetchpriority=\"high\" decoding=\"async\" width=\"960\" height=\"540\" src=\"https:\/\/medclinics.com\/wp-content\/uploads\/2023\/07\/laparoscopic-adjustable-gastric-banding-near-me.jpg\" alt=\"Banda g&#xE1;strica ajustable laparosc&#xF3;pica cerca de m&#xED;\" class=\"wp-image-97850\" srcset=\"https:\/\/medclinics.com\/wp-content\/uploads\/2023\/07\/laparoscopic-adjustable-gastric-banding-near-me.jpg 960w, https:\/\/medclinics.com\/wp-content\/uploads\/2023\/07\/laparoscopic-adjustable-gastric-banding-near-me-500x281.jpg 500w, https:\/\/medclinics.com\/wp-content\/uploads\/2023\/07\/laparoscopic-adjustable-gastric-banding-near-me-768x432.jpg 768w, https:\/\/medclinics.com\/wp-content\/uploads\/2023\/07\/laparoscopic-adjustable-gastric-banding-near-me-24x14.jpg 24w, https:\/\/medclinics.com\/wp-content\/uploads\/2023\/07\/laparoscopic-adjustable-gastric-banding-near-me-36x20.jpg 36w, https:\/\/medclinics.com\/wp-content\/uploads\/2023\/07\/laparoscopic-adjustable-gastric-banding-near-me-48x27.jpg 48w\" sizes=\"(max-width: 960px) 100vw, 960px\" \/><\/figure>\n\n<h2 class=\"wp-block-heading\">PREGUNTAS FRECUENTES<\/h2>\n<div id=\"rank-math-faq\" class=\"rank-math-block\">\n<div class=\"rank-math-list \">\n<div id=\"faq-question-1684912956995\" class=\"rank-math-list-item\">\n<h3 class=\"rank-math-question \">\u00bfQu\u00e9 es la banda g\u00e1strica ajustable por laparoscopia?<\/h3>\n<div class=\"rank-math-answer \">\n\n<p>La banda g\u00e1strica ajustable laparosc\u00f3pica es una cirug\u00eda de p\u00e9rdida de peso en la que se coloca una banda de silicona sobre la parte superior del est\u00f3mago, creando una peque\u00f1a bolsa. La banda es ajustable y favorece la p\u00e9rdida de peso al restringir la ingesta de alimentos. Se realiza mediante t\u00e9cnicas m\u00ednimamente invasivas y requiere un seguimiento y ajustes constantes para obtener resultados \u00f3ptimos.<\/p>\n\n<\/div>\n<\/div>\n<div id=\"faq-question-1684913002647\" class=\"rank-math-list-item\">\n<h3 class=\"rank-math-question \">\u00bfQu\u00e9 ventajas tiene la banda g\u00e1strica ajustable por laparoscopia?<\/h3>\n<div class=\"rank-math-answer \">\n\n<p>La banda g\u00e1strica ajustable laparosc\u00f3pica ofrece varias ventajas como procedimiento de p\u00e9rdida de peso. Es m\u00ednimamente invasiva, lo que se traduce en estancias hospitalarias m\u00e1s cortas, menos dolor postoperatorio y una recuperaci\u00f3n m\u00e1s r\u00e1pida. La ajustabilidad de la banda g\u00e1strica permite una restricci\u00f3n personalizada de la ingesta de alimentos y la reversibilidad potencial de la cirug\u00eda. Se favorece la p\u00e9rdida gradual de peso, lo que reduce el riesgo de deficiencias nutricionales. En comparaci\u00f3n con otros procedimientos m\u00e1s invasivos, la banda g\u00e1strica ajustable por laparoscopia presenta un menor riesgo de complicaciones. Sin embargo, el \u00e9xito del procedimiento depende del compromiso del paciente con los cambios de estilo de vida, las visitas peri\u00f3dicas de seguimiento y la observancia de un estilo de vida saludable.<\/p>\n\n<\/div>\n<\/div>\n<div id=\"faq-question-1684913113716\" class=\"rank-math-list-item\">\n<h3 class=\"rank-math-question \">\u00bfCu\u00e1les son las desventajas de la banda g\u00e1strica ajustable laparosc\u00f3pica?<\/h3>\n<div class=\"rank-math-answer \">\n\n<p>La banda g\u00e1strica ajustable laparosc\u00f3pica, aunque ofrece ventajas, tambi\u00e9n tiene desventajas potenciales que hay que tener en cuenta. En primer lugar, en comparaci\u00f3n con otras cirug\u00edas de p\u00e9rdida de peso, como el bypass g\u00e1strico, la p\u00e9rdida de peso conseguida con la banda g\u00e1strica puede ser m\u00e1s lenta. Esto puede requerir paciencia y un compromiso a largo plazo. Adem\u00e1s, puede haber complicaciones relacionadas con la propia banda g\u00e1strica, como el deslizamiento o la erosi\u00f3n de la banda, que pueden requerir otros procedimientos. La necesidad de supervisi\u00f3n, ajustes y visitas de seguimiento continuas puede resultar onerosa para algunas personas. La p\u00e9rdida de peso insatisfactoria o la recuperaci\u00f3n de peso tambi\u00e9n es una posibilidad, lo que subraya la importancia de seguir un estilo de vida saludable. Adem\u00e1s, la naturaleza restrictiva del procedimiento puede plantear dificultades a la hora de consumir determinados alimentos y obtener una nutrici\u00f3n adecuada, lo que requiere modificaciones diet\u00e9ticas y un seguimiento cuidadoso de los nutrientes.<\/p>\n\n<\/div>\n<\/div>\n<div id=\"faq-question-1684913564397\" class=\"rank-math-list-item\">\n<h3 class=\"rank-math-question \">\u00bfC\u00f3mo funciona la banda g\u00e1strica ajustable?<\/h3>\n<div class=\"rank-math-answer \">\n\n<p>La banda g\u00e1strica ajustable, tambi\u00e9n conocida como banda g\u00e1strica ajustable laparosc\u00f3pica, funciona colocando una banda de silicona ajustable alrededor de la parte superior del est\u00f3mago. Esto crea una peque\u00f1a bolsa que restringe la cantidad de comida que se puede consumir. Al apretar o aflojar la banda a trav\u00e9s de un puerto de acceso, el nivel de restricci\u00f3n puede personalizarse para satisfacer las necesidades individuales. El parche no s\u00f3lo limita la cantidad de comida que se puede ingerir de una sola vez, sino que tambi\u00e9n ralentiza el proceso digestivo, ayudando a las personas a sentirse saciadas durante m\u00e1s tiempo. Una de las ventajas de este procedimiento es su ajustabilidad, que permite introducir cambios en funci\u00f3n del proceso de p\u00e9rdida de peso. Adem\u00e1s, la banda puede retirarse o revisarse seg\u00fan sea necesario. Sin embargo, la eficacia de la banda g\u00e1strica ajustable depende del compromiso del paciente para adoptar un estilo de vida saludable, y son necesarias visitas de seguimiento peri\u00f3dicas para supervisar los progresos y realizar los ajustes necesarios.<\/p>\n\n<\/div>\n<\/div>\n<\/div>\n<\/div>\n<p>\u00a0<\/p>\n\n<h3 class=\"wp-block-heading\">P\u00f3ngase en contacto con nosotros si tiene alguna pregunta.<\/h3>\n\n<p><\/p>\n","protected":false},"excerpt":{"rendered":"<p>Si usted est\u00e1 buscando una manera de obtener su apariencia ideal, la Banda G\u00e1strica Laparosc\u00f3pica Ajustable puede ser maravillosa. La [&hellip;]<\/p>\n","protected":false},"author":4,"featured_media":91694,"parent":0,"menu_order":0,"comment_status":"closed","ping_status":"closed","template":"","meta":{"site-sidebar-layout":"default","site-content-layout":"","ast-site-content-layout":"default","site-content-style":"default","site-sidebar-style":"default","ast-global-header-display":"","ast-banner-title-visibility":"","ast-main-header-display":"","ast-hfb-above-header-display":"","ast-hfb-below-header-display":"","ast-hfb-mobile-header-display":"","site-post-title":"","ast-breadcrumbs-content":"","ast-featured-img":"","footer-sml-layout":"","ast-disable-related-posts":"","theme-transparent-header-meta":"","adv-header-id-meta":"","stick-header-meta":"","header-above-stick-meta":"","header-main-stick-meta":"","header-below-stick-meta":"","astra-migrate-meta-layouts":"default","ast-page-background-enabled":"default","ast-page-background-meta":{"desktop":{"background-color":"var(--ast-global-color-4)","background-image":"","background-repeat":"repeat","background-position":"center center","background-size":"auto","background-attachment":"scroll","background-type":"","background-media":"","overlay-type":"","overlay-color":"","overlay-opacity":"","overlay-gradient":""},"tablet":{"background-color":"","background-image":"","background-repeat":"repeat","background-position":"center center","background-size":"auto","background-attachment":"scroll","background-type":"","background-media":"","overlay-type":"","overlay-color":"","overlay-opacity":"","overlay-gradient":""},"mobile":{"background-color":"","background-image":"","background-repeat":"repeat","background-position":"center center","background-size":"auto","background-attachment":"scroll","background-type":"","background-media":"","overlay-type":"","overlay-color":"","overlay-opacity":"","overlay-gradient":""}},"ast-content-background-meta":{"desktop":{"background-color":"var(--ast-global-color-5)","background-image":"","background-repeat":"repeat","background-position":"center center","background-size":"auto","background-attachment":"scroll","background-type":"","background-media":"","overlay-type":"","overlay-color":"","overlay-opacity":"","overlay-gradient":""},"tablet":{"background-color":"var(--ast-global-color-5)","background-image":"","background-repeat":"repeat","background-position":"center center","background-size":"auto","background-attachment":"scroll","background-type":"","background-media":"","overlay-type":"","overlay-color":"","overlay-opacity":"","overlay-gradient":""},"mobile":{"background-color":"var(--ast-global-color-5)","background-image":"","background-repeat":"repeat","background-position":"center center","background-size":"auto","background-attachment":"scroll","background-type":"","background-media":"","overlay-type":"","overlay-color":"","overlay-opacity":"","overlay-gradient":""}},"footnotes":""},"class_list":["post-146463","page","type-page","status-publish","has-post-thumbnail","hentry"],"_links":{"self":[{"href":"https:\/\/medclinics.com\/es\/wp-json\/wp\/v2\/pages\/146463","targetHints":{"allow":["GET"]}}],"collection":[{"href":"https:\/\/medclinics.com\/es\/wp-json\/wp\/v2\/pages"}],"about":[{"href":"https:\/\/medclinics.com\/es\/wp-json\/wp\/v2\/types\/page"}],"author":[{"embeddable":true,"href":"https:\/\/medclinics.com\/es\/wp-json\/wp\/v2\/users\/4"}],"replies":[{"embeddable":true,"href":"https:\/\/medclinics.com\/es\/wp-json\/wp\/v2\/comments?post=146463"}],"version-history":[{"count":0,"href":"https:\/\/medclinics.com\/es\/wp-json\/wp\/v2\/pages\/146463\/revisions"}],"wp:featuredmedia":[{"embeddable":true,"href":"https:\/\/medclinics.com\/es\/wp-json\/wp\/v2\/media\/91694"}],"wp:attachment":[{"href":"https:\/\/medclinics.com\/es\/wp-json\/wp\/v2\/media?parent=146463"}],"curies":[{"name":"wp","href":"https:\/\/api.w.org\/{rel}","templated":true}]}}