{"id":146453,"date":"2023-11-25T07:11:00","date_gmt":"2023-11-25T04:11:00","guid":{"rendered":"https:\/\/medclinics.com\/gastrectomia-en-manga\/"},"modified":"2025-01-29T13:14:19","modified_gmt":"2025-01-29T10:14:19","slug":"gastrectomia-en-manga","status":"publish","type":"page","link":"https:\/\/medclinics.com\/es\/gastrectomia-en-manga\/","title":{"rendered":"Manga g\u00e1strica"},"content":{"rendered":"\n<h2 class=\"wp-block-heading\"><br\/>Si usted ha estado sufriendo con la p\u00e9rdida de peso y est\u00e1 buscando una soluci\u00f3n permanente <strong>Cirug\u00eda de Manga G\u00e1strica<\/strong> podr\u00eda ser lo que necesita.<\/h2>\n\n<p><\/p>\n\n<p>La manga g\u00e1strica es un m\u00e9todo que ha ayudado ya a muchos seres humanos no s\u00f3lo a perder peso, sino tambi\u00e9n a recuperar su forma f\u00edsica y su bienestar. Pero, \u00bfen qu\u00e9 consiste exactamente? \u00bfC\u00f3mo funciona y es la opci\u00f3n adecuada para usted? En este art\u00edculo, le explicaremos todo lo que necesita saber sobre <strong>la cirug\u00eda de manga g\u00e1strica.<\/strong> Empezando por los beneficios hasta los tiempos de recuperaci\u00f3n y por qu\u00e9 es probablemente la soluci\u00f3n que ha estado buscando.   <\/p>\n\n<h2 class=\"wp-block-heading\"><br\/>\u00bfQu\u00e9 es la cirug\u00eda de manga g\u00e1strica?<\/h2>\n\n<p>En pocas palabras, <a href=\"https:\/\/pubmed.ncbi.nlm.nih.gov\/?term=sleeve+gastrectomy\" target=\"_blank\" rel=\"noreferrer noopener\"><strong>la cirug\u00eda de manga g\u00e1strica<\/strong> (<\/a>o <strong>gastrectom\u00eda en manga<\/strong>) es una forma de cirug\u00eda de reducci\u00f3n de peso que cambia el tama\u00f1o y la forma de su vientre. A lo largo del m\u00e9todo, un m\u00e9dico extirpa alrededor del 75% de su vientre. El m\u00e9dico deja dentro de un peque\u00f1o, tubo-como \u00abmanga\u00bb. Con un est\u00f3mago m\u00e1s peque\u00f1o, se saciar\u00e1 antes y, debido a ello, comer\u00e1 sinceramente mucho menos, lo que se traduce en una p\u00e9rdida de peso.   <\/p>\n\n<p>Pero hay algo m\u00e1s que reducir la barriga. La cirug\u00eda reduce la producci\u00f3n de hormonas del hambre. Por lo tanto, no tendr\u00e1 tanta hambre como antes. Esto permite mantenerse en el camino con menos consumo de energ\u00eda. Esto es crucial para el \u00e9xito de la reducci\u00f3n de peso a largo plazo.    <\/p>\n\n<figure class=\"wp-block-image size-large\"><img fetchpriority=\"high\" decoding=\"async\" width=\"1024\" height=\"683\" src=\"https:\/\/medclinics.com\/wp-content\/uploads\/2025\/01\/Adsiz-tasarim-3-1024x683.jpg\" alt=\"Manga g&#xE1;strica en Estambul 2025\" class=\"wp-image-173512\" srcset=\"https:\/\/medclinics.com\/wp-content\/uploads\/2025\/01\/Adsiz-tasarim-3-1024x683.jpg 1024w, https:\/\/medclinics.com\/wp-content\/uploads\/2025\/01\/Adsiz-tasarim-3-300x200.jpg 300w, https:\/\/medclinics.com\/wp-content\/uploads\/2025\/01\/Adsiz-tasarim-3-768x512.jpg 768w, https:\/\/medclinics.com\/wp-content\/uploads\/2025\/01\/Adsiz-tasarim-3.jpg 1200w\" sizes=\"(max-width: 1024px) 100vw, 1024px\" \/><\/figure>\n\n<h2 class=\"wp-block-heading\"><br\/>\u00bfQu\u00e9 ocurre despu\u00e9s de la cirug\u00eda de manga g\u00e1strica?<\/h2>\n\n<p><\/p>\n\n<p>Una vez realizada la intervenci\u00f3n, es posible que desee permanecer en el hospital unos d\u00edas, generalmente de 2 a 4 d\u00edas. El hospital le observar\u00e1 cuidadosamente para asegurarse de que se est\u00e1 recuperando bien. Comenzar\u00e1n a guiarle a trav\u00e9s de su nuevo <strong>programa de p\u00e9rdida de peso del tratamiento quir\u00fargico<\/strong>. Durante este tiempo usted va a consumir bebidas y componentes suaves para ayudar a su est\u00f3mago a sanar.   <\/p>\n\n<p>La recuperaci\u00f3n puede variar de una persona a otra, pero la mayor\u00eda de la gente vuelve a sus actividades deportivas normales en unas 4 a 6 semanas. Por supuesto, es muy importante que consultes las recomendaciones de tu m\u00e9dico para que puedas curarte bien. <\/p>\n\n<h2 class=\"wp-block-heading\"><br\/>\u00bfCu\u00e1nto peso se puede perder con la manga g\u00e1strica?<\/h2>\n\n<p><\/p>\n\n<p>C\u00f3mo se puede perder mucho peso despu\u00e9s de la manga g\u00e1strica se basa en algunos temas. Su peso inicial, lo bien que estudiar su nuevo plan de dieta saludable y plan de ejercicios, y cualquier condici\u00f3n cient\u00edfica subyacente jugar\u00e1 funci\u00f3n esencial. No es infrecuente que las personas pierdan entre un 50% y un 60% durante el primer a\u00f1o tras la operaci\u00f3n quir\u00fargica. En algunos casos, la p\u00e9rdida de peso es incluso mayor.   <\/p>\n\n<p>Manga g\u00e1strica remedio quir\u00fargico es especialmente potente para los seres humanos que tienen un IMC (\u00cdndice de Masa Corporal) de m\u00e1s de 35 o 40 o superior que est\u00e1n tratando con problemas de salud asociados como la diabetes o la hipertensi\u00f3n arterial. Si usted ha intentado diversas t\u00e9cnicas de p\u00e9rdida de peso sin cumplimiento, este tratamiento quir\u00fargico podr\u00eda ser un cambio de juego para usted. <\/p>\n\n<h2 class=\"wp-block-heading\"><br\/>\u00bfQui\u00e9n es un buen candidato para la cirug\u00eda de manga g\u00e1strica?<\/h2>\n\n<p><\/p>\n\n<p>Si tiene un <strong><a href=\"https:\/\/medclinics.com\/es\/indice-de-masa-corporal-imc\/\" target=\"_blank\" rel=\"noreferrer noopener\">IMC de 35 &#8211; 40 o superior<\/a><\/strong> asociado a problemas de salud, <strong>la manga g\u00e1strica <\/strong>puede ser la opci\u00f3n adecuada para usted. Sin embargo, es importante acudir a un m\u00e9dico especializado en <strong><a href=\"https:\/\/pubmed.ncbi.nlm.nih.gov\/?term=bariatric+surgery\" target=\"_blank\" rel=\"noreferrer noopener nofollow\">cirug\u00eda bari\u00e1trica<\/a><\/strong>. <\/p>\n\n<p>Aunque <strong>la cirug\u00eda de manga g\u00e1strica<\/strong> es un m\u00e9todo eficaz para reducir peso, no es un tratamiento breve. Para ver los primeros efectos, usted querr\u00e1 hacer modificaciones duraderas en su forma de vida, que incluye comer m\u00e1s sano y mantenerse vibrante. <\/p>\n\n<h2 class=\"wp-block-heading\"><br\/>Beneficios de la cirug\u00eda de manga g\u00e1strica<\/h2>\n\n<p><\/p>\n\n<ul class=\"wp-block-list\">\n<li><strong>P\u00e9rdida de peso significativa:<\/strong> Uno de los beneficios m\u00e1s importantes de la <strong>cirug\u00eda de manga g\u00e1strica<\/strong> es la cantidad de peso que puede perder. La mayor\u00eda de los pacientes pierden entre el 50% y el 60% de su peso en el primer a\u00f1o, que puede tener un gran impacto de primera clase en su forma f\u00edsica y extremadamente bueno de estilo de vida. <\/li>\n\n\n\n<li><strong>Mejora de la salud:<\/strong> Para muchos pacientes el procedimiento quir\u00fargico de manga g\u00e1strica en realidad no ayuda con la p\u00e9rdida de peso. Tambi\u00e9n mejora las enfermedades como la diabetes tipo 2, la apnea del sue\u00f1o y la presi\u00f3n arterial. La p\u00e9rdida de peso tambi\u00e9n puede reducir el dolor en las articulaciones y aumentar la movilidad, por lo que las actividades deportivas mucho m\u00e1s simple.  <\/li>\n\n\n\n<li><strong>Mejor calidad de vida:<\/strong> La p\u00e9rdida de peso puede hacer maravillas para usted y la salud mental. Muchos seres humanos archivo sensaci\u00f3n extra energizado y m\u00e1s feliz despu\u00e9s del tratamiento quir\u00fargico. <\/li>\n\n\n\n<li><strong>Cicatrizaci\u00f3n m\u00ednima:<\/strong> Debido a que <strong>el procedimiento quir\u00fargico de manga g\u00e1strica<\/strong> utiliza peque\u00f1as incisiones, la cicatrizaci\u00f3n es com\u00fanmente m\u00ednima y se desvanece con el tiempo.<\/li>\n<\/ul>\n\n<h2 class=\"wp-block-heading\"><br\/>\u00bfC\u00f3mo es la recuperaci\u00f3n?<\/h2>\n\n<p><br\/>Esto es lo que puede esperar en el tiempo de recuperaci\u00f3n despu\u00e9s de la <strong>manga g\u00e1strica remedio quir\u00fargico<\/strong>:<\/p>\n\n<ul class=\"wp-block-list\">\n<li><strong>Primeros 1-2 d\u00edas:<\/strong> Es probable que permanezca en la instituci\u00f3n m\u00e9dica de 2 a 4 d\u00edas despu\u00e9s del tratamiento quir\u00fargico. El grupo m\u00e9dico supervisar\u00e1 su recuperaci\u00f3n, ayudar a manejar cualquier dolor, y empezar en un plan de p\u00e9rdida de peso l\u00edquido-simplest. <\/li>\n\n\n\n<li><strong>Primera semana:<\/strong> Durante este tiempo, vivir\u00e1s con bebidas y materiales f\u00e1ciles. Tambi\u00e9n puede sentir algo de dolor, pero generalmente es manejable con el tratamiento del dolor prescrito. <\/li>\n\n\n\n<li><strong>1-3 meses:<\/strong> A estas alturas, es probable que se sienta m\u00e1s activo y que la reducci\u00f3n de peso sea enorme. Podr\u00e1 seguir la corriente. Camine hasta el trabajo o realice actividades deportivas cotidianas despu\u00e9s de aproximadamente 4 a 6 semanas. Durante este tiempo, su m\u00e9dico le indicar\u00e1 c\u00f3mo reintroducir lentamente las sustancias fuertes.   <\/li>\n\n\n\n<li><strong>3-6 Meses:<\/strong> A medida que su reducci\u00f3n de peso se mantiene, es probable que experimente la sensaci\u00f3n de m\u00e1s saludable. Citas regulares de seguimiento sobre el tema de su m\u00e9dico podr\u00eda ser clave para asegurarse de su \u00e9xito y el seguimiento de su mejora. <\/li>\n\n\n\n<li><strong>En curso:<\/strong> Para mantener su p\u00e9rdida de peso de largo plazo, usted tendr\u00e1 que vivir dedicado a un r\u00e9gimen de dieta saludable, ejercicio diario, y tomar las vitaminas recomendadas o suplementos diet\u00e9ticos nutricionales. Es un estilo de vida, sin embargo, las recompensas son pr\u00e1cticamente realmente vale la pena. <\/li>\n<\/ul>\n\n<h2 class=\"wp-block-heading\"><br\/>\u00bfEs la cirug\u00eda de manga g\u00e1strica adecuada para usted?<\/h2>\n\n<p><\/p>\n\n<p>Si usted ha estado sufriendo con problemas de peso y problemas de salud asociados con su peso, <strong>el tratamiento quir\u00fargico de manga g\u00e1strica<\/strong> puede ser la respuesta que necesita. Es una manera poderosa para perder kilos y mejorar su salud, sin embargo, no es una curaci\u00f3n breve. El \u00e9xito se basa en hacer ajustes en el estilo de vida a largo plazo, lo que incluye seguir los consejos de su m\u00e9dico sobre la dieta y el ejercicio.  <\/p>\n\n<p>Antes de seguir adelante, programar una sesi\u00f3n con un m\u00e9dico con licencia cient\u00edfica que puede ayudar a decidir si <strong>la manga g\u00e1strica remedio quir\u00fargico<\/strong> es la mejor opci\u00f3n para usted.<\/p>\n\n<h2 class=\"wp-block-heading\">Conclusi\u00f3n<\/h2>\n\n<p><\/p>\n\n<p><strong>La operaci\u00f3n quir\u00fargica de manga g\u00e1strica<\/strong> es una herramienta de p\u00e9rdida de peso examinado y de gran alcance para las personas que luchan con problemas de peso. Ofrece una considerable p\u00e9rdida de peso, mejora la salud y complementa la calidad de vida. Sin embargo, se requiere una determinaci\u00f3n a largo plazo manera de los cambios de estilo de vida para ser definitivamente un \u00e9xito. Si usted est\u00e1 equipado para dar el primer paso en el curso de una vida m\u00e1s sana, m\u00e1s feliz, <strong>la cirug\u00eda de manga g\u00e1strica<\/strong> puede ser sinceramente lo que necesita.   <\/p>\n\n<p>Si est\u00e1 interesado en obtener m\u00e1s informaci\u00f3n, o en caso de que est\u00e9 listo para dar el siguiente paso, <strong>p\u00f3ngase en contacto con nosotros en estos d\u00edas<\/strong> para averiguar c\u00f3mo la manga g\u00e1strica remedio quir\u00fargico puede ayudarle a alcanzar su p\u00e9rdida de peso y la salud sue\u00f1os.<\/p>\n\n<h3 class=\"wp-block-heading\">Todo lo que necesitas saber sobre el <a href=\"https:\/\/medclinics.com\/es\/obesity-treatment\/\" target=\"_blank\" rel=\"noreferrer noopener\">tratamiento de la obesidad<\/a>, incluido el proceso de curaci\u00f3n y mucho m\u00e1s, est\u00e1 aqu\u00ed, <a href=\"#requestform\">\u00a1contacta con nosotros<\/a>!<\/h3>\n\n<figure class=\"wp-block-image size-full\"><img decoding=\"async\" width=\"960\" height=\"540\" src=\"https:\/\/medclinics.com\/wp-content\/uploads\/2023\/07\/sleeve-gastrectomy-near-me.jpg\" alt=\"Sleeve Gastrectomy Near Me Estambul\" class=\"wp-image-97858\" srcset=\"https:\/\/medclinics.com\/wp-content\/uploads\/2023\/07\/sleeve-gastrectomy-near-me.jpg 960w, https:\/\/medclinics.com\/wp-content\/uploads\/2023\/07\/sleeve-gastrectomy-near-me-500x281.jpg 500w, https:\/\/medclinics.com\/wp-content\/uploads\/2023\/07\/sleeve-gastrectomy-near-me-768x432.jpg 768w, https:\/\/medclinics.com\/wp-content\/uploads\/2023\/07\/sleeve-gastrectomy-near-me-24x14.jpg 24w, https:\/\/medclinics.com\/wp-content\/uploads\/2023\/07\/sleeve-gastrectomy-near-me-36x20.jpg 36w, https:\/\/medclinics.com\/wp-content\/uploads\/2023\/07\/sleeve-gastrectomy-near-me-48x27.jpg 48w\" sizes=\"(max-width: 960px) 100vw, 960px\" \/><\/figure>\n\n<h2 class=\"wp-block-heading\">PREGUNTAS FRECUENTES<\/h2>\n<div id=\"rank-math-faq\" class=\"rank-math-block\">\n<div class=\"rank-math-list \">\n<div id=\"faq-question-1684911836581\" class=\"rank-math-list-item\">\n<h3 class=\"rank-math-question \">\u00bfQu\u00e9 es la cirug\u00eda en manga?<\/h3>\n<div class=\"rank-math-answer \">\n\n<p>La cirug\u00eda en manga, o gastrectom\u00eda en manga, es un procedimiento de p\u00e9rdida de peso en el que se extirpa una gran parte del est\u00f3mago, dejando tras de s\u00ed un est\u00f3mago m\u00e1s peque\u00f1o en forma de manga. Esto reduce la ingesta de alimentos y favorece la p\u00e9rdida de peso. Se realiza por laparoscopia y es un procedimiento permanente.<\/p>\n\n<\/div>\n<\/div>\n<div id=\"faq-question-1684911902583\" class=\"rank-math-list-item\">\n<h3 class=\"rank-math-question \">\u00bfQui\u00e9n puede someterse a una manga g\u00e1strica?<\/h3>\n<div class=\"rank-math-answer \">\n\n<p>La gastrectom\u00eda en manguito suele recomendarse a las personas que cumplen determinados criterios. Entre ellos se incluye tener un \u00cdndice de Masa Corporal (IMC) de 40 o superior o un IMC de 35-39,9 con problemas de salud significativos relacionados con la obesidad. Los candidatos deben haber intentado sin \u00e9xito perder peso por otros m\u00e9todos, como la dieta y el ejercicio. Es importante que los candidatos gocen en general de buena salud y no padezcan enfermedades que puedan aumentar los riesgos quir\u00fargicos. Adem\u00e1s, es necesario comprometerse a cambiar el estilo de vida a largo plazo, como seguir una dieta sana y hacer ejercicio con regularidad. Sin embargo, la idoneidad para la cirug\u00eda de manga g\u00e1strica se eval\u00faa de forma individual y es crucial una evaluaci\u00f3n exhaustiva por parte de un profesional sanitario especializado en cirug\u00eda bari\u00e1trica para determinar la idoneidad y debatir los posibles riesgos y beneficios.<\/p>\n\n<\/div>\n<\/div>\n<div id=\"faq-question-1684911629168\" class=\"rank-math-list-item\">\n<h3 class=\"rank-math-question \">\u00bfEs segura la gastrectom\u00eda en manga?<\/h3>\n<div class=\"rank-math-answer \">\n\n<p>En general, la gastrectom\u00eda en manga se considera un procedimiento seguro y eficaz para perder peso. Sin embargo, como cualquier intervenci\u00f3n quir\u00fargica, conlleva ciertos riesgos y posibles complicaciones. Es importante comentar los riesgos y beneficios espec\u00edficos con un profesional sanitario cualificado que pueda evaluar sus circunstancias individuales. En general, la gastrectom\u00eda en manga se ha realizado con \u00e9xito en muchas personas y ha dado lugar a una p\u00e9rdida de peso significativa y a la mejora de diversas afecciones de salud relacionadas con la obesidad.<\/p>\n\n<\/div>\n<\/div>\n<div id=\"faq-question-1684912038891\" class=\"rank-math-list-item\">\n<h3 class=\"rank-math-question \">\u00bfCu\u00e1nto dura una manga g\u00e1strica?<\/h3>\n<div class=\"rank-math-answer \">\n\n<p>Se pretende que los efectos de la cirug\u00eda de manga g\u00e1strica sean duraderos. Con cambios adecuados en el estilo de vida y cuidados de seguimiento, la p\u00e9rdida de peso conseguida con la cirug\u00eda puede mantenerse a largo plazo. Sin embargo, el compromiso continuo con un estilo de vida saludable es esencial para mantener los beneficios del procedimiento.<\/p>\n\n<\/div>\n<\/div>\n<\/div>\n<\/div>\n<p>\u00a0<\/p>\n\n<h3 class=\"wp-block-heading\">P\u00f3ngase en contacto con nosotros si tiene alguna pregunta.<\/h3>\n","protected":false},"excerpt":{"rendered":"<p>Si usted ha estado sufriendo con la p\u00e9rdida de peso y est\u00e1 buscando una soluci\u00f3n permanente Cirug\u00eda de Manga G\u00e1strica [&hellip;]<\/p>\n","protected":false},"author":4,"featured_media":160780,"parent":0,"menu_order":0,"comment_status":"closed","ping_status":"closed","template":"","meta":{"site-sidebar-layout":"default","site-content-layout":"","ast-site-content-layout":"default","site-content-style":"default","site-sidebar-style":"default","ast-global-header-display":"","ast-banner-title-visibility":"","ast-main-header-display":"","ast-hfb-above-header-display":"","ast-hfb-below-header-display":"","ast-hfb-mobile-header-display":"","site-post-title":"","ast-breadcrumbs-content":"","ast-featured-img":"","footer-sml-layout":"","ast-disable-related-posts":"","theme-transparent-header-meta":"","adv-header-id-meta":"","stick-header-meta":"","header-above-stick-meta":"","header-main-stick-meta":"","header-below-stick-meta":"","astra-migrate-meta-layouts":"default","ast-page-background-enabled":"default","ast-page-background-meta":{"desktop":{"background-color":"var(--ast-global-color-4)","background-image":"","background-repeat":"repeat","background-position":"center center","background-size":"auto","background-attachment":"scroll","background-type":"","background-media":"","overlay-type":"","overlay-color":"","overlay-opacity":"","overlay-gradient":""},"tablet":{"background-color":"","background-image":"","background-repeat":"repeat","background-position":"center center","background-size":"auto","background-attachment":"scroll","background-type":"","background-media":"","overlay-type":"","overlay-color":"","overlay-opacity":"","overlay-gradient":""},"mobile":{"background-color":"","background-image":"","background-repeat":"repeat","background-position":"center center","background-size":"auto","background-attachment":"scroll","background-type":"","background-media":"","overlay-type":"","overlay-color":"","overlay-opacity":"","overlay-gradient":""}},"ast-content-background-meta":{"desktop":{"background-color":"var(--ast-global-color-5)","background-image":"","background-repeat":"repeat","background-position":"center center","background-size":"auto","background-attachment":"scroll","background-type":"","background-media":"","overlay-type":"","overlay-color":"","overlay-opacity":"","overlay-gradient":""},"tablet":{"background-color":"var(--ast-global-color-5)","background-image":"","background-repeat":"repeat","background-position":"center center","background-size":"auto","background-attachment":"scroll","background-type":"","background-media":"","overlay-type":"","overlay-color":"","overlay-opacity":"","overlay-gradient":""},"mobile":{"background-color":"var(--ast-global-color-5)","background-image":"","background-repeat":"repeat","background-position":"center center","background-size":"auto","background-attachment":"scroll","background-type":"","background-media":"","overlay-type":"","overlay-color":"","overlay-opacity":"","overlay-gradient":""}},"footnotes":""},"class_list":["post-146453","page","type-page","status-publish","has-post-thumbnail","hentry"],"_links":{"self":[{"href":"https:\/\/medclinics.com\/es\/wp-json\/wp\/v2\/pages\/146453","targetHints":{"allow":["GET"]}}],"collection":[{"href":"https:\/\/medclinics.com\/es\/wp-json\/wp\/v2\/pages"}],"about":[{"href":"https:\/\/medclinics.com\/es\/wp-json\/wp\/v2\/types\/page"}],"author":[{"embeddable":true,"href":"https:\/\/medclinics.com\/es\/wp-json\/wp\/v2\/users\/4"}],"replies":[{"embeddable":true,"href":"https:\/\/medclinics.com\/es\/wp-json\/wp\/v2\/comments?post=146453"}],"version-history":[{"count":0,"href":"https:\/\/medclinics.com\/es\/wp-json\/wp\/v2\/pages\/146453\/revisions"}],"wp:featuredmedia":[{"embeddable":true,"href":"https:\/\/medclinics.com\/es\/wp-json\/wp\/v2\/media\/160780"}],"wp:attachment":[{"href":"https:\/\/medclinics.com\/es\/wp-json\/wp\/v2\/media?parent=146453"}],"curies":[{"name":"wp","href":"https:\/\/api.w.org\/{rel}","templated":true}]}}