{"id":146443,"date":"2023-05-23T14:24:15","date_gmt":"2023-05-23T11:24:15","guid":{"rendered":"https:\/\/medclinics.com\/sudoracion-de-las-manos\/"},"modified":"2025-01-02T16:14:25","modified_gmt":"2025-01-02T13:14:25","slug":"sudoracion-de-las-manos","status":"publish","type":"page","link":"https:\/\/medclinics.com\/es\/sudoracion-de-las-manos\/","title":{"rendered":"Sudoraci\u00f3n de las manos"},"content":{"rendered":"\n<h2 class=\"wp-block-heading\">Si tiene problemas con la sudoraci\u00f3n excesiva de las manos, \u00a1no desespere! Existen varios tratamientos eficaces para aliviar sus molestias.<\/h2>\n\n<p>En primer lugar, considere la posibilidad de utilizar antitranspirantes espec\u00edficamente dise\u00f1ados para las manos, que pueden adquirirse sin receta o prescritos por un m\u00e9dico.<\/p>\n\n<p>Otra opci\u00f3n es la <a href=\"https:\/\/en.wikipedia.org\/wiki\/Iontophoresis\" target=\"_blank\" rel=\"noreferrer noopener\">iontoforesis<\/a>: consiste en utilizar un dispositivo el\u00e9ctrico que reduce la producci\u00f3n de sudor y puede hacerse en casa o en un centro m\u00e9dico.<\/p>\n\n<p>Algunos medicamentos tambi\u00e9n pueden ser \u00fatiles; pregunte a su m\u00e9dico por los anticolin\u00e9rgicos o las pastillas antitranspirantes como posibles soluciones.<\/p>\n\n<p>En los casos m\u00e1s graves, las inyecciones de relajantes musculares pueden proporcionar un alivio temporal al bloquear los nervios responsables de estimular las gl\u00e1ndulas sudor\u00edparas. Y, por \u00faltimo, una intervenci\u00f3n quir\u00fargica como la simpatectom\u00eda podr\u00eda alterar permanentemente esos mismos nervios si fuera necesario.<\/p>\n\n<p>Recuerde consultar con un dermat\u00f3logo u otro profesional cualificado antes de decidir cualquier tratamiento en funci\u00f3n de la gravedad de su afecci\u00f3n. No dejes que la hiperhidrosis te impida vivir plenamente.<\/p>\n\n<h3 class=\"wp-block-heading\">Todo lo que necesita saber sobre el <a href=\"https:\/\/medclinics.com\/es\/belleza\/\" target=\"_blank\" rel=\"noreferrer noopener\">tratamiento de belleza<\/a>, incluido el precio, los cuidados posteriores y el proceso de curaci\u00f3n, o p\u00f3ngase <a href=\"#requestform\">en contacto con nosotros<\/a>.<\/h3>\n\n<h2 class=\"wp-block-heading\">PREGUNTAS FRECUENTES <\/h2>\n<div id=\"rank-math-faq\" class=\"rank-math-block\">\n<div class=\"rank-math-list \">\n<div id=\"faq-question-1684851552320\" class=\"rank-math-list-item\">\n<h3 class=\"rank-math-question \">\u00bfPor qu\u00e9 me sudan las manos?<\/h3>\n<div class=\"rank-math-answer \">\n\n<p>La sudoraci\u00f3n excesiva de las manos, conocida como hiperhidrosis palmar, puede tener diversas causas. La hiperhidrosis primaria, que es una afecci\u00f3n caracterizada por la hiperactividad de las gl\u00e1ndulas sudor\u00edparas, es un factor com\u00fan. Suele estar influida por factores gen\u00e9ticos. Adem\u00e1s, la hiperhidrosis secundaria puede estar causada por afecciones m\u00e9dicas subyacentes, como problemas de tiroides, diabetes, desequilibrios hormonales o determinados medicamentos. Factores emocionales como el estr\u00e9s y la ansiedad tambi\u00e9n pueden desencadenar la sudoraci\u00f3n de las manos, al igual que los ambientes calurosos y h\u00famedos. El consumo de alimentos picantes o de cafe\u00edna puede estimular las gl\u00e1ndulas sudor\u00edparas y provocar un aumento de la sudoraci\u00f3n de las manos. Si la sudoraci\u00f3n excesiva de las manos resulta molesta, es aconsejable consultar a un profesional sanitario para que realice una evaluaci\u00f3n adecuada y recomiende el tratamiento apropiado.<\/p>\n\n<\/div>\n<\/div>\n<div id=\"faq-question-1684851594998\" class=\"rank-math-list-item\">\n<h3 class=\"rank-math-question \">\u00bfEs normal que suden las manos?<\/h3>\n<div class=\"rank-math-answer \">\n\n<p>La sudoraci\u00f3n es una respuesta fisiol\u00f3gica normal que ayuda a regular la temperatura corporal. Es natural que el cuerpo, incluidas las manos, suden en respuesta a factores como el calor, la actividad f\u00edsica o el estr\u00e9s emocional. Sin embargo, el nivel de sudoraci\u00f3n de las manos puede variar de una persona a otra. Algunos individuos pueden tener gl\u00e1ndulas sudor\u00edparas naturalmente m\u00e1s activas en sus manos, lo que puede conducir a niveles m\u00e1s altos de sudoraci\u00f3n de las manos que otros.<br \/>La sudoraci\u00f3n excesiva de las manos puede darse en algunas personas y considerarse fuera del rango normal de sudoraci\u00f3n. Puede causar molestias, verg\u00fcenza social e interferir en las actividades cotidianas.  <\/p>\n\n<\/div>\n<\/div>\n<div id=\"faq-question-1684851677686\" class=\"rank-math-list-item\">\n<h3 class=\"rank-math-question \">\u00bfC\u00f3mo detener la sudoraci\u00f3n de las manos?<\/h3>\n<div class=\"rank-math-answer \">\n\n<p>Para reducir o controlar la sudoraci\u00f3n excesiva de las manos, puede probar varias estrategias. Aplicar antitranspirantes espec\u00edficamente dise\u00f1ados para las manos, mantenerlas secas con materiales absorbentes y vestir tejidos transpirables puede ayudar a minimizar el sudor. Una buena higiene de las manos, que incluya lav\u00e1rselas con regularidad y sec\u00e1rselas bien, tambi\u00e9n puede ayudar a controlar la sudoraci\u00f3n. Identificar y evitar factores desencadenantes como el estr\u00e9s, la cafe\u00edna, los alimentos picantes o los ambientes calurosos puede ser beneficioso. Adem\u00e1s, las t\u00e9cnicas para controlar el estr\u00e9s, como la respiraci\u00f3n profunda o la meditaci\u00f3n, pueden ayudar a reducir la sudoraci\u00f3n general. Para los casos m\u00e1s graves, pueden considerarse tratamientos como la iontoforesis, que utiliza corriente el\u00e9ctrica, o inyecciones de relajantes musculares. Se recomienda consultar a un profesional sanitario o dermat\u00f3logo para determinar el enfoque m\u00e1s adecuado para su afecci\u00f3n espec\u00edfica y recibir orientaci\u00f3n personalizada.<\/p>\n\n<\/div>\n<\/div>\n<div id=\"faq-question-1684851678857\" class=\"rank-math-list-item\">\n<h3 class=\"rank-math-question \">\u00bfLa sudoraci\u00f3n de las manos es una enfermedad?<\/h3>\n<div class=\"rank-math-answer \">\n\n<p>S\u00ed, la sudoraci\u00f3n excesiva de las manos, conocida como hiperhidrosis palmar, puede considerarse una afecci\u00f3n m\u00e9dica o un trastorno.<\/p>\n\n<\/div>\n<\/div>\n<\/div>\n<\/div>\n<p><\/p>\n\n<h3 class=\"wp-block-heading\">P\u00f3ngase en contacto con nosotros si tiene alguna pregunta.<\/h3>\n","protected":false},"excerpt":{"rendered":"<p>Si tiene problemas con la sudoraci\u00f3n excesiva de las manos, \u00a1no desespere! Existen varios tratamientos eficaces para aliviar sus molestias. [&hellip;]<\/p>\n","protected":false},"author":4,"featured_media":91197,"parent":0,"menu_order":0,"comment_status":"closed","ping_status":"closed","template":"","meta":{"site-sidebar-layout":"default","site-content-layout":"","ast-site-content-layout":"default","site-content-style":"default","site-sidebar-style":"default","ast-global-header-display":"","ast-banner-title-visibility":"","ast-main-header-display":"","ast-hfb-above-header-display":"","ast-hfb-below-header-display":"","ast-hfb-mobile-header-display":"","site-post-title":"","ast-breadcrumbs-content":"","ast-featured-img":"","footer-sml-layout":"","ast-disable-related-posts":"","theme-transparent-header-meta":"","adv-header-id-meta":"","stick-header-meta":"","header-above-stick-meta":"","header-main-stick-meta":"","header-below-stick-meta":"","astra-migrate-meta-layouts":"default","ast-page-background-enabled":"default","ast-page-background-meta":{"desktop":{"background-color":"var(--ast-global-color-4)","background-image":"","background-repeat":"repeat","background-position":"center center","background-size":"auto","background-attachment":"scroll","background-type":"","background-media":"","overlay-type":"","overlay-color":"","overlay-opacity":"","overlay-gradient":""},"tablet":{"background-color":"","background-image":"","background-repeat":"repeat","background-position":"center center","background-size":"auto","background-attachment":"scroll","background-type":"","background-media":"","overlay-type":"","overlay-color":"","overlay-opacity":"","overlay-gradient":""},"mobile":{"background-color":"","background-image":"","background-repeat":"repeat","background-position":"center center","background-size":"auto","background-attachment":"scroll","background-type":"","background-media":"","overlay-type":"","overlay-color":"","overlay-opacity":"","overlay-gradient":""}},"ast-content-background-meta":{"desktop":{"background-color":"var(--ast-global-color-5)","background-image":"","background-repeat":"repeat","background-position":"center center","background-size":"auto","background-attachment":"scroll","background-type":"","background-media":"","overlay-type":"","overlay-color":"","overlay-opacity":"","overlay-gradient":""},"tablet":{"background-color":"var(--ast-global-color-5)","background-image":"","background-repeat":"repeat","background-position":"center center","background-size":"auto","background-attachment":"scroll","background-type":"","background-media":"","overlay-type":"","overlay-color":"","overlay-opacity":"","overlay-gradient":""},"mobile":{"background-color":"var(--ast-global-color-5)","background-image":"","background-repeat":"repeat","background-position":"center center","background-size":"auto","background-attachment":"scroll","background-type":"","background-media":"","overlay-type":"","overlay-color":"","overlay-opacity":"","overlay-gradient":""}},"footnotes":""},"class_list":["post-146443","page","type-page","status-publish","has-post-thumbnail","hentry"],"_links":{"self":[{"href":"https:\/\/medclinics.com\/es\/wp-json\/wp\/v2\/pages\/146443","targetHints":{"allow":["GET"]}}],"collection":[{"href":"https:\/\/medclinics.com\/es\/wp-json\/wp\/v2\/pages"}],"about":[{"href":"https:\/\/medclinics.com\/es\/wp-json\/wp\/v2\/types\/page"}],"author":[{"embeddable":true,"href":"https:\/\/medclinics.com\/es\/wp-json\/wp\/v2\/users\/4"}],"replies":[{"embeddable":true,"href":"https:\/\/medclinics.com\/es\/wp-json\/wp\/v2\/comments?post=146443"}],"version-history":[{"count":0,"href":"https:\/\/medclinics.com\/es\/wp-json\/wp\/v2\/pages\/146443\/revisions"}],"wp:featuredmedia":[{"embeddable":true,"href":"https:\/\/medclinics.com\/es\/wp-json\/wp\/v2\/media\/91197"}],"wp:attachment":[{"href":"https:\/\/medclinics.com\/es\/wp-json\/wp\/v2\/media?parent=146443"}],"curies":[{"name":"wp","href":"https:\/\/api.w.org\/{rel}","templated":true}]}}