{"id":146429,"date":"2023-05-23T14:14:46","date_gmt":"2023-05-23T11:14:46","guid":{"rendered":"https:\/\/medclinics.com\/mesoterapia-capilar\/"},"modified":"2025-01-02T16:14:08","modified_gmt":"2025-01-02T13:14:08","slug":"mesoterapia-capilar","status":"publish","type":"page","link":"https:\/\/medclinics.com\/es\/mesoterapia-capilar\/","title":{"rendered":"Mesoterapia capilar"},"content":{"rendered":"\n<h2 class=\"wp-block-heading\">\u00bfBusca un procedimiento cosm\u00e9tico no quir\u00fargico para mejorar la salud y el aspecto de su cabello? No busque m\u00e1s: Mesoterapia Capilar.<\/h2>\n\n<p>Este innovador tratamiento consiste en inyectar directamente en el cuero cabelludo una mezcla personalizada de vitaminas, minerales, amino\u00e1cidos y otros principios activos.<\/p>\n\n<p>Esto no s\u00f3lo nutre los <a href=\"https:\/\/en.wikipedia.org\/wiki\/Hair_follicle\" target=\"_blank\" rel=\"noreferrer noopener\">fol\u00edculos pilosos<\/a> desde el interior, favoreciendo el crecimiento y fortaleciendo las hebras existentes, sino que tambi\u00e9n estimula la circulaci\u00f3n sangu\u00ednea en la zona y reduce la inflamaci\u00f3n. Y con cada sesi\u00f3n adaptada espec\u00edficamente para satisfacer las necesidades individuales utilizando componentes como biotina (Vitamina B7), pantenol (Vitamina B5), \u00e1cido f\u00f3lico (Vitamina B9), zinc, hierro, ciste\u00edna o arginina, as\u00ed como minoxidil si es necesario; \u00a1puede estar seguro de que cada inyecci\u00f3n ser\u00e1 justo lo que necesita!<\/p>\n\n<h3 class=\"wp-block-heading\">Todo lo que necesita saber sobre el <a href=\"https:\/\/medclinics.com\/es\/belleza\/\" target=\"_blank\" rel=\"noreferrer noopener\">tratamiento de belleza<\/a>, incluido el precio, los cuidados posteriores y el proceso de curaci\u00f3n, o p\u00f3ngase <a href=\"#requestform\">en contacto con nosotros<\/a>.<\/h3>\n\n<h3 class=\"wp-block-heading\">PREGUNTAS FRECUENTES<\/h3>\n<div id=\"rank-math-faq\" class=\"rank-math-block\">\n<div class=\"rank-math-list \">\n<div id=\"faq-question-1684851001613\" class=\"rank-math-list-item\">\n<h3 class=\"rank-math-question \">\u00bfEs eficaz la mesoterapia capilar?<\/h3>\n<div class=\"rank-math-answer \">\n\n<p>La mesoterapia capilar puede ser eficaz para mejorar el crecimiento y la salud general del cabello en algunas personas. Sin embargo, la eficacia puede variar y en los resultados influyen factores como la causa subyacente de la ca\u00edda del cabello y la respuesta individual al tratamiento. Se recomienda consultar a un profesional sanitario para que eval\u00fae sus problemas capilares espec\u00edficos y determine si la mesoterapia capilar es adecuada para usted.<\/p>\n\n<\/div>\n<\/div>\n<div id=\"faq-question-1684851044066\" class=\"rank-math-list-item\">\n<h3 class=\"rank-math-question \">\u00bfCu\u00e1nto dura la mesoterapia capilar?<\/h3>\n<div class=\"rank-math-answer \">\n\n<p>Los efectos de la mesoterapia capilar pueden durar varios meses, pero los resultados individuales pueden variar. Pueden ser necesarios tratamientos de mantenimiento peri\u00f3dicos para mantener los beneficios. La consulta con un profesional sanitario puede proporcionarle informaci\u00f3n m\u00e1s espec\u00edfica basada en sus circunstancias individuales.<\/p>\n\n<\/div>\n<\/div>\n<div id=\"faq-question-1684851088159\" class=\"rank-math-list-item\">\n<h3 class=\"rank-math-question \">\u00bfEs dolorosa la mesoterapia capilar?<\/h3>\n<div class=\"rank-math-answer \">\n\n<p>La mesoterapia capilar suele consistir en la inyecci\u00f3n de una mezcla de nutrientes en el cuero cabelludo mediante agujas muy finas. El nivel de incomodidad experimentado durante el procedimiento puede variar de una persona a otra. Aunque algunas personas pueden experimentar molestias leves o una ligera sensaci\u00f3n durante las inyecciones, en general se considera un procedimiento bien tolerado. Las agujas utilizadas son muy finas, lo que minimiza cualquier posible dolor. Adem\u00e1s, algunos profesionales pueden aplicar una crema anest\u00e9sica o utilizar otras t\u00e9cnicas para reducir a\u00fan m\u00e1s las molestias.<\/p>\n\n<\/div>\n<\/div>\n<div id=\"faq-question-1684851125771\" class=\"rank-math-list-item\">\n<h3 class=\"rank-math-question \">\u00bfLa mesoterapia capilar es permanente?<\/h3>\n<div class=\"rank-math-answer \">\n\n<p>La mesoterapia capilar puede mejorar temporalmente el crecimiento y la salud general del cabello. La duraci\u00f3n de los efectos puede variar de una persona a otra.<br \/>Los nutrientes inyectados nutren los fol\u00edculos pilosos y favorecen un crecimiento m\u00e1s sano del cabello. Sin embargo, para mantener los beneficios, a menudo se recomiendan tratamientos regulares de mantenimiento. La frecuencia de los tratamientos de mantenimiento depender\u00e1 de las necesidades individuales y de la respuesta a las sesiones iniciales.<\/p>\n\n<\/div>\n<\/div>\n<\/div>\n<\/div>\n<p><\/p>\n\n<h3 class=\"wp-block-heading\">P\u00f3ngase en contacto con nosotros si tiene alguna pregunta.<\/h3>\n","protected":false},"excerpt":{"rendered":"<p>\u00bfBusca un procedimiento cosm\u00e9tico no quir\u00fargico para mejorar la salud y el aspecto de su cabello? No busque m\u00e1s: Mesoterapia [&hellip;]<\/p>\n","protected":false},"author":4,"featured_media":92657,"parent":0,"menu_order":0,"comment_status":"closed","ping_status":"closed","template":"","meta":{"site-sidebar-layout":"default","site-content-layout":"","ast-site-content-layout":"default","site-content-style":"default","site-sidebar-style":"default","ast-global-header-display":"","ast-banner-title-visibility":"","ast-main-header-display":"","ast-hfb-above-header-display":"","ast-hfb-below-header-display":"","ast-hfb-mobile-header-display":"","site-post-title":"","ast-breadcrumbs-content":"","ast-featured-img":"","footer-sml-layout":"","ast-disable-related-posts":"","theme-transparent-header-meta":"","adv-header-id-meta":"","stick-header-meta":"","header-above-stick-meta":"","header-main-stick-meta":"","header-below-stick-meta":"","astra-migrate-meta-layouts":"default","ast-page-background-enabled":"default","ast-page-background-meta":{"desktop":{"background-color":"var(--ast-global-color-4)","background-image":"","background-repeat":"repeat","background-position":"center center","background-size":"auto","background-attachment":"scroll","background-type":"","background-media":"","overlay-type":"","overlay-color":"","overlay-opacity":"","overlay-gradient":""},"tablet":{"background-color":"","background-image":"","background-repeat":"repeat","background-position":"center center","background-size":"auto","background-attachment":"scroll","background-type":"","background-media":"","overlay-type":"","overlay-color":"","overlay-opacity":"","overlay-gradient":""},"mobile":{"background-color":"","background-image":"","background-repeat":"repeat","background-position":"center center","background-size":"auto","background-attachment":"scroll","background-type":"","background-media":"","overlay-type":"","overlay-color":"","overlay-opacity":"","overlay-gradient":""}},"ast-content-background-meta":{"desktop":{"background-color":"var(--ast-global-color-5)","background-image":"","background-repeat":"repeat","background-position":"center center","background-size":"auto","background-attachment":"scroll","background-type":"","background-media":"","overlay-type":"","overlay-color":"","overlay-opacity":"","overlay-gradient":""},"tablet":{"background-color":"var(--ast-global-color-5)","background-image":"","background-repeat":"repeat","background-position":"center center","background-size":"auto","background-attachment":"scroll","background-type":"","background-media":"","overlay-type":"","overlay-color":"","overlay-opacity":"","overlay-gradient":""},"mobile":{"background-color":"var(--ast-global-color-5)","background-image":"","background-repeat":"repeat","background-position":"center center","background-size":"auto","background-attachment":"scroll","background-type":"","background-media":"","overlay-type":"","overlay-color":"","overlay-opacity":"","overlay-gradient":""}},"footnotes":""},"class_list":["post-146429","page","type-page","status-publish","has-post-thumbnail","hentry"],"_links":{"self":[{"href":"https:\/\/medclinics.com\/es\/wp-json\/wp\/v2\/pages\/146429","targetHints":{"allow":["GET"]}}],"collection":[{"href":"https:\/\/medclinics.com\/es\/wp-json\/wp\/v2\/pages"}],"about":[{"href":"https:\/\/medclinics.com\/es\/wp-json\/wp\/v2\/types\/page"}],"author":[{"embeddable":true,"href":"https:\/\/medclinics.com\/es\/wp-json\/wp\/v2\/users\/4"}],"replies":[{"embeddable":true,"href":"https:\/\/medclinics.com\/es\/wp-json\/wp\/v2\/comments?post=146429"}],"version-history":[{"count":0,"href":"https:\/\/medclinics.com\/es\/wp-json\/wp\/v2\/pages\/146429\/revisions"}],"wp:featuredmedia":[{"embeddable":true,"href":"https:\/\/medclinics.com\/es\/wp-json\/wp\/v2\/media\/92657"}],"wp:attachment":[{"href":"https:\/\/medclinics.com\/es\/wp-json\/wp\/v2\/media?parent=146429"}],"curies":[{"name":"wp","href":"https:\/\/api.w.org\/{rel}","templated":true}]}}