{"id":146417,"date":"2023-05-23T14:08:52","date_gmt":"2023-05-23T11:08:52","guid":{"rendered":"https:\/\/medclinics.com\/inseminacion\/"},"modified":"2025-01-02T16:30:44","modified_gmt":"2025-01-02T13:30:44","slug":"inseminacion","status":"publish","type":"page","link":"https:\/\/medclinics.com\/es\/inseminacion\/","title":{"rendered":"Inseminaci\u00f3n"},"content":{"rendered":"\n<h2 class=\"wp-block-heading\">La inseminaci\u00f3n es la extraordinaria danza de la ciencia y la naturaleza, donde la esperanza se alimenta y los milagros alzan el vuelo.<\/h2>\n\n<p>Consiste en inyectar espermatozoides sanos y m\u00f3viles en el \u00fatero, el cuello uterino o las trompas de Falopio.<br\/>Este m\u00e9todo suele utilizarse cuando la mujer padece enfermedades del cuello uterino o cuando los espermatozoides son de mala calidad o no est\u00e1n en cantidad suficiente.<\/p>\n\n<p>Con este m\u00e9todo, puede esperar un <strong>porcentaje de \u00e9xito de entre el 10% y el 25%<\/strong>.<\/p>\n\n<p>Se denomina <strong>inseminaci\u00f3n intrauterina (IIU)<\/strong> cuando el esperma se inyecta directamente en el \u00fatero y no en el cuello uterino. S\u00f3lo puede utilizarse esperma purificado para evitar reacciones al\u00e9rgicas graves. Esto se consigue eliminando los espermatozoides muertos y otras c\u00e9lulas del eyaculado, y congelando los espermatozoides vivos restantes con un conservante para mantener un pH \u00f3ptimo. Durante la ovulaci\u00f3n, el esperma limpio se transfiere directamente al \u00fatero.<\/p>\n\n<p><strong>En la inseminaci\u00f3n intracervical<\/strong>(ICI), los espermatozoides que contienen todo el eyaculado y los fluidos naturales se inyectan en la parte alta de la vagina de la mujer, cerca del cuello uterino. Los espermatozoides m\u00e1s m\u00f3viles atraviesan el moco cervical y penetran en el \u00fatero, igual que en el coito natural.<\/p>\n\n<p><strong>En la inseminaci\u00f3n intratub\u00e1rica (ITI)<\/strong>, los espermatozoides se inyectan directamente en la trompa de Falopio. Esto acorta la distancia que tienen que recorrer para llegar al \u00fatero.<br\/>Este m\u00e9todo requiere que los espermatozoides se preparen y purifiquen de antemano, al igual que en <a href=\"https:\/\/de.wikipedia.org\/wiki\/Intrauterine_Insemination\" target=\"_blank\" rel=\"noreferrer noopener\">la IIU<\/a>.<\/p>\n\n<h3 class=\"wp-block-heading\">Todo lo que necesita saber sobre la <a href=\"https:\/\/medclinics.com\/ivf-in-vitro-fertilisation\/\" target=\"_blank\" rel=\"noreferrer noopener\">inseminaci\u00f3n artificial<\/a>, incluido el precio, los cuidados postoperatorios y el proceso de curaci\u00f3n, o p\u00f3ngase <a href=\"#requestform\">en contacto con nosotros<\/a>.<\/h3>\n\n<figure class=\"wp-block-image size-large\"><img fetchpriority=\"high\" decoding=\"async\" width=\"2560\" height=\"1536\" src=\"https:\/\/medclinics.com\/wp-content\/uploads\/2023\/01\/IVF-In-vitro-Fertilisation-Insemination-scaled.jpg\" alt=\"Inseminaci&#xF3;n en Estambul (Turqu&#xED;a)\" class=\"wp-image-16133\" srcset=\"https:\/\/medclinics.com\/wp-content\/uploads\/2023\/01\/IVF-In-vitro-Fertilisation-Insemination-scaled.jpg 2560w, https:\/\/medclinics.com\/wp-content\/uploads\/2023\/01\/IVF-In-vitro-Fertilisation-Insemination-300x180.jpg 300w, https:\/\/medclinics.com\/wp-content\/uploads\/2023\/01\/IVF-In-vitro-Fertilisation-Insemination-1024x614.jpg 1024w, https:\/\/medclinics.com\/wp-content\/uploads\/2023\/01\/IVF-In-vitro-Fertilisation-Insemination-768x461.jpg 768w, https:\/\/medclinics.com\/wp-content\/uploads\/2023\/01\/IVF-In-vitro-Fertilisation-Insemination-1536x922.jpg 1536w, https:\/\/medclinics.com\/wp-content\/uploads\/2023\/01\/IVF-In-vitro-Fertilisation-Insemination-2048x1229.jpg 2048w, https:\/\/medclinics.com\/wp-content\/uploads\/2023\/01\/IVF-In-vitro-Fertilisation-Insemination-600x360.jpg 600w\" sizes=\"(max-width: 2560px) 100vw, 2560px\" \/><\/figure>\n\n<h2 class=\"wp-block-heading\">PREGUNTAS FRECUENTES<\/h2>\n<div id=\"rank-math-faq\" class=\"rank-math-block\">\n<div class=\"rank-math-list \">\n<div id=\"faq-question-1682603361561\" class=\"rank-math-list-item\">\n<h3 class=\"rank-math-question \">\u00bfQu\u00e9 diferencia hay entre la inseminaci\u00f3n y el tratamiento de FIV?<\/h3>\n<div class=\"rank-math-answer \">\n\n<p>Durante la inseminaci\u00f3n, los espermatozoides se inyectan en el cuerpo de la mujer. Para este procedimiento, existen diferentes m\u00e9todos, como la IIU, la ICI o la ITI. La fecundaci\u00f3n tiene lugar en el cuerpo de la mujer.<br \/>Durante un tratamiento de FIV, la fecundaci\u00f3n se realiza en un laboratorio.<\/p>\n\n<\/div>\n<\/div>\n<div id=\"faq-question-1682665852961\" class=\"rank-math-list-item\">\n<h3 class=\"rank-math-question \">\u00bfNecesito medicaci\u00f3n hormonal antes de la inseminaci\u00f3n?<\/h3>\n<div class=\"rank-math-answer \">\n\n<p>Su m\u00e9dico puede recetarle alg\u00fan medicamento antes del tratamiento, dependiendo de su situaci\u00f3n individual. Puede utilizarse medicaci\u00f3n hormonal para estimular los ovarios, de modo que se produzcan m\u00e1s \u00f3vulos y aumenten las probabilidades de \u00e9xito de la inseminaci\u00f3n.<\/p>\n\n<\/div>\n<\/div>\n<div id=\"faq-question-1682666623404\" class=\"rank-math-list-item\">\n<h3 class=\"rank-math-question \">\u00bfPuedo obtener una donaci\u00f3n de esperma en Turqu\u00eda?<\/h3>\n<div class=\"rank-math-answer \">\n\n<p>No, en Turqu\u00eda, tanto la donaci\u00f3n de esperma como la de \u00f3vulos no est\u00e1n permitidas por la ley. S\u00f3lo las parejas casadas pueden someterse a un tratamiento de fecundaci\u00f3n.<\/p>\n\n<\/div>\n<\/div>\n<\/div>\n<\/div>\n<h3 class=\"wp-block-heading\">P\u00f3ngase en contacto con nosotros si tiene alguna pregunta.<\/h3>\n","protected":false},"excerpt":{"rendered":"<p>La inseminaci\u00f3n es la extraordinaria danza de la ciencia y la naturaleza, donde la esperanza se alimenta y los milagros [&hellip;]<\/p>\n","protected":false},"author":4,"featured_media":91597,"parent":0,"menu_order":0,"comment_status":"closed","ping_status":"closed","template":"","meta":{"site-sidebar-layout":"default","site-content-layout":"","ast-site-content-layout":"default","site-content-style":"default","site-sidebar-style":"default","ast-global-header-display":"","ast-banner-title-visibility":"","ast-main-header-display":"","ast-hfb-above-header-display":"","ast-hfb-below-header-display":"","ast-hfb-mobile-header-display":"","site-post-title":"","ast-breadcrumbs-content":"","ast-featured-img":"","footer-sml-layout":"","ast-disable-related-posts":"","theme-transparent-header-meta":"","adv-header-id-meta":"","stick-header-meta":"","header-above-stick-meta":"","header-main-stick-meta":"","header-below-stick-meta":"","astra-migrate-meta-layouts":"default","ast-page-background-enabled":"default","ast-page-background-meta":{"desktop":{"background-color":"var(--ast-global-color-4)","background-image":"","background-repeat":"repeat","background-position":"center center","background-size":"auto","background-attachment":"scroll","background-type":"","background-media":"","overlay-type":"","overlay-color":"","overlay-opacity":"","overlay-gradient":""},"tablet":{"background-color":"","background-image":"","background-repeat":"repeat","background-position":"center center","background-size":"auto","background-attachment":"scroll","background-type":"","background-media":"","overlay-type":"","overlay-color":"","overlay-opacity":"","overlay-gradient":""},"mobile":{"background-color":"","background-image":"","background-repeat":"repeat","background-position":"center center","background-size":"auto","background-attachment":"scroll","background-type":"","background-media":"","overlay-type":"","overlay-color":"","overlay-opacity":"","overlay-gradient":""}},"ast-content-background-meta":{"desktop":{"background-color":"var(--ast-global-color-5)","background-image":"","background-repeat":"repeat","background-position":"center center","background-size":"auto","background-attachment":"scroll","background-type":"","background-media":"","overlay-type":"","overlay-color":"","overlay-opacity":"","overlay-gradient":""},"tablet":{"background-color":"var(--ast-global-color-5)","background-image":"","background-repeat":"repeat","background-position":"center center","background-size":"auto","background-attachment":"scroll","background-type":"","background-media":"","overlay-type":"","overlay-color":"","overlay-opacity":"","overlay-gradient":""},"mobile":{"background-color":"var(--ast-global-color-5)","background-image":"","background-repeat":"repeat","background-position":"center center","background-size":"auto","background-attachment":"scroll","background-type":"","background-media":"","overlay-type":"","overlay-color":"","overlay-opacity":"","overlay-gradient":""}},"footnotes":""},"class_list":["post-146417","page","type-page","status-publish","has-post-thumbnail","hentry"],"_links":{"self":[{"href":"https:\/\/medclinics.com\/es\/wp-json\/wp\/v2\/pages\/146417","targetHints":{"allow":["GET"]}}],"collection":[{"href":"https:\/\/medclinics.com\/es\/wp-json\/wp\/v2\/pages"}],"about":[{"href":"https:\/\/medclinics.com\/es\/wp-json\/wp\/v2\/types\/page"}],"author":[{"embeddable":true,"href":"https:\/\/medclinics.com\/es\/wp-json\/wp\/v2\/users\/4"}],"replies":[{"embeddable":true,"href":"https:\/\/medclinics.com\/es\/wp-json\/wp\/v2\/comments?post=146417"}],"version-history":[{"count":0,"href":"https:\/\/medclinics.com\/es\/wp-json\/wp\/v2\/pages\/146417\/revisions"}],"wp:featuredmedia":[{"embeddable":true,"href":"https:\/\/medclinics.com\/es\/wp-json\/wp\/v2\/media\/91597"}],"wp:attachment":[{"href":"https:\/\/medclinics.com\/es\/wp-json\/wp\/v2\/media?parent=146417"}],"curies":[{"name":"wp","href":"https:\/\/api.w.org\/{rel}","templated":true}]}}