{"id":146407,"date":"2023-05-23T14:05:32","date_gmt":"2023-05-23T14:05:32","guid":{"rendered":"https:\/\/medclinics.com\/lifting-de-hilos-franceses\/"},"modified":"2024-04-04T19:34:44","modified_gmt":"2024-04-04T16:34:44","slug":"lifting-de-hilos-franceses","status":"publish","type":"page","link":"https:\/\/medclinics.com\/es\/lifting-de-hilos-franceses\/","title":{"rendered":"Lifting de hilos franceses"},"content":{"rendered":"\n<h2 class=\"wp-block-heading\">Si est\u00e1 pensando en someterse a un lifting de hilos franceses u otras opciones similares no invasivas disponibles en la actualidad. Aqu\u00ed es perfecto para usted.<\/h2>\n\n<p>El lifting con hilos franceses, tambi\u00e9n conocido como \u00bb <a href=\"https:\/\/en.wikipedia.org\/wiki\/Rhytidectomy\" target=\"_blank\" rel=\"noreferrer noopener\">lifting facial<\/a>no quir\u00fargico\u00bb, es un excelente procedimiento cosm\u00e9tico cuyo objetivo es tensar y elevar los tejidos faciales ca\u00eddos. Para ello se utilizan suturas disolubles con peque\u00f1os conos o p\u00faas que se introducen en la piel y de las que se tira suavemente para recolocar las zonas afectadas.<\/p>\n\n<p>A diferencia de la cirug\u00eda de lifting facial tradicional, este tratamiento m\u00ednimamente invasivo puede realizarse con anestesia local, sin incisiones extensas ni cirug\u00eda mayor. Los peque\u00f1os puntos de entrada en la piel facilitan la inserci\u00f3n de los hilos, mientras que sus anclajes c\u00f3nicos los mantienen firmemente en su sitio durante el ajuste.<\/p>\n\n<p>Una de sus principales ventajas es un menor tiempo de recuperaci\u00f3n en comparaci\u00f3n con los procedimientos quir\u00fargicos; sin embargo, es importante no esperar resultados espectaculares y duraderos como los de cirug\u00edas m\u00e1s invasivas, como las t\u00e9cnicas de lifting facial.<\/p>\n\n<p>Los resultados suelen durar desde varios meses hasta un a\u00f1o, dependiendo de factores individuales como la edad (calidad de la piel), h\u00e1bitos de vida, etc.<\/p>\n\n<h3 class=\"wp-block-heading\">Todo lo que necesita saber sobre el <a href=\"https:\/\/medclinics.com\/es\/belleza\/\" target=\"_blank\" rel=\"noreferrer noopener\">tratamiento de belleza<\/a>, incluido el precio, los cuidados posteriores y el proceso de curaci\u00f3n, o p\u00f3ngase <a href=\"#requestform\">en contacto con nosotros<\/a>.<\/h3>\n\n<h2 class=\"wp-block-heading\">PREGUNTAS FRECUENTES <\/h2>\n<div id=\"rank-math-faq\" class=\"rank-math-block\">\n<div class=\"rank-math-list \">\n<div id=\"faq-question-1684850407993\" class=\"rank-math-list-item\">\n<h3 class=\"rank-math-question \">\u00bfQu\u00e9 es un ascensor franc\u00e9s?<\/h3>\n<div class=\"rank-math-answer \">\n\n<p>El lifting franc\u00e9s es un t\u00e9rmino utilizado en la industria de la belleza, podr\u00eda hacer referencia a una t\u00e9cnica o tratamiento de lifting facial no quir\u00fargico que tiene como objetivo proporcionar efectos lifting y rejuvenecedores al rostro. Los procedimientos de lifting facial no quir\u00fargico suelen implicar el uso de rellenos d\u00e9rmicos, hilos tensores u otras t\u00e9cnicas no invasivas para mejorar el contorno facial, levantar la piel fl\u00e1cida y reducir la aparici\u00f3n de arrugas.<\/p>\n\n<\/div>\n<\/div>\n<div id=\"faq-question-1684850513957\" class=\"rank-math-list-item\">\n<h3 class=\"rank-math-question \">\u00bfEs mejor el lifting con hilo que el relajante muscular?<\/h3>\n<div class=\"rank-math-answer \">\n\n<p>El lifting con hilos tensores y los relajantes musculares son tratamientos diferentes que abordan problemas distintos. Los hilos tensores levantan la piel fl\u00e1cida, mientras que los relajantes musculares relajan temporalmente determinados m\u00fasculos faciales para reducir las arrugas causadas por las contracciones musculares. La elecci\u00f3n depende de los objetivos individuales y de la consulta con un profesional sanitario.<\/p>\n\n<\/div>\n<\/div>\n<div id=\"faq-question-1684850650088\" class=\"rank-math-list-item\">\n<h3 class=\"rank-math-question \">\u00bfEs seguro el lifting con hilo franc\u00e9s?<\/h3>\n<div class=\"rank-math-answer \">\n\n<p>Cuando lo realiza un profesional experto y cualificado, el lifting con hilos franceses puede ser un procedimiento seguro. Sin embargo, existen riesgos y complicaciones potenciales, por lo que es importante elegir un profesional acreditado y realizar una consulta previa exhaustiva.<\/p>\n\n<\/div>\n<\/div>\n<\/div>\n<\/div>\n<p><\/p>\n\n<h3 class=\"wp-block-heading\">P\u00f3ngase en contacto con nosotros si tiene alguna pregunta.<\/h3>\n","protected":false},"excerpt":{"rendered":"<p>Si est\u00e1 pensando en someterse a un lifting de hilos franceses u otras opciones similares no invasivas disponibles en la [&hellip;]<\/p>\n","protected":false},"author":4,"featured_media":93055,"parent":0,"menu_order":0,"comment_status":"closed","ping_status":"closed","template":"","meta":{"site-sidebar-layout":"default","site-content-layout":"","ast-site-content-layout":"default","site-content-style":"default","site-sidebar-style":"default","ast-global-header-display":"","ast-banner-title-visibility":"","ast-main-header-display":"","ast-hfb-above-header-display":"","ast-hfb-below-header-display":"","ast-hfb-mobile-header-display":"","site-post-title":"","ast-breadcrumbs-content":"","ast-featured-img":"","footer-sml-layout":"","ast-disable-related-posts":"","theme-transparent-header-meta":"","adv-header-id-meta":"","stick-header-meta":"","header-above-stick-meta":"","header-main-stick-meta":"","header-below-stick-meta":"","astra-migrate-meta-layouts":"default","ast-page-background-enabled":"default","ast-page-background-meta":{"desktop":{"background-color":"var(--ast-global-color-4)","background-image":"","background-repeat":"repeat","background-position":"center center","background-size":"auto","background-attachment":"scroll","background-type":"","background-media":"","overlay-type":"","overlay-color":"","overlay-opacity":"","overlay-gradient":""},"tablet":{"background-color":"","background-image":"","background-repeat":"repeat","background-position":"center center","background-size":"auto","background-attachment":"scroll","background-type":"","background-media":"","overlay-type":"","overlay-color":"","overlay-opacity":"","overlay-gradient":""},"mobile":{"background-color":"","background-image":"","background-repeat":"repeat","background-position":"center center","background-size":"auto","background-attachment":"scroll","background-type":"","background-media":"","overlay-type":"","overlay-color":"","overlay-opacity":"","overlay-gradient":""}},"ast-content-background-meta":{"desktop":{"background-color":"var(--ast-global-color-5)","background-image":"","background-repeat":"repeat","background-position":"center center","background-size":"auto","background-attachment":"scroll","background-type":"","background-media":"","overlay-type":"","overlay-color":"","overlay-opacity":"","overlay-gradient":""},"tablet":{"background-color":"var(--ast-global-color-5)","background-image":"","background-repeat":"repeat","background-position":"center center","background-size":"auto","background-attachment":"scroll","background-type":"","background-media":"","overlay-type":"","overlay-color":"","overlay-opacity":"","overlay-gradient":""},"mobile":{"background-color":"var(--ast-global-color-5)","background-image":"","background-repeat":"repeat","background-position":"center center","background-size":"auto","background-attachment":"scroll","background-type":"","background-media":"","overlay-type":"","overlay-color":"","overlay-opacity":"","overlay-gradient":""}},"footnotes":""},"class_list":["post-146407","page","type-page","status-publish","has-post-thumbnail","hentry"],"_links":{"self":[{"href":"https:\/\/medclinics.com\/es\/wp-json\/wp\/v2\/pages\/146407","targetHints":{"allow":["GET"]}}],"collection":[{"href":"https:\/\/medclinics.com\/es\/wp-json\/wp\/v2\/pages"}],"about":[{"href":"https:\/\/medclinics.com\/es\/wp-json\/wp\/v2\/types\/page"}],"author":[{"embeddable":true,"href":"https:\/\/medclinics.com\/es\/wp-json\/wp\/v2\/users\/4"}],"replies":[{"embeddable":true,"href":"https:\/\/medclinics.com\/es\/wp-json\/wp\/v2\/comments?post=146407"}],"version-history":[{"count":0,"href":"https:\/\/medclinics.com\/es\/wp-json\/wp\/v2\/pages\/146407\/revisions"}],"wp:featuredmedia":[{"embeddable":true,"href":"https:\/\/medclinics.com\/es\/wp-json\/wp\/v2\/media\/93055"}],"wp:attachment":[{"href":"https:\/\/medclinics.com\/es\/wp-json\/wp\/v2\/media?parent=146407"}],"curies":[{"name":"wp","href":"https:\/\/api.w.org\/{rel}","templated":true}]}}