{"id":146395,"date":"2023-05-20T13:49:19","date_gmt":"2023-05-20T10:49:19","guid":{"rendered":"https:\/\/medclinics.com\/forma-plus-5\/"},"modified":"2024-04-04T19:32:59","modified_gmt":"2024-04-04T16:32:59","slug":"forma-plus-5","status":"publish","type":"page","link":"https:\/\/medclinics.com\/es\/forma-plus-5\/","title":{"rendered":"Forma Plus"},"content":{"rendered":"\n<h2 class=\"wp-block-heading\">\u00a1Mejore el aspecto de su piel con el Tratamiento Forma Plus!<\/h2>\n\n<p>Forma Plus es un revolucionario tratamiento cosm\u00e9tico no invasivo que utiliza la m\u00e1s avanzada tecnolog\u00eda de radiofrecuencia (RF) para mejorar el aspecto de la piel y estimular la producci\u00f3n de col\u00e1geno. Como variante de nuestro tratamiento Forma, de gran eficacia, est\u00e1 espec\u00edficamente dise\u00f1ado para tensar y tonificar zonas fl\u00e1cidas como el abdomen, los muslos o los gl\u00fateos.<\/p>\n\n<p>Durante cada sesi\u00f3n, experimentar\u00e1 el poder de los electrodos emisores de energ\u00eda de radiofrecuencia aplicados directamente en las partes del cuerpo deseadas con facilidad mediante un dispositivo port\u00e1til. El calor penetra profundamente en las capas situadas bajo la superficie de la piel, donde estimula la producci\u00f3n de col\u00e1geno al calentar los tejidos de estas zonas propensas a los problemas.<\/p>\n\n<p>El <a href=\"https:\/\/en.wikipedia.org\/wiki\/Collagen\" target=\"_blank\" rel=\"noreferrer noopener\">col\u00e1geno<\/a> desempe\u00f1a un papel esencial en la estructura y el sost\u00e9n de una piel de aspecto saludable, que disminuye de forma natural con el paso del tiempo, provocando arrugas y flacidez. Por eso, nuestro objetivo es invertir este proceso promoviendo su remodelaci\u00f3n y tensando los pliegues sueltos de la parte superior.<\/p>\n\n<p>El efecto de calentamiento controlado hace que las fibras subyacentes de las zonas tratadas se contraigan, lo que da como resultado un cutis no s\u00f3lo m\u00e1s tenso, sino tambi\u00e9n m\u00e1s joven. Adem\u00e1s, la activaci\u00f3n de las respuestas naturales de curaci\u00f3n de adentro hacia afuera estimula el crecimiento de nuevas fibras mejorando a\u00fan m\u00e1s los niveles de elasticidad reduciendo la visibilidad de la celulitis a\u00fan m\u00e1s que antes asegur\u00e1ndose de que cada pulgada se vea tonificada como nunca antes se hab\u00eda visto posible todo gracias de nuevo debido \u00fanicamente al uso de una herramienta simple pero poderosa: \u00abForma Plus\u00bb.<\/p>\n\n<p>Tampoco es necesaria la anestesia durante los tratamientos, ya que suelen ser bien tolerados, duran entre 30 minutos-1 hora dependiendo del tama\u00f1o de la zona tratada por frecuencia de visita y se recomiendan a intervalos de varias semanas, lo que permite alcanzar resultados \u00f3ptimos de forma gradual, sin experimentar molestias durante todo el camino recorrido para lograr los resultados deseados. En definitiva, las expectativas previstas de antemano antes de iniciar el viaje que hemos emprendido juntos al elegirnos hoy aqu\u00ed se han cumplido con creces.<\/p>\n\n<h3 class=\"wp-block-heading\">Todo lo que necesita saber sobre el <a href=\"https:\/\/medclinics.com\/es\/belleza\/\" target=\"_blank\" rel=\"noreferrer noopener\">tratamiento de belleza<\/a>, incluido el precio, los cuidados posteriores y el proceso de curaci\u00f3n, o p\u00f3ngase <a href=\"#requestform\">en contacto con nosotros<\/a>.<\/h3>\n\n<h2 class=\"wp-block-heading\">PREGUNTAS FRECUENTES <\/h2>\n<div id=\"rank-math-faq\" class=\"rank-math-block\">\n<div class=\"rank-math-list \">\n<div id=\"faq-question-1684849493400\" class=\"rank-math-list-item\">\n<h3 class=\"rank-math-question \">\u00bfQu\u00e9 es Forma Plus?<\/h3>\n<div class=\"rank-math-answer \">\n\n<p>Forma Plus es una versi\u00f3n avanzada del tratamiento Forma. Es un procedimiento no invasivo de estiramiento y rejuvenecimiento de la piel que utiliza energ\u00eda de radiofrecuencia. Forma Plus se ha dise\u00f1ado espec\u00edficamente para tratar zonas m\u00e1s amplias y proporcionar unos beneficios de estiramiento y contorno de la piel m\u00e1s completos. Similar a Forma, Forma Plus suministra energ\u00eda de radiofrecuencia controlada a las capas profundas de la piel. El calor generado estimula la producci\u00f3n de col\u00e1geno y favorece la remodelaci\u00f3n de los tejidos, lo que se traduce en una piel m\u00e1s firme, tersa y joven. El tratamiento puede aplicarse en varias zonas del cuerpo, como el abdomen, los muslos, las nalgas y los brazos, para tratar problemas como la piel fl\u00e1cida, la celulitis y la laxitud general de la piel. Forma Plus se realiza en una serie de sesiones de tratamiento, normalmente espaciadas varias semanas para lograr resultados \u00f3ptimos. El n\u00famero de sesiones necesarias puede variar en funci\u00f3n de factores individuales, como el resultado deseado y el estado de la piel tratada.<\/p>\n\n<\/div>\n<\/div>\n<div id=\"faq-question-1684849495916\" class=\"rank-math-list-item\">\n<h3 class=\"rank-math-question \">\u00bfFunciona realmente el l\u00e1ser forma?<\/h3>\n<div class=\"rank-math-answer \">\n\n<p>El l\u00e1ser Forma es un tratamiento cut\u00e1neo no invasivo que utiliza la tecnolog\u00eda de radiofrecuencia para estimular la producci\u00f3n de col\u00e1geno y mejorar el aspecto de la piel. Puede tensar la piel, reducir las arrugas y favorecer el rejuvenecimiento cut\u00e1neo. El tratamiento suministra energ\u00eda de radiofrecuencia a las capas m\u00e1s profundas de la piel, estimulando la producci\u00f3n de col\u00e1geno y elastina para mejorar la elasticidad y firmeza de la piel. Suelen ser necesarias varias sesiones de tratamiento para obtener resultados \u00f3ptimos. Se recomienda consultar con un profesional sanitario para determinar si el l\u00e1ser Forma es adecuado para los problemas y objetivos individuales.<\/p>\n\n<\/div>\n<\/div>\n<div id=\"faq-question-1684849509197\" class=\"rank-math-list-item\">\n<h3 class=\"rank-math-question \">\u00bfEs Forma un buen tratamiento?<\/h3>\n<div class=\"rank-math-answer \">\n\n<p>Forma es un tratamiento cut\u00e1neo no invasivo que utiliza energ\u00eda de radiofrecuencia para estimular la producci\u00f3n de col\u00e1geno y mejorar el aspecto de la piel. Se ha demostrado su eficacia para el estiramiento y el rejuvenecimiento de la piel. Sin embargo, los resultados individuales pueden variar, y lo mejor es consultar a un profesional sanitario para obtener recomendaciones personalizadas.<\/p>\n\n<\/div>\n<\/div>\n<\/div>\n<\/div>\n<p><\/p>\n\n<h3 class=\"wp-block-heading\">P\u00f3ngase en contacto con nosotros si tiene alguna pregunta.<\/h3>\n","protected":false},"excerpt":{"rendered":"<p>\u00a1Mejore el aspecto de su piel con el Tratamiento Forma Plus! Forma Plus es un revolucionario tratamiento cosm\u00e9tico no invasivo [&hellip;]<\/p>\n","protected":false},"author":4,"featured_media":92629,"parent":0,"menu_order":0,"comment_status":"closed","ping_status":"closed","template":"","meta":{"site-sidebar-layout":"default","site-content-layout":"","ast-site-content-layout":"default","site-content-style":"default","site-sidebar-style":"default","ast-global-header-display":"","ast-banner-title-visibility":"","ast-main-header-display":"","ast-hfb-above-header-display":"","ast-hfb-below-header-display":"","ast-hfb-mobile-header-display":"","site-post-title":"","ast-breadcrumbs-content":"","ast-featured-img":"","footer-sml-layout":"","ast-disable-related-posts":"","theme-transparent-header-meta":"","adv-header-id-meta":"","stick-header-meta":"","header-above-stick-meta":"","header-main-stick-meta":"","header-below-stick-meta":"","astra-migrate-meta-layouts":"default","ast-page-background-enabled":"default","ast-page-background-meta":{"desktop":{"background-color":"var(--ast-global-color-4)","background-image":"","background-repeat":"repeat","background-position":"center center","background-size":"auto","background-attachment":"scroll","background-type":"","background-media":"","overlay-type":"","overlay-color":"","overlay-opacity":"","overlay-gradient":""},"tablet":{"background-color":"","background-image":"","background-repeat":"repeat","background-position":"center center","background-size":"auto","background-attachment":"scroll","background-type":"","background-media":"","overlay-type":"","overlay-color":"","overlay-opacity":"","overlay-gradient":""},"mobile":{"background-color":"","background-image":"","background-repeat":"repeat","background-position":"center center","background-size":"auto","background-attachment":"scroll","background-type":"","background-media":"","overlay-type":"","overlay-color":"","overlay-opacity":"","overlay-gradient":""}},"ast-content-background-meta":{"desktop":{"background-color":"var(--ast-global-color-5)","background-image":"","background-repeat":"repeat","background-position":"center center","background-size":"auto","background-attachment":"scroll","background-type":"","background-media":"","overlay-type":"","overlay-color":"","overlay-opacity":"","overlay-gradient":""},"tablet":{"background-color":"var(--ast-global-color-5)","background-image":"","background-repeat":"repeat","background-position":"center center","background-size":"auto","background-attachment":"scroll","background-type":"","background-media":"","overlay-type":"","overlay-color":"","overlay-opacity":"","overlay-gradient":""},"mobile":{"background-color":"var(--ast-global-color-5)","background-image":"","background-repeat":"repeat","background-position":"center center","background-size":"auto","background-attachment":"scroll","background-type":"","background-media":"","overlay-type":"","overlay-color":"","overlay-opacity":"","overlay-gradient":""}},"footnotes":""},"class_list":["post-146395","page","type-page","status-publish","has-post-thumbnail","hentry"],"_links":{"self":[{"href":"https:\/\/medclinics.com\/es\/wp-json\/wp\/v2\/pages\/146395","targetHints":{"allow":["GET"]}}],"collection":[{"href":"https:\/\/medclinics.com\/es\/wp-json\/wp\/v2\/pages"}],"about":[{"href":"https:\/\/medclinics.com\/es\/wp-json\/wp\/v2\/types\/page"}],"author":[{"embeddable":true,"href":"https:\/\/medclinics.com\/es\/wp-json\/wp\/v2\/users\/4"}],"replies":[{"embeddable":true,"href":"https:\/\/medclinics.com\/es\/wp-json\/wp\/v2\/comments?post=146395"}],"version-history":[{"count":0,"href":"https:\/\/medclinics.com\/es\/wp-json\/wp\/v2\/pages\/146395\/revisions"}],"wp:featuredmedia":[{"embeddable":true,"href":"https:\/\/medclinics.com\/es\/wp-json\/wp\/v2\/media\/92629"}],"wp:attachment":[{"href":"https:\/\/medclinics.com\/es\/wp-json\/wp\/v2\/media?parent=146395"}],"curies":[{"name":"wp","href":"https:\/\/api.w.org\/{rel}","templated":true}]}}