{"id":146381,"date":"2023-05-23T13:33:36","date_gmt":"2023-05-23T10:33:36","guid":{"rendered":"https:\/\/medclinics.com\/sudoracion-de-los-pies\/"},"modified":"2024-04-04T19:19:50","modified_gmt":"2024-04-04T16:19:50","slug":"sudoracion-de-los-pies","status":"publish","type":"page","link":"https:\/\/medclinics.com\/es\/sudoracion-de-los-pies\/","title":{"rendered":"Sudoraci\u00f3n de los pies"},"content":{"rendered":"\n<h2 class=\"wp-block-heading\">\u00bfEst\u00e1 cansado de lidiar con la sudoraci\u00f3n excesiva de los pies, tambi\u00e9n conocida como hiperhidrosis plantar? Por suerte, existen varios tratamientos no quir\u00fargicos para aliviar este problema.<\/h2>\n\n<p>Una opci\u00f3n es utilizar antitranspirantes que contengan hexahidrato de cloruro de aluminio, que pueden bloquear temporalmente las gl\u00e1ndulas sudor\u00edparas y reducir la cantidad de sudor. Otra soluci\u00f3n son las cremas o lociones t\u00f3picas que contienen glicopirrolato, que act\u00faa reduciendo la sudoraci\u00f3n mediante un agente anticolin\u00e9rgico.<\/p>\n\n<p>La iontoforesis es otro m\u00e9todo de tratamiento en el que se introducen los pies en un ba\u00f1o de agua mientras d\u00e9biles corrientes el\u00e9ctricas lo atraviesan bloqueando las gl\u00e1ndulas sudor\u00edparas para aliviar temporalmente el exceso de humedad en la superficie de la piel.  Las inyecciones de <a href=\"https:\/\/en.wikipedia.org\/wiki\/Muscle_relaxant\" target=\"_blank\" rel=\"noreferrer noopener\">relajantes musculares<\/a> pueden recomendarse si fracasan otros m\u00e9todos, ya que la toxina botul\u00ednica bloquea las se\u00f1ales nerviosas responsables de estimular la producci\u00f3n de sudor, lo que reduce la cantidad total producida.<\/p>\n\n<p>Los medicamentos orales, como la oxibutinina o los betabloqueantes, tambi\u00e9n pueden proporcionar cierto alivio dependiendo de cada caso; sin embargo, la consulta con profesionales sanitarios, como dermat\u00f3logos, garantizar\u00eda un diagn\u00f3stico adecuado antes de recomendar ninguna medida.<\/p>\n\n<p>Por \u00faltimo, los polvos para los pies o los jabones que contienen ingredientes de t\u00e9 negro con vinagre de aceite de \u00e1rbol de t\u00e9 han demostrado su eficacia para controlar el olor asociado a la sudoraci\u00f3n de los pies. Es importante no s\u00f3lo vivir, sino prosperar sin tener que preocuparse de tener los pies sudorosos todo el d\u00eda: \u00a1p\u00f3ngase en contacto con nosotros hoy mismo!<\/p>\n\n<p>No deje que la sudoraci\u00f3n de los pies le frene por m\u00e1s tiempo: consulte hoy mismo a un dermat\u00f3logo para determinar qu\u00e9 opci\u00f3n de tratamiento es la m\u00e1s adecuada para usted.<\/p>\n\n<h3 class=\"wp-block-heading\">Todo lo que necesita saber sobre <a href=\"https:\/\/medclinics.com\/es\/belleza\/\" target=\"_blank\" rel=\"noreferrer noopener\">tratamientos de<\/a> belleza est\u00e1 aqu\u00ed, <a href=\"#requestform\">\u00a1cont\u00e1ctenos<\/a> ahora!<\/h3>\n\n<h2 class=\"wp-block-heading\">PREGUNTAS FRECUENTES <\/h2>\n<div id=\"rank-math-faq\" class=\"rank-math-block\">\n<div class=\"rank-math-list \">\n<div id=\"faq-question-1684848637435\" class=\"rank-math-list-item\">\n<h3 class=\"rank-math-question \">\u00bfC\u00f3mo detener la sudoraci\u00f3n de los pies?<\/h3>\n<div class=\"rank-math-answer \">\n\n<p>Para controlar y reducir la sudoraci\u00f3n de los pies, puede tomar varias medidas. Empieza por mantener los pies limpios y secos, lav\u00e1ndolos a diario y sec\u00e1ndolos bien, sobre todo entre los dedos. Opta por calzado transpirable fabricado con materiales naturales y considera la posibilidad de utilizar plantillas que absorban la humedad o polvos para los pies. Elige calcetines que absorban la humedad y apl\u00edcate antitranspirante o desodorante de pies para controlar el sudor y el olor. Mantenga una buena higiene de los pies, por ejemplo, cort\u00e1ndose las u\u00f1as con regularidad y utilizando productos antibacterianos o antimic\u00f3ticos. Tambi\u00e9n es importante controlar los niveles de estr\u00e9s y buscar tratamiento m\u00e9dico si los remedios caseros no funcionan. Los profesionales sanitarios pueden recomendar intervenciones m\u00e9dicas como antitranspirantes de venta con receta, iontoforesis o inyecciones de Botox. Si la sudoraci\u00f3n de los pies va acompa\u00f1ada de mal olor u otros s\u00edntomas preocupantes, lo mejor es consultar a un profesional sanitario para que le eval\u00fae y le oriente adecuadamente.<\/p>\n\n<\/div>\n<\/div>\n<div id=\"faq-question-1684848668395\" class=\"rank-math-list-item\">\n<h3 class=\"rank-math-question \">\u00bfPor qu\u00e9 se hincha el pie?<\/h3>\n<div class=\"rank-math-answer \">\n\n<p>La hinchaz\u00f3n de los pies puede deberse a diversos factores. Los periodos prolongados de pie o sentado, las lesiones o traumatismos en el pie, el embarazo, el calor, la obesidad y ciertas enfermedades pueden contribuir a la hinchaz\u00f3n del pie. Los medicamentos y las infecciones tambi\u00e9n pueden ser causas potenciales. Es importante prestar atenci\u00f3n a la gravedad y a los s\u00edntomas que acompa\u00f1an a la hinchaz\u00f3n de los pies. La hinchaz\u00f3n repentina o grave, junto con el dolor, el enrojecimiento, el calor o la hinchaz\u00f3n persistente a pesar de los autocuidados, deben motivar una consulta con un profesional sanitario para una evaluaci\u00f3n y orientaci\u00f3n adecuadas. Identificar y abordar la causa subyacente de la hinchaz\u00f3n del pie es esencial para un tratamiento y una gesti\u00f3n adecuados.<\/p>\n\n<\/div>\n<\/div>\n<\/div>\n<\/div>\n<p><\/p>\n\n<h3 class=\"wp-block-heading\">P\u00f3ngase en contacto con nosotros si tiene alguna pregunta.<\/h3>\n","protected":false},"excerpt":{"rendered":"<p>\u00bfEst\u00e1 cansado de lidiar con la sudoraci\u00f3n excesiva de los pies, tambi\u00e9n conocida como hiperhidrosis plantar? Por suerte, existen varios [&hellip;]<\/p>\n","protected":false},"author":4,"featured_media":93439,"parent":0,"menu_order":0,"comment_status":"closed","ping_status":"closed","template":"","meta":{"site-sidebar-layout":"default","site-content-layout":"","ast-site-content-layout":"default","site-content-style":"default","site-sidebar-style":"default","ast-global-header-display":"","ast-banner-title-visibility":"","ast-main-header-display":"","ast-hfb-above-header-display":"","ast-hfb-below-header-display":"","ast-hfb-mobile-header-display":"","site-post-title":"","ast-breadcrumbs-content":"","ast-featured-img":"","footer-sml-layout":"","ast-disable-related-posts":"","theme-transparent-header-meta":"","adv-header-id-meta":"","stick-header-meta":"","header-above-stick-meta":"","header-main-stick-meta":"","header-below-stick-meta":"","astra-migrate-meta-layouts":"default","ast-page-background-enabled":"default","ast-page-background-meta":{"desktop":{"background-color":"var(--ast-global-color-4)","background-image":"","background-repeat":"repeat","background-position":"center center","background-size":"auto","background-attachment":"scroll","background-type":"","background-media":"","overlay-type":"","overlay-color":"","overlay-opacity":"","overlay-gradient":""},"tablet":{"background-color":"","background-image":"","background-repeat":"repeat","background-position":"center center","background-size":"auto","background-attachment":"scroll","background-type":"","background-media":"","overlay-type":"","overlay-color":"","overlay-opacity":"","overlay-gradient":""},"mobile":{"background-color":"","background-image":"","background-repeat":"repeat","background-position":"center center","background-size":"auto","background-attachment":"scroll","background-type":"","background-media":"","overlay-type":"","overlay-color":"","overlay-opacity":"","overlay-gradient":""}},"ast-content-background-meta":{"desktop":{"background-color":"var(--ast-global-color-5)","background-image":"","background-repeat":"repeat","background-position":"center center","background-size":"auto","background-attachment":"scroll","background-type":"","background-media":"","overlay-type":"","overlay-color":"","overlay-opacity":"","overlay-gradient":""},"tablet":{"background-color":"var(--ast-global-color-5)","background-image":"","background-repeat":"repeat","background-position":"center center","background-size":"auto","background-attachment":"scroll","background-type":"","background-media":"","overlay-type":"","overlay-color":"","overlay-opacity":"","overlay-gradient":""},"mobile":{"background-color":"var(--ast-global-color-5)","background-image":"","background-repeat":"repeat","background-position":"center center","background-size":"auto","background-attachment":"scroll","background-type":"","background-media":"","overlay-type":"","overlay-color":"","overlay-opacity":"","overlay-gradient":""}},"footnotes":""},"class_list":["post-146381","page","type-page","status-publish","has-post-thumbnail","hentry"],"_links":{"self":[{"href":"https:\/\/medclinics.com\/es\/wp-json\/wp\/v2\/pages\/146381","targetHints":{"allow":["GET"]}}],"collection":[{"href":"https:\/\/medclinics.com\/es\/wp-json\/wp\/v2\/pages"}],"about":[{"href":"https:\/\/medclinics.com\/es\/wp-json\/wp\/v2\/types\/page"}],"author":[{"embeddable":true,"href":"https:\/\/medclinics.com\/es\/wp-json\/wp\/v2\/users\/4"}],"replies":[{"embeddable":true,"href":"https:\/\/medclinics.com\/es\/wp-json\/wp\/v2\/comments?post=146381"}],"version-history":[{"count":0,"href":"https:\/\/medclinics.com\/es\/wp-json\/wp\/v2\/pages\/146381\/revisions"}],"wp:featuredmedia":[{"embeddable":true,"href":"https:\/\/medclinics.com\/es\/wp-json\/wp\/v2\/media\/93439"}],"wp:attachment":[{"href":"https:\/\/medclinics.com\/es\/wp-json\/wp\/v2\/media?parent=146381"}],"curies":[{"name":"wp","href":"https:\/\/api.w.org\/{rel}","templated":true}]}}