{"id":146369,"date":"2023-05-23T13:17:58","date_gmt":"2023-05-23T13:17:58","guid":{"rendered":"https:\/\/medclinics.com\/disolucion-del-relleno\/"},"modified":"2024-04-04T19:21:43","modified_gmt":"2024-04-04T16:21:43","slug":"disolucion-del-relleno","status":"publish","type":"page","link":"https:\/\/medclinics.com\/es\/disolucion-del-relleno\/","title":{"rendered":"Disoluci\u00f3n del relleno"},"content":{"rendered":"\n<h2 class=\"wp-block-heading\">\u00bfNo est\u00e1 satisfecho con los resultados de su tratamiento de relleno d\u00e9rmico? \u00bfO ha experimentado complicaciones que le causan malestar y preocupaci\u00f3n?  <\/h2>\n\n<h2 class=\"wp-block-heading\">Si es as\u00ed, ha llegado el momento de plantearse un procedimiento m\u00e9dico conocido como disoluci\u00f3n del relleno.<\/h2>\n\n<p>La disoluci\u00f3n o eliminaci\u00f3n del relleno consiste en utilizar una enzima llamada hialuronidasa para disolver los <a href=\"https:\/\/en.wikipedia.org\/wiki\/Injectable_filler\" target=\"_blank\" rel=\"noreferrer noopener\">rellenos d\u00e9rmicos<\/a> m\u00e1s utilizados, compuestos de \u00e1cido hialur\u00f3nico (AH). Al descomponer estas mol\u00e9culas, esta sustancia natural puede eliminarse del organismo. El proceso suele incluir la consulta con un profesional est\u00e9tico cualificado que evaluar\u00e1 si es adecuado para su caso concreto antes de administrar anestesia t\u00f3pica o inyecciones locales para minimizar cualquier posible molestia durante la inyecci\u00f3n.<\/p>\n\n<p>El siguiente paso del procedimiento consiste en inyectar hialuronidasa directamente en las zonas donde se inyectaron los rellenos anteriores. A continuaci\u00f3n, hay que esperar el tiempo suficiente para que sus efectos disuelvan el material no deseado gradualmente hasta que se disuelva por completo, dejando tras de s\u00ed una piel bella y natural.<\/p>\n\n<h3 class=\"wp-block-heading\">Todo lo que necesita saber sobre el <a href=\"https:\/\/medclinics.com\/es\/belleza\/\" target=\"_blank\" rel=\"noreferrer noopener\">tratamiento de belleza<\/a>, incluido el precio, los cuidados posteriores y el proceso de curaci\u00f3n, o p\u00f3ngase <a href=\"#requestform\">en contacto con nosotros<\/a>.<\/h3>\n\n<h2 class=\"wp-block-heading\">PREGUNTAS FRECUENTES <\/h2>\n<div id=\"rank-math-faq\" class=\"rank-math-block\">\n<div class=\"rank-math-list \">\n<div id=\"faq-question-1684847670304\" class=\"rank-math-list-item\">\n<h3 class=\"rank-math-question \">\u00bfDuele la disoluci\u00f3n del relleno?<\/h3>\n<div class=\"rank-math-answer \">\n\n<p>El proceso de disoluci\u00f3n de los rellenos d\u00e9rmicos con hialuronidasa puede causar alguna molestia o dolor leve, pero suele ser manejable y temporal. El nivel de molestias puede variar en funci\u00f3n de factores individuales y de la t\u00e9cnica utilizada. Los profesionales sanitarios pueden tomar medidas para minimizar el dolor durante el procedimiento, como aplicar una crema anest\u00e9sica o utilizar una aguja m\u00e1s peque\u00f1a.<\/p>\n\n<\/div>\n<\/div>\n<div id=\"faq-question-1684847775548\" class=\"rank-math-list-item\">\n<h3 class=\"rank-math-question \">\u00bfQu\u00e9 disuelve el relleno?<\/h3>\n<div class=\"rank-math-answer \">\n\n<p>Los rellenos de \u00e1cido hialur\u00f3nico, el tipo de relleno d\u00e9rmico m\u00e1s utilizado, pueden disolverse utilizando una enzima llamada hialuronidasa. La hialuronidasa descompone las mol\u00e9culas de \u00e1cido hialur\u00f3nico, lo que permite que el cuerpo metabolice y absorba el relleno. La inyecci\u00f3n de hialuronidasa en la zona tratada ayuda a revertir los efectos del relleno y a recuperar el aspecto original. Es importante que la hialuronidasa sea espec\u00edfica para los rellenos de \u00e1cido hialur\u00f3nico y no disuelva otros rellenos.<\/p>\n\n<\/div>\n<\/div>\n<div id=\"faq-question-1684847839390\" class=\"rank-math-list-item\">\n<h3 class=\"rank-math-question \">\u00bfCu\u00e1nto cuesta la disoluci\u00f3n del relleno?<\/h3>\n<div class=\"rank-math-answer \">\n\n<p>El coste de la disoluci\u00f3n del relleno puede variar en funci\u00f3n de varios factores, como la regi\u00f3n, el profesional sanitario que realice el procedimiento, la cantidad de relleno que se disuelva y cualquier tarifa adicional asociada a la cl\u00ednica o centro. En general, el coste de la disoluci\u00f3n del relleno mediante hialuronidasa puede oscilar entre 300 y 800 d\u00f3lares por sesi\u00f3n.<\/p>\n\n<\/div>\n<\/div>\n<\/div>\n<\/div>\n<p><\/p>\n\n<h3 class=\"wp-block-heading\">P\u00f3ngase en contacto con nosotros si tiene alguna pregunta.<\/h3>\n","protected":false},"excerpt":{"rendered":"<p>\u00bfNo est\u00e1 satisfecho con los resultados de su tratamiento de relleno d\u00e9rmico? \u00bfO ha experimentado complicaciones que le causan malestar [&hellip;]<\/p>\n","protected":false},"author":4,"featured_media":92816,"parent":0,"menu_order":0,"comment_status":"closed","ping_status":"closed","template":"","meta":{"site-sidebar-layout":"default","site-content-layout":"","ast-site-content-layout":"default","site-content-style":"default","site-sidebar-style":"default","ast-global-header-display":"","ast-banner-title-visibility":"","ast-main-header-display":"","ast-hfb-above-header-display":"","ast-hfb-below-header-display":"","ast-hfb-mobile-header-display":"","site-post-title":"","ast-breadcrumbs-content":"","ast-featured-img":"","footer-sml-layout":"","ast-disable-related-posts":"","theme-transparent-header-meta":"","adv-header-id-meta":"","stick-header-meta":"","header-above-stick-meta":"","header-main-stick-meta":"","header-below-stick-meta":"","astra-migrate-meta-layouts":"default","ast-page-background-enabled":"default","ast-page-background-meta":{"desktop":{"background-color":"var(--ast-global-color-4)","background-image":"","background-repeat":"repeat","background-position":"center center","background-size":"auto","background-attachment":"scroll","background-type":"","background-media":"","overlay-type":"","overlay-color":"","overlay-opacity":"","overlay-gradient":""},"tablet":{"background-color":"","background-image":"","background-repeat":"repeat","background-position":"center center","background-size":"auto","background-attachment":"scroll","background-type":"","background-media":"","overlay-type":"","overlay-color":"","overlay-opacity":"","overlay-gradient":""},"mobile":{"background-color":"","background-image":"","background-repeat":"repeat","background-position":"center center","background-size":"auto","background-attachment":"scroll","background-type":"","background-media":"","overlay-type":"","overlay-color":"","overlay-opacity":"","overlay-gradient":""}},"ast-content-background-meta":{"desktop":{"background-color":"var(--ast-global-color-5)","background-image":"","background-repeat":"repeat","background-position":"center center","background-size":"auto","background-attachment":"scroll","background-type":"","background-media":"","overlay-type":"","overlay-color":"","overlay-opacity":"","overlay-gradient":""},"tablet":{"background-color":"var(--ast-global-color-5)","background-image":"","background-repeat":"repeat","background-position":"center center","background-size":"auto","background-attachment":"scroll","background-type":"","background-media":"","overlay-type":"","overlay-color":"","overlay-opacity":"","overlay-gradient":""},"mobile":{"background-color":"var(--ast-global-color-5)","background-image":"","background-repeat":"repeat","background-position":"center center","background-size":"auto","background-attachment":"scroll","background-type":"","background-media":"","overlay-type":"","overlay-color":"","overlay-opacity":"","overlay-gradient":""}},"footnotes":""},"class_list":["post-146369","page","type-page","status-publish","has-post-thumbnail","hentry"],"_links":{"self":[{"href":"https:\/\/medclinics.com\/es\/wp-json\/wp\/v2\/pages\/146369","targetHints":{"allow":["GET"]}}],"collection":[{"href":"https:\/\/medclinics.com\/es\/wp-json\/wp\/v2\/pages"}],"about":[{"href":"https:\/\/medclinics.com\/es\/wp-json\/wp\/v2\/types\/page"}],"author":[{"embeddable":true,"href":"https:\/\/medclinics.com\/es\/wp-json\/wp\/v2\/users\/4"}],"replies":[{"embeddable":true,"href":"https:\/\/medclinics.com\/es\/wp-json\/wp\/v2\/comments?post=146369"}],"version-history":[{"count":0,"href":"https:\/\/medclinics.com\/es\/wp-json\/wp\/v2\/pages\/146369\/revisions"}],"wp:featuredmedia":[{"embeddable":true,"href":"https:\/\/medclinics.com\/es\/wp-json\/wp\/v2\/media\/92816"}],"wp:attachment":[{"href":"https:\/\/medclinics.com\/es\/wp-json\/wp\/v2\/media?parent=146369"}],"curies":[{"name":"wp","href":"https:\/\/api.w.org\/{rel}","templated":true}]}}