{"id":146359,"date":"2023-05-23T13:05:47","date_gmt":"2023-05-23T10:05:47","guid":{"rendered":"https:\/\/medclinics.com\/mesoterapia-facial\/"},"modified":"2024-04-04T19:26:27","modified_gmt":"2024-04-04T16:26:27","slug":"mesoterapia-facial","status":"publish","type":"page","link":"https:\/\/medclinics.com\/es\/mesoterapia-facial\/","title":{"rendered":"Mesoterapia facial"},"content":{"rendered":"\n<p>La mesoterapia facial es un tratamiento cosm\u00e9tico que puede hacer maravillas en su piel. Este procedimiento no invasivo consiste en inyectar soluciones cuidadosamente formuladas en las capas de la piel del rostro para mejorar su aspecto y tratar problemas espec\u00edficos.<\/p>\n\n<p>Durante este proceso, se aplican peque\u00f1as inyecciones en zonas espec\u00edficas con una mezcla de vitaminas, minerales, amino\u00e1cidos, \u00e1cido hialur\u00f3nico y otras sustancias beneficiosas. Estos ingredientes nutren la piel estimulando la producci\u00f3n de col\u00e1geno, al tiempo que mejoran la circulaci\u00f3n y los niveles de hidrataci\u00f3n.<\/p>\n\n<p>La composici\u00f3n de estas soluciones inyectables var\u00eda en funci\u00f3n de las necesidades individuales o de las preferencias del profesional; algunas pueden incluir incluso extractos bot\u00e1nicos o medicamentos dise\u00f1ados espec\u00edficamente para reducir las manchas de pigmentaci\u00f3n o los brotes de acn\u00e9.<\/p>\n\n<p><a href=\"https:\/\/en.wikipedia.org\/wiki\/Mesotherapy\" target=\"_blank\" rel=\"noreferrer noopener\">La mesoterapia<\/a> facial s\u00f3lo debe ser realizada por profesionales m\u00e9dicos cualificados, como dermat\u00f3logos, que utilizan agujas finas durante la administraci\u00f3n, con anest\u00e9sicos t\u00f3picos aplicados de antemano si es necesario, para que los pacientes experimenten las m\u00ednimas molestias durante la sesi\u00f3n.<\/p>\n\n<p>Esta incre\u00edble t\u00e9cnica ha demostrado su eficacia para tratar diversos problemas, como la falta de luminosidad, las manchas secas, el tono irregular, las arrugas, las cicatrices, etc., lo que la convierte en una excelente alternativa a otros procedimientos m\u00e1s invasivos, como el lifting facial, que requiere un tiempo de inactividad considerable tras el tratamiento.<\/p>\n\n<h3 class=\"wp-block-heading\">Todo lo que necesita saber sobre <a href=\"https:\/\/medclinics.com\/es\/belleza\/\" target=\"_blank\" rel=\"noreferrer noopener\">tratamientos de<\/a> belleza est\u00e1 aqu\u00ed, <a href=\"#requestform\">\u00a1cont\u00e1ctenos<\/a>!<\/h3>\n\n<h2 class=\"wp-block-heading\">PREGUNTAS FRECUENTES <\/h2>\n<div id=\"rank-math-faq\" class=\"rank-math-block\">\n<div class=\"rank-math-list \">\n<div id=\"faq-question-1684846795499\" class=\"rank-math-list-item\">\n<h3 class=\"rank-math-question \">\u00bfCu\u00e1nto dura la mesoterapia facial?<\/h3>\n<div class=\"rank-math-answer \">\n\n<p>La duraci\u00f3n de los efectos de la mesoterapia facial puede variar en funci\u00f3n de varios factores, como el tipo de piel de la persona, los problemas espec\u00edficos que se tratan y el plan de tratamiento seguido. En general, los efectos de la mesoterapia facial pueden durar de varios meses a un a\u00f1o.<\/p>\n\n<\/div>\n<\/div>\n<div id=\"faq-question-1684846831314\" class=\"rank-math-list-item\">\n<h3 class=\"rank-math-question \">\u00bfFunciona la mesoterapia facial?<\/h3>\n<div class=\"rank-math-answer \">\n\n<p>La mesoterapia facial puede ser eficaz para tratar determinados problemas de la piel cuando la realiza un profesional cualificado. Mediante la inyecci\u00f3n en la piel de combinaciones personalizadas de principios activos, la mesoterapia puede estimular la producci\u00f3n de col\u00e1geno, mejorar la textura de la piel, proporcionar hidrataci\u00f3n y tratar problemas espec\u00edficos como l\u00edneas finas, arrugas e irregularidades de pigmentaci\u00f3n. Sin embargo, la eficacia de la mesoterapia facial puede variar en funci\u00f3n de factores como el tipo de piel, los problemas espec\u00edficos y la experiencia del profesional. Los resultados tambi\u00e9n pueden depender del n\u00famero y la frecuencia de los tratamientos, as\u00ed como de la respuesta individual. Para determinar si la mesoterapia es adecuada para su rostro y lograr unos resultados \u00f3ptimos, se recomienda consultar a un dermat\u00f3logo o profesional del cuidado de la piel cualificado que pueda evaluar el estado de su piel, analizar sus objetivos y ofrecerle recomendaciones personalizadas.<\/p>\n\n<\/div>\n<\/div>\n<div id=\"faq-question-1684846995722\" class=\"rank-math-list-item\">\n<h3 class=\"rank-math-question \">\u00bfQu\u00e9 es la mesoterapia facial?<\/h3>\n<div class=\"rank-math-answer \">\n\n<p>La mesoterapia facial es un procedimiento cosm\u00e9tico en el que se inyectan en la piel combinaciones personalizadas de principios activos para tratar problemas espec\u00edficos. Puede mejorar la textura de la piel, estimular la producci\u00f3n de col\u00e1geno, proporcionar hidrataci\u00f3n y tratar problemas como las l\u00edneas de expresi\u00f3n, las arrugas y las irregularidades pigmentarias. La eficacia puede variar en funci\u00f3n de factores como el tipo de piel, los problemas y la experiencia del profesional.<\/p>\n\n<\/div>\n<\/div>\n<\/div>\n<\/div>\n<p><\/p>\n\n<h3 class=\"wp-block-heading\">P\u00f3ngase en contacto con nosotros si tiene alguna pregunta.<\/h3>\n","protected":false},"excerpt":{"rendered":"<p>La mesoterapia facial es un tratamiento cosm\u00e9tico que puede hacer maravillas en su piel. Este procedimiento no invasivo consiste en [&hellip;]<\/p>\n","protected":false},"author":4,"featured_media":93041,"parent":0,"menu_order":0,"comment_status":"closed","ping_status":"closed","template":"","meta":{"site-sidebar-layout":"default","site-content-layout":"","ast-site-content-layout":"default","site-content-style":"default","site-sidebar-style":"default","ast-global-header-display":"","ast-banner-title-visibility":"","ast-main-header-display":"","ast-hfb-above-header-display":"","ast-hfb-below-header-display":"","ast-hfb-mobile-header-display":"","site-post-title":"","ast-breadcrumbs-content":"","ast-featured-img":"","footer-sml-layout":"","ast-disable-related-posts":"","theme-transparent-header-meta":"","adv-header-id-meta":"","stick-header-meta":"","header-above-stick-meta":"","header-main-stick-meta":"","header-below-stick-meta":"","astra-migrate-meta-layouts":"default","ast-page-background-enabled":"default","ast-page-background-meta":{"desktop":{"background-color":"var(--ast-global-color-4)","background-image":"","background-repeat":"repeat","background-position":"center center","background-size":"auto","background-attachment":"scroll","background-type":"","background-media":"","overlay-type":"","overlay-color":"","overlay-opacity":"","overlay-gradient":""},"tablet":{"background-color":"","background-image":"","background-repeat":"repeat","background-position":"center center","background-size":"auto","background-attachment":"scroll","background-type":"","background-media":"","overlay-type":"","overlay-color":"","overlay-opacity":"","overlay-gradient":""},"mobile":{"background-color":"","background-image":"","background-repeat":"repeat","background-position":"center center","background-size":"auto","background-attachment":"scroll","background-type":"","background-media":"","overlay-type":"","overlay-color":"","overlay-opacity":"","overlay-gradient":""}},"ast-content-background-meta":{"desktop":{"background-color":"var(--ast-global-color-5)","background-image":"","background-repeat":"repeat","background-position":"center center","background-size":"auto","background-attachment":"scroll","background-type":"","background-media":"","overlay-type":"","overlay-color":"","overlay-opacity":"","overlay-gradient":""},"tablet":{"background-color":"var(--ast-global-color-5)","background-image":"","background-repeat":"repeat","background-position":"center center","background-size":"auto","background-attachment":"scroll","background-type":"","background-media":"","overlay-type":"","overlay-color":"","overlay-opacity":"","overlay-gradient":""},"mobile":{"background-color":"var(--ast-global-color-5)","background-image":"","background-repeat":"repeat","background-position":"center center","background-size":"auto","background-attachment":"scroll","background-type":"","background-media":"","overlay-type":"","overlay-color":"","overlay-opacity":"","overlay-gradient":""}},"footnotes":""},"class_list":["post-146359","page","type-page","status-publish","has-post-thumbnail","hentry"],"_links":{"self":[{"href":"https:\/\/medclinics.com\/es\/wp-json\/wp\/v2\/pages\/146359","targetHints":{"allow":["GET"]}}],"collection":[{"href":"https:\/\/medclinics.com\/es\/wp-json\/wp\/v2\/pages"}],"about":[{"href":"https:\/\/medclinics.com\/es\/wp-json\/wp\/v2\/types\/page"}],"author":[{"embeddable":true,"href":"https:\/\/medclinics.com\/es\/wp-json\/wp\/v2\/users\/4"}],"replies":[{"embeddable":true,"href":"https:\/\/medclinics.com\/es\/wp-json\/wp\/v2\/comments?post=146359"}],"version-history":[{"count":0,"href":"https:\/\/medclinics.com\/es\/wp-json\/wp\/v2\/pages\/146359\/revisions"}],"wp:featuredmedia":[{"embeddable":true,"href":"https:\/\/medclinics.com\/es\/wp-json\/wp\/v2\/media\/93041"}],"wp:attachment":[{"href":"https:\/\/medclinics.com\/es\/wp-json\/wp\/v2\/media?parent=146359"}],"curies":[{"name":"wp","href":"https:\/\/api.w.org\/{rel}","templated":true}]}}