{"id":146345,"date":"2023-05-23T12:38:00","date_gmt":"2023-05-23T09:38:00","guid":{"rendered":"https:\/\/medclinics.com\/mesoterapia-contorno-de-ojos\/"},"modified":"2024-04-04T19:26:31","modified_gmt":"2024-04-04T16:26:31","slug":"mesoterapia-contorno-de-ojos","status":"publish","type":"page","link":"https:\/\/medclinics.com\/es\/mesoterapia-contorno-de-ojos\/","title":{"rendered":"Mesoterapia Contorno de Ojos"},"content":{"rendered":"\n<h2 class=\"wp-block-heading\">\u00bfEst\u00e1 cansado de mirarse al espejo y ver l\u00edneas de expresi\u00f3n, arrugas, bolsas u ojeras? Si es as\u00ed, la mesoterapia del contorno de ojos podr\u00eda ser la soluci\u00f3n para usted.<\/h2>\n\n<p>El procedimiento de mesoterapia del contorno de ojos consiste en inyectar sustancias especializadas en la delicada piel que rodea los ojos para mejorar su aspecto.<\/p>\n\n<p>Los ingredientes utilizados durante el tratamiento de mesoterapia del contorno de ojos pueden variar en funci\u00f3n de las necesidades de cada paciente. Sin embargo, los componentes comunes incluyen vitaminas, minerales, <a href=\"https:\/\/en.wikipedia.org\/wiki\/Hyaluronic_acid\" target=\"_blank\" rel=\"noreferrer noopener\">\u00e1cido hialur\u00f3nico<\/a>, p\u00e9ptidos, amino\u00e1cidos y antioxidantes, todos los cuales se cree que nutren y rejuvenecen la piel al tiempo que promueven la producci\u00f3n de col\u00e1geno, mejorando as\u00ed la textura y el tono.<\/p>\n\n<p>Durante una sesi\u00f3n con un profesional sanitario o esteticista experimentado, que utilizar\u00e1 una peque\u00f1a aguja para inyectar estas soluciones en m\u00faltiples puntos, garantizando una distribuci\u00f3n uniforme en las zonas seleccionadas, los resultados \u00f3ptimos pueden requerir varios tratamientos a lo largo del tiempo, \u00a1pero merece la pena!<\/p>\n\n<p>\u00bfQu\u00e9 le impide conseguir unas ojeras m\u00e1s luminosas y de aspecto juvenil? Obtenga ahora su consulta gratuita<\/p>\n\n<h3 class=\"wp-block-heading\">Todo lo que necesita saber sobre el <a href=\"https:\/\/medclinics.com\/es\/belleza\/\" target=\"_blank\" rel=\"noreferrer noopener\">tratamiento de belleza<\/a>, incluido el precio y m\u00e1s, est\u00e1 aqu\u00ed, <a href=\"#requestform\">\u00a1cont\u00e1ctenos<\/a>!<\/h3>\n\n<h2 class=\"wp-block-heading\">PREGUNTAS FRECUENTES <\/h2>\n<div id=\"rank-math-faq\" class=\"rank-math-block\">\n<div class=\"rank-math-list \">\n<div id=\"faq-question-1684845255298\" class=\"rank-math-list-item\">\n<h3 class=\"rank-math-question \">\u00bfQu\u00e9 es la mesoterapia ocular?<\/h3>\n<div class=\"rank-math-answer \">\n\n<p>La mesoterapia para los ojos, tambi\u00e9n conocida como mesoterapia debajo de los ojos o tratamiento meso-ocular, es un procedimiento cosm\u00e9tico que consiste en la inyecci\u00f3n de sustancias especializadas en la piel alrededor de los ojos para tratar problemas espec\u00edficos de esa zona. La mesoterapia del contorno de ojos tiene por objeto rejuvenecer la delicada piel del contorno de los ojos y tratar problemas como las ojeras, las bolsas, las l\u00edneas finas y las arrugas.<\/p>\n\n<\/div>\n<\/div>\n<div id=\"faq-question-1684845293786\" class=\"rank-math-list-item\">\n<h3 class=\"rank-math-question \">\u00bfEs segura la mesoterapia debajo de los ojos?<\/h3>\n<div class=\"rank-math-answer \">\n\n<p>Cuando la realiza un profesional sanitario cualificado y con experiencia, la mesoterapia para la zona de debajo de los ojos suele considerarse segura. Sin embargo, como en cualquier procedimiento m\u00e9dico, hay que tener en cuenta los posibles riesgos y efectos secundarios. Pueden incluir hematomas, hinchaz\u00f3n, enrojecimiento, irritaci\u00f3n, infecci\u00f3n (aunque es poco frecuente) y reacciones al\u00e9rgicas. La elecci\u00f3n de un profesional cualificado y el cumplimiento de unas pr\u00e1cticas adecuadas de esterilizaci\u00f3n y asepsia pueden ayudar a minimizar estos riesgos. Es importante tener expectativas realistas y someterse a una evaluaci\u00f3n exhaustiva antes del procedimiento. Consultar con un profesional sanitario le permitir\u00e1 obtener un asesoramiento personalizado y garantizar la seguridad y la idoneidad de la mesoterapia para su zona subocular.<\/p>\n\n<\/div>\n<\/div>\n<\/div>\n<\/div>\n<p><\/p>\n\n<h3 class=\"wp-block-heading\">P\u00f3ngase en contacto con nosotros si tiene alguna pregunta.<\/h3>\n","protected":false},"excerpt":{"rendered":"<p>\u00bfEst\u00e1 cansado de mirarse al espejo y ver l\u00edneas de expresi\u00f3n, arrugas, bolsas u ojeras? Si es as\u00ed, la mesoterapia [&hellip;]<\/p>\n","protected":false},"author":4,"featured_media":92671,"parent":0,"menu_order":0,"comment_status":"closed","ping_status":"closed","template":"","meta":{"site-sidebar-layout":"default","site-content-layout":"","ast-site-content-layout":"default","site-content-style":"default","site-sidebar-style":"default","ast-global-header-display":"","ast-banner-title-visibility":"","ast-main-header-display":"","ast-hfb-above-header-display":"","ast-hfb-below-header-display":"","ast-hfb-mobile-header-display":"","site-post-title":"","ast-breadcrumbs-content":"","ast-featured-img":"","footer-sml-layout":"","ast-disable-related-posts":"","theme-transparent-header-meta":"","adv-header-id-meta":"","stick-header-meta":"","header-above-stick-meta":"","header-main-stick-meta":"","header-below-stick-meta":"","astra-migrate-meta-layouts":"default","ast-page-background-enabled":"default","ast-page-background-meta":{"desktop":{"background-color":"var(--ast-global-color-4)","background-image":"","background-repeat":"repeat","background-position":"center center","background-size":"auto","background-attachment":"scroll","background-type":"","background-media":"","overlay-type":"","overlay-color":"","overlay-opacity":"","overlay-gradient":""},"tablet":{"background-color":"","background-image":"","background-repeat":"repeat","background-position":"center center","background-size":"auto","background-attachment":"scroll","background-type":"","background-media":"","overlay-type":"","overlay-color":"","overlay-opacity":"","overlay-gradient":""},"mobile":{"background-color":"","background-image":"","background-repeat":"repeat","background-position":"center center","background-size":"auto","background-attachment":"scroll","background-type":"","background-media":"","overlay-type":"","overlay-color":"","overlay-opacity":"","overlay-gradient":""}},"ast-content-background-meta":{"desktop":{"background-color":"var(--ast-global-color-5)","background-image":"","background-repeat":"repeat","background-position":"center center","background-size":"auto","background-attachment":"scroll","background-type":"","background-media":"","overlay-type":"","overlay-color":"","overlay-opacity":"","overlay-gradient":""},"tablet":{"background-color":"var(--ast-global-color-5)","background-image":"","background-repeat":"repeat","background-position":"center center","background-size":"auto","background-attachment":"scroll","background-type":"","background-media":"","overlay-type":"","overlay-color":"","overlay-opacity":"","overlay-gradient":""},"mobile":{"background-color":"var(--ast-global-color-5)","background-image":"","background-repeat":"repeat","background-position":"center center","background-size":"auto","background-attachment":"scroll","background-type":"","background-media":"","overlay-type":"","overlay-color":"","overlay-opacity":"","overlay-gradient":""}},"footnotes":""},"class_list":["post-146345","page","type-page","status-publish","has-post-thumbnail","hentry"],"_links":{"self":[{"href":"https:\/\/medclinics.com\/es\/wp-json\/wp\/v2\/pages\/146345","targetHints":{"allow":["GET"]}}],"collection":[{"href":"https:\/\/medclinics.com\/es\/wp-json\/wp\/v2\/pages"}],"about":[{"href":"https:\/\/medclinics.com\/es\/wp-json\/wp\/v2\/types\/page"}],"author":[{"embeddable":true,"href":"https:\/\/medclinics.com\/es\/wp-json\/wp\/v2\/users\/4"}],"replies":[{"embeddable":true,"href":"https:\/\/medclinics.com\/es\/wp-json\/wp\/v2\/comments?post=146345"}],"version-history":[{"count":0,"href":"https:\/\/medclinics.com\/es\/wp-json\/wp\/v2\/pages\/146345\/revisions"}],"wp:featuredmedia":[{"embeddable":true,"href":"https:\/\/medclinics.com\/es\/wp-json\/wp\/v2\/media\/92671"}],"wp:attachment":[{"href":"https:\/\/medclinics.com\/es\/wp-json\/wp\/v2\/media?parent=146345"}],"curies":[{"name":"wp","href":"https:\/\/api.w.org\/{rel}","templated":true}]}}