{"id":146333,"date":"2023-05-23T12:26:37","date_gmt":"2023-05-23T09:26:37","guid":{"rendered":"https:\/\/medclinics.com\/dermapen-4\/"},"modified":"2024-04-04T19:32:49","modified_gmt":"2024-04-04T16:32:49","slug":"dermapen-4","status":"publish","type":"page","link":"https:\/\/medclinics.com\/es\/dermapen-4\/","title":{"rendered":"Dermapen"},"content":{"rendered":"\n<h2 class=\"wp-block-heading\">\u00bfBusca un procedimiento cosm\u00e9tico que le ayude a mejorar el aspecto de las l\u00edneas finas, las arrugas, las cicatrices del acn\u00e9 y el tono desigual de la piel? No busque m\u00e1s: \u00a1el tratamiento Dermapen!<\/h2>\n\n<p>  Tambi\u00e9n conocida como <a href=\"https:\/\/en.wikipedia.org\/wiki\/Collagen_induction_therapy\" target=\"_blank\" rel=\"noreferrer noopener\">microneedling<\/a> o terapia de inducci\u00f3n de col\u00e1geno, esta innovadora t\u00e9cnica consiste en utilizar un dispositivo manual para crear diminutas punciones en la piel. El resultado es un aumento de la producci\u00f3n de col\u00e1geno y de los procesos naturales de curaci\u00f3n del organismo.<\/p>\n\n<p>Estos tratamientos son suaves pero eficaces: durante cada sesi\u00f3n, nuestros expertos profesionales pasar\u00e1n el dispositivo por su rostro para crear microlesiones controladas. Estas lesiones estimulan el crecimiento de nuevas c\u00e9lulas al tiempo que rompen el tejido cicatricial causado por afecciones como las cicatrices del acn\u00e9. Adem\u00e1s, favorecen una pigmentaci\u00f3n uniforme en todas las zonas del cutis.<\/p>\n\n<p>Si busca formas de minimizar los poros dilatados o reducir la hiperpigmentaci\u00f3n (como las manchas solares), considere la posibilidad de reservar hoy mismo una de nuestras sesiones de Dermapen.  <\/p>\n\n<h3 class=\"wp-block-heading\">Todo lo que necesita saber sobre el <a href=\"https:\/\/medclinics.com\/es\/belleza\/\" target=\"_blank\" rel=\"noreferrer noopener\">tratamiento de belleza<\/a>, incluido el precio, los cuidados posteriores y el proceso de curaci\u00f3n, o p\u00f3ngase <a href=\"#requestform\">en contacto con nosotros<\/a>.<\/h3>\n\n<h2 class=\"wp-block-heading\">PREGUNTAS FRECUENTES <\/h2>\n<div id=\"rank-math-faq\" class=\"rank-math-block\">\n<div class=\"rank-math-list \">\n<div id=\"faq-question-1684844597949\" class=\"rank-math-list-item\">\n<h3 class=\"rank-math-question \">\u00bfQu\u00e9 es Dermapen?<\/h3>\n<div class=\"rank-math-answer \">\n\n<p>Dermapen es un procedimiento cosm\u00e9tico que utiliza un dispositivo con agujas diminutas para crear microlesiones controladas en la piel. Puede mejorar la textura de la piel, reducir las l\u00edneas de expresi\u00f3n y las arrugas, y tratar problemas como las cicatrices del acn\u00e9 y la hiperpigmentaci\u00f3n. Mejora la absorci\u00f3n de los productos para el cuidado de la piel y suele requerir un tiempo de inactividad m\u00ednimo. Es importante consultar con un profesional para un tratamiento seguro y eficaz.<\/p>\n\n<\/div>\n<\/div>\n<div id=\"faq-question-1684844455377\" class=\"rank-math-list-item\">\n<h3 class=\"rank-math-question \">\u00bfDermapen es bueno para la cara?<\/h3>\n<div class=\"rank-math-answer \">\n\n<p>Cuando lo realiza un profesional capacitado, Dermapen puede tener varios beneficios para el rostro. Estimula la producci\u00f3n de col\u00e1geno y elastina, lo que mejora la textura de la piel, reduce las l\u00edneas de expresi\u00f3n y las arrugas y rejuvenece la piel en general. Adem\u00e1s, puede ayudar a mejorar el tono y la textura de la piel, reduciendo la aparici\u00f3n de cicatrices de acn\u00e9, hiperpigmentaci\u00f3n y otras imperfecciones cut\u00e1neas. Los microcanales creados por el microneedling tambi\u00e9n mejoran la absorci\u00f3n de los productos para el cuidado de la piel, maximizando su eficacia. En comparaci\u00f3n con otros procedimientos m\u00e1s invasivos, Dermapen suele requerir un tiempo de inactividad m\u00ednimo, ya que el enrojecimiento y la leve inflamaci\u00f3n remiten a los pocos d\u00edas. Es importante consultar a un dermat\u00f3logo o profesional del cuidado de la piel cualificado para determinar si Dermapen es adecuado para su piel y asegurarse de que el procedimiento se realiza de forma segura y eficaz.<\/p>\n\n<\/div>\n<\/div>\n<div id=\"faq-question-1684844634844\" class=\"rank-math-list-item\">\n<h3 class=\"rank-math-question \">\u00bfCu\u00e1nto duran los efectos de dermapen?<\/h3>\n<div class=\"rank-math-answer \">\n\n<p>Los efectos de Dermapen pueden durar de varios meses a un a\u00f1o, dependiendo de factores como el tipo de piel, el plan de tratamiento y factores individuales. Los tratamientos de mantenimiento y un cuidado constante de la piel pueden ayudar a mantener los resultados.<\/p>\n\n<\/div>\n<\/div>\n<\/div>\n<\/div>\n<p><\/p>\n\n<h3 class=\"wp-block-heading\">P\u00f3ngase en contacto con nosotros si tiene alguna pregunta.<\/h3>\n","protected":false},"excerpt":{"rendered":"<p>\u00bfBusca un procedimiento cosm\u00e9tico que le ayude a mejorar el aspecto de las l\u00edneas finas, las arrugas, las cicatrices del [&hellip;]<\/p>\n","protected":false},"author":4,"featured_media":92699,"parent":0,"menu_order":0,"comment_status":"closed","ping_status":"closed","template":"","meta":{"site-sidebar-layout":"default","site-content-layout":"","ast-site-content-layout":"default","site-content-style":"default","site-sidebar-style":"default","ast-global-header-display":"","ast-banner-title-visibility":"","ast-main-header-display":"","ast-hfb-above-header-display":"","ast-hfb-below-header-display":"","ast-hfb-mobile-header-display":"","site-post-title":"","ast-breadcrumbs-content":"","ast-featured-img":"","footer-sml-layout":"","ast-disable-related-posts":"","theme-transparent-header-meta":"","adv-header-id-meta":"","stick-header-meta":"","header-above-stick-meta":"","header-main-stick-meta":"","header-below-stick-meta":"","astra-migrate-meta-layouts":"default","ast-page-background-enabled":"default","ast-page-background-meta":{"desktop":{"background-color":"var(--ast-global-color-4)","background-image":"","background-repeat":"repeat","background-position":"center center","background-size":"auto","background-attachment":"scroll","background-type":"","background-media":"","overlay-type":"","overlay-color":"","overlay-opacity":"","overlay-gradient":""},"tablet":{"background-color":"","background-image":"","background-repeat":"repeat","background-position":"center center","background-size":"auto","background-attachment":"scroll","background-type":"","background-media":"","overlay-type":"","overlay-color":"","overlay-opacity":"","overlay-gradient":""},"mobile":{"background-color":"","background-image":"","background-repeat":"repeat","background-position":"center center","background-size":"auto","background-attachment":"scroll","background-type":"","background-media":"","overlay-type":"","overlay-color":"","overlay-opacity":"","overlay-gradient":""}},"ast-content-background-meta":{"desktop":{"background-color":"var(--ast-global-color-5)","background-image":"","background-repeat":"repeat","background-position":"center center","background-size":"auto","background-attachment":"scroll","background-type":"","background-media":"","overlay-type":"","overlay-color":"","overlay-opacity":"","overlay-gradient":""},"tablet":{"background-color":"var(--ast-global-color-5)","background-image":"","background-repeat":"repeat","background-position":"center center","background-size":"auto","background-attachment":"scroll","background-type":"","background-media":"","overlay-type":"","overlay-color":"","overlay-opacity":"","overlay-gradient":""},"mobile":{"background-color":"var(--ast-global-color-5)","background-image":"","background-repeat":"repeat","background-position":"center center","background-size":"auto","background-attachment":"scroll","background-type":"","background-media":"","overlay-type":"","overlay-color":"","overlay-opacity":"","overlay-gradient":""}},"footnotes":""},"class_list":["post-146333","page","type-page","status-publish","has-post-thumbnail","hentry"],"_links":{"self":[{"href":"https:\/\/medclinics.com\/es\/wp-json\/wp\/v2\/pages\/146333","targetHints":{"allow":["GET"]}}],"collection":[{"href":"https:\/\/medclinics.com\/es\/wp-json\/wp\/v2\/pages"}],"about":[{"href":"https:\/\/medclinics.com\/es\/wp-json\/wp\/v2\/types\/page"}],"author":[{"embeddable":true,"href":"https:\/\/medclinics.com\/es\/wp-json\/wp\/v2\/users\/4"}],"replies":[{"embeddable":true,"href":"https:\/\/medclinics.com\/es\/wp-json\/wp\/v2\/comments?post=146333"}],"version-history":[{"count":0,"href":"https:\/\/medclinics.com\/es\/wp-json\/wp\/v2\/pages\/146333\/revisions"}],"wp:featuredmedia":[{"embeddable":true,"href":"https:\/\/medclinics.com\/es\/wp-json\/wp\/v2\/media\/92699"}],"wp:attachment":[{"href":"https:\/\/medclinics.com\/es\/wp-json\/wp\/v2\/media?parent=146333"}],"curies":[{"name":"wp","href":"https:\/\/api.w.org\/{rel}","templated":true}]}}